{"id":2862,"date":"2023-02-22T22:00:59","date_gmt":"2023-02-23T04:00:59","guid":{"rendered":"https:\/\/tecsecmty.com\/index.php\/producto\/dahua-xvr5216a-4kl-i3-dvr-de-16-canales-4k-wizsense-h-265-16-canales-hdcvi16-ip-hasta-32-ch-ip-2-ch-de-reconocimiento-facial-sdm-plus-proteccion-perimetral-2-sata-de-hasta-10tb-163-es-d\/"},"modified":"2023-03-22T23:23:13","modified_gmt":"2023-03-23T05:23:13","slug":"dahua-xvr5216a-4kl-i3-dvr-de-16-canales-4k-wizsense-h-265-16-canales-hdcvi16-ip-hasta-32-ch-ip-2-ch-de-reconocimiento-facial-sdm-plus-proteccion-perimetral-2-sata-de-hasta-10tb-163-es-d","status":"publish","type":"product","link":"https:\/\/tecsecmty.com\/index.php\/producto\/dahua-xvr5216a-4kl-i3-dvr-de-16-canales-4k-wizsense-h-265-16-canales-hdcvi16-ip-hasta-32-ch-ip-2-ch-de-reconocimiento-facial-sdm-plus-proteccion-perimetral-2-sata-de-hasta-10tb-163-es-d\/","title":{"rendered":"DAHUA XVR5216A-4KL-I3 &#8211; DVR de 16 Canales 4k\/ WizSense\/ H.265+\/ 16 Canales HDCVI+16 IP\/ Hasta 32 Ch IP\/ 2 Ch de Reconocimiento Facial\/ SDM Plus\/ Protecci\u00f3n Perimetral\/ 2 SATA de hasta 10TB\/ 16&amp;3 E&amp;S de Alarmas\/ 4 Canales de Audio\/ IoT\/ POS\/"},"content":{"rendered":"<div class=\"row aling-items-center padding-bottom-2x\">\n<div class=\"col-lg-12\">\n<h5 class=\"card-title text-center\">Informaci\u00f3n General<\/h5>\n<p>Esta serie ha sido desarrollada para reducir las tasas de falsas alarmas y el costo de la vigilancia humana, brindando as\u00ed un gran valor a los clientes que buscan productos con alarmas precisas para humanos\/veh\u00edculos para elevar el nivel de seguridad de varias instalaciones interiores y exteriores.<\/p>\n<p><strong>*Las inteligencias se pierden al colocar un canal IP<\/strong><\/p>\n<p><img decoding=\"async\" class=\"overview-center-img-web\" src=\"https:\/\/tvc.mx\/media\/449719\/dvr-16-canales-4k-wizsense-h.265-proteccion-perimetral-XVR5216A-4KL-I3-Dahua-imagpp.png\" alt=\"\" \/><\/div>\n<\/div>\n<div class=\"row align-items-center padding-bottom-2x\">\n<div class=\"col-md-5 order-md-2\"><img decoding=\"async\" class=\"d-block m-auto img-thumbnail\" src=\"https:\/\/tvc.mx\/media\/449723\/reconocimiento-facial-dahua.png\" alt=\" \" \/><\/div>\n<div class=\"col-md-7 order-md-1 text-md-left text-center\">\n<h2>Reconocimiento Facial<\/h2>\n<p class=\"text-muted\">\n<p>La tecnolog\u00eda Dahua Face Recognition extrae las caracter\u00edsticas de las caras capturadas y las compara con las de la base de datos de caras para reconocer la identidad de la persona.<\/p>\n<p>&nbsp;<\/p>\n<\/div>\n<\/div>\n<hr class=\"padding-bottom-2x\" \/>\n<div class=\"row align-items-center padding-bottom-2x\">\n<div class=\"col-md-5\"><img decoding=\"async\" class=\"d-block m-auto img-thumbnail\" src=\"https:\/\/tvc.mx\/media\/449727\/proteccion-perimetral-dahua.png\" alt=\" \" \/><\/div>\n<div class=\"col-md-7 text-md-left text-center\">\n<h2>Protecci\u00f3n perimetral<\/h2>\n<p class=\"text-muted\">\n<p>Filtra autom\u00e1ticamente las falsas alarmas causadas por animales, hojas susurrantes, luces brillantes, etc. Permite que el sistema act\u00fae como reconocimiento secundario de los objetivos. Mejora la precisi\u00f3n de la alarma<\/p>\n<p>&nbsp;<\/p>\n<\/div>\n<\/div>\n<hr class=\"padding-bottom-2x\" \/>\n<div class=\"row align-items-center padding-bottom-2x\">\n<div class=\"col-md-5 order-md-2\"><img decoding=\"async\" class=\"d-block m-auto img-thumbnail\" src=\"https:\/\/tvc.mx\/media\/449731\/SMD-plus-Dahua.png\" alt=\" \" \/><\/div>\n<div class=\"col-md-7 order-md-1 text-md-left text-center\">\n<h2>SMD Plus<\/h2>\n<p class=\"text-muted\">\n<p>Con un algoritmo inteligente, la tecnolog\u00eda de detecci\u00f3n de movimiento inteligente de Dahua puede categorizar los objetivos que activan la detecci\u00f3n de movimiento y filtrar la alarma de detecci\u00f3n de movimiento activada por objetivos no afectados para generar una alarma efectiva y precisa.<\/p>\n<p>&nbsp;<\/p>\n<\/div>\n<\/div>\n<hr class=\"padding-bottom-2x\" \/>\n<div class=\"row align-items-center padding-bottom-2x\">\n<div class=\"col-md-5\"><img decoding=\"async\" class=\"d-block m-auto img-thumbnail\" src=\"https:\/\/tvc.mx\/media\/449735\/Metadatos-dahua.png\" alt=\" \" \/><\/div>\n<div class=\"col-md-7 text-md-left text-center\">\n<h2>B\u00fasqueda de IA<\/h2>\n<p class=\"text-muted\">\n<p>Con la b\u00fasqueda de IA, los operadores pueden buscar videos por los atributos de los objetivos y los tipos de eventos, lo que les ayuda a investigar de manera r\u00e1pida y eficiente d\u00f3nde y cu\u00e1ndo aparecieron los objetivos y ocurrieron los eventos.<\/p>\n<p>&nbsp;<\/p>\n<\/div>\n<\/div>\n<hr class=\"padding-bottom-2x\" \/>\n<div class=\"row align-items-center padding-bottom-2x\">\n<div class=\"col-md-5 order-md-2\"><img decoding=\"async\" class=\"d-block m-auto img-thumbnail\" src=\"https:\/\/tvc.mx\/media\/449747\/tabla-de-compayibilidad-de-HDD-para-equipo-dahua.png\" alt=\" \" \/><\/div>\n<div class=\"col-md-7 order-md-1 text-md-left text-center\">\n<h2>Tabla de compatibilidad HDD<\/h2>\n<p class=\"text-muted\">\n<p>El almacenamiento es parte fundamental de un sistema de videovigilancia por tal motivo te recomendamos revisar nuestra lista de compatibilidad antes de seleccionar un disco duro (HDD).<\/p>\n<p>https:\/\/foro.tvc.mx\/docs\/lista-compatibilidad-hdd<\/p>\n<p>&nbsp;<\/p>\n<\/div>\n<\/div>\n<hr class=\"padding-bottom-2x\" \/>\n<div class=\"row align-items-center padding-bottom-2x\">\n<div class=\"col-md-5\"><img decoding=\"async\" class=\"d-block m-auto img-thumbnail\" src=\"https:\/\/tvc.mx\/media\/449739\/dvr-16-canales-4k-wizsense-h.265-proteccion-perimetral-XVR5216A-4KL-I3-Dahua-caracteristicas.png\" alt=\" \" \/><\/div>\n<div class=\"col-md-7 text-md-left text-center\">\n<h2>Principales Caracter\u00edsticas<\/h2>\n<p class=\"text-muted\">\n<ul>\n<li>Compresi\u00f3n de video de flujo dual H.265+\/H.265<\/li>\n<li>Admite codificaci\u00f3n AI de canal completo<\/li>\n<li>Admite entradas de video HDCVI\/AHD\/TVI\/CVBS\/IP<\/li>\n<li>Max 32 canales de entradas de c\u00e1mara IP, cada canal hasta 8MP; Ancho de banda entrante m\u00e1ximo de 128 Mbps<\/li>\n<li>Transmisi\u00f3n de video de hasta 2 canales (canal anal\u00f3gico) Protecci\u00f3n perimetral<\/li>\n<li>Transmisi\u00f3n de video de hasta 16 canales (canal anal\u00f3gico) SMD Plus<\/li>\n<li>Transmisi\u00f3n de video de hasta 2 canales (canal anal\u00f3gico) reconocimiento de rostro humano<\/li>\n<li>Funcionalidades IoT y POS<\/li>\n<li>La salida de fuentes de video simult\u00e1neas\/heterog\u00e9neas para VGA y HDMI es configurable.<\/li>\n<\/ul>\n<p>&nbsp;<\/p>\n<\/div>\n<\/div>\n<hr class=\"padding-bottom-2x\" \/>\n<div class=\"row align-items-center padding-bottom-2x\">\n<div class=\"col-md-5 order-md-2\"><img decoding=\"async\" class=\"d-block m-auto img-thumbnail\" src=\"https:\/\/tvc.mx\/media\/449743\/dvr-16-canales-4k-wizsense-h.265-proteccion-perimetral-XVR5216A-4KL-I3-Dahua-especificaciones.png\" alt=\" \" \/><\/div>\n<div class=\"col-md-7 order-md-1 text-md-left text-center\">\n<h2>Especificaciones<\/h2>\n<p class=\"text-muted\">\n<p><strong>Protecci\u00f3n perimetral<\/strong><\/p>\n<ul>\n<li>Desempe\u00f1o perimetral AI por registrador (N\u00famero de canales): 2 canales, 10 reglas IVS para cada canal<\/li>\n<\/ul>\n<p><strong>Detecci\u00f3n de rostro<\/strong><\/p>\n<ul>\n<li>Atributos de la cara: G\u00e9nero; grupo de edad; lentes; expresiones; mascara facial; barba<\/li>\n<li>Desempe\u00f1o de AI por registrador: 2 canales (hasta 12 im\u00e1genes de cara\/s)<\/li>\n<\/ul>\n<p><strong>Reconocimiento facial<\/strong><\/p>\n<ul>\n<li>Hasta 10 bases de datos de rostros con 20 000 im\u00e1genes de rostros en total<\/li>\n<li>Reconocimiento facial Desempe\u00f1o de AI por registrador: 2 canales<\/li>\n<\/ul>\n<p><strong>SMD Plus<\/strong><\/p>\n<ul>\n<li>16 canales: filtrado secundario para personas y veh\u00edculos de motor SMD Plus, lo que reduce las falsas alarmas causadas por hojas, lluvia y cambios en las condiciones de iluminaci\u00f3n<\/li>\n<\/ul>\n<p><strong>Audio y video<\/strong><\/p>\n<ul>\n<li>16 puertos BNC, acceso CVI por defecto, compatible con detecci\u00f3n autom\u00e1tica HDCVI\/ AHD\/TVI\/CVBS<\/li>\n<li>Salida de v\u00eddeo: 1 HDMI, 1 VGA<\/li>\n<li>Compresi\u00f3n de video Codificaci\u00f3n de IA; H.265+; H.265; H.264+; H.264<\/li>\n<li>Entrada de audio: RCA de 4 canales (externo) BNC de 16 canales (audio coaxial)<\/li>\n<li>Salida de audio 1<\/li>\n<li>Alarma general: Detecci\u00f3n de movimiento, p\u00e9rdida de video, manipulaci\u00f3n y alarma local<\/li>\n<li>Fuente de alimentaci\u00f3n 12 V CC, 5 A<\/li>\n<\/ul>\n<\/div>\n<\/div>\n","protected":false},"excerpt":{"rendered":"<p>Informaci\u00f3n General Esta serie ha sido desarrollada para reducir las tasas de falsas alarmas y el costo de la vigilancia humana, brindando as\u00ed un gran valor a los clientes que buscan productos con alarmas precisas para humanos\/veh\u00edculos para elevar el nivel de seguridad de varias&hellip;<\/p>\n","protected":false},"featured_media":2861,"comment_status":"open","ping_status":"closed","template":"","meta":{"om_disable_all_campaigns":false,"_monsterinsights_skip_tracking":false,"_monsterinsights_sitenote_active":false,"_monsterinsights_sitenote_note":"","_monsterinsights_sitenote_category":0},"product_brand":[],"product_cat":[174],"product_tag":[66,58,172,173],"class_list":{"0":"post-2862","1":"product","2":"type-product","3":"status-publish","4":"has-post-thumbnail","6":"product_cat-dvrs-hd-16-canales","7":"product_tag-dahua","8":"product_tag-dvr","9":"product_tag-dvr-dahua","10":"product_tag-videgrabadora-de-camaras","12":"first","13":"instock","14":"sale","15":"taxable","16":"shipping-taxable","17":"purchasable","18":"product-type-simple"},"aioseo_notices":[],"_links":{"self":[{"href":"https:\/\/tecsecmty.com\/index.php\/wp-json\/wp\/v2\/product\/2862","targetHints":{"allow":["GET"]}}],"collection":[{"href":"https:\/\/tecsecmty.com\/index.php\/wp-json\/wp\/v2\/product"}],"about":[{"href":"https:\/\/tecsecmty.com\/index.php\/wp-json\/wp\/v2\/types\/product"}],"replies":[{"embeddable":true,"href":"https:\/\/tecsecmty.com\/index.php\/wp-json\/wp\/v2\/comments?post=2862"}],"version-history":[{"count":0,"href":"https:\/\/tecsecmty.com\/index.php\/wp-json\/wp\/v2\/product\/2862\/revisions"}],"wp:featuredmedia":[{"embeddable":true,"href":"https:\/\/tecsecmty.com\/index.php\/wp-json\/wp\/v2\/media\/2861"}],"wp:attachment":[{"href":"https:\/\/tecsecmty.com\/index.php\/wp-json\/wp\/v2\/media?parent=2862"}],"wp:term":[{"taxonomy":"product_brand","embeddable":true,"href":"https:\/\/tecsecmty.com\/index.php\/wp-json\/wp\/v2\/product_brand?post=2862"},{"taxonomy":"product_cat","embeddable":true,"href":"https:\/\/tecsecmty.com\/index.php\/wp-json\/wp\/v2\/product_cat?post=2862"},{"taxonomy":"product_tag","embeddable":true,"href":"https:\/\/tecsecmty.com\/index.php\/wp-json\/wp\/v2\/product_tag?post=2862"}],"curies":[{"name":"wp","href":"https:\/\/api.w.org\/{rel}","templated":true}]}}