{"id":2864,"date":"2023-02-22T22:01:01","date_gmt":"2023-02-23T04:01:01","guid":{"rendered":"https:\/\/tecsecmty.com\/index.php\/producto\/dahua-xvr5216a-i3-dvr-16-canales-5-megapixeles-lite-wizsense-ia-h-265-2-bahias-de-disco-duro-163-es-de-alarma-4-entradas-de-audio-16-canales-hdcvi8-ip-hasta-24-canales-ip-2-ch-de-recono\/"},"modified":"2023-03-22T23:23:13","modified_gmt":"2023-03-23T05:23:13","slug":"dahua-xvr5216a-i3-dvr-16-canales-5-megapixeles-lite-wizsense-ia-h-265-2-bahias-de-disco-duro-163-es-de-alarma-4-entradas-de-audio-16-canales-hdcvi8-ip-hasta-24-canales-ip-2-ch-de-recono","status":"publish","type":"product","link":"https:\/\/tecsecmty.com\/index.php\/producto\/dahua-xvr5216a-i3-dvr-16-canales-5-megapixeles-lite-wizsense-ia-h-265-2-bahias-de-disco-duro-163-es-de-alarma-4-entradas-de-audio-16-canales-hdcvi8-ip-hasta-24-canales-ip-2-ch-de-recono\/","title":{"rendered":"DAHUA XVR5216A-I3 &#8211; DVR 16 Canales 5 Megapixeles Lite\/ WizSense\/ IA\/ H.265+\/ 2 Bah\u00edas de Disco Duro\/ 16&amp;3 E&amp;S de Alarma\/ 4 Entradas de Audio\/ 16 Canales HDCVI+8 IP\/ Hasta 24 Canales IP\/ 2 Ch de Reconocimiento Facial\/ SMD Plus\/ IoT&amp;POS\/"},"content":{"rendered":"<div class=\"row aling-items-center padding-bottom-2x\">\n<div class=\"col-lg-12\">\n<h5 class=\"card-title text-center\">Informaci\u00f3n General<\/h5>\n<p>El grabador\u00a0<strong>XVR5216A-I3<\/strong>\u00a0con tecnolog\u00eda Wizsense que reduce las tasas de falsas alarmas y el costo de la vigilancia humana, brindando as\u00ed un gran valor a los clientes que buscan productos con alarma precisa para humanos\/veh\u00edculos para elevar el nivel de seguridad de varias instalaciones interiores y exteriores.<\/p>\n<p><strong>*Las inteligencias se pierden al colocar un canal IP<\/strong><\/p>\n<p><img decoding=\"async\" class=\"overview-center-img-web\" src=\"https:\/\/tvc.mx\/media\/379559\/Grabador-16-canales-5-megapixeles-wizsense-reconocimiento-facial-smd-plus-XVR5216A-I3-Dahua.png\" alt=\"\" \/><\/div>\n<\/div>\n<div class=\"row align-items-center padding-bottom-2x\">\n<div class=\"col-md-5\"><img decoding=\"async\" class=\"d-block m-auto img-thumbnail\" src=\"https:\/\/tvc.mx\/media\/379583\/proteccion-perimetral-dahua.png\" alt=\" \" \/><\/div>\n<div class=\"col-md-7 text-md-left text-center\">\n<h2>Protecci\u00f3n perimetral<\/h2>\n<p class=\"text-muted\">\n<p>Filtrado autom\u00e1tico de falsas alarmas causadas por animales, hojas susurrantes, luces brillantes, etc. Permite que el sistema act\u00fae como reconocimiento secundario de los objetivos. Mejora de la precisi\u00f3n de las alarmas.<\/p>\n<p><strong>* La protecci\u00f3n perimetral entra en vigor cuando se selecciona IVS&amp;SMD en modo AI.\u00a0<\/strong><\/p>\n<p>&nbsp;<\/p>\n<\/div>\n<\/div>\n<hr class=\"padding-bottom-2x\" \/>\n<div class=\"row align-items-center padding-bottom-2x\">\n<div class=\"col-md-5 order-md-2\"><img decoding=\"async\" class=\"d-block m-auto img-thumbnail\" src=\"https:\/\/tvc.mx\/media\/379587\/reconocimiento-facial-dahua.png\" alt=\" \" \/><\/div>\n<div class=\"col-md-7 order-md-1 text-md-left text-center\">\n<h2>Reconocimiento Facial<\/h2>\n<p class=\"text-muted\">\n<p>Reconocimiento facial en tiempo real de transmisi\u00f3n de video. Funciones de an\u00e1lisis de atributos faciales que incluyen g\u00e9nero, edad, expresi\u00f3n, anteojos, bigote, m\u00e1scara facial. Identificar personas y tambi\u00e9n capturar, grabar rostros con metadatos. Filtrado de caracter\u00edsticas faciales mientras se muestra en tiempo real, solo muestra caras con caracter\u00edsticas objetivo.<\/p>\n<p><strong>* El reconocimiento facial tiene efecto cuando se selecciona Rostro en modo AI.<\/strong><\/p>\n<p>&nbsp;<\/p>\n<\/div>\n<\/div>\n<hr class=\"padding-bottom-2x\" \/>\n<div class=\"row align-items-center padding-bottom-2x\">\n<div class=\"col-md-5\"><img decoding=\"async\" class=\"d-block m-auto img-thumbnail\" src=\"https:\/\/tvc.mx\/media\/379643\/SMD-plus-Dahua.png\" alt=\" \" \/><\/div>\n<div class=\"col-md-7 text-md-left text-center\">\n<h2>SMD Plus<\/h2>\n<p class=\"text-muted\">\n<p>Con un algoritmo inteligente, la tecnolog\u00eda de detecci\u00f3n de movimiento inteligente de Dahua puede categorizar los objetivos que activan la detecci\u00f3n de movimiento y filtrar la alarma de detecci\u00f3n de movimiento activada por objetivos no afectados para generar una alarma efectiva y precisa.<\/p>\n<p><strong>* SMD Plus surte efecto cuando se selecciona SMD o IVS&amp;SMD en modo A<\/strong><\/p>\n<p>&nbsp;<\/p>\n<\/div>\n<\/div>\n<hr class=\"padding-bottom-2x\" \/>\n<div class=\"row align-items-center padding-bottom-2x\">\n<div class=\"col-md-5 order-md-2\"><img decoding=\"async\" class=\"d-block m-auto img-thumbnail\" src=\"https:\/\/tvc.mx\/media\/379647\/codificacion-h.265-dahua.png\" alt=\" \" \/><\/div>\n<div class=\"col-md-7 order-md-1 text-md-left text-center\">\n<h2>Inteligente H.265+<\/h2>\n<p class=\"text-muted\">\n<p>Smart Codec, H.265+ puede reducir hasta un 90 % la tasa de bits y los requisitos de almacenamiento en comparaci\u00f3n con H.264 sin tener que invertir en nuevas c\u00e1maras.<\/p>\n<p>&nbsp;<\/p>\n<\/div>\n<\/div>\n<hr class=\"padding-bottom-2x\" \/>\n<div class=\"row align-items-center padding-bottom-2x\">\n<div class=\"col-md-5\"><img decoding=\"async\" class=\"d-block m-auto img-thumbnail\" src=\"https:\/\/tvc.mx\/media\/379655\/tabla-de-compayibilidad-de-HDD-para-equipo-dahua.png\" alt=\" \" \/><\/div>\n<div class=\"col-md-7 text-md-left text-center\">\n<h2>Tabla de compatibilidad HDD<\/h2>\n<p class=\"text-muted\">\n<p>El almacenamiento es parte fundamental de un sistema de videovigilancia por tal motivo te recomendamos revisar nuestra lista de compatibilidad antes de seleccionar un disco duro (HDD).<\/p>\n<p>https:\/\/foro.tvc.mx\/docs\/lista-compatibilidad-hdd<\/p>\n<p>&nbsp;<\/p>\n<\/div>\n<\/div>\n<hr class=\"padding-bottom-2x\" \/>\n<div class=\"row align-items-center padding-bottom-2x\">\n<div class=\"col-md-5 order-md-2\"><img decoding=\"async\" class=\"d-block m-auto img-thumbnail\" src=\"https:\/\/tvc.mx\/media\/379839\/arquitectura.png\" alt=\" \" \/><\/div>\n<div class=\"col-md-7 order-md-1 text-md-left text-center\">\n<h2>Principales Caracter\u00edsticas<\/h2>\n<p class=\"text-muted\">\n<p>\u00b7 Compresi\u00f3n de video de flujo dual H.265+\/H.265<\/p>\n<p>\u00b7 Admite codificaci\u00f3n de IA de canal completo<\/p>\n<p>\u00b7 Admite entradas de video HDCVI\/AHD\/TVI\/CVBS\/IP<\/p>\n<p>\u00b7 Entradas de c\u00e1mara IP de 24 canales como m\u00e1ximo, cada canal hasta 6MP; Ancho de banda entrante m\u00e1ximo de 128 Mbps<\/p>\n<p>\u00b7 Transmisi\u00f3n de video de hasta 2 canales (canal anal\u00f3gico) Protecci\u00f3n perimetral<\/p>\n<p>\u00b7 Transmisi\u00f3n de video de hasta 16 canales (canal anal\u00f3gico) SMD Plus<\/p>\n<p>\u00b7 Transmisi\u00f3n de video de hasta 2 canales (canal anal\u00f3gico) reconocimiento de rostro humano<\/p>\n<p>\u00b7 Funcionalidades IoT y POS<\/p>\n<p>&nbsp;<\/p>\n<\/div>\n<\/div>\n<hr class=\"padding-bottom-2x\" \/>\n<div class=\"row align-items-center padding-bottom-2x\">\n<div class=\"col-md-5 order-md-2\"><img decoding=\"async\" class=\"d-block m-auto img-thumbnail\" src=\"https:\/\/tvc.mx\/media\/379847\/especificaciones-XVR5216A-I3-dahua.png\" alt=\" \" \/><\/div>\n<div class=\"col-md-7 order-md-1 text-md-left text-center\">\n<h2>Especificaciones<\/h2>\n<p class=\"text-muted\">\n<ul>\n<li>Sistema operativo Linux integrado<\/li>\n<li>Desempe\u00f1o perimetral AI por registrador: 2 canales<\/li>\n<li>Detecci\u00f3n de rostro Desempe\u00f1o de AI por registrador: Reproducci\u00f3n de grabaci\u00f3n 2 canales y un solo canal puede detectar hasta 12 caras.<\/li>\n<li>Capacidad de la base de datos de rostros Hasta 10 bases de datos de caras y 10.000 im\u00e1genes.<\/li>\n<li>SMD Plus de canal completo (IA por grabadora), filtrado secundario para SMD Plus humano y de veh\u00edculos de motor, que reduce las falsas alarmas causadas por hojas, lluvia y cambios en las condiciones de iluminaci\u00f3n<\/li>\n<li>16 canales, BNC: acceso adaptativo por defecto; Se MAC pueden configurar accesos HDCVI, AHD, TVI y CVBS.<\/li>\n<li>Entrada de c\u00e1mara IP: 16+8 canales, cada canal hasta 6MP<\/li>\n<li>2 puertos SATA, hasta 16 TB para un solo disco duro<\/li>\n<li>1 puerto, para control PTZ<\/li>\n<li>2 puertos USB (1 USB 2.0, 1 USB 3.0)<\/li>\n<li>1-HDMI<\/li>\n<li>1- VGA<\/li>\n<li>Fuente de alimentaci\u00f3n CC12V, 4A<\/li>\n<\/ul>\n<\/div>\n<\/div>\n","protected":false},"excerpt":{"rendered":"<p>Informaci\u00f3n General El grabador\u00a0XVR5216A-I3\u00a0con tecnolog\u00eda Wizsense que reduce las tasas de falsas alarmas y el costo de la vigilancia humana, brindando as\u00ed un gran valor a los clientes que buscan productos con alarma precisa para humanos\/veh\u00edculos para elevar el nivel de seguridad de varias instalaciones&hellip;<\/p>\n","protected":false},"featured_media":2863,"comment_status":"open","ping_status":"closed","template":"","meta":{"om_disable_all_campaigns":false,"_monsterinsights_skip_tracking":false,"_monsterinsights_sitenote_active":false,"_monsterinsights_sitenote_note":"","_monsterinsights_sitenote_category":0},"product_brand":[],"product_cat":[174],"product_tag":[66,58,172,173],"class_list":{"0":"post-2864","1":"product","2":"type-product","3":"status-publish","4":"has-post-thumbnail","6":"product_cat-dvrs-hd-16-canales","7":"product_tag-dahua","8":"product_tag-dvr","9":"product_tag-dvr-dahua","10":"product_tag-videgrabadora-de-camaras","12":"first","13":"instock","14":"sale","15":"taxable","16":"shipping-taxable","17":"purchasable","18":"product-type-simple"},"aioseo_notices":[],"_links":{"self":[{"href":"https:\/\/tecsecmty.com\/index.php\/wp-json\/wp\/v2\/product\/2864","targetHints":{"allow":["GET"]}}],"collection":[{"href":"https:\/\/tecsecmty.com\/index.php\/wp-json\/wp\/v2\/product"}],"about":[{"href":"https:\/\/tecsecmty.com\/index.php\/wp-json\/wp\/v2\/types\/product"}],"replies":[{"embeddable":true,"href":"https:\/\/tecsecmty.com\/index.php\/wp-json\/wp\/v2\/comments?post=2864"}],"version-history":[{"count":0,"href":"https:\/\/tecsecmty.com\/index.php\/wp-json\/wp\/v2\/product\/2864\/revisions"}],"wp:featuredmedia":[{"embeddable":true,"href":"https:\/\/tecsecmty.com\/index.php\/wp-json\/wp\/v2\/media\/2863"}],"wp:attachment":[{"href":"https:\/\/tecsecmty.com\/index.php\/wp-json\/wp\/v2\/media?parent=2864"}],"wp:term":[{"taxonomy":"product_brand","embeddable":true,"href":"https:\/\/tecsecmty.com\/index.php\/wp-json\/wp\/v2\/product_brand?post=2864"},{"taxonomy":"product_cat","embeddable":true,"href":"https:\/\/tecsecmty.com\/index.php\/wp-json\/wp\/v2\/product_cat?post=2864"},{"taxonomy":"product_tag","embeddable":true,"href":"https:\/\/tecsecmty.com\/index.php\/wp-json\/wp\/v2\/product_tag?post=2864"}],"curies":[{"name":"wp","href":"https:\/\/api.w.org\/{rel}","templated":true}]}}