{"id":2868,"date":"2023-02-22T22:01:06","date_gmt":"2023-02-23T04:01:06","guid":{"rendered":"https:\/\/tecsecmty.com\/index.php\/producto\/dahua-xvr5232an-4kl-i3-dvr-de-32-canales-4k-8-megapixeles-wizsense-con-ia-6-canales-de-reconocimiento-facial-h-265-hasta-32-canales-ip-codificacion-ia-smd-plus-2-bahias-de-discos-duros-fu\/"},"modified":"2023-03-22T23:23:13","modified_gmt":"2023-03-23T05:23:13","slug":"dahua-xvr5232an-4kl-i3-dvr-de-32-canales-4k-8-megapixeles-wizsense-con-ia-6-canales-de-reconocimiento-facial-h-265-hasta-32-canales-ip-codificacion-ia-smd-plus-2-bahias-de-discos-duros-fu","status":"publish","type":"product","link":"https:\/\/tecsecmty.com\/index.php\/producto\/dahua-xvr5232an-4kl-i3-dvr-de-32-canales-4k-8-megapixeles-wizsense-con-ia-6-canales-de-reconocimiento-facial-h-265-hasta-32-canales-ip-codificacion-ia-smd-plus-2-bahias-de-discos-duros-fu\/","title":{"rendered":"DAHUA XVR5232AN-4KL-I3 &#8211; DVR de 32 Canales 4k\/ 8 Megapixeles\/ WizSense\/ Con IA\/ 6 Canales de Reconocimiento Facial\/ H.265+\/ Hasta 32 Canales IP\/ Codificaci\u00f3n IA\/ SMD Plus\/ 2 Bah\u00edas de Discos Duros\/ Funciones IoT&amp;POS\/ #LoNuevo"},"content":{"rendered":"<div class=\"row aling-items-center padding-bottom-2x\">\n<div class=\"col-lg-12\">\n<h5 class=\"card-title text-center\">Informaci\u00f3n general<\/h5>\n<p class=\"ql-align-justify\">Dahua Technology, un proveedor de servicios y soluciones de IoT inteligente centrado en video l\u00edder en el mundo, present\u00f3 su nueva serie XVR, la serie XVR5000-4KL-I3 con SMD Plus de canal completo m\u00e1x. para beneficiar a los clientes de la actualizaci\u00f3n de IA (la cantidad de canales difiere seg\u00fan en el modelo. Consulte las especificaciones a continuaci\u00f3n para obtener informaci\u00f3n sobre el n\u00famero de canales). Esta serie ha sido desarrollada para reducir las tasas de falsas alarmas y el costo de la vigilancia humana, brindando as\u00ed un gran valor a los clientes que buscan productos con alarmas precisas para humanos\/veh\u00edculos para elevar el nivel de seguridad de varias instalaciones interiores y exteriores.<\/p>\n<p><img decoding=\"async\" class=\"overview-center-img-web\" src=\"https:\/\/tvc.mx\/media\/583583\/DAHUA-DH-XVR5232AN-4KL-I3-DVR-32-Canales-4k-WizSense-H.265%2B-Hasta-32-Canales-IP-2-Canales-Reconocimiento-Facial-imagen-principal.png\" alt=\"DVR\" \/><\/div>\n<\/div>\n<div class=\"row align-items-center padding-bottom-2x\">\n<div class=\"col-md-5\"><img decoding=\"async\" class=\"d-block m-auto img-thumbnail\" src=\"https:\/\/tvc.mx\/media\/583595\/Iluminadores-inteligentes-dahua.png\" alt=\" Iluminadores \" \/><\/div>\n<div class=\"col-md-7 text-md-left text-center\">\n<h2>Iluminadores duales inteligentes<\/h2>\n<p class=\"text-muted\">\n<p class=\"ql-align-justify\">Con la tecnolog\u00eda Smart Dual Illuminators, puede seleccionar el modo de iluminaci\u00f3n inteligente para que el sistema cambie autom\u00e1ticamente entre el modo IR y el modo de luz blanca. Permite que se encienda la luz blanca cuando la funci\u00f3n SMD Plus\/Protecci\u00f3n perimetral del XVR habilitado para IA detecta un objetivo. Esto reduce significativamente la contaminaci\u00f3n lum\u00ednica por la noche. Junto con otros modos, incluido el modo IR y el modo de luz blanca, la tecnolog\u00eda inteligente de iluminaci\u00f3n dual puede cumplir con los requisitos de una amplia variedad de escenas.<\/p>\n<p>&nbsp;<\/p>\n<\/div>\n<\/div>\n<hr class=\"padding-bottom-2x\" \/>\n<div class=\"row align-items-center padding-bottom-2x\">\n<div class=\"col-md-5 order-md-2\"><img decoding=\"async\" class=\"d-block m-auto img-thumbnail\" src=\"https:\/\/tvc.mx\/media\/583603\/reconocimiento-facial-dahua.png\" alt=\" Reconocimiento facial\" \/><\/div>\n<div class=\"col-md-7 order-md-1 text-md-left text-center\">\n<h2>Reconocimiento facial<\/h2>\n<p class=\"text-muted\">\n<p class=\"ql-align-justify\">La tecnolog\u00eda Dahua Face Recognition extrae las caracter\u00edsticas de las caras capturadas y las compara con las de la base de datos de caras para reconocer la identidad de la persona.<\/p>\n<p>&nbsp;<\/p>\n<\/div>\n<\/div>\n<hr class=\"padding-bottom-2x\" \/>\n<div class=\"row align-items-center padding-bottom-2x\">\n<div class=\"col-md-5\"><img decoding=\"async\" class=\"d-block m-auto img-thumbnail\" src=\"https:\/\/tvc.mx\/media\/583611\/proteccion-perimetral-dahua.png\" alt=\" Protecci\u00f3n perimetral\" \/><\/div>\n<div class=\"col-md-7 text-md-left text-center\">\n<h2>Protecci\u00f3n Perimetral<\/h2>\n<p class=\"text-muted\">\n<p class=\"ql-align-justify\">Filtra autom\u00e1ticamente las falsas alarmas causadas por animales, hojas susurrantes, luces brillantes, etc. Permite que el sistema act\u00fae como reconocimiento secundario de los objetivos. Mejora la precisi\u00f3n de la alarma.<\/p>\n<p>&nbsp;<\/p>\n<\/div>\n<\/div>\n<hr class=\"padding-bottom-2x\" \/>\n<div class=\"row align-items-center padding-bottom-2x\">\n<div class=\"col-md-5 order-md-2\"><img decoding=\"async\" class=\"d-block m-auto img-thumbnail\" src=\"https:\/\/tvc.mx\/media\/583623\/SMD-plus-Dahua.png\" alt=\" SMD\" \/><\/div>\n<div class=\"col-md-7 order-md-1 text-md-left text-center\">\n<h2>SMD m\u00e1s<\/h2>\n<p class=\"text-muted\">\n<p class=\"ql-align-justify\">Con un algoritmo inteligente, la tecnolog\u00eda de detecci\u00f3n de movimiento inteligente de Dahua puede categorizar los objetivos que activan la detecci\u00f3n de movimiento y filtrar la alarma de detecci\u00f3n de movimiento activada por objetivos no afectados para generar una alarma efectiva y precisa.<\/p>\n<p>&nbsp;<\/p>\n<\/div>\n<\/div>\n<hr class=\"padding-bottom-2x\" \/>\n<div class=\"row align-items-center padding-bottom-2x\">\n<div class=\"col-md-5\"><img decoding=\"async\" class=\"d-block m-auto img-thumbnail\" src=\"https:\/\/tvc.mx\/media\/583643\/DAHUA-DH-XVR5232AN-4KL-I3-DVR-32-Canales-4k-WizSense-H.caracteristicas-principales.png\" alt=\" DVR\" \/><\/div>\n<div class=\"col-md-7 text-md-left text-center\">\n<h2>Caracter\u00edsticas Principales<\/h2>\n<p class=\"text-muted\">\n<p><strong>\u00b7\u00a0<\/strong>Compresi\u00f3n de video de flujo dual H.265+\/H.265<\/p>\n<p><strong>\u00b7\u00a0<\/strong>Admite codificaci\u00f3n de IA de canal completo<\/p>\n<p><strong>\u00b7\u00a0<\/strong>Admite entradas de video HDCVI\/AHD\/TVI\/CVBS\/IP<\/p>\n<p><strong>\u00b7\u00a0<\/strong>Entradas de c\u00e1mara IP de 16 canales como m\u00e1ximo, cada canal hasta 8MP; Ancho de banda entrante m\u00e1ximo de 128 Mbps<\/p>\n<p><strong>\u00b7\u00a0<\/strong>Transmisi\u00f3n de video de hasta 8 canales (canal anal\u00f3gico) Protecci\u00f3n perimetral<\/p>\n<p><strong>\u00b7\u00a0<\/strong>Transmisi\u00f3n de video de hasta 8 canales (canal anal\u00f3gico) SMD Plus<\/p>\n<p><strong>\u00b7\u00a0<\/strong>Transmisi\u00f3n de video de hasta 2 canales (canal anal\u00f3gico) reconocimiento de rostro humano<\/p>\n<p><strong>\u00b7\u00a0<\/strong>Funcionalidades IoT y POS<\/p>\n<p><strong>\u00b7\u00a0<\/strong>La salida de fuentes de video simult\u00e1neas\/heterog\u00e9neas para VGA y HDMI es configurable<\/p>\n<p>&nbsp;<\/p>\n<\/div>\n<\/div>\n<hr class=\"padding-bottom-2x\" \/>\n<div class=\"row align-items-center padding-bottom-2x\">\n<div class=\"col-md-5 order-md-2\"><img decoding=\"async\" class=\"d-block m-auto img-thumbnail\" src=\"https:\/\/tvc.mx\/media\/583671\/DAHUA-DH-XVR5232AN-4KL-I3-DVR-32-Canales-4k-WizSense-H.-especificaciones-tecnicas.png\" alt=\" Dimensiones\" \/><\/div>\n<div class=\"col-md-7 order-md-1 text-md-left text-center\">\n<h2>Especificaciones T\u00e9cnicas<\/h2>\n<p class=\"text-muted\">\n<ul>\n<li>Procesador principal integrado<\/li>\n<li>Sistema operativo: Linux integrado<\/li>\n<li>Interfaz de operaci\u00f3n: web; interfaz gr\u00e1fica de usuario local<\/li>\n<li>Desempe\u00f1o perimetral AI por registrador (N\u00famero de canales):\u00a0Modelo avanzado: 2 canales, 10 IVS para cada canal Modelo general: 8 canales, 10 IVS para cada canal<\/li>\n<li>Hasta 10 bases de datos de rostros con 20 000 im\u00e1genes de rostros en total.<\/li>\n<\/ul>\n<\/div>\n<\/div>\n","protected":false},"excerpt":{"rendered":"<p>Informaci\u00f3n general Dahua Technology, un proveedor de servicios y soluciones de IoT inteligente centrado en video l\u00edder en el mundo, present\u00f3 su nueva serie XVR, la serie XVR5000-4KL-I3 con SMD Plus de canal completo m\u00e1x. para beneficiar a los clientes de la actualizaci\u00f3n de IA&hellip;<\/p>\n","protected":false},"featured_media":2867,"comment_status":"open","ping_status":"closed","template":"","meta":{"om_disable_all_campaigns":false,"_monsterinsights_skip_tracking":false,"_monsterinsights_sitenote_active":false,"_monsterinsights_sitenote_note":"","_monsterinsights_sitenote_category":0},"product_brand":[],"product_cat":[174],"product_tag":[66,58,172,173],"class_list":{"0":"post-2868","1":"product","2":"type-product","3":"status-publish","4":"has-post-thumbnail","6":"product_cat-dvrs-hd-16-canales","7":"product_tag-dahua","8":"product_tag-dvr","9":"product_tag-dvr-dahua","10":"product_tag-videgrabadora-de-camaras","12":"first","13":"instock","14":"sale","15":"taxable","16":"shipping-taxable","17":"purchasable","18":"product-type-simple"},"aioseo_notices":[],"_links":{"self":[{"href":"https:\/\/tecsecmty.com\/index.php\/wp-json\/wp\/v2\/product\/2868","targetHints":{"allow":["GET"]}}],"collection":[{"href":"https:\/\/tecsecmty.com\/index.php\/wp-json\/wp\/v2\/product"}],"about":[{"href":"https:\/\/tecsecmty.com\/index.php\/wp-json\/wp\/v2\/types\/product"}],"replies":[{"embeddable":true,"href":"https:\/\/tecsecmty.com\/index.php\/wp-json\/wp\/v2\/comments?post=2868"}],"version-history":[{"count":0,"href":"https:\/\/tecsecmty.com\/index.php\/wp-json\/wp\/v2\/product\/2868\/revisions"}],"wp:featuredmedia":[{"embeddable":true,"href":"https:\/\/tecsecmty.com\/index.php\/wp-json\/wp\/v2\/media\/2867"}],"wp:attachment":[{"href":"https:\/\/tecsecmty.com\/index.php\/wp-json\/wp\/v2\/media?parent=2868"}],"wp:term":[{"taxonomy":"product_brand","embeddable":true,"href":"https:\/\/tecsecmty.com\/index.php\/wp-json\/wp\/v2\/product_brand?post=2868"},{"taxonomy":"product_cat","embeddable":true,"href":"https:\/\/tecsecmty.com\/index.php\/wp-json\/wp\/v2\/product_cat?post=2868"},{"taxonomy":"product_tag","embeddable":true,"href":"https:\/\/tecsecmty.com\/index.php\/wp-json\/wp\/v2\/product_tag?post=2868"}],"curies":[{"name":"wp","href":"https:\/\/api.w.org\/{rel}","templated":true}]}}