{"id":2878,"date":"2023-02-22T22:01:16","date_gmt":"2023-02-23T04:01:16","guid":{"rendered":"https:\/\/tecsecmty.com\/index.php\/producto\/dahua-dh-xvr5208an-4kl-i3-dvr-8-canales-4k-wizsense-ia-h-265-2-bahias-de-discos-duros-8-canales-hdcvi-8-ip-hasta-16-canales-ip-2-canales-de-reconocimiento-facial-smd-plus-proteccion-perim\/"},"modified":"2023-03-22T23:22:29","modified_gmt":"2023-03-23T05:22:29","slug":"dahua-dh-xvr5208an-4kl-i3-dvr-8-canales-4k-wizsense-ia-h-265-2-bahias-de-discos-duros-8-canales-hdcvi-8-ip-hasta-16-canales-ip-2-canales-de-reconocimiento-facial-smd-plus-proteccion-perim","status":"publish","type":"product","link":"https:\/\/tecsecmty.com\/index.php\/producto\/dahua-dh-xvr5208an-4kl-i3-dvr-8-canales-4k-wizsense-ia-h-265-2-bahias-de-discos-duros-8-canales-hdcvi-8-ip-hasta-16-canales-ip-2-canales-de-reconocimiento-facial-smd-plus-proteccion-perim\/","title":{"rendered":"DAHUA DH-XVR5208AN-4KL-I3 &#8211; DVR 8 Canales 4k\/ WizSense\/ IA\/ H.265+\/ 2 Bah\u00edas de Discos Duros\/ 8 Canales HDCVI +8 IP\/ Hasta 16 Canales IP\/ 2 Canales de Reconocimiento Facial\/ SMD Plus\/ Protecci\u00f3n Perimetral\/ IoT&amp;POS\/"},"content":{"rendered":"<div class=\"row aling-items-center padding-bottom-2x\">\n<div class=\"col-lg-12\">\n<h5 class=\"card-title text-center\">Informaci\u00f3n General<\/h5>\n<p>El\u00a0<strong>XVR5208AN-4KL-I3<\/strong>\u00a0ha sido desarrollado para reducir las tasas de falsas alarmas y el costo de la vigilancia humana, brindando as\u00ed un gran valor a los clientes que buscan productos con alarma precisa para humanos\/veh\u00edculos para elevar el nivel de seguridad de varias instalaciones interiores y exteriores.<\/p>\n<p><img decoding=\"async\" class=\"overview-center-img-web\" src=\"https:\/\/tvc.mx\/media\/381639\/DVR-8-canales-5-megapixeles-wizsense-h.265%2B-XVR5208AN-4KL-I3-dahua-b.png\" alt=\"\" \/><\/div>\n<\/div>\n<div class=\"row align-items-center padding-bottom-2x\">\n<div class=\"col-md-5\"><img decoding=\"async\" class=\"d-block m-auto img-thumbnail\" src=\"https:\/\/tvc.mx\/media\/381643\/reconocimiento-facial-dahua.png\" alt=\" \" \/><\/div>\n<div class=\"col-md-7 text-md-left text-center\">\n<h2>Reconocimiento facial en tiempo real<\/h2>\n<p class=\"text-muted\">\n<p>Reconocimiento facial en tiempo real de transmisi\u00f3n de video. Funciones de an\u00e1lisis de atributos faciales que incluyen g\u00e9nero, edad, expresi\u00f3n, anteojos, bigote, m\u00e1scara facial. Identificar personas y tambi\u00e9n capturar, grabar rostros con metadatos. Filtrado de caracter\u00edsticas faciales mientras se muestra en tiempo real, solo muestra caras con caracter\u00edsticas objetivo.<\/p>\n<p>&nbsp;<\/p>\n<\/div>\n<\/div>\n<hr class=\"padding-bottom-2x\" \/>\n<div class=\"row align-items-center padding-bottom-2x\">\n<div class=\"col-md-5 order-md-2\"><img decoding=\"async\" class=\"d-block m-auto img-thumbnail\" src=\"https:\/\/tvc.mx\/media\/381647\/proteccion-perimetral-dahua.png\" alt=\" \" \/><\/div>\n<div class=\"col-md-7 order-md-1 text-md-left text-center\">\n<h2>Protecci\u00f3n perimetral<\/h2>\n<p class=\"text-muted\">\n<p>Filtrado autom\u00e1tico de falsas alarmas causadas por animales, hojas susurrantes, luces brillantes, etc. Permite que el sistema act\u00fae como reconocimiento secundario de los objetivos. Mejora de la precisi\u00f3n de las alarmas.<\/p>\n<p>&nbsp;<\/p>\n<\/div>\n<\/div>\n<hr class=\"padding-bottom-2x\" \/>\n<div class=\"row align-items-center padding-bottom-2x\">\n<div class=\"col-md-5\"><img decoding=\"async\" class=\"d-block m-auto img-thumbnail\" src=\"https:\/\/tvc.mx\/media\/381651\/SMD-plus-Dahua.png\" alt=\" \" \/><\/div>\n<div class=\"col-md-7 text-md-left text-center\">\n<h2>SMD Plus<\/h2>\n<p class=\"text-muted\">\n<p>Con un algoritmo inteligente, la tecnolog\u00eda de detecci\u00f3n de movimiento inteligente de Dahua puede categorizar los objetivos que activan la detecci\u00f3n de movimiento y filtrar la alarma de detecci\u00f3n de movimiento activada por objetivos no afectados para generar una alarma efectiva y precisa.<\/p>\n<p>&nbsp;<\/p>\n<\/div>\n<\/div>\n<hr class=\"padding-bottom-2x\" \/>\n<div class=\"row align-items-center padding-bottom-2x\">\n<div class=\"col-md-5 order-md-2\"><img decoding=\"async\" class=\"d-block m-auto img-thumbnail\" src=\"https:\/\/tvc.mx\/media\/381655\/codificacion-h.265-dahua.png\" alt=\" \" \/><\/div>\n<div class=\"col-md-7 order-md-1 text-md-left text-center\">\n<h2>Smart Codec H.265+<\/h2>\n<p class=\"text-muted\">\n<p>Smart Codec, H.265+ puede reducir hasta un 90 % la tasa de bits y los requisitos de almacenamiento en comparaci\u00f3n con H.264 sin tener que invertir en nuevas c\u00e1maras.<\/p>\n<p>&nbsp;<\/p>\n<\/div>\n<\/div>\n<hr class=\"padding-bottom-2x\" \/>\n<div class=\"row align-items-center padding-bottom-2x\">\n<div class=\"col-md-5\"><img decoding=\"async\" class=\"d-block m-auto img-thumbnail\" src=\"https:\/\/tvc.mx\/media\/381659\/tabla-de-compayibilidad-de-HDD-para-equipo-dahua.png\" alt=\" \" \/><\/div>\n<div class=\"col-md-7 text-md-left text-center\">\n<h2>Tabla de compatibilidad HDD<\/h2>\n<p class=\"text-muted\">\n<p>El almacenamiento es parte fundamental de un sistema de videovigilancia por tal motivo te recomendamos revisar nuestra lista de compatibilidad antes de seleccionar un disco duro (HDD).<\/p>\n<p>&nbsp;<\/p>\n<\/div>\n<\/div>\n<hr class=\"padding-bottom-2x\" \/>\n<div class=\"row align-items-center padding-bottom-2x\">\n<div class=\"col-md-5 order-md-2\"><img decoding=\"async\" class=\"d-block m-auto img-thumbnail\" src=\"https:\/\/tvc.mx\/media\/381663\/arquitectura.png\" alt=\" \" \/><\/div>\n<div class=\"col-md-7 order-md-1 text-md-left text-center\">\n<h2>Principales Caracter\u00edsticas<\/h2>\n<p class=\"text-muted\">\n<p>\u00b7 Compresi\u00f3n de video de flujo dual H.265+\/H.265<\/p>\n<p>\u00b7 Admite codificaci\u00f3n de IA de canal completo<\/p>\n<p>\u00b7 Admite entradas de video HDCVI\/AHD\/TVI\/CVBS\/IP<\/p>\n<p>\u00b7 Transmisi\u00f3n de video de hasta 2 canales Protecci\u00f3n perimetral<\/p>\n<p>\u00b7 Transmisi\u00f3n de video de hasta 8 canales SMD Plus<\/p>\n<p>\u00b7 Transmisi\u00f3n de video de hasta 2 canales reconocimiento de rostro<\/p>\n<p>\u00b7 Funcionalidades IoT y POS<\/p>\n<p>&nbsp;<\/p>\n<\/div>\n<\/div>\n<hr class=\"padding-bottom-2x\" \/>\n<div class=\"row align-items-center padding-bottom-2x\">\n<div class=\"col-md-5 order-md-2\"><img decoding=\"async\" class=\"d-block m-auto img-thumbnail\" src=\"https:\/\/tvc.mx\/media\/375555\/DVR-8-canales-5-megapixeles-wizsense-h.265%2B-XVR5208AN-4KL-I3-dahua-especificaciones.png\" alt=\" \" \/><\/div>\n<div class=\"col-md-7 order-md-1 text-md-left text-center\">\n<h2>Especificaciones<\/h2>\n<p class=\"text-muted\">\n<ul>\n<li>Procesador principal Procesador integrado<\/li>\n<li>Sistema operativo Linux integrado<\/li>\n<li>6 atributos: G\u00e9nero, grupos de edad (6), gafas, expresiones (8), mascarilla, barba, con hasta cuatro paneles de detecci\u00f3n visualizados al mismo tiempo.<\/li>\n<li>Hasta 10 bases de datos de caras y 20.000 im\u00e1genes<\/li>\n<li>SMD Plus de canal completo (IA por grabadora), filtrado secundario para SMD Plus humano y de veh\u00edculos de motor, que reduce las falsas alarmas causadas por hojas, lluvia y cambios en las condiciones de iluminaci\u00f3n.<\/li>\n<li>8 canales, BNC: acceso adaptativo por defecto; Se pueden configurar accesos HDCVI, AHD, TVI y CVBS.<\/li>\n<li>Codificaci\u00f3n AI\/H.265+\/H.265\/H.264+\/H.264<\/li>\n<li>ONVIF 16.12, compatible con CGI<\/li>\n<li>Alarma general: Detecci\u00f3n de movimiento, p\u00e9rdida de video, manipulaci\u00f3n y alarma local<\/li>\n<li>Alarma de anomal\u00eda: Sin disco, error de disco, poco espacio, sin conexi\u00f3n, conflicto de ip, conflicto de MAC<\/li>\n<li>Alarma inteligente: Detecci\u00f3n de rostros, reconocimiento de rostros, protecci\u00f3n perimetral<\/li>\n<li>Grabaci\u00f3n, instant\u00e1nea (panor\u00e1mica), salida de alarma externa IPC, controlador de acceso, aviso de voz, zumbador, registro, preestablecido, correo electr\u00f3nico<\/li>\n<li>Entrada de audio:1, RCA (externo) 8, BNC (coaxiales)<\/li>\n<li>2 puertos SATA, hasta 16 TB para un solo disco duro<\/li>\n<li>2 puertos USB (1 USB 2.0, 1 USB 3.0)<\/li>\n<li>Fuente de alimentaci\u00f3n CC12V, 4A<\/li>\n<li>El consumo de energ\u00eda Inferior a 10W<\/li>\n<\/ul>\n<\/div>\n<\/div>\n","protected":false},"excerpt":{"rendered":"<p>Informaci\u00f3n General El\u00a0XVR5208AN-4KL-I3\u00a0ha sido desarrollado para reducir las tasas de falsas alarmas y el costo de la vigilancia humana, brindando as\u00ed un gran valor a los clientes que buscan productos con alarma precisa para humanos\/veh\u00edculos para elevar el nivel de seguridad de varias instalaciones interiores&hellip;<\/p>\n","protected":false},"featured_media":2877,"comment_status":"open","ping_status":"closed","template":"","meta":{"om_disable_all_campaigns":false,"_monsterinsights_skip_tracking":false,"_monsterinsights_sitenote_active":false,"_monsterinsights_sitenote_note":"","_monsterinsights_sitenote_category":0},"product_brand":[],"product_cat":[175],"product_tag":[66,58,172,173],"class_list":{"0":"post-2878","1":"product","2":"type-product","3":"status-publish","4":"has-post-thumbnail","6":"product_cat-dvrs-hd-8-canales","7":"product_tag-dahua","8":"product_tag-dvr","9":"product_tag-dvr-dahua","10":"product_tag-videgrabadora-de-camaras","12":"first","13":"instock","14":"sale","15":"taxable","16":"shipping-taxable","17":"purchasable","18":"product-type-simple"},"aioseo_notices":[],"_links":{"self":[{"href":"https:\/\/tecsecmty.com\/index.php\/wp-json\/wp\/v2\/product\/2878","targetHints":{"allow":["GET"]}}],"collection":[{"href":"https:\/\/tecsecmty.com\/index.php\/wp-json\/wp\/v2\/product"}],"about":[{"href":"https:\/\/tecsecmty.com\/index.php\/wp-json\/wp\/v2\/types\/product"}],"replies":[{"embeddable":true,"href":"https:\/\/tecsecmty.com\/index.php\/wp-json\/wp\/v2\/comments?post=2878"}],"version-history":[{"count":0,"href":"https:\/\/tecsecmty.com\/index.php\/wp-json\/wp\/v2\/product\/2878\/revisions"}],"wp:featuredmedia":[{"embeddable":true,"href":"https:\/\/tecsecmty.com\/index.php\/wp-json\/wp\/v2\/media\/2877"}],"wp:attachment":[{"href":"https:\/\/tecsecmty.com\/index.php\/wp-json\/wp\/v2\/media?parent=2878"}],"wp:term":[{"taxonomy":"product_brand","embeddable":true,"href":"https:\/\/tecsecmty.com\/index.php\/wp-json\/wp\/v2\/product_brand?post=2878"},{"taxonomy":"product_cat","embeddable":true,"href":"https:\/\/tecsecmty.com\/index.php\/wp-json\/wp\/v2\/product_cat?post=2878"},{"taxonomy":"product_tag","embeddable":true,"href":"https:\/\/tecsecmty.com\/index.php\/wp-json\/wp\/v2\/product_tag?post=2878"}],"curies":[{"name":"wp","href":"https:\/\/api.w.org\/{rel}","templated":true}]}}