{"id":2880,"date":"2023-02-22T22:01:17","date_gmt":"2023-02-23T04:01:17","guid":{"rendered":"https:\/\/tecsecmty.com\/index.php\/producto\/dahua-dh-xvr7108he-4k-i3-dvr-de-8-canales-4k-con-ia-h-265-2-canales-de-reconocimiento-facial-proteccion-perimetral-83-es-de-alarma-1-bahia-de-disco-duro-hasta-10-tb-4-entradas-de-audio-lo\/"},"modified":"2023-03-22T23:22:30","modified_gmt":"2023-03-23T05:22:30","slug":"dahua-dh-xvr7108he-4k-i3-dvr-de-8-canales-4k-con-ia-h-265-2-canales-de-reconocimiento-facial-proteccion-perimetral-83-es-de-alarma-1-bahia-de-disco-duro-hasta-10-tb-4-entradas-de-audio-lo","status":"publish","type":"product","link":"https:\/\/tecsecmty.com\/index.php\/producto\/dahua-dh-xvr7108he-4k-i3-dvr-de-8-canales-4k-con-ia-h-265-2-canales-de-reconocimiento-facial-proteccion-perimetral-83-es-de-alarma-1-bahia-de-disco-duro-hasta-10-tb-4-entradas-de-audio-lo\/","title":{"rendered":"DAHUA DH-XVR7108HE-4K-I3 &#8211; DVR de 8 Canales 4k con IA\/ H.265+\/ 2 Canales de Reconocimiento Facial\/ Protecci\u00f3n Perimetral\/ 8&amp;3 E&amp;S de Alarma\/ 1 Bahia de Disco duro hasta 10 TB\/ 4 Entradas de Audio\/ #LoNuevo"},"content":{"rendered":"<div class=\"row aling-items-center padding-bottom-2x\">\n<div class=\"col-lg-12\">\n<h5 class=\"card-title text-center\">Informaci\u00f3n general<\/h5>\n<p class=\"ql-align-justify\"><strong>Dahua Technology, un proveedor de servicios y soluciones de IoT inteligente centrado en video l\u00edder en el mundo, present\u00f3 su nueva serie XVR, la serie XVR5000-4KL-I3 con m\u00e1x. SMD Plus de canal completo para beneficiar a los clientes de la actualizaci\u00f3n de IA (la cantidad de canales difiere seg\u00fan el modelo. Consulte las especificaciones a continuaci\u00f3n para obtener informaci\u00f3n sobre la cantidad de canales). Esta serie ha sido desarrollada para reducir las tasas de falsas alarmas y el costo de la vigilancia humana, brindando as\u00ed un gran valor a los clientes que buscan productos con alarmas precisas para humanos\/veh\u00edculos para elevar el nivel de seguridad de varias instalaciones interiores y exteriores.\u00a0<\/strong><\/p>\n<p><img decoding=\"async\" class=\"overview-center-img-web\" src=\"https:\/\/tvc.mx\/media\/649632\/DAHUA-DH-XVR7108HE-4K-I3--DVR-8-Canales-4k-H.265%2B-2-Canales-Reconocimiento-Facial-Protecci%C3%B3n-Perimetral-banner-principal.png\" alt=\"\" \/><\/div>\n<\/div>\n<div class=\"row align-items-center padding-bottom-2x\">\n<div class=\"col-md-5\"><img decoding=\"async\" class=\"d-block m-auto img-thumbnail\" src=\"https:\/\/tvc.mx\/media\/649637\/reconocimiento-facial-dahua.png\" alt=\" \" \/><\/div>\n<div class=\"col-md-7 text-md-left text-center\">\n<h2>Reconocimiento facial<\/h2>\n<p class=\"text-muted\">\n<h5>La tecnolog\u00eda Dahua Face Recognition extrae las caracter\u00edsticas de las caras capturadas y las compara con las de la base de datos de caras para reconocer la identidad de la persona.<\/h5>\n<p>&nbsp;<\/p>\n<\/div>\n<\/div>\n<hr class=\"padding-bottom-2x\" \/>\n<div class=\"row align-items-center padding-bottom-2x\">\n<div class=\"col-md-5 order-md-2\"><img decoding=\"async\" class=\"d-block m-auto img-thumbnail\" src=\"https:\/\/tvc.mx\/media\/649642\/proteccion-perimetral-dahua.png\" alt=\" \" \/><\/div>\n<div class=\"col-md-7 order-md-1 text-md-left text-center\">\n<h2>Protecci\u00f3n Perimetral<\/h2>\n<p class=\"text-muted\">\n<h5 class=\"ql-align-justify\">Filtra autom\u00e1ticamente las falsas alarmas causadas por animales, hojas susurrantes, luces brillantes, etc. Permite que el sistema act\u00fae como reconocimiento secundario de los objetivos. Mejora la precisi\u00f3n de la alarma.<\/h5>\n<p>&nbsp;<\/p>\n<\/div>\n<\/div>\n<hr class=\"padding-bottom-2x\" \/>\n<div class=\"row align-items-center padding-bottom-2x\">\n<div class=\"col-md-5\"><img decoding=\"async\" class=\"d-block m-auto img-thumbnail\" src=\"https:\/\/tvc.mx\/media\/649662\/SMD-plus-Dahua.png\" alt=\" \" \/><\/div>\n<div class=\"col-md-7 text-md-left text-center\">\n<h2>SMD m\u00e1s<\/h2>\n<p class=\"text-muted\">\n<h5 class=\"ql-align-justify\">Con un algoritmo inteligente, la tecnolog\u00eda de detecci\u00f3n de movimiento inteligente de Dahua puede categorizar los objetivos que activan la detecci\u00f3n de movimiento y filtrar la alarma de detecci\u00f3n de movimiento activada por objetivos no afectados para generar una alarma efectiva y precisa.<\/h5>\n<p>&nbsp;<\/p>\n<\/div>\n<\/div>\n<hr class=\"padding-bottom-2x\" \/>\n<div class=\"row align-items-center padding-bottom-2x\">\n<div class=\"col-md-5 order-md-2\"><img decoding=\"async\" class=\"d-block m-auto img-thumbnail\" src=\"https:\/\/tvc.mx\/media\/649687\/DAHUA-DH-XVR7108HE-4K-I3--DVR-8-Canales-4k-H.265%2B-2-Canales-Reconocimiento-Facial-Protecci%C3%B3n-Perimetral-caracteristicas-principales.png\" alt=\" \" \/><\/div>\n<div class=\"col-md-7 order-md-1 text-md-left text-center\">\n<h2>Caracter\u00edsticas Principales<\/h2>\n<p class=\"text-muted\">\n<ul>\n<li class=\"ql-indent-1\">Compresi\u00f3n de video de flujo dual H.265+\/H.265.<\/li>\n<li class=\"ql-indent-1\">Admite codificaci\u00f3n AI de 8 canales.<\/li>\n<li class=\"ql-indent-1\">Admite entradas de video HDCVI\/AHD\/TVI\/CVBS\/IP.<\/li>\n<li class=\"ql-indent-1\">Max entradas de c\u00e1mara IP de 16 canales, cada canal hasta 8MP; Ancho de banda entrante m\u00e1ximo de 128 Mbps.<\/li>\n<li class=\"ql-indent-1\">Hasta 8 canales de transmisi\u00f3n de video (canal anal\u00f3gico) con protecci\u00f3n perimetral.<\/li>\n<li class=\"ql-indent-1\">Hasta 8 canales de transmisi\u00f3n de video (canal anal\u00f3gico) SMD plus.<\/li>\n<li class=\"ql-indent-1\">Hasta 2 canales de transmisi\u00f3n de video (canal anal\u00f3gico) de reconocimiento de rostros humanos.<\/li>\n<li class=\"ql-indent-1\">Funcionalidades IoT y POS.<\/li>\n<\/ul>\n<p>&nbsp;<\/p>\n<\/div>\n<\/div>\n<hr class=\"padding-bottom-2x\" \/>\n<div class=\"row align-items-center padding-bottom-2x\">\n<div class=\"col-md-5 order-md-2\"><img decoding=\"async\" class=\"d-block m-auto img-thumbnail\" src=\"https:\/\/tvc.mx\/media\/649727\/DAHUA-DH-XVR7108HE-4K-I3--DVR-8-Canales-4k-H.png-especificaciones.png\" alt=\" \" \/><\/div>\n<div class=\"col-md-7 order-md-1 text-md-left text-center\">\n<h2>Especificaciones T\u00e9cnicas<\/h2>\n<p class=\"text-muted\">\n<ul>\n<li class=\"ql-align-justify\">Procesador principal de grado industrial<\/li>\n<li class=\"ql-align-justify\">Sistema operativo: Linux integrado<\/li>\n<li class=\"ql-align-justify\">Interfaz de operaci\u00f3n: Web; interfaz gr\u00e1fica de usuario local<\/li>\n<li class=\"ql-align-justify\">Desempe\u00f1o perimtral AI por registrador (N\u00famero de canales):\u00a0Modelo avanzado: 2 canales, 10 IVS para\u00a0\u00b7<\/li>\n<li class=\"ql-align-justify\">cada canal Modelo general: 8 canales, 10 IVS para cada canal<\/li>\n<li class=\"ql-align-justify\">Atributos de la cara: G\u00e9nero; grupo de edad; expresiones; mascarillas; barba<\/li>\n<li class=\"ql-align-justify\">Desempe\u00f1o de AI por registrador (N\u00famero de canales): 2 canales (hasta 12 im\u00e1genes de rostros\/s cada canal)<\/li>\n<\/ul>\n<\/div>\n<\/div>\n","protected":false},"excerpt":{"rendered":"<p>Informaci\u00f3n general Dahua Technology, un proveedor de servicios y soluciones de IoT inteligente centrado en video l\u00edder en el mundo, present\u00f3 su nueva serie XVR, la serie XVR5000-4KL-I3 con m\u00e1x. SMD Plus de canal completo para beneficiar a los clientes de la actualizaci\u00f3n de IA&hellip;<\/p>\n","protected":false},"featured_media":2879,"comment_status":"open","ping_status":"closed","template":"","meta":{"om_disable_all_campaigns":false,"_monsterinsights_skip_tracking":false,"_monsterinsights_sitenote_active":false,"_monsterinsights_sitenote_note":"","_monsterinsights_sitenote_category":0},"product_brand":[],"product_cat":[175],"product_tag":[66,58,172,173],"class_list":{"0":"post-2880","1":"product","2":"type-product","3":"status-publish","4":"has-post-thumbnail","6":"product_cat-dvrs-hd-8-canales","7":"product_tag-dahua","8":"product_tag-dvr","9":"product_tag-dvr-dahua","10":"product_tag-videgrabadora-de-camaras","12":"first","13":"instock","14":"sale","15":"taxable","16":"shipping-taxable","17":"purchasable","18":"product-type-simple"},"aioseo_notices":[],"_links":{"self":[{"href":"https:\/\/tecsecmty.com\/index.php\/wp-json\/wp\/v2\/product\/2880","targetHints":{"allow":["GET"]}}],"collection":[{"href":"https:\/\/tecsecmty.com\/index.php\/wp-json\/wp\/v2\/product"}],"about":[{"href":"https:\/\/tecsecmty.com\/index.php\/wp-json\/wp\/v2\/types\/product"}],"replies":[{"embeddable":true,"href":"https:\/\/tecsecmty.com\/index.php\/wp-json\/wp\/v2\/comments?post=2880"}],"version-history":[{"count":0,"href":"https:\/\/tecsecmty.com\/index.php\/wp-json\/wp\/v2\/product\/2880\/revisions"}],"wp:featuredmedia":[{"embeddable":true,"href":"https:\/\/tecsecmty.com\/index.php\/wp-json\/wp\/v2\/media\/2879"}],"wp:attachment":[{"href":"https:\/\/tecsecmty.com\/index.php\/wp-json\/wp\/v2\/media?parent=2880"}],"wp:term":[{"taxonomy":"product_brand","embeddable":true,"href":"https:\/\/tecsecmty.com\/index.php\/wp-json\/wp\/v2\/product_brand?post=2880"},{"taxonomy":"product_cat","embeddable":true,"href":"https:\/\/tecsecmty.com\/index.php\/wp-json\/wp\/v2\/product_cat?post=2880"},{"taxonomy":"product_tag","embeddable":true,"href":"https:\/\/tecsecmty.com\/index.php\/wp-json\/wp\/v2\/product_tag?post=2880"}],"curies":[{"name":"wp","href":"https:\/\/api.w.org\/{rel}","templated":true}]}}