{"id":2886,"date":"2023-02-22T22:01:22","date_gmt":"2023-02-23T04:01:22","guid":{"rendered":"https:\/\/tecsecmty.com\/index.php\/producto\/dahua-xvr5108he-4kl-i3-dvr-8-canales-4k-wizsense-h-265-8-canales-hdcvi-8-ip-hasta-16-ip-2-canales-de-reconocimiento-facial-smd-plus-proteccion-perimetral-1-sata-de-hasta-16-tb-iotpos-8\/"},"modified":"2023-03-22T23:23:12","modified_gmt":"2023-03-23T05:23:12","slug":"dahua-xvr5108he-4kl-i3-dvr-8-canales-4k-wizsense-h-265-8-canales-hdcvi-8-ip-hasta-16-ip-2-canales-de-reconocimiento-facial-smd-plus-proteccion-perimetral-1-sata-de-hasta-16-tb-iotpos-8","status":"publish","type":"product","link":"https:\/\/tecsecmty.com\/index.php\/producto\/dahua-xvr5108he-4kl-i3-dvr-8-canales-4k-wizsense-h-265-8-canales-hdcvi-8-ip-hasta-16-ip-2-canales-de-reconocimiento-facial-smd-plus-proteccion-perimetral-1-sata-de-hasta-16-tb-iotpos-8\/","title":{"rendered":"DAHUA XVR5108HE-4KL-I3 &#8211; DVR 8 Canales 4k\/ WizSense\/ H.265+\/ 8 Canales HDCVI +8 IP\/ Hasta 16 IP\/ 2 Canales de Reconocimiento Facial\/ SMD Plus\/ Protecci\u00f3n Perimetral\/ 1 Sata de Hasta 16 TB\/ IoT&amp;POS\/ 8&amp;3 E&amp;S de Alarma\/"},"content":{"rendered":"<div class=\"row aling-items-center padding-bottom-2x\">\n<div class=\"col-lg-12\">\n<h5 class=\"card-title text-center\">Informaci\u00f3n General<\/h5>\n<p>La nueva serie de grabadores,\u00a0<strong>XVR5108HE-4KL-I3<\/strong>\u00a0con SMD Plus de canal completo m\u00e1x. para beneficiar a los clientes de la actualizaci\u00f3n de IA . Esta serie ha sido desarrollada para reducir las tasas de falsas alarmas y el costo de la vigilancia humana, brindando as\u00ed un gran valor a los clientes que buscan productos con alarma precisa para humanos\/veh\u00edculos para elevar el nivel de seguridad de varias instalaciones interiores y exteriores.<\/p>\n<p><strong>*Las inteligencias se pierden al colocar un canal IP<\/strong><\/p>\n<p><img decoding=\"async\" class=\"overview-center-img-web\" src=\"https:\/\/tvc.mx\/media\/420783\/dvr-8-canales-de-5-megapixeles-wixsense-reconocimiento-facial-smd-plus-XVR5108HE-4KL-I3-dahua.png\" alt=\"\" \/><\/div>\n<\/div>\n<div class=\"row align-items-center padding-bottom-2x\">\n<div class=\"col-md-5\"><img decoding=\"async\" class=\"d-block m-auto img-thumbnail\" src=\"https:\/\/tvc.mx\/media\/420891\/reconocimiento-facial-dahua.png\" alt=\" \" \/><\/div>\n<div class=\"col-md-7 text-md-left text-center\">\n<h2>Reconocimiento facial en tiempo real<\/h2>\n<p class=\"text-muted\">\n<p>Reconocimiento facial en tiempo real de transmisi\u00f3n de video. Funciones de an\u00e1lisis de atributos faciales que incluyen g\u00e9nero, edad, expresi\u00f3n, anteojos, bigote, m\u00e1scara facial. Identificar personas y tambi\u00e9n capturar, grabar rostros con metadatos. Filtrado de caracter\u00edsticas faciales mientras se muestra en tiempo real, solo muestra caras con caracter\u00edsticas objetivo.<\/p>\n<p>&nbsp;<\/p>\n<\/div>\n<\/div>\n<hr class=\"padding-bottom-2x\" \/>\n<div class=\"row align-items-center padding-bottom-2x\">\n<div class=\"col-md-5 order-md-2\"><img decoding=\"async\" class=\"d-block m-auto img-thumbnail\" src=\"https:\/\/tvc.mx\/media\/420899\/proteccion-perimetral-dahua.png\" alt=\" \" \/><\/div>\n<div class=\"col-md-7 order-md-1 text-md-left text-center\">\n<h2>Protecci\u00f3n perimetral<\/h2>\n<p class=\"text-muted\">\n<p>Filtrado autom\u00e1tico de falsas alarmas causadas por animales, hojas susurrantes, luces brillantes, etc. Permite que el sistema act\u00fae como reconocimiento secundario de los objetivos. Mejora de la precisi\u00f3n de las alarmas.<\/p>\n<p>&nbsp;<\/p>\n<\/div>\n<\/div>\n<hr class=\"padding-bottom-2x\" \/>\n<div class=\"row align-items-center padding-bottom-2x\">\n<div class=\"col-md-5\"><img decoding=\"async\" class=\"d-block m-auto img-thumbnail\" src=\"https:\/\/tvc.mx\/media\/420903\/SMD-plus-Dahua.png\" alt=\" \" \/><\/div>\n<div class=\"col-md-7 text-md-left text-center\">\n<h2>SMD Plus<\/h2>\n<p class=\"text-muted\">\n<p>Con un algoritmo inteligente, la tecnolog\u00eda de detecci\u00f3n de movimiento inteligente de Dahua puede categorizar los objetivos que activan la detecci\u00f3n de movimiento y filtrar la alarma de detecci\u00f3n de movimiento activada por objetivos no afectados para generar una alarma efectiva y precisa.<\/p>\n<p>&nbsp;<\/p>\n<\/div>\n<\/div>\n<hr class=\"padding-bottom-2x\" \/>\n<div class=\"row align-items-center padding-bottom-2x\">\n<div class=\"col-md-5 order-md-2\"><img decoding=\"async\" class=\"d-block m-auto img-thumbnail\" src=\"https:\/\/tvc.mx\/media\/420907\/Metadatos-dahua.png\" alt=\" \" \/><\/div>\n<div class=\"col-md-7 order-md-1 text-md-left text-center\">\n<h2>B\u00fasqueda de IA<\/h2>\n<p class=\"text-muted\">\n<p>Admite la b\u00fasqueda de IA por metadatos de diferentes objetivos o la carga de im\u00e1genes de rostros en el dispositivo y la comparaci\u00f3n con rostros grabados por similitud. Permita que los operadores busquen r\u00e1pida y f\u00e1cilmente a trav\u00e9s de m\u00faltiples canales y de larga duraci\u00f3n, averig\u00fcen de manera eficiente cu\u00e1ndo y d\u00f3nde apareci\u00f3 una persona de inter\u00e9s.<\/p>\n<p>&nbsp;<\/p>\n<\/div>\n<\/div>\n<hr class=\"padding-bottom-2x\" \/>\n<div class=\"row align-items-center padding-bottom-2x\">\n<div class=\"col-md-5\"><img decoding=\"async\" class=\"d-block m-auto img-thumbnail\" src=\"https:\/\/tvc.mx\/media\/420911\/tabla-de-compayibilidad-de-HDD-para-equipo-dahua.png\" alt=\" \" \/><\/div>\n<div class=\"col-md-7 text-md-left text-center\">\n<h2>Tabla de compatibilidad HDD<\/h2>\n<p class=\"text-muted\">\n<p>El almacenamiento es parte fundamental de un sistema de videovigilancia por tal motivo te recomendamos revisar nuestra lista de compatibilidad antes de seleccionar un disco duro (HDD).<\/p>\n<p>https:\/\/foro.tvc.mx\/docs\/lista-compatibilidad-hdd<\/p>\n<p>&nbsp;<\/p>\n<\/div>\n<\/div>\n<hr class=\"padding-bottom-2x\" \/>\n<div class=\"row align-items-center padding-bottom-2x\">\n<div class=\"col-md-5 order-md-2\"><img decoding=\"async\" class=\"d-block m-auto img-thumbnail\" src=\"https:\/\/tvc.mx\/media\/420915\/dvr-8-canales-de-5-megapixeles-wixsense-reconocimiento-facial-smd-plus-XVR5108HE-4KL-I3-dahua-caracteristicas.png\" alt=\" \" \/><\/div>\n<div class=\"col-md-7 order-md-1 text-md-left text-center\">\n<h2>Principales Caracter\u00edsticas<\/h2>\n<p class=\"text-muted\">\n<ul>\n<li>Funcionamiento con los dispositivos Dahua que operan seg\u00fan el concepto de Internet de las cosas (IoT),<\/li>\n<li>POS &#8211; soporta los dispositivos instalados en los puntos de venta y muestra los datos de ellos como texto superpuesto en una ventana seleccionada del canal,<\/li>\n<li>SMD PLUS &#8211; b\u00fasqueda de un objeto clasificado como: persona, veh\u00edculo de motor,<\/li>\n<li>Soporte para Coax Audio\/Alarm,<\/li>\n<li>An\u00e1lisis Inteligente de la Imagen :\u00a0cruzamiento de la l\u00ednea (cable trampa), cruzamiento de la l\u00ednea (cable trampa),\u00a0objeto abandonado\/falta de objeto, clasificaci\u00f3n de personas y veh\u00edculos<\/li>\n<li>funciones avanzadas de reconocimiento y b\u00fasqueda de rostros y veh\u00edculos<\/li>\n<li>Soporte para hasta 10 bases de datos de rostros, incluidas 20 000 im\u00e1genes de rostros<\/li>\n<li>Detecci\u00f3n de rostros que no est\u00e1n presentes en la base de datos del dispositivo<\/li>\n<li>B\u00fasqueda de rostros en grabaciones basada en max 8 fotos seleccionadas, con posibilidad de ajustar de forma independiente el umbral de similitud para cada foto<\/li>\n<\/ul>\n<p>&nbsp;<\/p>\n<\/div>\n<\/div>\n<hr class=\"padding-bottom-2x\" \/>\n<div class=\"row align-items-center padding-bottom-2x\">\n<div class=\"col-md-5\"><img decoding=\"async\" class=\"d-block m-auto img-thumbnail\" src=\"https:\/\/tvc.mx\/media\/420947\/dvr-8-canales-de-5-megapixeles-wixsense-reconocimiento-facial-smd-plus-XVR5108HE-4KL-I3-dahua-especificaciones.png\" alt=\" \" \/><\/div>\n<div class=\"col-md-7 text-md-left text-center\">\n<h2>Especificaciones<\/h2>\n<p class=\"text-muted\">\n<ul>\n<li>Est\u00e1ndar: AHD,\u00a0HD-CVI,\u00a0HD-TVI,\u00a0CVBS,\u00a0TCP\/IP<\/li>\n<li>Entradas de v\u00eddeo:8\u00a0uds.\u00a0BNC<\/li>\n<li>Salidas de v\u00eddeo:1\u00a0uds. HDMI 4K; 1\u00a0uds.\u00a0VGA<\/li>\n<li>Entradas de audio: 8\u00a0uds. &#8211;\u00a0CINCH; 8\u00a0&#8211; Soporte para audio a trav\u00e9s del cable coaxial, s\u00f3lo HD-CVI<\/li>\n<li>Salidas de audio:1\u00a0uds.\u00a0CINCH<\/li>\n<li>M\u00e9todo de compresi\u00f3n de im\u00e1genes: AI Coding \/ H.265+ \/\u00a0H.265\u00a0\/ H.264+ \/\u00a0H.264<\/li>\n<li>Modos de funcionamiento:8 x\u00a0\u00a0AHD\u00a0\/\u00a0HD-CVI\u00a0\/\u00a0HD-TVI\u00a0\/\u00a0CVBS\u00a0\/ IP + 8 x\u00a0IP<\/li>\n<li>Modos de grabaci\u00f3n: Manual, alarma, detecci\u00f3n de movimiento, horario<\/li>\n<li>Discos duros compatibles:1\u00a0x 16\u00a0TB\u00a0SATA<\/li>\n<li>Almacenamiento de la copia de seguridad en dispositivos externos: Guarda fotogramas individuales o grabaciones enteras del archivo en la unidad USB<\/li>\n<li>B\u00fasqueda de grabaciones por tiempo + l\u00ednea de tiempo con el tipo de grabaci\u00f3n. Reproducci\u00f3n: hacia adelante, modo r\u00e1pido, modo lento, por pasos<\/li>\n<li>B\u00fasqueda avanzada (con la precisi\u00f3n de un segundo)<\/li>\n<li>B\u00fasqueda inteligente de rostros IA &#8211; b\u00fasqueda simult\u00e1nea en el archivo de grabaciones de rostros, basada en max 8 fotos teniendo en cuenta el umbral de similitud (para cada foto por separado)<\/li>\n<li>1\u00a0uds.\u00a0USB 2.0<\/li>\n<li>1\u00a0uds.\u00a0USB 3.0<\/li>\n<li>Alimentaci\u00f3n:12\u00a0V\u00a0DC\u00a0\/ 2\u00a0A<\/li>\n<\/ul>\n<\/div>\n<\/div>\n","protected":false},"excerpt":{"rendered":"<p>Informaci\u00f3n General La nueva serie de grabadores,\u00a0XVR5108HE-4KL-I3\u00a0con SMD Plus de canal completo m\u00e1x. para beneficiar a los clientes de la actualizaci\u00f3n de IA . Esta serie ha sido desarrollada para reducir las tasas de falsas alarmas y el costo de la vigilancia humana, brindando as\u00ed&hellip;<\/p>\n","protected":false},"featured_media":2885,"comment_status":"open","ping_status":"closed","template":"","meta":{"om_disable_all_campaigns":false,"_monsterinsights_skip_tracking":false,"_monsterinsights_sitenote_active":false,"_monsterinsights_sitenote_note":"","_monsterinsights_sitenote_category":0},"product_brand":[],"product_cat":[175],"product_tag":[66,58,172,173],"class_list":{"0":"post-2886","1":"product","2":"type-product","3":"status-publish","4":"has-post-thumbnail","6":"product_cat-dvrs-hd-8-canales","7":"product_tag-dahua","8":"product_tag-dvr","9":"product_tag-dvr-dahua","10":"product_tag-videgrabadora-de-camaras","12":"first","13":"instock","14":"sale","15":"taxable","16":"shipping-taxable","17":"purchasable","18":"product-type-simple"},"aioseo_notices":[],"_links":{"self":[{"href":"https:\/\/tecsecmty.com\/index.php\/wp-json\/wp\/v2\/product\/2886","targetHints":{"allow":["GET"]}}],"collection":[{"href":"https:\/\/tecsecmty.com\/index.php\/wp-json\/wp\/v2\/product"}],"about":[{"href":"https:\/\/tecsecmty.com\/index.php\/wp-json\/wp\/v2\/types\/product"}],"replies":[{"embeddable":true,"href":"https:\/\/tecsecmty.com\/index.php\/wp-json\/wp\/v2\/comments?post=2886"}],"version-history":[{"count":0,"href":"https:\/\/tecsecmty.com\/index.php\/wp-json\/wp\/v2\/product\/2886\/revisions"}],"wp:featuredmedia":[{"embeddable":true,"href":"https:\/\/tecsecmty.com\/index.php\/wp-json\/wp\/v2\/media\/2885"}],"wp:attachment":[{"href":"https:\/\/tecsecmty.com\/index.php\/wp-json\/wp\/v2\/media?parent=2886"}],"wp:term":[{"taxonomy":"product_brand","embeddable":true,"href":"https:\/\/tecsecmty.com\/index.php\/wp-json\/wp\/v2\/product_brand?post=2886"},{"taxonomy":"product_cat","embeddable":true,"href":"https:\/\/tecsecmty.com\/index.php\/wp-json\/wp\/v2\/product_cat?post=2886"},{"taxonomy":"product_tag","embeddable":true,"href":"https:\/\/tecsecmty.com\/index.php\/wp-json\/wp\/v2\/product_tag?post=2886"}],"curies":[{"name":"wp","href":"https:\/\/api.w.org\/{rel}","templated":true}]}}