{"id":2888,"date":"2023-02-22T22:01:24","date_gmt":"2023-02-23T04:01:24","guid":{"rendered":"https:\/\/tecsecmty.com\/index.php\/producto\/dahua-xvr5108he-i2-i3-dvr-de-8-canales-5-megapixeles-lite-wizsense-h-265-8-canales-hdcvi4-ip-hasta-12-ch-ip-1-canal-de-reconocimiento-facial-smd-plus-1-ch-proteccion-perimetral-1-sata-8\/"},"modified":"2023-03-09T11:56:42","modified_gmt":"2023-03-09T17:56:42","slug":"dahua-xvr5108he-i2-i3-dvr-de-8-canales-5-megapixeles-lite-wizsense-h-265-8-canales-hdcvi4-ip-hasta-12-ch-ip-1-canal-de-reconocimiento-facial-smd-plus-1-ch-proteccion-perimetral-1-sata-8","status":"publish","type":"product","link":"https:\/\/tecsecmty.com\/index.php\/producto\/dahua-xvr5108he-i2-i3-dvr-de-8-canales-5-megapixeles-lite-wizsense-h-265-8-canales-hdcvi4-ip-hasta-12-ch-ip-1-canal-de-reconocimiento-facial-smd-plus-1-ch-proteccion-perimetral-1-sata-8\/","title":{"rendered":"DAHUA XVR5108HE-I2 (I3) &#8211; DVR de 8 Canales 5 Megapixeles Lite\/ WizSense\/ H.265+\/ 8 Canales HDCVI+4 IP\/ Hasta 12 Ch IP\/ 1 Canal de Reconocimiento Facial\/ SMD Plus\/ 1 Ch Proteccion Perimetral\/ 1 Sata\/ 8&amp;3 E&amp;S de Alarma\/ 8 Entradas de Audio\/ IoT&amp;POS"},"content":{"rendered":"<div class=\"row aling-items-center padding-bottom-2x\">\n<div class=\"col-lg-12\">\n<h5 class=\"card-title text-center\">Informaci\u00f3n general<\/h5>\n<p><strong>WizSense<\/strong>\u00a0es una serie de productos y soluciones con\u00a0<strong>IA<\/strong>\u00a0que adoptan un chip de\u00a0<strong>inteligencia artificial<\/strong>\u00a0independiente que trabaja junto a un\u00a0<strong>algoritmo de aprendizaje profundo<\/strong>. Se centra en personas y veh\u00edculos logrando una\u00a0<strong>alta precisi\u00f3n<\/strong>\u00a0que permite a los usuarios actuar r\u00e1pidamente sobre objetivos definidos.<\/p>\n<h6>Nota: Toda inteligencia se anula al a\u00f1adir c\u00e1maras IP ( Reconocimiento Facial,, IVS)<\/h6>\n<p><img decoding=\"async\" class=\"overview-center-img-web\" src=\"https:\/\/tvc.mx\/media\/295267\/Grabador-de-video-analogo-DVR-XVR-IA-inteligencia-artificial-reconocimiento-de-rostro-SMD-plus-proteccion-perimetral-DAHUA.png\" alt=\"\" \/><\/div>\n<\/div>\n<div class=\"row aling-items-center padding-bottom-2x\">\n<div class=\"col-lg-12\">\n<h5 class=\"card-title text-center\">Reconocimiento facial<\/h5>\n<p>La tecnolog\u00eda que anteriormente era exclusiva de las soluciones IP llega a los equipos anal\u00f3gicos de alta definici\u00f3n. El\u00a0<strong>reconocimiento facial sobre el streaming de video<\/strong>\u00a0nos permite obtener\u00a0<strong>metadatos del rostro<\/strong>\u00a0como lo son el g\u00e9nero, edad aproximada, expresi\u00f3n, gafas, barba, cubrebocas.<\/p>\n<p>Para la creaci\u00f3n de bases de datos se requiere un disco duro instalado. El XVR usar\u00e1 una partici\u00f3n del disco para el almacenamiento de las bases de datos, se requiere el formateo del disco al instalar para el correcto funcionamiento del reconocimiento facial..<\/p>\n<p><img decoding=\"async\" class=\"overview-center-img-web\" src=\"https:\/\/tvc.mx\/media\/345303\/Reconocimiento-Facial-banner.png\" alt=\"\" \/><\/div>\n<\/div>\n<div class=\"row aling-items-center padding-bottom-2x\">\n<div class=\"col-lg-12\">\n<h5 class=\"card-title text-center\">Protecci\u00f3n perimetral<\/h5>\n<p>El\u00a0<strong>XVR5104HE-I2<\/strong>\u00a0cuenta con\u00a0<strong>anal\u00edticos inteligentes<\/strong>\u00a0como el\u00a0<strong>tripwire e intrusi\u00f3n<\/strong>\u00a0que permiten mantener \u00e1reas resguardadas; potenciados con su chip y algoritmo de aprendizaje profundo generan un alto grado de precisi\u00f3n<\/p>\n<p><img decoding=\"async\" class=\"overview-center-img-web\" src=\"https:\/\/tvc.mx\/media\/345311\/PROTECCION-PERIMETRAL-B.png\" alt=\"\" \/><\/div>\n<\/div>\n<div class=\"row aling-items-center padding-bottom-2x\">\n<div class=\"col-lg-12\">\n<h5 class=\"card-title text-center\">H.265+<\/h5>\n<p class=\"ql-align-justify\">Dahua ha optimizado H.265 con su c\u00f3dec Smart H.265 +, proporcionando hasta 80% de ahorro de ancho de banda y almacenamiento sobre el est\u00e1ndar H.264. Cuatro tecnolog\u00edas innovadoras trabajan en conjunto para hacer que Smart H.265 + sea tan potente<\/p>\n<p class=\"ql-align-justify\"><strong>\u00bfC\u00f3mo?<\/strong><\/p>\n<p class=\"ql-align-justify\">H.265 + toma una imagen de un entorno estable, lo utiliza como marco de fondo y se centra s\u00f3lo en los objetos en movimiento. Cuando hay una interrupci\u00f3n en el \u00e1rea de vigilancia, H265 + toma la imagen del objeto en movimiento y lo utiliza como marco de referencia. Si el objeto sigue movi\u00e9ndose, el sistema s\u00f3lo agrega datos de objetos en movimiento.<\/p>\n<p><img decoding=\"async\" class=\"overview-center-img-web\" src=\"https:\/\/tvc.mx\/media\/345315\/DAHUA-CAMARA-VIDEO-VIGILANCIA-IP-4MP-INTELIGENCIA-ARTIFICIAL-ANTI-VANDALICA-COMPRESION-%281%29.png\" alt=\"\" \/><\/div>\n<\/div>\n<div class=\"row aling-items-center padding-bottom-2x\">\n<div class=\"col-lg-12\">\n<h5 class=\"card-title text-center\">Tabla de compatibilidad HDD<\/h5>\n<p>El almacenamiento es parte fundamental de un sistema de videovigilancia por tal motivo te recomendamos revisar nuestra lista de compatibilidad antes de seleccionar un disco duro (HDD).<\/p>\n<p>https:\/\/foro.tvc.mx\/docs\/lista-compatibilidad-hdd<\/p>\n<p><img decoding=\"async\" class=\"overview-center-img-web\" src=\"https:\/\/tvc.mx\/media\/292495\/DAHUA-tabla-de-compatibilidad-hdd-overview-grabadores-min-%281%29.png\" alt=\"\" \/><\/div>\n<\/div>\n<div class=\"row aling-items-center padding-bottom-2x\">\n<div class=\"col-lg-12\">\n<h5 class=\"card-title text-center\">Principales Caracter\u00edsticas<\/h5>\n<ul>\n<li>SMD 8 canales.<\/li>\n<li>Reconocimiento facial en 1 canal.<\/li>\n<li>Protecci\u00f3n perimetral en 1 canal.<\/li>\n<li>M\u00e1ximo 8 capturas de rostro por segundo.<\/li>\n<li>M\u00e1ximo 10 bases de datos. 10,000 rostros en total.<\/li>\n<li>HDCVI 5MP, 4MP, 1080P@25\/30fps, 720P@50\/60fps,<\/li>\n<li>720P@25\/30fps.<\/li>\n<li>AHD 5MP, 4MP, 3MP, 1080P@25\/30, 720P@25\/30fps.<\/li>\n<li>TVI 5MP, 4MP, 3MP, 1080P@25\/30, 720P@25\/30fps.<\/li>\n<li>CVBS PAL\/NTSC.<\/li>\n<li>Canales IP 8+4 hasta 6MP.<\/li>\n<li>Audio 8 \/ 1 RCA.<\/li>\n<li>Alarma 8 entradas \/ 3 salidas<\/li>\n<li>Puerto RJ45 (100MB).<\/li>\n<li>M\u00e1ximo 128 usuarios.<\/li>\n<li>ONVIF 16.12, CGI Conformant.<\/li>\n<li>1 SATA hasta 10TB.<\/li>\n<li>DC 12V cc 2 A.<\/li>\n<li>Consumo &lt;7w.<\/li>\n<\/ul>\n<p><strong>INCLUYE:<\/strong><\/p>\n<p>-Fuente 12v \/ 2A<\/p>\n<p>-Tornillos para montaje de HDD<\/p>\n<p>-Mouse<\/p>\n<p>-Cable SATA<\/p>\n<p><img decoding=\"async\" class=\"overview-center-img-web\" src=\"https:\/\/tvc.mx\/media\/345319\/principalcaracimg-pal.png\" alt=\"\" \/><\/div>\n<\/div>\n","protected":false},"excerpt":{"rendered":"<p>Informaci\u00f3n general WizSense\u00a0es una serie de productos y soluciones con\u00a0IA\u00a0que adoptan un chip de\u00a0inteligencia artificial\u00a0independiente que trabaja junto a un\u00a0algoritmo de aprendizaje profundo. Se centra en personas y veh\u00edculos logrando una\u00a0alta precisi\u00f3n\u00a0que permite a los usuarios actuar r\u00e1pidamente sobre objetivos definidos. Nota: Toda inteligencia se&hellip;<\/p>\n","protected":false},"featured_media":2887,"comment_status":"open","ping_status":"closed","template":"","meta":{"om_disable_all_campaigns":false,"_monsterinsights_skip_tracking":false,"_monsterinsights_sitenote_active":false,"_monsterinsights_sitenote_note":"","_monsterinsights_sitenote_category":0},"product_brand":[],"product_cat":[175],"product_tag":[66,58,172,173],"class_list":{"0":"post-2888","1":"product","2":"type-product","3":"status-publish","4":"has-post-thumbnail","6":"product_cat-dvrs-hd-8-canales","7":"product_tag-dahua","8":"product_tag-dvr","9":"product_tag-dvr-dahua","10":"product_tag-videgrabadora-de-camaras","12":"first","13":"instock","14":"sale","15":"taxable","16":"shipping-taxable","17":"purchasable","18":"product-type-simple"},"aioseo_notices":[],"_links":{"self":[{"href":"https:\/\/tecsecmty.com\/index.php\/wp-json\/wp\/v2\/product\/2888","targetHints":{"allow":["GET"]}}],"collection":[{"href":"https:\/\/tecsecmty.com\/index.php\/wp-json\/wp\/v2\/product"}],"about":[{"href":"https:\/\/tecsecmty.com\/index.php\/wp-json\/wp\/v2\/types\/product"}],"replies":[{"embeddable":true,"href":"https:\/\/tecsecmty.com\/index.php\/wp-json\/wp\/v2\/comments?post=2888"}],"version-history":[{"count":0,"href":"https:\/\/tecsecmty.com\/index.php\/wp-json\/wp\/v2\/product\/2888\/revisions"}],"wp:featuredmedia":[{"embeddable":true,"href":"https:\/\/tecsecmty.com\/index.php\/wp-json\/wp\/v2\/media\/2887"}],"wp:attachment":[{"href":"https:\/\/tecsecmty.com\/index.php\/wp-json\/wp\/v2\/media?parent=2888"}],"wp:term":[{"taxonomy":"product_brand","embeddable":true,"href":"https:\/\/tecsecmty.com\/index.php\/wp-json\/wp\/v2\/product_brand?post=2888"},{"taxonomy":"product_cat","embeddable":true,"href":"https:\/\/tecsecmty.com\/index.php\/wp-json\/wp\/v2\/product_cat?post=2888"},{"taxonomy":"product_tag","embeddable":true,"href":"https:\/\/tecsecmty.com\/index.php\/wp-json\/wp\/v2\/product_tag?post=2888"}],"curies":[{"name":"wp","href":"https:\/\/api.w.org\/{rel}","templated":true}]}}