{"id":2890,"date":"2023-02-22T22:01:25","date_gmt":"2023-02-23T04:01:25","guid":{"rendered":"https:\/\/tecsecmty.com\/index.php\/producto\/dahua-xvr5108he-i3-dvr-de-8-canales-5-megapixeles-lite-wizsense-h-265-8-canales-4-ip-hasta-12-ch-ip-1-canal-de-reconocimiento-facial-smd-plus-proteccion-perimetral-1-puerto-sata-83-es-d\/"},"modified":"2023-03-22T23:23:12","modified_gmt":"2023-03-23T05:23:12","slug":"dahua-xvr5108he-i3-dvr-de-8-canales-5-megapixeles-lite-wizsense-h-265-8-canales-4-ip-hasta-12-ch-ip-1-canal-de-reconocimiento-facial-smd-plus-proteccion-perimetral-1-puerto-sata-83-es-d","status":"publish","type":"product","link":"https:\/\/tecsecmty.com\/index.php\/producto\/dahua-xvr5108he-i3-dvr-de-8-canales-5-megapixeles-lite-wizsense-h-265-8-canales-4-ip-hasta-12-ch-ip-1-canal-de-reconocimiento-facial-smd-plus-proteccion-perimetral-1-puerto-sata-83-es-d\/","title":{"rendered":"DAHUA XVR5108HE-I3 &#8211; DVR de 8 Canales 5 Megapixeles Lite\/ WizSense\/ H.265+\/ 8 Canales +4 IP\/ Hasta 12 Ch IP\/ 1 Canal de Reconocimiento Facial\/ SMD Plus\/ Protecci\u00f3n Perimetral\/ 1 Puerto SATA\/ 8&amp;3 E&amp;S de Alarmas\/ 8 Entradas de Audio\/ IoT&amp;POS\/ #PromoWD"},"content":{"rendered":"<div class=\"row aling-items-center padding-bottom-2x\">\n<div class=\"col-lg-12\">\n<h5 class=\"card-title text-center\">Informaci\u00f3n General<\/h5>\n<p><strong>XVR5108HE-I3<\/strong>\u00a0con SMD Plus de canal completo (excepto para dispositivos de 32 canales) para beneficiar a los clientes con la actualizaci\u00f3n de IA. La serie est\u00e1 dise\u00f1ada para reducir las tasas de falsas alarmas y los costos de vigilancia humana, lo que brinda un gran valor a los clientes que buscan productos con alarmas precisas para humanos\/veh\u00edculos para elevar el nivel de seguridad de varias instalaciones interiores y exteriores.<\/p>\n<p><strong>*Las inteligencias se pierden al colocar un canal IP<\/strong><\/p>\n<p><img decoding=\"async\" class=\"overview-center-img-web\" src=\"https:\/\/tvc.mx\/media\/440891\/DVR--de--8--canales--5--megapixeles--lite--wizsense--SMD---plus-XVR5108HE-I3-Dahua-b.png\" alt=\"\" \/><\/div>\n<\/div>\n<div class=\"row align-items-center padding-bottom-2x\">\n<div class=\"col-md-5\"><img decoding=\"async\" class=\"d-block m-auto img-thumbnail\" src=\"https:\/\/tvc.mx\/media\/381755\/proteccion-perimetral-dahua.png\" alt=\" \" \/><\/div>\n<div class=\"col-md-7 text-md-left text-center\">\n<h2>Protecci\u00f3n perimetral<\/h2>\n<p class=\"text-muted\">\n<p>Filtrado autom\u00e1tico de falsas alarmas causadas por animales, hojas susurrantes, luces brillantes, etc. Permite que el sistema act\u00fae como reconocimiento secundario de los objetivos. Mejora de la precisi\u00f3n de las alarmas.<\/p>\n<p><strong>* La protecci\u00f3n perimetral entra en vigor cuando se selecciona IVS&amp;SMD en modo AI.<\/strong><\/p>\n<p>&nbsp;<\/p>\n<\/div>\n<\/div>\n<hr class=\"padding-bottom-2x\" \/>\n<div class=\"row align-items-center padding-bottom-2x\">\n<div class=\"col-md-5 order-md-2\"><img decoding=\"async\" class=\"d-block m-auto img-thumbnail\" src=\"https:\/\/tvc.mx\/media\/381759\/SMD-plus-Dahua.png\" alt=\" \" \/><\/div>\n<div class=\"col-md-7 order-md-1 text-md-left text-center\">\n<h2>SMD Plus<\/h2>\n<p class=\"text-muted\">\n<p>SMD Plus, conocido como Smart Motion Detection Plus, que es una versi\u00f3n mejorada de SMD que mejora en gran medida la precisi\u00f3n de la alarma al cargar un algoritmo de aprendizaje profundo. Analiza formas de personas y veh\u00edculos. Basado en la detecci\u00f3n de movimiento y env\u00eda alarmas solo cuando la persona y el veh\u00edculo se entrometen.<\/p>\n<p><strong>* SMD Plus surte efecto cuando se selecciona SMD o IVS&amp;SMD en modo AI.<\/strong><\/p>\n<p>&nbsp;<\/p>\n<\/div>\n<\/div>\n<hr class=\"padding-bottom-2x\" \/>\n<div class=\"row align-items-center padding-bottom-2x\">\n<div class=\"col-md-5\"><img decoding=\"async\" class=\"d-block m-auto img-thumbnail\" src=\"https:\/\/tvc.mx\/media\/381763\/codificacion-h.265-dahua.png\" alt=\" \" \/><\/div>\n<div class=\"col-md-7 text-md-left text-center\">\n<h2>Smart Codec H.265+<\/h2>\n<p class=\"text-muted\">\n<p>Smart Codec, H.265+ puede reducir hasta un 90 % la tasa de bits y los requisitos de almacenamiento en comparaci\u00f3n con H.264 sin tener que invertir en nuevas c\u00e1maras.<\/p>\n<p>&nbsp;<\/p>\n<\/div>\n<\/div>\n<hr class=\"padding-bottom-2x\" \/>\n<div class=\"row align-items-center padding-bottom-2x\">\n<div class=\"col-md-5 order-md-2\"><img decoding=\"async\" class=\"d-block m-auto img-thumbnail\" src=\"https:\/\/tvc.mx\/media\/381767\/Multiformatos-dahua.png\" alt=\" \" \/><\/div>\n<div class=\"col-md-7 order-md-1 text-md-left text-center\">\n<h2>Detecci\u00f3n autom\u00e1tica HDCVI\/AHD\/TVI\/CVBS<\/h2>\n<p class=\"text-muted\">\n<p>El XVR puede reconocer autom\u00e1ticamente la se\u00f1al de la c\u00e1mara frontal sin ning\u00fan Funciones ajuste. Hace que la operaci\u00f3n sea m\u00e1s amigable y conveniente.<\/p>\n<p>&nbsp;<\/p>\n<\/div>\n<\/div>\n<hr class=\"padding-bottom-2x\" \/>\n<div class=\"row align-items-center padding-bottom-2x\">\n<div class=\"col-md-5\"><img decoding=\"async\" class=\"d-block m-auto img-thumbnail\" src=\"https:\/\/tvc.mx\/media\/381771\/tabla-de-compayibilidad-de-HDD-para-equipo-dahua.png\" alt=\" \" \/><\/div>\n<div class=\"col-md-7 text-md-left text-center\">\n<h2>Tabla de compatibilidad HDD<\/h2>\n<p class=\"text-muted\">\n<p>El almacenamiento es parte fundamental de un sistema de videovigilancia por tal motivo te recomendamos revisar nuestra lista de compatibilidad antes de seleccionar un disco duro (HDD).<\/p>\n<p>https:\/\/foro.tvc.mx\/docs\/lista-compatibilidad-hdd<\/p>\n<p>&nbsp;<\/p>\n<\/div>\n<\/div>\n<hr class=\"padding-bottom-2x\" \/>\n<div class=\"row align-items-center padding-bottom-2x\">\n<div class=\"col-md-5 order-md-2\"><img decoding=\"async\" class=\"d-block m-auto img-thumbnail\" src=\"https:\/\/tvc.mx\/media\/381775\/arquitectura.png\" alt=\" \" \/><\/div>\n<div class=\"col-md-7 order-md-1 text-md-left text-center\">\n<h2>Principales Caracter\u00edsticas<\/h2>\n<p class=\"text-muted\">\n<p>\u00b7 Compresi\u00f3n de video de flujo dual H.265+\/H.265<\/p>\n<p>\u00b7 Admite codificaci\u00f3n AI de canal completo<\/p>\n<p>\u00b7 Admite entradas de video HDCVI\/AHD\/TVI\/CVBS\/IP<\/p>\n<p>\u00b7 Transmisi\u00f3n de video de hasta 1 canal (canal anal\u00f3gico) Protecci\u00f3n perimetral<\/p>\n<p>\u00b7 Transmisi\u00f3n de video de hasta 8 canales (canal anal\u00f3gico) SMD Plus<\/p>\n<p>\u00b7 Transmisi\u00f3n de video de hasta 1 canal (canal anal\u00f3gico) reconocimiento de rostro humano<\/p>\n<p>\u00b7 Funcionalidades IoT y POS<\/p>\n<p>&nbsp;<\/p>\n<\/div>\n<\/div>\n<hr class=\"padding-bottom-2x\" \/>\n<div class=\"row align-items-center padding-bottom-2x\">\n<div class=\"col-md-5\"><img decoding=\"async\" class=\"d-block m-auto img-thumbnail\" src=\"https:\/\/tvc.mx\/media\/376111\/DVR--de--8--canales--5--megapixeles--lite--wizsense--SMD---plus-XVR5108HE-I3-Dahua-especificaciones.png\" alt=\" \" \/><\/div>\n<div class=\"col-md-7 text-md-left text-center\">\n<h2>Especificaciones<\/h2>\n<p class=\"text-muted\">\n<ul>\n<li>Procesador principal Procesador integrado<\/li>\n<li>Sistema operativo linux integrado<\/li>\n<li>1 canal, 10 IVS para cada canal<\/li>\n<li>Claasificaci\u00f3n: Reconocimiento secundario humano\/veh\u00edculo para trampa e intrusi\u00f3n<\/li>\n<li>B\u00fasqueda de IA: B\u00fasqueda por clasificaci\u00f3n de objetivo (humano, veh\u00edculo)<\/li>\n<li>Procesamiento m\u00e1ximo de 8 im\u00e1genes faciales\/seg<\/li>\n<li>Hasta 10 bases de datos de rostros con 10 000 im\u00e1genes de rostros en total. Se puede agregar nombre, g\u00e9nero, cumplea\u00f1os, direcci\u00f3n, tipo de certificado, n\u00famero de certificado, pa\u00edses y regiones y estado a cada imagen de rostro<\/li>\n<li>Entrada de c\u00e1mara anal\u00f3gica: 8 canales, BNC<\/li>\n<li>Entrada de alarma 8<\/li>\n<li>1 puerto SATA, hasta 10 TB de capacidad<\/li>\n<li>Salida de rel\u00e9 3<\/li>\n<li>2 puertos USB (USB 2.0)<\/li>\n<li>1 puerto, para control PTZ<\/li>\n<li>Fuente de alimentaci\u00f3n CC 12V\/2A<\/li>\n<li>El consumo de energ\u00eda Intervalo de registro &lt; 7W<\/li>\n<\/ul>\n<\/div>\n<\/div>\n","protected":false},"excerpt":{"rendered":"<p>Informaci\u00f3n General XVR5108HE-I3\u00a0con SMD Plus de canal completo (excepto para dispositivos de 32 canales) para beneficiar a los clientes con la actualizaci\u00f3n de IA. La serie est\u00e1 dise\u00f1ada para reducir las tasas de falsas alarmas y los costos de vigilancia humana, lo que brinda un&hellip;<\/p>\n","protected":false},"featured_media":2889,"comment_status":"open","ping_status":"closed","template":"","meta":{"om_disable_all_campaigns":false,"_monsterinsights_skip_tracking":false,"_monsterinsights_sitenote_active":false,"_monsterinsights_sitenote_note":"","_monsterinsights_sitenote_category":0},"product_brand":[],"product_cat":[175],"product_tag":[66,58,172,173],"class_list":{"0":"post-2890","1":"product","2":"type-product","3":"status-publish","4":"has-post-thumbnail","6":"product_cat-dvrs-hd-8-canales","7":"product_tag-dahua","8":"product_tag-dvr","9":"product_tag-dvr-dahua","10":"product_tag-videgrabadora-de-camaras","12":"first","13":"instock","14":"sale","15":"taxable","16":"shipping-taxable","17":"purchasable","18":"product-type-simple"},"aioseo_notices":[],"_links":{"self":[{"href":"https:\/\/tecsecmty.com\/index.php\/wp-json\/wp\/v2\/product\/2890","targetHints":{"allow":["GET"]}}],"collection":[{"href":"https:\/\/tecsecmty.com\/index.php\/wp-json\/wp\/v2\/product"}],"about":[{"href":"https:\/\/tecsecmty.com\/index.php\/wp-json\/wp\/v2\/types\/product"}],"replies":[{"embeddable":true,"href":"https:\/\/tecsecmty.com\/index.php\/wp-json\/wp\/v2\/comments?post=2890"}],"version-history":[{"count":0,"href":"https:\/\/tecsecmty.com\/index.php\/wp-json\/wp\/v2\/product\/2890\/revisions"}],"wp:featuredmedia":[{"embeddable":true,"href":"https:\/\/tecsecmty.com\/index.php\/wp-json\/wp\/v2\/media\/2889"}],"wp:attachment":[{"href":"https:\/\/tecsecmty.com\/index.php\/wp-json\/wp\/v2\/media?parent=2890"}],"wp:term":[{"taxonomy":"product_brand","embeddable":true,"href":"https:\/\/tecsecmty.com\/index.php\/wp-json\/wp\/v2\/product_brand?post=2890"},{"taxonomy":"product_cat","embeddable":true,"href":"https:\/\/tecsecmty.com\/index.php\/wp-json\/wp\/v2\/product_cat?post=2890"},{"taxonomy":"product_tag","embeddable":true,"href":"https:\/\/tecsecmty.com\/index.php\/wp-json\/wp\/v2\/product_tag?post=2890"}],"curies":[{"name":"wp","href":"https:\/\/api.w.org\/{rel}","templated":true}]}}