{"id":2896,"date":"2023-02-22T22:01:31","date_gmt":"2023-02-23T04:01:31","guid":{"rendered":"https:\/\/tecsecmty.com\/index.php\/producto\/dahua-xvr8208a-4k-i-dvr-de-8-canales-4k-wizmind-soporta-4-canales-de-reconocimiento-facial-4-canales-de-metadatos-h-265-hasta-64-canales-ip-20-bases-de-datos-soporta-camaras-con-ia-163-es\/"},"modified":"2023-03-22T23:23:13","modified_gmt":"2023-03-23T05:23:13","slug":"dahua-xvr8208a-4k-i-dvr-de-8-canales-4k-wizmind-soporta-4-canales-de-reconocimiento-facial-4-canales-de-metadatos-h-265-hasta-64-canales-ip-20-bases-de-datos-soporta-camaras-con-ia-163-es","status":"publish","type":"product","link":"https:\/\/tecsecmty.com\/index.php\/producto\/dahua-xvr8208a-4k-i-dvr-de-8-canales-4k-wizmind-soporta-4-canales-de-reconocimiento-facial-4-canales-de-metadatos-h-265-hasta-64-canales-ip-20-bases-de-datos-soporta-camaras-con-ia-163-es\/","title":{"rendered":"DAHUA XVR8208A-4K-I &#8211; DVR de 8 Canales 4K\/ WizMind\/ Soporta 4 Canales de Reconocimiento Facial\/ 4 Canales de Metadatos\/ H.265+\/ Hasta 64 Canales IP\/ 20 Bases de Datos\/ Soporta Camaras con IA\/ 16&amp;3 E&amp;S de Alarma\/ 2 Puertos Sata\/"},"content":{"rendered":"<div class=\"row aling-items-center padding-bottom-2x\">\n<div class=\"col-lg-12\">\n<h5 class=\"card-title text-center\">Informaci\u00f3n general.<\/h5>\n<p class=\"ql-align-justify\">El modelo\u00a0XVR8208A4KI es un DVR pentah\u00edbrido, es decir, soporta 5 tecnolog\u00edas diferentes: CVBS, AHD, HDCVI, TVI e IP. Este equipo cuenta con 8 canales HDCVI hasta\u00a0<strong>4K<\/strong>, 2 salidas de video HDMI de las cuales una de ellas soporta una salida 4K, soporta funciones\u00a0<strong>IVS\u00a0<\/strong>y\u00a0<strong>dewarping\u00a0<\/strong>para c\u00e1mara fisheye. Adem\u00e1s soporta 64 canales IP de hasta 12mp adicionales a los 8 canales HDCVI y\u00a0<strong>reconocimiento facial<\/strong>\u00a0hasta en 4 canales.<\/p>\n<p class=\"ql-align-justify\"><strong>Nota:<\/strong>\u00a01.- Esta versi\u00f3n no transmite la se\u00f1al de audio a trav\u00e9s del mismo cable de video.<\/p>\n<p class=\"ql-align-justify\">\u00a0\u00a0\u00a0\u00a0\u00a02.- Por seguridad es obligatorio cambiar la contrase\u00f1a de fabrica del dispositivo.<\/p>\n<p><img decoding=\"async\" class=\"overview-center-img-web\" src=\"https:\/\/tvc.mx\/media\/32062\/OVERVIEW-1-1.jpg\" alt=\"\" \/><\/div>\n<\/div>\n<div class=\"row aling-items-center padding-bottom-2x\">\n<div class=\"col-lg-12\">\n<h5 class=\"card-title text-center\">Inteligencia artificial.<\/h5>\n<p>El\u00a0<strong>XVR8208A\u00a0<\/strong>adopta tecnolog\u00eda de estructuraci\u00f3n de im\u00e1genes de video basada en aprendizaje profundo algoritmos, logrando reconocimiento de rostro humano de alta precisi\u00f3n, per\u00edmetro protecci\u00f3n y\u00a0<strong>metadatos<\/strong>. Al aplicar la inteligencia artificial de aprendizaje profundo, permite a los usuarios centrarse en lo que m\u00e1s importa.<\/p>\n<p><img decoding=\"async\" class=\"overview-center-img-web\" src=\"https:\/\/tvc.mx\/media\/32067\/Sin-t%C3%ADtulo-1.jpg\" alt=\"\" \/><\/div>\n<\/div>\n<div class=\"row aling-items-center padding-bottom-2x\">\n<div class=\"col-lg-12\">\n<h5 class=\"card-title text-center\">Reconocimiento de rostro en tiempo real.<\/h5>\n<p class=\"ql-align-justify\">Hasta 4 canales. Identifica personas y tambi\u00e9n captura, graba caras con datos estructurados. El filtrado de funciones faciales mientras se visualiza en tiempo real, solo muestra caras con caracter\u00edsticas de destino. Capacidad para\u00a0<strong>20 bases de datos \/ 100,000 rostros.<\/strong><\/p>\n<p><img decoding=\"async\" class=\"overview-center-img-web\" src=\"https:\/\/tvc.mx\/media\/32064\/OVERVIEW-3.jpg\" alt=\"\" \/><\/div>\n<\/div>\n<div class=\"row aling-items-center padding-bottom-2x\">\n<div class=\"col-lg-12\">\n<h5 class=\"card-title text-center\">Dewarping<\/h5>\n<p>El\u00a0<strong>XVR8208A-4K-I\u00a0<\/strong>soporta la funci\u00f3n Dewarping la cual permite hacer una descomposici\u00f3n de vistas de la imagen de 360\u00b0 que soportan las c\u00e1maras fisheye, solo con este tipo de c\u00e1maras es posible hacer esta funci\u00f3n, adem\u00e1s de que solo permite hacerlo v\u00eda Web Service o mediante los VMS del fabricante como lo son SMART PSS y DSS EXPRESS.\u00a0No permite hacer dewarping desde el monitor conectado el XVR.<\/p>\n<p><img decoding=\"async\" class=\"overview-center-img-web\" src=\"https:\/\/tvc.mx\/media\/119642\/xvr8208a-4k-i.jpg\" alt=\"\" \/><\/div>\n<\/div>\n<div class=\"row aling-items-center padding-bottom-2x\">\n<div class=\"col-lg-12\">\n<h5 class=\"card-title text-center\">Tabla de compatibilidad HDD<\/h5>\n<p>El almacenamiento es parte fundamental de un sistema de videovigilancia por tal motivo te recomendamos revisar nuestra lista de compatibilidad antes de seleccionar un disco duro (HDD).<\/p>\n<p>https:\/\/foro.tvc.mx\/docs\/lista-compatibilidad-hdd<\/p>\n<p><img decoding=\"async\" class=\"overview-center-img-web\" src=\"https:\/\/tvc.mx\/media\/292507\/DAHUA-tabla-de-compatibilidad-hdd-overview-grabadores-min-%281%29.png\" alt=\"\" \/><\/div>\n<\/div>\n<div class=\"row aling-items-center padding-bottom-2x\">\n<div class=\"col-lg-12\">\n<h5 class=\"card-title text-center\">Caracter\u00edsticas principales.<\/h5>\n<ul>\n<li>Soporta HDCVI \/ AHD \/ TVI \/ CVBS \/ IP.<\/li>\n<li>8 Canales HDCVI 4K.<\/li>\n<li>64 Canales IP adicionales hasta 12MP.<\/li>\n<li>Compresi\u00f3n de video H.265+ \/ H.265.<\/li>\n<li>Funci\u00f3n dewarping fisheye ( Solo en la Interfaz Web del XVR, Smart PSS y DSS EXPRESS ).<\/li>\n<li>8 canales con funciones IVS \/ hasta 10 reglas por canal<\/li>\n<li>4 canales con reconocimiento facial<\/li>\n<li>24 rostros por segundo<\/li>\n<li>100,000 rostros \/ hasta 20 bases de datos<\/li>\n<li>2 salidas de video HDMI (HDMI1 hasta 4K), 1 VGA y 1TV.<\/li>\n<li>16 entradas de alarma.<\/li>\n<li>3 canales de salida relay.<\/li>\n<li>2 puertos SATA, capacidad de hasta 10TB para cada disco (discos no inclu\u00eddos).<\/li>\n<li>3 puertos USB (1 USB 2.0, 2 USB 3.0).<\/li>\n<li>1 puerto RS232, para comunicaci\u00f3n de PC y teclado.<\/li>\n<li>1 puerto RS485, para control PTZ.<\/li>\n<li>4 canales de entradas de audio, 1 canal de salida, RCA.<\/li>\n<li>2 puertos RJ-45 (1000M).<\/li>\n<li>Acceso m\u00e1ximo de usuarios: 128.<\/li>\n<li><strong>M\u00e1ximo cuentas de usuarios: 64.<\/strong><\/li>\n<li>Est\u00e1ndar de comunicaci\u00f3n ONVIF 2.42, CGI Conformance.<\/li>\n<li>Fuente de alimentaci\u00f3n 12V\/5A.<\/li>\n<li>Condiciones de operaci\u00f3n -10\u00baC ~ + 55\u00baC, 0 ~ 90% HR.<\/li>\n<li>Condiciones de almacenaje -20\u00baC ~ + 70\u00baC, 0 &#8211; 90% HR.<\/li>\n<li>Dimensiones 44.0cm \u00d7 45.5cm \u00d7 9.5cm.<\/li>\n<li>Peso neto 2.35 Kg (sin disco duro).<\/li>\n<\/ul>\n<p><img decoding=\"async\" class=\"overview-center-img-web\" src=\"https:\/\/tvc.mx\/media\/32066\/DAHUA-LOGO-ESCALADO.jpg\" alt=\"\" \/><\/div>\n<\/div>\n","protected":false},"excerpt":{"rendered":"<p>Informaci\u00f3n general. El modelo\u00a0XVR8208A4KI es un DVR pentah\u00edbrido, es decir, soporta 5 tecnolog\u00edas diferentes: CVBS, AHD, HDCVI, TVI e IP. Este equipo cuenta con 8 canales HDCVI hasta\u00a04K, 2 salidas de video HDMI de las cuales una de ellas soporta una salida 4K, soporta funciones\u00a0IVS\u00a0y\u00a0dewarping\u00a0para&hellip;<\/p>\n","protected":false},"featured_media":2895,"comment_status":"open","ping_status":"closed","template":"","meta":{"om_disable_all_campaigns":false,"_monsterinsights_skip_tracking":false,"_monsterinsights_sitenote_active":false,"_monsterinsights_sitenote_note":"","_monsterinsights_sitenote_category":0},"product_brand":[],"product_cat":[175],"product_tag":[66,58,172,173],"class_list":{"0":"post-2896","1":"product","2":"type-product","3":"status-publish","4":"has-post-thumbnail","6":"product_cat-dvrs-hd-8-canales","7":"product_tag-dahua","8":"product_tag-dvr","9":"product_tag-dvr-dahua","10":"product_tag-videgrabadora-de-camaras","12":"first","13":"instock","14":"sale","15":"taxable","16":"shipping-taxable","17":"purchasable","18":"product-type-simple"},"aioseo_notices":[],"_links":{"self":[{"href":"https:\/\/tecsecmty.com\/index.php\/wp-json\/wp\/v2\/product\/2896","targetHints":{"allow":["GET"]}}],"collection":[{"href":"https:\/\/tecsecmty.com\/index.php\/wp-json\/wp\/v2\/product"}],"about":[{"href":"https:\/\/tecsecmty.com\/index.php\/wp-json\/wp\/v2\/types\/product"}],"replies":[{"embeddable":true,"href":"https:\/\/tecsecmty.com\/index.php\/wp-json\/wp\/v2\/comments?post=2896"}],"version-history":[{"count":0,"href":"https:\/\/tecsecmty.com\/index.php\/wp-json\/wp\/v2\/product\/2896\/revisions"}],"wp:featuredmedia":[{"embeddable":true,"href":"https:\/\/tecsecmty.com\/index.php\/wp-json\/wp\/v2\/media\/2895"}],"wp:attachment":[{"href":"https:\/\/tecsecmty.com\/index.php\/wp-json\/wp\/v2\/media?parent=2896"}],"wp:term":[{"taxonomy":"product_brand","embeddable":true,"href":"https:\/\/tecsecmty.com\/index.php\/wp-json\/wp\/v2\/product_brand?post=2896"},{"taxonomy":"product_cat","embeddable":true,"href":"https:\/\/tecsecmty.com\/index.php\/wp-json\/wp\/v2\/product_cat?post=2896"},{"taxonomy":"product_tag","embeddable":true,"href":"https:\/\/tecsecmty.com\/index.php\/wp-json\/wp\/v2\/product_tag?post=2896"}],"curies":[{"name":"wp","href":"https:\/\/api.w.org\/{rel}","templated":true}]}}