{"id":2899,"date":"2023-02-22T22:08:45","date_gmt":"2023-02-23T04:08:45","guid":{"rendered":"https:\/\/tecsecmty.com\/index.php\/producto\/dahua-pfh610a-carcasa-para-montaje-de-camaras-profesionales-soporta-instalacion-exterior-ip67-y-antivandalismo-ik10\/"},"modified":"2023-03-22T23:23:04","modified_gmt":"2023-03-23T05:23:04","slug":"dahua-pfh610a-carcasa-para-montaje-de-camaras-profesionales-soporta-instalacion-exterior-ip67-y-antivandalismo-ik10","status":"publish","type":"product","link":"https:\/\/tecsecmty.com\/index.php\/producto\/dahua-pfh610a-carcasa-para-montaje-de-camaras-profesionales-soporta-instalacion-exterior-ip67-y-antivandalismo-ik10\/","title":{"rendered":"DAHUA PFH610A &#8211; Carcasa para montaje de c\u00e1maras profesionales. Soporta instalaci\u00f3n exterior IP67 y antivandalismo IK10."},"content":{"rendered":"<h5 class=\"card-title text-center\">Informaci\u00f3n General<\/h5>\n<p>Dise\u00f1o de carcasa completamente de aluminio, IP67, IK10, a prueba de corrosi\u00f3n, carcasa de 14\u201d con diferentes m\u00f3dulos de funci\u00f3n: sistema de calefacci\u00f3n y refrigeraci\u00f3n incorporado, las ventanas adoptan pel\u00edculas a prueba de agua, IR de 0-100 m, m\u00f3dulo PoE incorporado y soporte remoto control de luz IR por RS485;<\/p>\n<p><img decoding=\"async\" class=\"overview-center-img-web\" src=\"https:\/\/tvc.mx\/media\/489234\/Carcasa-para-montaje-de-c%C3%A1maras-profesionales-PFH610A-Dahua.png\" alt=\"\" \/><\/p>\n","protected":false},"excerpt":{"rendered":"<p>Informaci\u00f3n General Dise\u00f1o de carcasa completamente de aluminio, IP67, IK10, a prueba de corrosi\u00f3n, carcasa de 14\u201d con diferentes m\u00f3dulos de funci\u00f3n: sistema de calefacci\u00f3n y refrigeraci\u00f3n incorporado, las ventanas adoptan pel\u00edculas a prueba de agua, IR de 0-100 m, m\u00f3dulo PoE incorporado y soporte&hellip;<\/p>\n","protected":false},"featured_media":2898,"comment_status":"open","ping_status":"closed","template":"","meta":{"om_disable_all_campaigns":false,"_monsterinsights_skip_tracking":false,"_monsterinsights_sitenote_active":false,"_monsterinsights_sitenote_note":"","_monsterinsights_sitenote_category":0},"product_brand":[],"product_cat":[177],"product_tag":[178,179,180,181,182,183,184,185],"class_list":{"0":"post-2899","1":"product","2":"type-product","3":"status-publish","4":"has-post-thumbnail","6":"product_cat-gabinetes","7":"product_tag-accesorios-dahua","8":"product_tag-gabinetes","9":"product_tag-lentes","10":"product_tag-microfonos","11":"product_tag-probadores-de-video","12":"product_tag-soporte-y-montaje","13":"product_tag-teclados-y-joystick","14":"product_tag-tranceptores","16":"first","17":"instock","18":"sale","19":"taxable","20":"shipping-taxable","21":"purchasable","22":"product-type-simple"},"aioseo_notices":[],"_links":{"self":[{"href":"https:\/\/tecsecmty.com\/index.php\/wp-json\/wp\/v2\/product\/2899","targetHints":{"allow":["GET"]}}],"collection":[{"href":"https:\/\/tecsecmty.com\/index.php\/wp-json\/wp\/v2\/product"}],"about":[{"href":"https:\/\/tecsecmty.com\/index.php\/wp-json\/wp\/v2\/types\/product"}],"replies":[{"embeddable":true,"href":"https:\/\/tecsecmty.com\/index.php\/wp-json\/wp\/v2\/comments?post=2899"}],"version-history":[{"count":0,"href":"https:\/\/tecsecmty.com\/index.php\/wp-json\/wp\/v2\/product\/2899\/revisions"}],"wp:featuredmedia":[{"embeddable":true,"href":"https:\/\/tecsecmty.com\/index.php\/wp-json\/wp\/v2\/media\/2898"}],"wp:attachment":[{"href":"https:\/\/tecsecmty.com\/index.php\/wp-json\/wp\/v2\/media?parent=2899"}],"wp:term":[{"taxonomy":"product_brand","embeddable":true,"href":"https:\/\/tecsecmty.com\/index.php\/wp-json\/wp\/v2\/product_brand?post=2899"},{"taxonomy":"product_cat","embeddable":true,"href":"https:\/\/tecsecmty.com\/index.php\/wp-json\/wp\/v2\/product_cat?post=2899"},{"taxonomy":"product_tag","embeddable":true,"href":"https:\/\/tecsecmty.com\/index.php\/wp-json\/wp\/v2\/product_tag?post=2899"}],"curies":[{"name":"wp","href":"https:\/\/api.w.org\/{rel}","templated":true}]}}