{"id":2903,"date":"2023-02-22T22:08:50","date_gmt":"2023-02-23T04:08:50","guid":{"rendered":"https:\/\/tecsecmty.com\/index.php\/producto\/dahua-zaex02-conector-atex-iecex-compatible-con-camaras-a-prueba-de-explosion-serie-epc-eca\/"},"modified":"2023-03-09T11:09:33","modified_gmt":"2023-03-09T17:09:33","slug":"dahua-zaex02-conector-atex-iecex-compatible-con-camaras-a-prueba-de-explosion-serie-epc-eca","status":"publish","type":"product","link":"https:\/\/tecsecmty.com\/index.php\/producto\/dahua-zaex02-conector-atex-iecex-compatible-con-camaras-a-prueba-de-explosion-serie-epc-eca\/","title":{"rendered":"DAHUA ZAEX02 &#8211; Conector (ATEX\/IECEx) Compatible con c\u00e1maras a prueba de explosi\u00f3n serie EPC &amp; ECA"},"content":{"rendered":"<div class=\"row aling-items-center padding-bottom-2x\">\n<div class=\"col-lg-12\">\n<h5 class=\"card-title text-center\">Principales Caracter\u00edsticas<\/h5>\n<p>Las c\u00e1maras anti explosi\u00f3n est\u00e1n pensadas para monitoreo industrial, se utiliza principalmente en entornos peligrosos con gas, polvo, vapores inflamables.<\/p>\n<p>Se pueden utilizar en la industria petroqu\u00edmica, plataformas de perforaci\u00f3n , refiner\u00edas, plantas qu\u00edmicas, etc.<\/p>\n<p><img decoding=\"async\" class=\"overview-center-img-web\" src=\"https:\/\/tvc.mx\/media\/541371\/Dahua-ZAEX02-conector-para-c%C3%A1mara--anti-explosi%C3%B3n-overviewprincipal.png\" alt=\"\" \/><\/div>\n<\/div>\n<div class=\"row align-items-center padding-bottom-2x\">\n<div class=\"col-md-5\"><img decoding=\"async\" class=\"d-block m-auto img-thumbnail\" src=\"https:\/\/tvc.mx\/media\/541431\/Dahua-ZAEX02-conector-para-c%C3%A1mara--anti-explosi%C3%B3n-espec.png\" alt=\" \" \/><\/div>\n<div class=\"col-md-7 text-md-left text-center\">\n<h2>Especificaciones<\/h2>\n<p class=\"text-muted\">\n<ul>\n<li>Certificaci\u00f3n:\u00a0ATEX: II 2 G Ex db IIC Gb, II 2 D Ex tb IIIC Db \/ IECEx: Ex db IIC Gb, Ex tb IIIC Db.<\/li>\n<li>Temperatura: -45\u00b0C a +100\u00b0C (-49\u00b0F a 212\u00b0F).<\/li>\n<li>Humedad:\u00a0\u2264 95%<\/li>\n<li>Protecci\u00f3n: IP68<\/li>\n<\/ul>\n<\/div>\n<\/div>\n","protected":false},"excerpt":{"rendered":"<p>Principales Caracter\u00edsticas Las c\u00e1maras anti explosi\u00f3n est\u00e1n pensadas para monitoreo industrial, se utiliza principalmente en entornos peligrosos con gas, polvo, vapores inflamables. Se pueden utilizar en la industria petroqu\u00edmica, plataformas de perforaci\u00f3n , refiner\u00edas, plantas qu\u00edmicas, etc. Especificaciones Certificaci\u00f3n:\u00a0ATEX: II 2 G Ex db IIC&hellip;<\/p>\n","protected":false},"featured_media":2902,"comment_status":"open","ping_status":"closed","template":"","meta":{"om_disable_all_campaigns":false,"_monsterinsights_skip_tracking":false,"_monsterinsights_sitenote_active":false,"_monsterinsights_sitenote_note":"","_monsterinsights_sitenote_category":0},"product_brand":[],"product_cat":[177],"product_tag":[178,179,180,181,182,183,184,185],"class_list":{"0":"post-2903","1":"product","2":"type-product","3":"status-publish","4":"has-post-thumbnail","6":"product_cat-gabinetes","7":"product_tag-accesorios-dahua","8":"product_tag-gabinetes","9":"product_tag-lentes","10":"product_tag-microfonos","11":"product_tag-probadores-de-video","12":"product_tag-soporte-y-montaje","13":"product_tag-teclados-y-joystick","14":"product_tag-tranceptores","16":"first","17":"instock","18":"sale","19":"taxable","20":"shipping-taxable","21":"purchasable","22":"product-type-simple"},"aioseo_notices":[],"_links":{"self":[{"href":"https:\/\/tecsecmty.com\/index.php\/wp-json\/wp\/v2\/product\/2903","targetHints":{"allow":["GET"]}}],"collection":[{"href":"https:\/\/tecsecmty.com\/index.php\/wp-json\/wp\/v2\/product"}],"about":[{"href":"https:\/\/tecsecmty.com\/index.php\/wp-json\/wp\/v2\/types\/product"}],"replies":[{"embeddable":true,"href":"https:\/\/tecsecmty.com\/index.php\/wp-json\/wp\/v2\/comments?post=2903"}],"version-history":[{"count":0,"href":"https:\/\/tecsecmty.com\/index.php\/wp-json\/wp\/v2\/product\/2903\/revisions"}],"wp:featuredmedia":[{"embeddable":true,"href":"https:\/\/tecsecmty.com\/index.php\/wp-json\/wp\/v2\/media\/2902"}],"wp:attachment":[{"href":"https:\/\/tecsecmty.com\/index.php\/wp-json\/wp\/v2\/media?parent=2903"}],"wp:term":[{"taxonomy":"product_brand","embeddable":true,"href":"https:\/\/tecsecmty.com\/index.php\/wp-json\/wp\/v2\/product_brand?post=2903"},{"taxonomy":"product_cat","embeddable":true,"href":"https:\/\/tecsecmty.com\/index.php\/wp-json\/wp\/v2\/product_cat?post=2903"},{"taxonomy":"product_tag","embeddable":true,"href":"https:\/\/tecsecmty.com\/index.php\/wp-json\/wp\/v2\/product_tag?post=2903"}],"curies":[{"name":"wp","href":"https:\/\/api.w.org\/{rel}","templated":true}]}}