{"id":2907,"date":"2023-02-22T22:08:54","date_gmt":"2023-02-23T04:08:54","guid":{"rendered":"https:\/\/tecsecmty.com\/index.php\/producto\/dahua-hap100-microfono-amplificado-omnidireccional-alcance-hasta-40m2-snr-70db-rango-dinamico-104-db-presion-de-sonido-maximo-120db\/"},"modified":"2023-03-22T23:22:44","modified_gmt":"2023-03-23T05:22:44","slug":"dahua-hap100-microfono-amplificado-omnidireccional-alcance-hasta-40m2-snr-70db-rango-dinamico-104-db-presion-de-sonido-maximo-120db","status":"publish","type":"product","link":"https:\/\/tecsecmty.com\/index.php\/producto\/dahua-hap100-microfono-amplificado-omnidireccional-alcance-hasta-40m2-snr-70db-rango-dinamico-104-db-presion-de-sonido-maximo-120db\/","title":{"rendered":"DAHUA HAP100 &#8211; Microfono Amplificado Omnidireccional\/ Alcance Hasta 40M2\/ SNR 70dB\/ Rango Dinamico 104 dB\/ Presion de Sonido Maximo 120dB\/"},"content":{"rendered":"<div class=\"row aling-items-center padding-bottom-2x\">\n<div class=\"col-lg-12\">\n<h5 class=\"card-title text-center\">Informaci\u00f3n General<\/h5>\n<p class=\"ql-align-justify\">El modelo\u00a0<strong>HAP100<\/strong>\u00a0es un micr\u00f3fono amplificado omnidireccional, est\u00e1 dise\u00f1ado para escuchar sonidos del entorno y operar con DVR. El dispositivo cuenta con un micr\u00f3fono integrado en una caja de pl\u00e1stico est\u00e9tico, por lo que es ideal para la organizaci\u00f3n pr\u00e1cticamente en cualquier ambiente.<\/p>\n<p><img decoding=\"async\" class=\"overview-center-img-web\" src=\"https:\/\/tvc.mx\/media\/456432\/microfono-amplificado-omnidireccional-alcance-hasta-40m2-HAP100-Dahua.png\" alt=\"\" \/><\/div>\n<\/div>\n<div class=\"row align-items-center padding-bottom-2x\">\n<div class=\"col-md-5\"><img decoding=\"async\" class=\"d-block m-auto img-thumbnail\" src=\"https:\/\/tvc.mx\/media\/44763\/2.png\" alt=\" \" \/><\/div>\n<div class=\"col-md-7 text-md-left text-center\">\n<h2>Rango Din\u00e1mico de Audio<\/h2>\n<p class=\"text-muted\">\n<p>El rango din\u00e1mico no es mas que la diferencia de nivel de presi\u00f3n sonora existente entre los sonidos mas bajos y los sonidos mas altos que podemos escuchar, esta diferencia se mide en dB ( decibelios ). Tambi\u00e9n se interpreta como la variaci\u00f3n en dB entre el nivel de ruido y el nivel de distorsi\u00f3n que un dispositivo puede manejar, en resumen, mientras mayor es el rango din\u00e1mico es de mejor calidad el dispositivo.<\/p>\n<p>&nbsp;<\/p>\n<\/div>\n<\/div>\n<hr class=\"padding-bottom-2x\" \/>\n<div class=\"row align-items-center padding-bottom-2x\">\n<div class=\"col-md-5 order-md-2\"><img decoding=\"async\" class=\"d-block m-auto img-thumbnail\" src=\"https:\/\/tvc.mx\/media\/44766\/3.png\" alt=\" \" \/><\/div>\n<div class=\"col-md-7 order-md-1 text-md-left text-center\">\n<h2>Relaci\u00f3n Se\u00f1al Ruido &#8211; SNR<\/h2>\n<p class=\"text-muted\">\n<p class=\"ql-align-justify\">Tambi\u00e9n llamado Signal Noise Rate, es la diferencia entre la se\u00f1al y el ruido de fondo,es decir cuando el dispositivo esta trabajando con un nivel \u00f3ptimo teniendo una\u00a0m\u00ednima distorsi\u00f3n.mientras mayor sea el SNR menor sera la cantidad de ruido presente en la se\u00f1al.<\/p>\n<p>&nbsp;<\/p>\n<\/div>\n<\/div>\n<hr class=\"padding-bottom-2x\" \/>\n<div class=\"row align-items-center padding-bottom-2x\">\n<div class=\"col-md-5\"><img decoding=\"async\" class=\"d-block m-auto img-thumbnail\" src=\"https:\/\/tvc.mx\/media\/456435\/microfono-amplificado-omnidireccional-alcance-hasta-40m2-HAP100-Dahua-caracteristicas.png\" alt=\" \" \/><\/div>\n<div class=\"col-md-7 text-md-left text-center\">\n<h2>Principales Caracter\u00edsticas<\/h2>\n<p class=\"text-muted\">\n<ul>\n<li>SNR : 70\u00a0dB<\/li>\n<li>Muy buena sensibilidad del micr\u00f3fono<\/li>\n<li>Reducci\u00f3n digital de ruido<\/li>\n<li>Control autom\u00e1tico de ganancia<\/li>\n<li>Ajuste de sensibilidad : -45\u00a0dB\u00a0&#8230; -20\u00a0dB<\/li>\n<li class=\"ql-align-justify\">Rango din\u00e1mico : 120\u00a0dB\u00a0(1kHz @ max. 1dB SPL)<\/li>\n<\/ul>\n<p>&nbsp;<\/p>\n<\/div>\n<\/div>\n<hr class=\"padding-bottom-2x\" \/>\n<div class=\"row align-items-center padding-bottom-2x\">\n<div class=\"col-md-5 order-md-2\"><img decoding=\"async\" class=\"d-block m-auto img-thumbnail\" src=\"https:\/\/tvc.mx\/media\/456438\/microfono-amplificado-omnidireccional-alcance-hasta-40m2-HAP100-Dahua-especificaciones.png\" alt=\" \" \/><\/div>\n<div class=\"col-md-7 order-md-1 text-md-left text-center\">\n<h2>Especificaciones<\/h2>\n<p class=\"text-muted\">\n<ul>\n<li>Ancho de banda: 20\u00a0Hz &#8211; 20\u00a0kHz<\/li>\n<li>\u00c1rea de operaci\u00f3n: 5\u00a0m\u00b2 &#8211; 40\u00a0m\u00b2<\/li>\n<li>Alimentaci\u00f3n:9\u00a0&#8211; 15\u00a0V\u00a0DC, 12\u00a0V\u00a0DC\u00a0(t\u00edpicamente)<\/li>\n<li>Consumo de energ\u00eda:\u2264 100\u00a0mA, 60\u00a0mA (t\u00edpico)<\/li>\n<li>Impedancia de salida:600\u00a0\u03a9<\/li>\n<li>Carcasa: Pl\u00e1stico<\/li>\n<\/ul>\n<\/div>\n<\/div>\n","protected":false},"excerpt":{"rendered":"<p>Informaci\u00f3n General El modelo\u00a0HAP100\u00a0es un micr\u00f3fono amplificado omnidireccional, est\u00e1 dise\u00f1ado para escuchar sonidos del entorno y operar con DVR. El dispositivo cuenta con un micr\u00f3fono integrado en una caja de pl\u00e1stico est\u00e9tico, por lo que es ideal para la organizaci\u00f3n pr\u00e1cticamente en cualquier ambiente. Rango&hellip;<\/p>\n","protected":false},"featured_media":2906,"comment_status":"open","ping_status":"closed","template":"","meta":{"om_disable_all_campaigns":false,"_monsterinsights_skip_tracking":false,"_monsterinsights_sitenote_active":false,"_monsterinsights_sitenote_note":"","_monsterinsights_sitenote_category":0},"product_brand":[],"product_cat":[187],"product_tag":[178,179,180,181,182,183,184,185],"class_list":{"0":"post-2907","1":"product","2":"type-product","3":"status-publish","4":"has-post-thumbnail","6":"product_cat-microfonos","7":"product_tag-accesorios-dahua","8":"product_tag-gabinetes","9":"product_tag-lentes","10":"product_tag-microfonos","11":"product_tag-probadores-de-video","12":"product_tag-soporte-y-montaje","13":"product_tag-teclados-y-joystick","14":"product_tag-tranceptores","16":"first","17":"instock","18":"sale","19":"taxable","20":"shipping-taxable","21":"purchasable","22":"product-type-simple"},"aioseo_notices":[],"_links":{"self":[{"href":"https:\/\/tecsecmty.com\/index.php\/wp-json\/wp\/v2\/product\/2907","targetHints":{"allow":["GET"]}}],"collection":[{"href":"https:\/\/tecsecmty.com\/index.php\/wp-json\/wp\/v2\/product"}],"about":[{"href":"https:\/\/tecsecmty.com\/index.php\/wp-json\/wp\/v2\/types\/product"}],"replies":[{"embeddable":true,"href":"https:\/\/tecsecmty.com\/index.php\/wp-json\/wp\/v2\/comments?post=2907"}],"version-history":[{"count":0,"href":"https:\/\/tecsecmty.com\/index.php\/wp-json\/wp\/v2\/product\/2907\/revisions"}],"wp:featuredmedia":[{"embeddable":true,"href":"https:\/\/tecsecmty.com\/index.php\/wp-json\/wp\/v2\/media\/2906"}],"wp:attachment":[{"href":"https:\/\/tecsecmty.com\/index.php\/wp-json\/wp\/v2\/media?parent=2907"}],"wp:term":[{"taxonomy":"product_brand","embeddable":true,"href":"https:\/\/tecsecmty.com\/index.php\/wp-json\/wp\/v2\/product_brand?post=2907"},{"taxonomy":"product_cat","embeddable":true,"href":"https:\/\/tecsecmty.com\/index.php\/wp-json\/wp\/v2\/product_cat?post=2907"},{"taxonomy":"product_tag","embeddable":true,"href":"https:\/\/tecsecmty.com\/index.php\/wp-json\/wp\/v2\/product_tag?post=2907"}],"curies":[{"name":"wp","href":"https:\/\/api.w.org\/{rel}","templated":true}]}}