{"id":2909,"date":"2023-02-22T22:08:57","date_gmt":"2023-02-23T04:08:57","guid":{"rendered":"https:\/\/tecsecmty.com\/index.php\/producto\/dahua-dh-pfm906-probador-de-video-ip-y-hdcvi-pantalla-de-7-pulgadas-hd-es-de-video-hdmi-compresion-h-265-salida-de-12v-2-amper-y-5v-2a-probador-de-cable-utp-soporta-tdr-multimetro-digital-b\/"},"modified":"2023-03-22T23:22:25","modified_gmt":"2023-03-23T05:22:25","slug":"dahua-dh-pfm906-probador-de-video-ip-y-hdcvi-pantalla-de-7-pulgadas-hd-es-de-video-hdmi-compresion-h-265-salida-de-12v-2-amper-y-5v-2a-probador-de-cable-utp-soporta-tdr-multimetro-digital-b","status":"publish","type":"product","link":"https:\/\/tecsecmty.com\/index.php\/producto\/dahua-dh-pfm906-probador-de-video-ip-y-hdcvi-pantalla-de-7-pulgadas-hd-es-de-video-hdmi-compresion-h-265-salida-de-12v-2-amper-y-5v-2a-probador-de-cable-utp-soporta-tdr-multimetro-digital-b\/","title":{"rendered":"DAHUA DH-PFM906 &#8211; Probador de Video IP y HDCVI\/ Pantalla de 7 Pulgadas HD\/ E&amp;S de Video HDMI\/ Compresi\u00f3n H.265\/ Salida de 12v 2 Amper y 5v 2A\/ Probador de Cable UTP\/ Soporta TDR\/ Multimetro Digital\/ Basado en Android\/"},"content":{"rendered":"<div class=\"row aling-items-center padding-bottom-2x\">\n<div class=\"col-lg-12\">\n<h5 class=\"card-title text-center\">Informaci\u00f3n general<\/h5>\n<p>El probador de montaje integrado es una herramienta de prueba de alta precisi\u00f3n que ayuda en la instalaci\u00f3n y el mantenimiento en el lugar de los dispositivos de video vigilancia. Cuenta con una pantalla t\u00e1ctil IPS capacitiva de retina de \u00e1ngulo completo HD de 1080p de 7 pulgadas que es f\u00e1cil de usar y c\u00f3moda al tacto.<\/p>\n<p>Es compatible con una serie de funciones necesarias en los proyectos de construcci\u00f3n de seguridad modernos, como IPC, HDCVI, AHD, HDTVI, CVBS y pantalla de video de monitor SDI, entrada y salida HDMI, prueba de cable de red TDR y rastreador de cable, y mult\u00edmetro digital y medidor de potencia \u00f3ptica.<\/p>\n<p>Funciones de prueba. Tambi\u00e9n admite salida de 12 VDC 2A y USB 5V 2A. Para una vida \u00fatil prolongada de la bater\u00eda y un rendimiento general r\u00e1pido, la fuente de alimentaci\u00f3n tiene una bater\u00eda de pol\u00edmero de litio de 7,4 V incorporada con una capacidad de 5000 mAh. Este probador tambi\u00e9n tiene Wi-Fi incorporado, es compatible con el sistema operativo Android y tiene una aplicaci\u00f3n de soporte gratuita para descargar.<\/p>\n<p><img decoding=\"async\" class=\"overview-center-img-web\" src=\"https:\/\/tvc.mx\/media\/565651\/DAHUA-DH-PFM906-Probador-Video-IP-HDCVIPantalla-7-Pulgadas-HD-E%26S-Video-HDMI-banner-principal.png\" alt=\"Probador de v\u00eddeo \" \/><\/div>\n<\/div>\n<div class=\"row align-items-center padding-bottom-2x\">\n<div class=\"col-md-5\"><img decoding=\"async\" class=\"d-block m-auto img-thumbnail\" src=\"https:\/\/tvc.mx\/media\/565771\/Pantalla-touch-dahua.png\" alt=\" Pantalla t\u00e1ctil\" \/><\/div>\n<div class=\"col-md-7 text-md-left text-center\">\n<h2>Pantalla t\u00e1ctil IPS<\/h2>\n<p class=\"text-muted\">\n<p>Mediante un toque directo sobre su superficie permite la entrada de datos que se asocian a la parte posterior de arriba del touch, siendo el componente que permite que funcione al dar sus datos\u200b y \u00f3rdenes al\u00a0dispositivo, y a su vez muestra los resultados introducidos previamente.<\/p>\n<p>&nbsp;<\/p>\n<\/div>\n<\/div>\n<hr class=\"padding-bottom-2x\" \/>\n<div class=\"row align-items-center padding-bottom-2x\">\n<div class=\"col-md-5 order-md-2\"><img decoding=\"async\" class=\"d-block m-auto img-thumbnail\" src=\"https:\/\/tvc.mx\/media\/566019\/DAHUA-DH-PFM906-Probador-Video-IP-HDCVIPantalla-7-Pulgadas-HD-E%26S-Video-HDMI-especificaciones-tecnicas.png\" alt=\" dimensiones\" \/><\/div>\n<div class=\"col-md-7 order-md-1 text-md-left text-center\">\n<h2>Especificaciones T\u00e9cnicas<\/h2>\n<p class=\"text-muted\">\n<ul>\n<li>Sistema operativo: Android<\/li>\n<li>Idioma: 13 idiomas incluyendo chino e ingles<\/li>\n<li>Modo de operaci\u00f3n: Pantalla t\u00e1ctil<\/li>\n<li>Modo de espera automatico\/apagado<\/li>\n<li>Sonido del teclado: Encendido apagado<\/li>\n<li>pantalla de visualizaci\u00f3n: Pantalla t\u00e1ctil IPS capacitiva retina de \u00e1ngulo completo HD de 1080 de 7 pulgadas.<\/li>\n<li>Bot\u00f3n: Teclado 14 teclas<\/li>\n<li>Wifi: Frecuencia; 2.4 G Protocolo; IEEE 802.11 a\/n\/ac<\/li>\n<li>Admite actualizaci\u00f3n local y en linea<\/li>\n<\/ul>\n<\/div>\n<\/div>\n","protected":false},"excerpt":{"rendered":"<p>Informaci\u00f3n general El probador de montaje integrado es una herramienta de prueba de alta precisi\u00f3n que ayuda en la instalaci\u00f3n y el mantenimiento en el lugar de los dispositivos de video vigilancia. Cuenta con una pantalla t\u00e1ctil IPS capacitiva de retina de \u00e1ngulo completo HD&hellip;<\/p>\n","protected":false},"featured_media":2908,"comment_status":"open","ping_status":"closed","template":"","meta":{"om_disable_all_campaigns":false,"_monsterinsights_skip_tracking":false,"_monsterinsights_sitenote_active":false,"_monsterinsights_sitenote_note":"","_monsterinsights_sitenote_category":0},"product_brand":[],"product_cat":[188],"product_tag":[178,179,180,181,182,183,184,185],"class_list":{"0":"post-2909","1":"product","2":"type-product","3":"status-publish","4":"has-post-thumbnail","6":"product_cat-probadores-de-video","7":"product_tag-accesorios-dahua","8":"product_tag-gabinetes","9":"product_tag-lentes","10":"product_tag-microfonos","11":"product_tag-probadores-de-video","12":"product_tag-soporte-y-montaje","13":"product_tag-teclados-y-joystick","14":"product_tag-tranceptores","16":"first","17":"instock","18":"sale","19":"taxable","20":"shipping-taxable","21":"purchasable","22":"product-type-simple"},"aioseo_notices":[],"_links":{"self":[{"href":"https:\/\/tecsecmty.com\/index.php\/wp-json\/wp\/v2\/product\/2909","targetHints":{"allow":["GET"]}}],"collection":[{"href":"https:\/\/tecsecmty.com\/index.php\/wp-json\/wp\/v2\/product"}],"about":[{"href":"https:\/\/tecsecmty.com\/index.php\/wp-json\/wp\/v2\/types\/product"}],"replies":[{"embeddable":true,"href":"https:\/\/tecsecmty.com\/index.php\/wp-json\/wp\/v2\/comments?post=2909"}],"version-history":[{"count":0,"href":"https:\/\/tecsecmty.com\/index.php\/wp-json\/wp\/v2\/product\/2909\/revisions"}],"wp:featuredmedia":[{"embeddable":true,"href":"https:\/\/tecsecmty.com\/index.php\/wp-json\/wp\/v2\/media\/2908"}],"wp:attachment":[{"href":"https:\/\/tecsecmty.com\/index.php\/wp-json\/wp\/v2\/media?parent=2909"}],"wp:term":[{"taxonomy":"product_brand","embeddable":true,"href":"https:\/\/tecsecmty.com\/index.php\/wp-json\/wp\/v2\/product_brand?post=2909"},{"taxonomy":"product_cat","embeddable":true,"href":"https:\/\/tecsecmty.com\/index.php\/wp-json\/wp\/v2\/product_cat?post=2909"},{"taxonomy":"product_tag","embeddable":true,"href":"https:\/\/tecsecmty.com\/index.php\/wp-json\/wp\/v2\/product_tag?post=2909"}],"curies":[{"name":"wp","href":"https:\/\/api.w.org\/{rel}","templated":true}]}}