{"id":2911,"date":"2023-02-22T22:09:00","date_gmt":"2023-02-23T04:09:00","guid":{"rendered":"https:\/\/tecsecmty.com\/index.php\/producto\/dahua-pfm900-e-probador-de-video-ip-y-hdcvi-soporta-h-264-y-h-265-soporta-control-ptz-probador-de-audio-soporta-prueba-de-cable-de-red-multimetro-digital-salida-poe-802-3at-y-salida-de-12v-2a\/"},"modified":"2023-03-22T23:23:05","modified_gmt":"2023-03-23T05:23:05","slug":"dahua-pfm900-e-probador-de-video-ip-y-hdcvi-soporta-h-264-y-h-265-soporta-control-ptz-probador-de-audio-soporta-prueba-de-cable-de-red-multimetro-digital-salida-poe-802-3at-y-salida-de-12v-2a","status":"publish","type":"product","link":"https:\/\/tecsecmty.com\/index.php\/producto\/dahua-pfm900-e-probador-de-video-ip-y-hdcvi-soporta-h-264-y-h-265-soporta-control-ptz-probador-de-audio-soporta-prueba-de-cable-de-red-multimetro-digital-salida-poe-802-3at-y-salida-de-12v-2a\/","title":{"rendered":"DAHUA PFM900-E &#8211; Probador de Video IP y HDCVI\/ Soporta H.264 y H.265\/ Soporta Control PTZ &amp; Probador de Audio\/ Soporta Prueba de Cable de Red\/ Multimetro Digital\/ Salida Poe 802.3at y Salida de 12v 2Amp"},"content":{"rendered":"<div class=\"row aling-items-center padding-bottom-2x\">\n<div class=\"col-lg-12\">\n<h5 class=\"card-title text-center\">Probador de senal HDCVI \/ Analogica \/ IP \/ ONVIF \/ Control PTZ<\/h5>\n<p>Impulsado por el sistema Linux, el Probador de montaje integrado\u00a0es una herramienta de prueba de alta precisi\u00f3n que ayuda en la instalaci\u00f3n y el mantenimiento en el lugar de los dispositivos de videovigilancia.<\/p>\n<p><img decoding=\"async\" class=\"overview-center-img-web\" src=\"https:\/\/tvc.mx\/media\/467018\/probador-de-video-ip-y-hdcvi-compresion-h.265-y-h264-PFM907-Dahua.png\" alt=\"\" \/><\/div>\n<\/div>\n<div class=\"row align-items-center padding-bottom-2x\">\n<div class=\"col-md-5\"><img decoding=\"async\" class=\"d-block m-auto img-thumbnail\" src=\"https:\/\/tvc.mx\/media\/51813\/DH-PFM900-E12.png\" alt=\" \" \/><\/div>\n<div class=\"col-md-7 text-md-left text-center\">\n<h2>Descripci\u00f3n General<\/h2>\n<p class=\"text-muted\">\n<p class=\"ql-align-justify\">El probador de se\u00f1al modelo\u00a0<strong>PFM900E<\/strong>\u00a0es una herramienta que ayuda a la instalaci\u00f3n de la video vigilancia, ahorra tiempo y trabajo, tester de video, pantalla LCD de alta resoluci\u00f3n, control PTZ (con m\u00e1s de 30 protocolos), prueba de audio, 8x de zoom digital. Prueba de video anal\u00f3gico\u00a0HDCVI \/ AHD \/ TVI \/ CVBS, IP, probador de cable red TDR y funci\u00f3n digital del multi-metro (AC \/ DC Voltaje, Corriente AC \/ DC, Resistencia, Capacitancia, Voltaje directo del diodo).<\/p>\n<p>&nbsp;<\/p>\n<\/div>\n<\/div>\n<hr class=\"padding-bottom-2x\" \/>\n<div class=\"row align-items-center padding-bottom-2x\">\n<div class=\"col-md-5 order-md-2\"><img decoding=\"async\" class=\"d-block m-auto img-thumbnail\" src=\"https:\/\/tvc.mx\/media\/51864\/DH-PFM900-Econfig2.png\" alt=\" \" \/><\/div>\n<div class=\"col-md-7 order-md-1 text-md-left text-center\">\n<h2>Prueba de IPC<\/h2>\n<p class=\"text-muted\">\n<ul>\n<li>Tipo de c\u00e1mara IP ONVIF (con control PTZ); RTSP; RTP<\/li>\n<li>Prueba de c\u00e1mara IP<\/li>\n<li>Admite escaneo autom\u00e1tico de toda la red para descubrir c\u00e1maras ONVIF.<\/li>\n<li>Apoyo agregar manualmente una c\u00e1mara IP.<\/li>\n<li>Admite UDP \/ TCP que muestra video en tiempo real.<\/li>\n<li>Admite zoom digital de 8 niveles, instant\u00e1nea, grabaci\u00f3n de video (H.264 \/ H.265), visualizaci\u00f3n de fotos y reproducci\u00f3n de video<\/li>\n<\/ul>\n<p>&nbsp;<\/p>\n<\/div>\n<\/div>\n<hr class=\"padding-bottom-2x\" \/>\n<div class=\"row align-items-center padding-bottom-2x\">\n<div class=\"col-md-5\"><img decoding=\"async\" class=\"d-block m-auto img-thumbnail\" src=\"https:\/\/tvc.mx\/media\/467020\/probador-de-video-ip-y-hdcvi-compresion-h.265-y-h264-PFM907-Dahua-caracteristicas.png\" alt=\" \" \/><\/div>\n<div class=\"col-md-7 text-md-left text-center\">\n<h2>Principales Caracter\u00edsticas<\/h2>\n<p class=\"text-muted\">\n<p><strong>Principales caracter\u00edsticas<\/strong><\/p>\n<ul>\n<li>Pantalla IPS de 4 \u00aby teclado plegable QWERTY con 45 teclas;<\/li>\n<li>Admite el protocolo de decodificaci\u00f3n H.264 \/ H.265 HD;<\/li>\n<li>Soporte IP, HDCVI \/ AHD \/ TVI \/ CVBS;<\/li>\n<li>Soporte de audio y control RS485;<\/li>\n<li>Admite prueba de cable de red TDR y funci\u00f3n digital de mult\u00edmetro;<\/li>\n<li>Soporte PoE +, DC12V \/ 2A de salida de energ\u00eda; Battery Bater\u00eda reemplazable de pol\u00edmero de iones de litio de 7.4V \/ 22.2Wh, que puede durar 8 horas para uso normal;<\/li>\n<li>Linterna LED dual.<\/li>\n<\/ul>\n<p>&nbsp;<\/p>\n<\/div>\n<\/div>\n<hr class=\"padding-bottom-2x\" \/>\n<div class=\"row align-items-center padding-bottom-2x\">\n<div class=\"col-md-5 order-md-2\"><img decoding=\"async\" class=\"d-block m-auto img-thumbnail\" src=\"https:\/\/tvc.mx\/media\/467022\/probador-de-video-ip-y-hdcvi-compresion-h.265-y-h264-PFM907-Dahua-especificaciones.png\" alt=\" \" \/><\/div>\n<div class=\"col-md-7 order-md-1 text-md-left text-center\">\n<h2>Especificaciones<\/h2>\n<p class=\"text-muted\">\n<p><strong>Puerto f\u00edsico<\/strong><\/p>\n<ul>\n<li>Puerto de red 2 * 10 \/ 100M \/ 1G RJ45 (LAN \/ PSE, PD)<\/li>\n<li>Puerto BNC 1 * entrada de video (HDCVI \/ TVI \/ AHD \/ CVBS), 1 * salida de video.<\/li>\n<li>Puerto de funci\u00f3n: 1\u00a0salida RS485, 1\u00a0salida DC12V (carga), 1\u00a0conector mini USB, 1\u00a03.5 mm. y Entrada de audio, 1\u00a0bot\u00f3n de reinicio y 1\u00a0interruptor de encendido.<\/li>\n<\/ul>\n<p><strong>Prueba de video an\u00e1logo<\/strong><\/p>\n<ul>\n<li>Formato HDCVI \/ AHD \/ TVI \/ CVBS.<\/li>\n<li>Prueba de c\u00e1mara HDCVI.<\/li>\n<li>BNC de 1 canal, resoluci\u00f3n m\u00e1s alta:<\/li>\n<li>Soporte 1280x720P 25fps, 30fps, 50fps, 60fps \/ 1920x1080P 25fps, 30fps \/ 2560x1440P 25 fps, 30 fps<\/li>\n<\/ul>\n<p><strong>Prueba de c\u00e1mara TVI<\/strong><\/p>\n<ul>\n<li>BNC de 1 canal, resoluci\u00f3n m\u00e1s alta: Soporte 1280x720P 25fps, 30fps, 50fps, 60fps \/ 1920x1080P 25fps, 30fps \/ 2048&#215;1536 18 fps, 25 fps, 30 fps \/ 2560&#215;1440 15 fps, 25 fps, 30 fps \/ 2592&#215;1944 12 fps, 20 fps.<\/li>\n<\/ul>\n<p><strong>Prueba de c\u00e1mara AHD<\/strong><\/p>\n<ul>\n<li>BNC de 1 canal, resoluci\u00f3n m\u00e1s alta: Soporte 1280x720P 25fps, 30fps \/ 1920x1080P 25fps, 30fps \/ 2560x1440P 15fps,18 fps, 25 fps, 30 fps<\/li>\n<li>Prueba de c\u00e1mara CVBS Entrada BNC de 1 canal, salida BNC de 1 canal, compatible con formato PAL \/ NTSC (adaptaci\u00f3n autom\u00e1tica)<\/li>\n<li>Prueba de c\u00e1mara Video en tiempo real, control PTZ coaxial HD, control RS485, prueba de audio, soporte 8 zoom digital de nivel, instant\u00e1nea, grabaci\u00f3n de video, visualizaci\u00f3n de fotos y reproducci\u00f3n de video.<\/li>\n<\/ul>\n<\/div>\n<\/div>\n","protected":false},"excerpt":{"rendered":"<p>Probador de senal HDCVI \/ Analogica \/ IP \/ ONVIF \/ Control PTZ Impulsado por el sistema Linux, el Probador de montaje integrado\u00a0es una herramienta de prueba de alta precisi\u00f3n que ayuda en la instalaci\u00f3n y el mantenimiento en el lugar de los dispositivos de&hellip;<\/p>\n","protected":false},"featured_media":2910,"comment_status":"open","ping_status":"closed","template":"","meta":{"om_disable_all_campaigns":false,"_monsterinsights_skip_tracking":false,"_monsterinsights_sitenote_active":false,"_monsterinsights_sitenote_note":"","_monsterinsights_sitenote_category":0},"product_brand":[],"product_cat":[188],"product_tag":[178,179,180,181,182,183,184,185],"class_list":{"0":"post-2911","1":"product","2":"type-product","3":"status-publish","4":"has-post-thumbnail","6":"product_cat-probadores-de-video","7":"product_tag-accesorios-dahua","8":"product_tag-gabinetes","9":"product_tag-lentes","10":"product_tag-microfonos","11":"product_tag-probadores-de-video","12":"product_tag-soporte-y-montaje","13":"product_tag-teclados-y-joystick","14":"product_tag-tranceptores","16":"first","17":"instock","18":"sale","19":"taxable","20":"shipping-taxable","21":"purchasable","22":"product-type-simple"},"aioseo_notices":[],"_links":{"self":[{"href":"https:\/\/tecsecmty.com\/index.php\/wp-json\/wp\/v2\/product\/2911","targetHints":{"allow":["GET"]}}],"collection":[{"href":"https:\/\/tecsecmty.com\/index.php\/wp-json\/wp\/v2\/product"}],"about":[{"href":"https:\/\/tecsecmty.com\/index.php\/wp-json\/wp\/v2\/types\/product"}],"replies":[{"embeddable":true,"href":"https:\/\/tecsecmty.com\/index.php\/wp-json\/wp\/v2\/comments?post=2911"}],"version-history":[{"count":0,"href":"https:\/\/tecsecmty.com\/index.php\/wp-json\/wp\/v2\/product\/2911\/revisions"}],"wp:featuredmedia":[{"embeddable":true,"href":"https:\/\/tecsecmty.com\/index.php\/wp-json\/wp\/v2\/media\/2910"}],"wp:attachment":[{"href":"https:\/\/tecsecmty.com\/index.php\/wp-json\/wp\/v2\/media?parent=2911"}],"wp:term":[{"taxonomy":"product_brand","embeddable":true,"href":"https:\/\/tecsecmty.com\/index.php\/wp-json\/wp\/v2\/product_brand?post=2911"},{"taxonomy":"product_cat","embeddable":true,"href":"https:\/\/tecsecmty.com\/index.php\/wp-json\/wp\/v2\/product_cat?post=2911"},{"taxonomy":"product_tag","embeddable":true,"href":"https:\/\/tecsecmty.com\/index.php\/wp-json\/wp\/v2\/product_tag?post=2911"}],"curies":[{"name":"wp","href":"https:\/\/api.w.org\/{rel}","templated":true}]}}