{"id":2913,"date":"2023-02-22T22:09:02","date_gmt":"2023-02-23T04:09:02","guid":{"rendered":"https:\/\/tecsecmty.com\/index.php\/producto\/dahua-pfm904-tester-o-probador-de-video-compacto-y-portable-soporta-control-ptz-linux-pantalla-de-4-3-pulgadas-hdcvi-hdtvi-ahd-cvbs-soporta-camaras-1080p-4-megapixeles-y-8-megapixeles-no\/"},"modified":"2023-03-22T23:23:05","modified_gmt":"2023-03-23T05:23:05","slug":"dahua-pfm904-tester-o-probador-de-video-compacto-y-portable-soporta-control-ptz-linux-pantalla-de-4-3-pulgadas-hdcvi-hdtvi-ahd-cvbs-soporta-camaras-1080p-4-megapixeles-y-8-megapixeles-no","status":"publish","type":"product","link":"https:\/\/tecsecmty.com\/index.php\/producto\/dahua-pfm904-tester-o-probador-de-video-compacto-y-portable-soporta-control-ptz-linux-pantalla-de-4-3-pulgadas-hdcvi-hdtvi-ahd-cvbs-soporta-camaras-1080p-4-megapixeles-y-8-megapixeles-no\/","title":{"rendered":"DAHUA PFM904 &#8211; Tester o Probador de Video\/ Compacto y Portable\/ Soporta Control PTZ\/ Linux\/ Pantalla de 4.3 Pulgadas\/ HDCVI; HDTVI; AHD; CVBS\/ Soporta Camaras 1080p, 4 Megapixeles y 8 Megapixeles (No soporta 5 Megapixeles)"},"content":{"rendered":"<div class=\"row aling-items-center padding-bottom-2x\">\n<div class=\"col-lg-12\">\n<h5 class=\"card-title text-center\">Informaci\u00f3n General.<\/h5>\n<p>El PFM904 es un\u00a0<strong>probador de c\u00e1maras anal\u00f3gicas<\/strong>\u00a0port\u00e1til que gracias a su correa de mano le permite ser maniobrado por una sola mano para condiciones dif\u00edciles. Soporta camaras: 1080p, 4 Megapixeles y 8 Megapixeles\u00a0y las 4 tecnolog\u00edas anal\u00f3gicas m\u00e1s usadas en el mercado\u00a0<strong>HDCVI, HDTVI, AHD y anal\u00f3gico convencional.<\/strong><\/p>\n<p><img decoding=\"async\" class=\"overview-center-img-web\" src=\"https:\/\/tvc.mx\/media\/467000\/tester-de-video-compacto-portable-pantalla-4.3-pulgadas-PFM904-Dahua.png\" alt=\"\" \/><\/div>\n<\/div>\n<div class=\"row align-items-center padding-bottom-2x\">\n<div class=\"col-md-5 order-md-2\"><img decoding=\"async\" class=\"d-block m-auto img-thumbnail\" src=\"https:\/\/tvc.mx\/media\/467002\/tester-de-video-compacto-portable-pantalla-4.3-pulgadas-PFM904-Dahua-caracteristicas.png\" alt=\" \" \/><\/div>\n<div class=\"col-md-7 order-md-1 text-md-left text-center\">\n<h2>Principales Caracter\u00edsticas.<\/h2>\n<p class=\"text-muted\">\n<ul>\n<li>Control de visualizaci\u00f3n de video HDCVI \/ AHD \/ TVI \/ CVBS<\/li>\n<li>Fuente de alimentaci\u00f3n de 12V \/ 1A DC para la c\u00e1mara<\/li>\n<li>Admite control RS-485<\/li>\n<li>Soporte de prueba de audio<\/li>\n<li>Carga mediante conector USB<\/li>\n<li>Compacto y port\u00e1til, dise\u00f1ado con una mu\u00f1equera extra\u00edble<\/li>\n<\/ul>\n<p>&nbsp;<\/p>\n<\/div>\n<\/div>\n<hr class=\"padding-bottom-2x\" \/>\n<div class=\"row align-items-center padding-bottom-2x\">\n<div class=\"col-md-5\"><img decoding=\"async\" class=\"d-block m-auto img-thumbnail\" src=\"https:\/\/tvc.mx\/media\/467006\/tester-de-video-compacto-portable-pantalla-4.3-pulgadas-PFM904-Dahua-especificaciones.png\" alt=\" \" \/><\/div>\n<div class=\"col-md-7 text-md-left text-center\">\n<h2>Especificaciones<\/h2>\n<p class=\"text-muted\">\n<ul>\n<li>Interfaz multiling\u00fce<\/li>\n<li>Pantalla TFT de 4,3 \u00ab, resoluci\u00f3n de 480 \u00d7 272<\/li>\n<li>Formato HDCVI; HDTVI; AHD; CVBS (NTSC; PAL)<\/li>\n<li>Prueba de entrada de audio de 1 canal<\/li>\n<li>Salida de potencia de 12V \/ 1A DC a la c\u00e1mara<\/li>\n<li>1 salida de energ\u00eda, 12 V \/ 1 A CC 1<\/li>\n<li>Entrada de audio<\/li>\n<li>1 USB micro-B, carga \/ datos 1<\/li>\n<li>Cargando Micro USB 5V \/ 1A<\/li>\n<\/ul>\n<\/div>\n<\/div>\n","protected":false},"excerpt":{"rendered":"<p>Informaci\u00f3n General. El PFM904 es un\u00a0probador de c\u00e1maras anal\u00f3gicas\u00a0port\u00e1til que gracias a su correa de mano le permite ser maniobrado por una sola mano para condiciones dif\u00edciles. Soporta camaras: 1080p, 4 Megapixeles y 8 Megapixeles\u00a0y las 4 tecnolog\u00edas anal\u00f3gicas m\u00e1s usadas en el mercado\u00a0HDCVI, HDTVI,&hellip;<\/p>\n","protected":false},"featured_media":2912,"comment_status":"open","ping_status":"closed","template":"","meta":{"om_disable_all_campaigns":false,"_monsterinsights_skip_tracking":false,"_monsterinsights_sitenote_active":false,"_monsterinsights_sitenote_note":"","_monsterinsights_sitenote_category":0},"product_brand":[],"product_cat":[188],"product_tag":[178,179,180,181,182,183,184,185],"class_list":{"0":"post-2913","1":"product","2":"type-product","3":"status-publish","4":"has-post-thumbnail","6":"product_cat-probadores-de-video","7":"product_tag-accesorios-dahua","8":"product_tag-gabinetes","9":"product_tag-lentes","10":"product_tag-microfonos","11":"product_tag-probadores-de-video","12":"product_tag-soporte-y-montaje","13":"product_tag-teclados-y-joystick","14":"product_tag-tranceptores","16":"first","17":"instock","18":"sale","19":"taxable","20":"shipping-taxable","21":"purchasable","22":"product-type-simple"},"aioseo_notices":[],"_links":{"self":[{"href":"https:\/\/tecsecmty.com\/index.php\/wp-json\/wp\/v2\/product\/2913","targetHints":{"allow":["GET"]}}],"collection":[{"href":"https:\/\/tecsecmty.com\/index.php\/wp-json\/wp\/v2\/product"}],"about":[{"href":"https:\/\/tecsecmty.com\/index.php\/wp-json\/wp\/v2\/types\/product"}],"replies":[{"embeddable":true,"href":"https:\/\/tecsecmty.com\/index.php\/wp-json\/wp\/v2\/comments?post=2913"}],"version-history":[{"count":0,"href":"https:\/\/tecsecmty.com\/index.php\/wp-json\/wp\/v2\/product\/2913\/revisions"}],"wp:featuredmedia":[{"embeddable":true,"href":"https:\/\/tecsecmty.com\/index.php\/wp-json\/wp\/v2\/media\/2912"}],"wp:attachment":[{"href":"https:\/\/tecsecmty.com\/index.php\/wp-json\/wp\/v2\/media?parent=2913"}],"wp:term":[{"taxonomy":"product_brand","embeddable":true,"href":"https:\/\/tecsecmty.com\/index.php\/wp-json\/wp\/v2\/product_brand?post=2913"},{"taxonomy":"product_cat","embeddable":true,"href":"https:\/\/tecsecmty.com\/index.php\/wp-json\/wp\/v2\/product_cat?post=2913"},{"taxonomy":"product_tag","embeddable":true,"href":"https:\/\/tecsecmty.com\/index.php\/wp-json\/wp\/v2\/product_tag?post=2913"}],"curies":[{"name":"wp","href":"https:\/\/api.w.org\/{rel}","templated":true}]}}