{"id":2915,"date":"2023-02-22T22:09:04","date_gmt":"2023-02-23T04:09:04","guid":{"rendered":"https:\/\/tecsecmty.com\/index.php\/producto\/dahua-pfm907-probador-de-video-ip-y-hdcvi-soporta-compresion-de-video-h-265-y-h-264-control-ptz-soporta-audio-multimetro-integrado-probador-de-red-probador-de-senal-wifi-soporta-protocolo-onvi\/"},"modified":"2023-03-22T23:23:05","modified_gmt":"2023-03-23T05:23:05","slug":"dahua-pfm907-probador-de-video-ip-y-hdcvi-soporta-compresion-de-video-h-265-y-h-264-control-ptz-soporta-audio-multimetro-integrado-probador-de-red-probador-de-senal-wifi-soporta-protocolo-onvi","status":"publish","type":"product","link":"https:\/\/tecsecmty.com\/index.php\/producto\/dahua-pfm907-probador-de-video-ip-y-hdcvi-soporta-compresion-de-video-h-265-y-h-264-control-ptz-soporta-audio-multimetro-integrado-probador-de-red-probador-de-senal-wifi-soporta-protocolo-onvi\/","title":{"rendered":"DAHUA PFM907 -Probador de Video IP y HDCVI\/ Soporta Compresi\u00f3n de Video H.265 y H.264\/ Control PTZ\/ Soporta Audio\/ Multimetro Integrado\/ Probador de Red\/ Probador de Se\u00f1al Wifi\/ Soporta Protocolo Onvif\/ Salida de 12V 2 Amp para Camara\/"},"content":{"rendered":"<div class=\"row aling-items-center padding-bottom-2x\">\n<div class=\"col-lg-12\">\n<h5 class=\"card-title text-center\">Informaci\u00f3n general<\/h5>\n<p>Impulsado por el sistema Linux, el Probador de montaje integrado\u00a0es una herramienta de prueba de alta precisi\u00f3n que ayuda en la instalaci\u00f3n y el mantenimiento en el lugar de los dispositivos de videovigilancia. Cuenta con una pantalla t\u00e1ctil de 7 pulgadas que es f\u00e1cil de usar y c\u00f3moda al tacto.<\/p>\n<p><img decoding=\"async\" class=\"overview-center-img-web\" src=\"https:\/\/tvc.mx\/media\/393531\/Probador-de-se%C3%B1al-HDCVI-PFM907-Dahua-pantalla-7-pulgadas-portada.png\" alt=\"\" \/><\/div>\n<\/div>\n<div class=\"row align-items-center padding-bottom-2x\">\n<div class=\"col-md-5 order-md-2\"><img decoding=\"async\" class=\"d-block m-auto img-thumbnail\" src=\"https:\/\/tvc.mx\/media\/393559\/Multiformatos-dahua.png\" alt=\" \" \/><\/div>\n<div class=\"col-md-7 order-md-1 text-md-left text-center\">\n<h2>M\u00faltiples formatos de v\u00eddeo<\/h2>\n<p class=\"text-muted\">\n<p>El\u00a0<strong>PFM907\u00a0<\/strong>admite una gran cantidad de funciones necesarias en proyectos de construcci\u00f3n de seguridad modernos, como IPC, HDCVI, AHD, TVI y pantalla de video de monitor CVBS, entrada y salida HDMI, prueba de cable de red TDR, prueba de se\u00f1al Wi-Fi, mult\u00edmetro digital y \u00f3ptico. funciones de prueba del medidor de potencia.<\/p>\n<p>&nbsp;<\/p>\n<\/div>\n<\/div>\n<hr class=\"padding-bottom-2x\" \/>\n<div class=\"row align-items-center padding-bottom-2x\">\n<div class=\"col-md-5\"><img decoding=\"async\" class=\"d-block m-auto img-thumbnail\" src=\"https:\/\/tvc.mx\/media\/393563\/tester-de-camaras-dahua.png\" alt=\" \" \/><\/div>\n<div class=\"col-md-7 text-md-left text-center\">\n<h2>Soporta c\u00e1maras IP<\/h2>\n<p class=\"text-muted\">\n<p>El\u00a0<strong>PFM907\u00a0<\/strong>es un tester que soporta c\u00e1maras IP, las cuales pueden ser alimentadas desde el dispositivo ya que cuenta con el\u00a0Protocolo: IEEE 802.11a \/ n \/ ac, desde el cual se puede modificar la resoluci\u00f3n de las c\u00e1maras IP, la direcci\u00f3n IP y la contrase\u00f1a de la misma. Tambi\u00e9n puede resetear la c\u00e1mara IP a valores de fabrica.<\/p>\n<p>&nbsp;<\/p>\n<\/div>\n<\/div>\n<hr class=\"padding-bottom-2x\" \/>\n<div class=\"row align-items-center padding-bottom-2x\">\n<div class=\"col-md-5 order-md-2\"><img decoding=\"async\" class=\"d-block m-auto img-thumbnail\" src=\"https:\/\/tvc.mx\/media\/393567\/Probador-de-se%C3%B1al-HDCVI-PFM907-Dahua-pantalla-7-pulgadas-pp-caracteristicas.png\" alt=\" \" \/><\/div>\n<div class=\"col-md-7 order-md-1 text-md-left text-center\">\n<h2>Principales caracter\u00edsticas<\/h2>\n<p class=\"text-muted\">\n<ul>\n<li>Soporta sistema de vigilancia digital HDCVI, AHD, HDTVI y CVBS.<\/li>\n<li>Fuente de alimentaci\u00f3n PoE o 12 VDC.<\/li>\n<li>Admite el protocolo Onvif para configurar la direcci\u00f3n IP.<\/li>\n<li>Control de audio \/ RS-485.<\/li>\n<li>Funci\u00f3n de mult\u00edmetro digital.<\/li>\n<li>Prueba de cable de red TDR.<\/li>\n<li>Prueba de se\u00f1ales Wi-Fi.<\/li>\n<\/ul>\n<p>&nbsp;<\/p>\n<\/div>\n<\/div>\n<hr class=\"padding-bottom-2x\" \/>\n<div class=\"row align-items-center padding-bottom-2x\">\n<div class=\"col-md-5\"><img decoding=\"async\" class=\"d-block m-auto img-thumbnail\" src=\"https:\/\/tvc.mx\/media\/393591\/Probador-de-se%C3%B1al-HDCVI-PFM907-Dahua-pantalla-7-pulgadas-especificaciones.png\" alt=\" \" \/><\/div>\n<div class=\"col-md-7 text-md-left text-center\">\n<h2>Especificaciones<\/h2>\n<p class=\"text-muted\">\n<ul>\n<li>Sistema operativo: Linux<\/li>\n<li>Idioma 13 idiomas, incluidos chino e ingl\u00e9s<\/li>\n<li>Modo de operaci\u00f3n Pantalla t\u00e1ctil<\/li>\n<li>Modo de espera autom\u00e1tico \/ apagado Apagado \/ 5\u201360 min<\/li>\n<li>Wifi: Frecuencia 2.4G \/ 5G<\/li>\n<li>Imagen: Vista en vivo, instant\u00e1nea y grabaci\u00f3n, zoom<\/li>\n<li>1 puerto de carga, 12 V CC 1 puerto de salida de potencia, 12VDC 2A<\/li>\n<li>1 puerto de entrada de audio, 1 puerto de salida de audio<\/li>\n<li>1 puerto tipo A, 1 puerto esclavo<\/li>\n<li>2 puertos de red RJ45 10M \/ 100M \/ 1G<\/li>\n<li>1 \u00d7 puerto de entrada HDMI 1 \u00d7 puerto de salida HDMI<\/li>\n<li>Fuente de alimentaci\u00f3n 12 VCC 1A \/ POE 48 V \u2013 0.5 A<\/li>\n<\/ul>\n<\/div>\n<\/div>\n","protected":false},"excerpt":{"rendered":"<p>Informaci\u00f3n general Impulsado por el sistema Linux, el Probador de montaje integrado\u00a0es una herramienta de prueba de alta precisi\u00f3n que ayuda en la instalaci\u00f3n y el mantenimiento en el lugar de los dispositivos de videovigilancia. Cuenta con una pantalla t\u00e1ctil de 7 pulgadas que es&hellip;<\/p>\n","protected":false},"featured_media":2914,"comment_status":"open","ping_status":"closed","template":"","meta":{"om_disable_all_campaigns":false,"_monsterinsights_skip_tracking":false,"_monsterinsights_sitenote_active":false,"_monsterinsights_sitenote_note":"","_monsterinsights_sitenote_category":0},"product_brand":[],"product_cat":[188],"product_tag":[178,179,180,181,182,183,184,185],"class_list":{"0":"post-2915","1":"product","2":"type-product","3":"status-publish","4":"has-post-thumbnail","6":"product_cat-probadores-de-video","7":"product_tag-accesorios-dahua","8":"product_tag-gabinetes","9":"product_tag-lentes","10":"product_tag-microfonos","11":"product_tag-probadores-de-video","12":"product_tag-soporte-y-montaje","13":"product_tag-teclados-y-joystick","14":"product_tag-tranceptores","16":"first","17":"instock","18":"sale","19":"taxable","20":"shipping-taxable","21":"purchasable","22":"product-type-simple"},"aioseo_notices":[],"_links":{"self":[{"href":"https:\/\/tecsecmty.com\/index.php\/wp-json\/wp\/v2\/product\/2915","targetHints":{"allow":["GET"]}}],"collection":[{"href":"https:\/\/tecsecmty.com\/index.php\/wp-json\/wp\/v2\/product"}],"about":[{"href":"https:\/\/tecsecmty.com\/index.php\/wp-json\/wp\/v2\/types\/product"}],"replies":[{"embeddable":true,"href":"https:\/\/tecsecmty.com\/index.php\/wp-json\/wp\/v2\/comments?post=2915"}],"version-history":[{"count":0,"href":"https:\/\/tecsecmty.com\/index.php\/wp-json\/wp\/v2\/product\/2915\/revisions"}],"wp:featuredmedia":[{"embeddable":true,"href":"https:\/\/tecsecmty.com\/index.php\/wp-json\/wp\/v2\/media\/2914"}],"wp:attachment":[{"href":"https:\/\/tecsecmty.com\/index.php\/wp-json\/wp\/v2\/media?parent=2915"}],"wp:term":[{"taxonomy":"product_brand","embeddable":true,"href":"https:\/\/tecsecmty.com\/index.php\/wp-json\/wp\/v2\/product_brand?post=2915"},{"taxonomy":"product_cat","embeddable":true,"href":"https:\/\/tecsecmty.com\/index.php\/wp-json\/wp\/v2\/product_cat?post=2915"},{"taxonomy":"product_tag","embeddable":true,"href":"https:\/\/tecsecmty.com\/index.php\/wp-json\/wp\/v2\/product_tag?post=2915"}],"curies":[{"name":"wp","href":"https:\/\/api.w.org\/{rel}","templated":true}]}}