{"id":2931,"date":"2023-02-22T22:09:22","date_gmt":"2023-02-23T04:09:22","guid":{"rendered":"https:\/\/tecsecmty.com\/index.php\/producto\/dahua-dh-pfa153-sg-montaje-en-poste-para-camaras-ptz-y-cajas-de-exterior-aluminio-y-acero-compatible-con-brazo-pfb710w-sg-compatible-con-camara-dh-psdw81642ml-a360-d237\/"},"modified":"2023-03-22T23:22:25","modified_gmt":"2023-03-23T05:22:25","slug":"dahua-dh-pfa153-sg-montaje-en-poste-para-camaras-ptz-y-cajas-de-exterior-aluminio-y-acero-compatible-con-brazo-pfb710w-sg-compatible-con-camara-dh-psdw81642ml-a360-d237","status":"publish","type":"product","link":"https:\/\/tecsecmty.com\/index.php\/producto\/dahua-dh-pfa153-sg-montaje-en-poste-para-camaras-ptz-y-cajas-de-exterior-aluminio-y-acero-compatible-con-brazo-pfb710w-sg-compatible-con-camara-dh-psdw81642ml-a360-d237\/","title":{"rendered":"DAHUA DH-PFA153-SG &#8211; Montaje en Poste para Camaras PTZ y Cajas de Exterior\/ Aluminio y Acero\/ Compatible con Brazo PFB710W-SG \/ Compatible con c\u00e1mara DH-PSDW81642ML-A360-D237"},"content":{"rendered":"<div class=\"row aling-items-center padding-bottom-2x\">\n<div class=\"col-lg-12\">\n<h5 class=\"card-title text-center\">Informaci\u00f3n general<\/h5>\n<h5 class=\"ql-align-justify\">Adecuado para el montaje de c\u00e1maras con temperaturas de funcionamiento de \u201340 \u00b0C a + 60 \u00b0C (\u201340 \u00b0F a +140 \u00b0F) y humedad relativa inferior al 90 %.<\/h5>\n<h5 class=\"ql-align-justify\">Cuenta con las siguientes caracter\u00edsticas:<\/h5>\n<h5 class=\"ql-align-justify\">\u00b7 Material: aluminio y acero inoxidable<\/h5>\n<h5 class=\"ql-align-justify\">\u00b7 Combinado con c\u00e1maras particulares, dise\u00f1o hermoso y elegante<\/h5>\n<h5 class=\"ql-align-justify\">\u00b7 Gran capacidad de carga<\/h5>\n<h5 class=\"ql-align-justify\">\u00b7 Alta compatibilidad con domos de velocidad, PTZ, caja de vigilancia exterior, etc.<\/h5>\n<p><img decoding=\"async\" class=\"overview-center-img-web\" src=\"https:\/\/tvc.mx\/media\/623023\/DAHUA-DH-PFA153-SG-Montaje-Poste-para-Camaras-PTZ-banner-principal.png\" alt=\"Montaje en poste\" \/><\/div>\n<\/div>\n<div class=\"row align-items-center padding-bottom-2x\">\n<div class=\"col-md-5\"><img decoding=\"async\" class=\"d-block m-auto img-thumbnail\" src=\"https:\/\/tvc.mx\/media\/623043\/DAHUA-DH-PFA153-SG-Montaje-Poste-para-Camaras-PTZ-especificaciones-tecnicas.png\" alt=\" \" \/><\/div>\n<div class=\"col-md-7 text-md-left text-center\">\n<h2>Especificaciones T\u00e9cnicas<\/h2>\n<p class=\"text-muted\">\n<h5 class=\"ql-align-justify\">\u00b7Dimensiones del producto:\u00a0359,0 mm \u00d7 60,0 mm \u00d7 213,0 mm (14,14&#8243; \u00d7 2,36&#8243; \u00d7 8,39&#8243;) (L \u00d7 An \u00d7 Al)<\/h5>\n<h5 class=\"ql-align-justify\">\u00b7Peso neto: 5,0 kg (11,02 libras)<\/h5>\n<h5 class=\"ql-align-justify\">\u00b7Cargar los portes: 30,0 kg (66,14 libras)<\/h5>\n<h5 class=\"ql-align-justify\">\u00b7Temperatura de funcionamiento:\u00a0\u2013 40 \u00b0C a +60 \u00b0C (\u201340 \u00b0F a +140 \u00b0F)<\/h5>\n<h5 class=\"ql-align-justify\">\u00b7Humedad de funcionamiento: &lt;90% (HR)<\/h5>\n<\/div>\n<\/div>\n","protected":false},"excerpt":{"rendered":"<p>Informaci\u00f3n general Adecuado para el montaje de c\u00e1maras con temperaturas de funcionamiento de \u201340 \u00b0C a + 60 \u00b0C (\u201340 \u00b0F a +140 \u00b0F) y humedad relativa inferior al 90 %. Cuenta con las siguientes caracter\u00edsticas: \u00b7 Material: aluminio y acero inoxidable \u00b7 Combinado con&hellip;<\/p>\n","protected":false},"featured_media":2930,"comment_status":"open","ping_status":"closed","template":"","meta":{"om_disable_all_campaigns":false,"_monsterinsights_skip_tracking":false,"_monsterinsights_sitenote_active":false,"_monsterinsights_sitenote_note":"","_monsterinsights_sitenote_category":0},"product_brand":[],"product_cat":[190],"product_tag":[178,179,180,181,182,183,184,185],"class_list":{"0":"post-2931","1":"product","2":"type-product","3":"status-publish","4":"has-post-thumbnail","6":"product_cat-soporte-y-montaje","7":"product_tag-accesorios-dahua","8":"product_tag-gabinetes","9":"product_tag-lentes","10":"product_tag-microfonos","11":"product_tag-probadores-de-video","12":"product_tag-soporte-y-montaje","13":"product_tag-teclados-y-joystick","14":"product_tag-tranceptores","16":"first","17":"instock","18":"sale","19":"taxable","20":"shipping-taxable","21":"purchasable","22":"product-type-simple"},"aioseo_notices":[],"_links":{"self":[{"href":"https:\/\/tecsecmty.com\/index.php\/wp-json\/wp\/v2\/product\/2931","targetHints":{"allow":["GET"]}}],"collection":[{"href":"https:\/\/tecsecmty.com\/index.php\/wp-json\/wp\/v2\/product"}],"about":[{"href":"https:\/\/tecsecmty.com\/index.php\/wp-json\/wp\/v2\/types\/product"}],"replies":[{"embeddable":true,"href":"https:\/\/tecsecmty.com\/index.php\/wp-json\/wp\/v2\/comments?post=2931"}],"version-history":[{"count":0,"href":"https:\/\/tecsecmty.com\/index.php\/wp-json\/wp\/v2\/product\/2931\/revisions"}],"wp:featuredmedia":[{"embeddable":true,"href":"https:\/\/tecsecmty.com\/index.php\/wp-json\/wp\/v2\/media\/2930"}],"wp:attachment":[{"href":"https:\/\/tecsecmty.com\/index.php\/wp-json\/wp\/v2\/media?parent=2931"}],"wp:term":[{"taxonomy":"product_brand","embeddable":true,"href":"https:\/\/tecsecmty.com\/index.php\/wp-json\/wp\/v2\/product_brand?post=2931"},{"taxonomy":"product_cat","embeddable":true,"href":"https:\/\/tecsecmty.com\/index.php\/wp-json\/wp\/v2\/product_cat?post=2931"},{"taxonomy":"product_tag","embeddable":true,"href":"https:\/\/tecsecmty.com\/index.php\/wp-json\/wp\/v2\/product_tag?post=2931"}],"curies":[{"name":"wp","href":"https:\/\/api.w.org\/{rel}","templated":true}]}}