{"id":2939,"date":"2023-02-22T22:09:31","date_gmt":"2023-02-23T04:09:31","guid":{"rendered":"https:\/\/tecsecmty.com\/index.php\/producto\/dahua-pfa101-adaptador-para-montaje-de-pared-pfb302s-techo-pfb300c-camaras-h-dbw5121-5220-5221-5421-8231-8331ez-hdc\/"},"modified":"2023-03-22T23:23:01","modified_gmt":"2023-03-23T05:23:01","slug":"dahua-pfa101-adaptador-para-montaje-de-pared-pfb302s-techo-pfb300c-camaras-h-dbw5121-5220-5221-5421-8231-8331ez-hdc","status":"publish","type":"product","link":"https:\/\/tecsecmty.com\/index.php\/producto\/dahua-pfa101-adaptador-para-montaje-de-pared-pfb302s-techo-pfb300c-camaras-h-dbw5121-5220-5221-5421-8231-8331ez-hdc\/","title":{"rendered":"DAHUA PFA101 &#8211; Adaptador para montaje de pared PFB302S \/ Techo PFB300C \/ Camaras H dBW5121 \/ 5220 \/ 5221 \/ 5421 \/ 8231 \/ 8331EZ \/ HDC"},"content":{"rendered":"<div class=\"row aling-items-center padding-bottom-2x\">\n<div class=\"col-lg-12\">\n<h5 class=\"card-title text-center\">Informaci\u00f3n General<\/h5>\n<p>El\u00a0<strong>PFA101<\/strong>\u00a0es un adaptador para montaje en pared PFB302S y el montaje en techo PFB300C compatible con las c\u00e1maras HDBW5121, 5220, 5221, 5421, 8231, 8331EZ, HDC.<\/p>\n<p><img decoding=\"async\" class=\"overview-center-img-web\" src=\"https:\/\/tvc.mx\/media\/478130\/adaptador-para-montaje-de-pared-para-camaras-domo--PFA101.png\" alt=\"\" \/><\/div>\n<\/div>\n<div class=\"row align-items-center padding-bottom-2x\">\n<div class=\"col-md-5 order-md-2\"><img decoding=\"async\" class=\"d-block m-auto img-thumbnail\" src=\"https:\/\/tvc.mx\/media\/8794\/aplicacion.jpg\" alt=\" \" \/><\/div>\n<div class=\"col-md-7 order-md-1 text-md-left text-center\">\n<h2>Aplicaciones<\/h2>\n<p class=\"text-muted\">\n<p>El\u00a0<strong>PFA101<\/strong>\u00a0puede ser utilizado en conjunto con un brazo para fijar una c\u00e1mara en techo y as\u00ed aprovechar el \u00e1ngulo de vista de mejor manera.<\/p>\n<p>&nbsp;<\/p>\n<\/div>\n<\/div>\n<hr class=\"padding-bottom-2x\" \/>\n<div class=\"row align-items-center padding-bottom-2x\">\n<div class=\"col-md-5\"><img decoding=\"async\" class=\"d-block m-auto img-thumbnail\" src=\"https:\/\/tvc.mx\/media\/478132\/adaptador-para-montaje-de-pared-para-camaras-domo--PFA101-caracteristicas.png\" alt=\" \" \/><\/div>\n<div class=\"col-md-7 text-md-left text-center\">\n<h2>Principales Caracter\u00edsticas<\/h2>\n<p class=\"text-muted\">\n<ul>\n<li>Material aluminio.<\/li>\n<li>Dimensi\u00f3n (WxHxD) \u03a6159mm x 35mm.<\/li>\n<li>Tama\u00f1o rosca G1 1\/2&#8243;.<\/li>\n<li>Temperatura de operaci\u00f3n -40\u00b0C~60\u00b0C.<\/li>\n<li>Humedad 0~90% RH.<\/li>\n<li>Peso de carga N\/A.<\/li>\n<li>Peso 0.24Kg.<\/li>\n<li>Aplica para modelos HDBW5121, 5220, 5221, 5421, 8231, 8331EZ, HDC, entre otros (favor de revisar la lista \u00abSelecci\u00f3n de Accesorios\u00bb).<\/li>\n<\/ul>\n<\/div>\n<\/div>\n","protected":false},"excerpt":{"rendered":"<p>Informaci\u00f3n General El\u00a0PFA101\u00a0es un adaptador para montaje en pared PFB302S y el montaje en techo PFB300C compatible con las c\u00e1maras HDBW5121, 5220, 5221, 5421, 8231, 8331EZ, HDC. Aplicaciones El\u00a0PFA101\u00a0puede ser utilizado en conjunto con un brazo para fijar una c\u00e1mara en techo y as\u00ed aprovechar&hellip;<\/p>\n","protected":false},"featured_media":2938,"comment_status":"open","ping_status":"closed","template":"","meta":{"om_disable_all_campaigns":false,"_monsterinsights_skip_tracking":false,"_monsterinsights_sitenote_active":false,"_monsterinsights_sitenote_note":"","_monsterinsights_sitenote_category":0},"product_brand":[],"product_cat":[190],"product_tag":[178,179,180,181,182,183,184,185],"class_list":{"0":"post-2939","1":"product","2":"type-product","3":"status-publish","4":"has-post-thumbnail","6":"product_cat-soporte-y-montaje","7":"product_tag-accesorios-dahua","8":"product_tag-gabinetes","9":"product_tag-lentes","10":"product_tag-microfonos","11":"product_tag-probadores-de-video","12":"product_tag-soporte-y-montaje","13":"product_tag-teclados-y-joystick","14":"product_tag-tranceptores","16":"first","17":"instock","18":"sale","19":"taxable","20":"shipping-taxable","21":"purchasable","22":"product-type-simple"},"aioseo_notices":[],"_links":{"self":[{"href":"https:\/\/tecsecmty.com\/index.php\/wp-json\/wp\/v2\/product\/2939","targetHints":{"allow":["GET"]}}],"collection":[{"href":"https:\/\/tecsecmty.com\/index.php\/wp-json\/wp\/v2\/product"}],"about":[{"href":"https:\/\/tecsecmty.com\/index.php\/wp-json\/wp\/v2\/types\/product"}],"replies":[{"embeddable":true,"href":"https:\/\/tecsecmty.com\/index.php\/wp-json\/wp\/v2\/comments?post=2939"}],"version-history":[{"count":0,"href":"https:\/\/tecsecmty.com\/index.php\/wp-json\/wp\/v2\/product\/2939\/revisions"}],"wp:featuredmedia":[{"embeddable":true,"href":"https:\/\/tecsecmty.com\/index.php\/wp-json\/wp\/v2\/media\/2938"}],"wp:attachment":[{"href":"https:\/\/tecsecmty.com\/index.php\/wp-json\/wp\/v2\/media?parent=2939"}],"wp:term":[{"taxonomy":"product_brand","embeddable":true,"href":"https:\/\/tecsecmty.com\/index.php\/wp-json\/wp\/v2\/product_brand?post=2939"},{"taxonomy":"product_cat","embeddable":true,"href":"https:\/\/tecsecmty.com\/index.php\/wp-json\/wp\/v2\/product_cat?post=2939"},{"taxonomy":"product_tag","embeddable":true,"href":"https:\/\/tecsecmty.com\/index.php\/wp-json\/wp\/v2\/product_tag?post=2939"}],"curies":[{"name":"wp","href":"https:\/\/api.w.org\/{rel}","templated":true}]}}