{"id":2945,"date":"2023-02-22T22:09:37","date_gmt":"2023-02-23T04:09:37","guid":{"rendered":"https:\/\/tecsecmty.com\/index.php\/producto\/dahua-pfa110-adaptador-de-montaje-para-camaras-ptz-sd59-sd50-sd40-compatible-con-montajes-pfb300s-pfb303w-pfb303s-y-pfb300c\/"},"modified":"2023-03-22T23:23:01","modified_gmt":"2023-03-23T05:23:01","slug":"dahua-pfa110-adaptador-de-montaje-para-camaras-ptz-sd59-sd50-sd40-compatible-con-montajes-pfb300s-pfb303w-pfb303s-y-pfb300c","status":"publish","type":"product","link":"https:\/\/tecsecmty.com\/index.php\/producto\/dahua-pfa110-adaptador-de-montaje-para-camaras-ptz-sd59-sd50-sd40-compatible-con-montajes-pfb300s-pfb303w-pfb303s-y-pfb300c\/","title":{"rendered":"DAHUA PFA110- Adaptador de Montaje para Camaras PTZ SD59\/ SD50\/ SD40\/ Compatible con Montajes PFB300S\/ PFB303W\/ PFB303S y PFB300C"},"content":{"rendered":"<div class=\"row aling-items-center padding-bottom-2x\">\n<div class=\"col-lg-12\">\n<h5 class=\"card-title text-center\">Informaci\u00f3n General<\/h5>\n<p>Adaptador para montajes, compatible con c\u00e1maras domo de la marca Dahua, est\u00e1 construido de un material de aluminio\u00a0el cual le permite soportar hasta 5Kg de peso, sus medidas: 59 x 53.8mm.<\/p>\n<p><img decoding=\"async\" class=\"overview-center-img-web\" src=\"https:\/\/tvc.mx\/media\/478118\/adaptador-de-montaje-para-camaras-ptz-PFA110-Dahua.png\" alt=\"\" \/><\/div>\n<\/div>\n<div class=\"row align-items-center padding-bottom-2x\">\n<div class=\"col-md-5\"><img decoding=\"async\" class=\"d-block m-auto img-thumbnail\" src=\"https:\/\/tvc.mx\/media\/478120\/adaptador-de-montaje-para-camaras-ptz-PFA110-Dahua-caracteristicas.png\" alt=\" \" \/><\/div>\n<div class=\"col-md-7 text-md-left text-center\">\n<h2>Principales Caracter\u00edsticas<\/h2>\n<p class=\"text-muted\">\n<ul>\n<li>Material: Met\u00e1lico<\/li>\n<li>Dimensiones: 59 x 53mm<\/li>\n<li>Soporta: 5Kg<\/li>\n<li>Peso: .2Kg<\/li>\n<li>Color: Blanco<\/li>\n<li>Temperatura: -40\u00b0 ~ 60\u00b0 C<\/li>\n<li>Humedad: &lt;90%RH<\/li>\n<\/ul>\n<\/div>\n<\/div>\n","protected":false},"excerpt":{"rendered":"<p>Informaci\u00f3n General Adaptador para montajes, compatible con c\u00e1maras domo de la marca Dahua, est\u00e1 construido de un material de aluminio\u00a0el cual le permite soportar hasta 5Kg de peso, sus medidas: 59 x 53.8mm. Principales Caracter\u00edsticas Material: Met\u00e1lico Dimensiones: 59 x 53mm Soporta: 5Kg Peso: .2Kg&hellip;<\/p>\n","protected":false},"featured_media":2944,"comment_status":"open","ping_status":"closed","template":"","meta":{"om_disable_all_campaigns":false,"_monsterinsights_skip_tracking":false,"_monsterinsights_sitenote_active":false,"_monsterinsights_sitenote_note":"","_monsterinsights_sitenote_category":0},"product_brand":[],"product_cat":[190],"product_tag":[178,179,180,181,182,183,184,185],"class_list":{"0":"post-2945","1":"product","2":"type-product","3":"status-publish","4":"has-post-thumbnail","6":"product_cat-soporte-y-montaje","7":"product_tag-accesorios-dahua","8":"product_tag-gabinetes","9":"product_tag-lentes","10":"product_tag-microfonos","11":"product_tag-probadores-de-video","12":"product_tag-soporte-y-montaje","13":"product_tag-teclados-y-joystick","14":"product_tag-tranceptores","16":"first","17":"instock","18":"sale","19":"taxable","20":"shipping-taxable","21":"purchasable","22":"product-type-simple"},"aioseo_notices":[],"_links":{"self":[{"href":"https:\/\/tecsecmty.com\/index.php\/wp-json\/wp\/v2\/product\/2945","targetHints":{"allow":["GET"]}}],"collection":[{"href":"https:\/\/tecsecmty.com\/index.php\/wp-json\/wp\/v2\/product"}],"about":[{"href":"https:\/\/tecsecmty.com\/index.php\/wp-json\/wp\/v2\/types\/product"}],"replies":[{"embeddable":true,"href":"https:\/\/tecsecmty.com\/index.php\/wp-json\/wp\/v2\/comments?post=2945"}],"version-history":[{"count":0,"href":"https:\/\/tecsecmty.com\/index.php\/wp-json\/wp\/v2\/product\/2945\/revisions"}],"wp:featuredmedia":[{"embeddable":true,"href":"https:\/\/tecsecmty.com\/index.php\/wp-json\/wp\/v2\/media\/2944"}],"wp:attachment":[{"href":"https:\/\/tecsecmty.com\/index.php\/wp-json\/wp\/v2\/media?parent=2945"}],"wp:term":[{"taxonomy":"product_brand","embeddable":true,"href":"https:\/\/tecsecmty.com\/index.php\/wp-json\/wp\/v2\/product_brand?post=2945"},{"taxonomy":"product_cat","embeddable":true,"href":"https:\/\/tecsecmty.com\/index.php\/wp-json\/wp\/v2\/product_cat?post=2945"},{"taxonomy":"product_tag","embeddable":true,"href":"https:\/\/tecsecmty.com\/index.php\/wp-json\/wp\/v2\/product_tag?post=2945"}],"curies":[{"name":"wp","href":"https:\/\/api.w.org\/{rel}","templated":true}]}}