{"id":2953,"date":"2023-02-22T22:09:45","date_gmt":"2023-02-23T04:09:45","guid":{"rendered":"https:\/\/tecsecmty.com\/index.php\/producto\/dahua-pfa120-caja-de-conexiones-para-camaras-ptz-compatible-con-pfb303w-pfb300s-pfb310w-pfb306w-pfb305w-pfw1\/"},"modified":"2023-03-22T23:23:02","modified_gmt":"2023-03-23T05:23:02","slug":"dahua-pfa120-caja-de-conexiones-para-camaras-ptz-compatible-con-pfb303w-pfb300s-pfb310w-pfb306w-pfb305w-pfw1","status":"publish","type":"product","link":"https:\/\/tecsecmty.com\/index.php\/producto\/dahua-pfa120-caja-de-conexiones-para-camaras-ptz-compatible-con-pfb303w-pfb300s-pfb310w-pfb306w-pfb305w-pfw1\/","title":{"rendered":"DAHUA PFA120 &#8211; Caja de conexiones para camaras PTZ compatible con PFB303W \/ PFB300S \/ PFB310W \/ PFB306W \/ PFB305W \/ PFW1"},"content":{"rendered":"<div class=\"row aling-items-center padding-bottom-2x\">\n<div class=\"col-lg-12\">\n<h5 class=\"card-title text-center\">Informaci\u00f3n General<\/h5>\n<p>Caja para instalaci\u00f3n de conexiones, rectangular con anclaje en 4 puntos. Compatible con PFA151, PFA150 y c\u00e1mara PTZ Dahua.<\/p>\n<p><img decoding=\"async\" class=\"overview-center-img-web\" src=\"https:\/\/tvc.mx\/media\/484056\/caja-de-conexiones-para-camaras-PTZ-PFA120-Dahua.png\" alt=\"\" \/><\/div>\n<\/div>\n<div class=\"row align-items-center padding-bottom-2x\">\n<div class=\"col-md-5\"><img decoding=\"async\" class=\"d-block m-auto img-thumbnail\" src=\"https:\/\/tvc.mx\/media\/484058\/caja-de-conexiones-para-camaras-PTZ-PFA120-Dahua-caracteristicas.png\" alt=\" \" \/><\/div>\n<div class=\"col-md-7 text-md-left text-center\">\n<h2>Principales Caracter\u00edsticas<\/h2>\n<p class=\"text-muted\">\n<ul>\n<li>Material Aluminio<\/li>\n<li>Dimensi\u00f3n 115.0mmx160.0mmx38.8mm (4.53\u201dx6.30\u201dx1.53\u201d)<\/li>\n<li>Tama\u00f1o de la Rosca (pulgadas) M20(G1\/2\u201d)<\/li>\n<li>Peso Soportado 7.0kg(15.43lb)<\/li>\n<li>Peso 0.53kg(1.17lb)<\/li>\n<li>Color Blanco<\/li>\n<li>Temperatura de funcionamiento -40\u00baC~+60\u00baC(-40\u2109~+140\u2109)<\/li>\n<li>Humedad &lt;90% RH<\/li>\n<\/ul>\n<\/div>\n<\/div>\n","protected":false},"excerpt":{"rendered":"<p>Informaci\u00f3n General Caja para instalaci\u00f3n de conexiones, rectangular con anclaje en 4 puntos. Compatible con PFA151, PFA150 y c\u00e1mara PTZ Dahua. Principales Caracter\u00edsticas Material Aluminio Dimensi\u00f3n 115.0mmx160.0mmx38.8mm (4.53\u201dx6.30\u201dx1.53\u201d) Tama\u00f1o de la Rosca (pulgadas) M20(G1\/2\u201d) Peso Soportado 7.0kg(15.43lb) Peso 0.53kg(1.17lb) Color Blanco Temperatura de funcionamiento -40\u00baC~+60\u00baC(-40\u2109~+140\u2109)&hellip;<\/p>\n","protected":false},"featured_media":2952,"comment_status":"open","ping_status":"closed","template":"","meta":{"om_disable_all_campaigns":false,"_monsterinsights_skip_tracking":false,"_monsterinsights_sitenote_active":false,"_monsterinsights_sitenote_note":"","_monsterinsights_sitenote_category":0},"product_brand":[],"product_cat":[190],"product_tag":[178,179,180,181,182,183,184,185],"class_list":{"0":"post-2953","1":"product","2":"type-product","3":"status-publish","4":"has-post-thumbnail","6":"product_cat-soporte-y-montaje","7":"product_tag-accesorios-dahua","8":"product_tag-gabinetes","9":"product_tag-lentes","10":"product_tag-microfonos","11":"product_tag-probadores-de-video","12":"product_tag-soporte-y-montaje","13":"product_tag-teclados-y-joystick","14":"product_tag-tranceptores","16":"first","17":"instock","18":"sale","19":"taxable","20":"shipping-taxable","21":"purchasable","22":"product-type-simple"},"aioseo_notices":[],"_links":{"self":[{"href":"https:\/\/tecsecmty.com\/index.php\/wp-json\/wp\/v2\/product\/2953","targetHints":{"allow":["GET"]}}],"collection":[{"href":"https:\/\/tecsecmty.com\/index.php\/wp-json\/wp\/v2\/product"}],"about":[{"href":"https:\/\/tecsecmty.com\/index.php\/wp-json\/wp\/v2\/types\/product"}],"replies":[{"embeddable":true,"href":"https:\/\/tecsecmty.com\/index.php\/wp-json\/wp\/v2\/comments?post=2953"}],"version-history":[{"count":0,"href":"https:\/\/tecsecmty.com\/index.php\/wp-json\/wp\/v2\/product\/2953\/revisions"}],"wp:featuredmedia":[{"embeddable":true,"href":"https:\/\/tecsecmty.com\/index.php\/wp-json\/wp\/v2\/media\/2952"}],"wp:attachment":[{"href":"https:\/\/tecsecmty.com\/index.php\/wp-json\/wp\/v2\/media?parent=2953"}],"wp:term":[{"taxonomy":"product_brand","embeddable":true,"href":"https:\/\/tecsecmty.com\/index.php\/wp-json\/wp\/v2\/product_brand?post=2953"},{"taxonomy":"product_cat","embeddable":true,"href":"https:\/\/tecsecmty.com\/index.php\/wp-json\/wp\/v2\/product_cat?post=2953"},{"taxonomy":"product_tag","embeddable":true,"href":"https:\/\/tecsecmty.com\/index.php\/wp-json\/wp\/v2\/product_tag?post=2953"}],"curies":[{"name":"wp","href":"https:\/\/api.w.org\/{rel}","templated":true}]}}