{"id":2957,"date":"2023-02-22T22:09:51","date_gmt":"2023-02-23T04:09:51","guid":{"rendered":"https:\/\/tecsecmty.com\/index.php\/producto\/dahua-pfa12a-caja-de-conexiones-para-camaras-dahua-compatible-con-camaras-bullet-y-domo-montaje-en-pared-policarbonato\/"},"modified":"2023-03-22T23:23:02","modified_gmt":"2023-03-23T05:23:02","slug":"dahua-pfa12a-caja-de-conexiones-para-camaras-dahua-compatible-con-camaras-bullet-y-domo-montaje-en-pared-policarbonato","status":"publish","type":"product","link":"https:\/\/tecsecmty.com\/index.php\/producto\/dahua-pfa12a-caja-de-conexiones-para-camaras-dahua-compatible-con-camaras-bullet-y-domo-montaje-en-pared-policarbonato\/","title":{"rendered":"DAHUA PFA12A &#8211; Caja de Conexiones para Camaras Dahua\/ Compatible con Camaras Bullet y Domo\/ Montaje en Pared\/ Policarbonato\/"},"content":{"rendered":"<div class=\"row aling-items-center padding-bottom-2x\">\n<div class=\"col-lg-12\">\n<h5 class=\"card-title text-center\">Informaci\u00f3n General<\/h5>\n<p>El modelo\u00a0<strong>PFA12A<\/strong>\u00a0es una caja de conexiones para camaras Dahua de f\u00e1cil instalaci\u00f3n para montaje en pared, hecha de policarbonato resistente al agua y a la intemperie con protecci\u00f3n a la decoloraci\u00f3n, excelente para uso exterior.<\/p>\n<p>Esta dise\u00f1ada esteticamente para ocultar las conexiones de video y energ\u00eda ( se puede colocar transceptor ), es compatible con algunas camaras tipo bullet y domo.<\/p>\n<p><img decoding=\"async\" class=\"overview-center-img-web\" src=\"https:\/\/tvc.mx\/media\/478080\/caja-de-conexiones-para-camaras-bullet-domo-PFA12A-Dahua.png\" alt=\"\" \/><\/div>\n<\/div>\n<div class=\"row align-items-center padding-bottom-2x\">\n<div class=\"col-md-5 order-md-2\"><img decoding=\"async\" class=\"d-block m-auto img-thumbnail\" src=\"https:\/\/tvc.mx\/media\/478082\/compatibilidad-de-camaras-dahua.png\" alt=\" \" \/><\/div>\n<div class=\"col-md-7 order-md-1 text-md-left text-center\">\n<h2>PFA12A compatibilidad<\/h2>\n<p class=\"text-muted\">\n<p>Esta caja de conexiones tiene amplia compatibilidad con las c\u00e1maras de la l\u00ednea Dahua.<\/p>\n<p>&nbsp;<\/p>\n<\/div>\n<\/div>\n<hr class=\"padding-bottom-2x\" \/>\n<div class=\"row align-items-center padding-bottom-2x\">\n<div class=\"col-md-5\"><img decoding=\"async\" class=\"d-block m-auto img-thumbnail\" src=\"https:\/\/tvc.mx\/media\/478084\/caja-de-conexiones-para-camaras-bullet-domo-PFA12A-Dahua-caracteristicas.png\" alt=\" \" \/><\/div>\n<div class=\"col-md-7 text-md-left text-center\">\n<h2>Principales Caracter\u00edsticas<\/h2>\n<p class=\"text-muted\">\n<ul>\n<li>Material policarbonato.<\/li>\n<li>Dimensiones 210.9mm x 097.5mm x 035.00mm (8.3\u201d x 3.84\u201d x 1.38\u201d)<\/li>\n<li>Color Blanco<\/li>\n<li>Temperatura de operaci\u00f3n -40\u00baC ~60\u00baC.<\/li>\n<li>Humedad 0~90% RH.<\/li>\n<li>Peso Neto 0.1Kg.<\/li>\n<li>Instalaci\u00f3n Montaje en pared<\/li>\n<li>Revisar la lista de \u00abselecci\u00f3n de accesorios\u00bb.<\/li>\n<\/ul>\n<\/div>\n<\/div>\n","protected":false},"excerpt":{"rendered":"<p>Informaci\u00f3n General El modelo\u00a0PFA12A\u00a0es una caja de conexiones para camaras Dahua de f\u00e1cil instalaci\u00f3n para montaje en pared, hecha de policarbonato resistente al agua y a la intemperie con protecci\u00f3n a la decoloraci\u00f3n, excelente para uso exterior. Esta dise\u00f1ada esteticamente para ocultar las conexiones de&hellip;<\/p>\n","protected":false},"featured_media":2956,"comment_status":"open","ping_status":"closed","template":"","meta":{"om_disable_all_campaigns":false,"_monsterinsights_skip_tracking":false,"_monsterinsights_sitenote_active":false,"_monsterinsights_sitenote_note":"","_monsterinsights_sitenote_category":0},"product_brand":[],"product_cat":[190],"product_tag":[178,179,180,181,182,183,184,185],"class_list":{"0":"post-2957","1":"product","2":"type-product","3":"status-publish","4":"has-post-thumbnail","6":"product_cat-soporte-y-montaje","7":"product_tag-accesorios-dahua","8":"product_tag-gabinetes","9":"product_tag-lentes","10":"product_tag-microfonos","11":"product_tag-probadores-de-video","12":"product_tag-soporte-y-montaje","13":"product_tag-teclados-y-joystick","14":"product_tag-tranceptores","16":"first","17":"instock","18":"sale","19":"taxable","20":"shipping-taxable","21":"purchasable","22":"product-type-simple"},"aioseo_notices":[],"_links":{"self":[{"href":"https:\/\/tecsecmty.com\/index.php\/wp-json\/wp\/v2\/product\/2957","targetHints":{"allow":["GET"]}}],"collection":[{"href":"https:\/\/tecsecmty.com\/index.php\/wp-json\/wp\/v2\/product"}],"about":[{"href":"https:\/\/tecsecmty.com\/index.php\/wp-json\/wp\/v2\/types\/product"}],"replies":[{"embeddable":true,"href":"https:\/\/tecsecmty.com\/index.php\/wp-json\/wp\/v2\/comments?post=2957"}],"version-history":[{"count":0,"href":"https:\/\/tecsecmty.com\/index.php\/wp-json\/wp\/v2\/product\/2957\/revisions"}],"wp:featuredmedia":[{"embeddable":true,"href":"https:\/\/tecsecmty.com\/index.php\/wp-json\/wp\/v2\/media\/2956"}],"wp:attachment":[{"href":"https:\/\/tecsecmty.com\/index.php\/wp-json\/wp\/v2\/media?parent=2957"}],"wp:term":[{"taxonomy":"product_brand","embeddable":true,"href":"https:\/\/tecsecmty.com\/index.php\/wp-json\/wp\/v2\/product_brand?post=2957"},{"taxonomy":"product_cat","embeddable":true,"href":"https:\/\/tecsecmty.com\/index.php\/wp-json\/wp\/v2\/product_cat?post=2957"},{"taxonomy":"product_tag","embeddable":true,"href":"https:\/\/tecsecmty.com\/index.php\/wp-json\/wp\/v2\/product_tag?post=2957"}],"curies":[{"name":"wp","href":"https:\/\/api.w.org\/{rel}","templated":true}]}}