{"id":2961,"date":"2023-02-22T22:09:58","date_gmt":"2023-02-23T04:09:58","guid":{"rendered":"https:\/\/tecsecmty.com\/index.php\/producto\/dahua-pfa134-caja-de-conexiones-para-camaras-bullet-hfaw1000r-hfaw1100s-hfaw1200rm-hfaw2401s-hfw1120s-hfw1320s-hfw1320sw\/"},"modified":"2023-03-22T23:23:02","modified_gmt":"2023-03-23T05:23:02","slug":"dahua-pfa134-caja-de-conexiones-para-camaras-bullet-hfaw1000r-hfaw1100s-hfaw1200rm-hfaw2401s-hfw1120s-hfw1320s-hfw1320sw","status":"publish","type":"product","link":"https:\/\/tecsecmty.com\/index.php\/producto\/dahua-pfa134-caja-de-conexiones-para-camaras-bullet-hfaw1000r-hfaw1100s-hfaw1200rm-hfaw2401s-hfw1120s-hfw1320s-hfw1320sw\/","title":{"rendered":"DAHUA PFA134 &#8211; Caja de conexiones para camaras bullet HFAW1000R \/ HFAW1100S \/ HFAW1200RM \/ HFAW2401S \/ HFW1120S \/ HFW1320S \/ HFW1320SW"},"content":{"rendered":"<div class=\"row aling-items-center padding-bottom-2x\">\n<div class=\"col-lg-12\">\n<h5 class=\"card-title text-center\">Informaci\u00f3n General<\/h5>\n<p class=\"ql-align-justify\">El modelo\u00a0<strong>PFA134\u00a0<\/strong>es una caja de conexiones para c\u00e1maras bullet modelos HFAW1000R, HFAW1100S, HFAW1200RM, HFAW2401S, HFW1120S, HFW1320S, HFW1320SW.\u00a0La caja est\u00e1 construida de aluminio el cual le permite soportar hasta 1kg de peso, adem\u00e1s es un modelo a prueba de agua.<\/p>\n<p><img decoding=\"async\" class=\"overview-center-img-web\" src=\"https:\/\/tvc.mx\/media\/483928\/caja-de-conexiones-para-camaras-bullet-PFA134-Dahua.png\" alt=\"\" \/><\/div>\n<\/div>\n<div class=\"row aling-items-center padding-bottom-2x\">\n<div class=\"col-lg-12\">\n<h5 class=\"card-title text-center\">Dimensiones<\/h5>\n<p>La caja de conexiones cuenta con las siguientes dimensiones: \u03c6 90x35mm<\/p>\n<p>El\u00a0<strong>PFA134\u00a0<\/strong>es una caja de conexiones que es compatible con el montaje para poste con el cual lograr\u00e1 tener una mejor posici\u00f3n de la c\u00e1mara en un ambiente al exterior.<\/p>\n<p><img decoding=\"async\" class=\"overview-center-img-web\" src=\"https:\/\/tvc.mx\/media\/186091\/Dahua-PFA134-caja-de-instalaci%C3%B3n-para-c%C3%A1mara-bullet-dimensiones.png\" alt=\"\" \/><\/div>\n<\/div>\n<div class=\"row align-items-center padding-bottom-2x\">\n<div class=\"col-md-5\"><img decoding=\"async\" class=\"d-block m-auto img-thumbnail\" src=\"https:\/\/tvc.mx\/media\/483930\/caja-de-conexiones-para-camaras-bullet-PFA134-Dahua-caracteristicas.png\" alt=\" \" \/><\/div>\n<div class=\"col-md-7 text-md-left text-center\">\n<h2>Principales Caracter\u00edsticas<\/h2>\n<p class=\"text-muted\">\n<ul>\n<li class=\"ql-align-justify\">Material: aluminio y SECC.<\/li>\n<li class=\"ql-align-justify\">Dimensiones:\u00a0\u03c690x35mm.<\/li>\n<li class=\"ql-align-justify\">Rosca: 2&#8243;<\/li>\n<li class=\"ql-align-justify\">Temperatura de operaci\u00f3n: -40\u00baC a 60\u00baC.<\/li>\n<li class=\"ql-align-justify\">Humedad: 0 a 90% RH.<\/li>\n<li class=\"ql-align-justify\">Soporta: 1kg.<\/li>\n<li class=\"ql-align-justify\">Peso: 0.22kg.<\/li>\n<li class=\"ql-align-justify\">Color: blanco.<\/li>\n<li class=\"ql-align-justify\">Modelos compatibles:\u00a0HFAW1000R, HFAW1100S, HFAW1200RM, HFAW2401S, HFW1120S, HFW1320S, HFW1320SW.<\/li>\n<\/ul>\n<\/div>\n<\/div>\n","protected":false},"excerpt":{"rendered":"<p>Informaci\u00f3n General El modelo\u00a0PFA134\u00a0es una caja de conexiones para c\u00e1maras bullet modelos HFAW1000R, HFAW1100S, HFAW1200RM, HFAW2401S, HFW1120S, HFW1320S, HFW1320SW.\u00a0La caja est\u00e1 construida de aluminio el cual le permite soportar hasta 1kg de peso, adem\u00e1s es un modelo a prueba de agua. Dimensiones La caja de&hellip;<\/p>\n","protected":false},"featured_media":2960,"comment_status":"open","ping_status":"closed","template":"","meta":{"om_disable_all_campaigns":false,"_monsterinsights_skip_tracking":false,"_monsterinsights_sitenote_active":false,"_monsterinsights_sitenote_note":"","_monsterinsights_sitenote_category":0},"product_brand":[],"product_cat":[190],"product_tag":[178,179,180,181,182,183,184,185],"class_list":{"0":"post-2961","1":"product","2":"type-product","3":"status-publish","4":"has-post-thumbnail","6":"product_cat-soporte-y-montaje","7":"product_tag-accesorios-dahua","8":"product_tag-gabinetes","9":"product_tag-lentes","10":"product_tag-microfonos","11":"product_tag-probadores-de-video","12":"product_tag-soporte-y-montaje","13":"product_tag-teclados-y-joystick","14":"product_tag-tranceptores","16":"first","17":"instock","18":"sale","19":"taxable","20":"shipping-taxable","21":"purchasable","22":"product-type-simple"},"aioseo_notices":[],"_links":{"self":[{"href":"https:\/\/tecsecmty.com\/index.php\/wp-json\/wp\/v2\/product\/2961","targetHints":{"allow":["GET"]}}],"collection":[{"href":"https:\/\/tecsecmty.com\/index.php\/wp-json\/wp\/v2\/product"}],"about":[{"href":"https:\/\/tecsecmty.com\/index.php\/wp-json\/wp\/v2\/types\/product"}],"replies":[{"embeddable":true,"href":"https:\/\/tecsecmty.com\/index.php\/wp-json\/wp\/v2\/comments?post=2961"}],"version-history":[{"count":0,"href":"https:\/\/tecsecmty.com\/index.php\/wp-json\/wp\/v2\/product\/2961\/revisions"}],"wp:featuredmedia":[{"embeddable":true,"href":"https:\/\/tecsecmty.com\/index.php\/wp-json\/wp\/v2\/media\/2960"}],"wp:attachment":[{"href":"https:\/\/tecsecmty.com\/index.php\/wp-json\/wp\/v2\/media?parent=2961"}],"wp:term":[{"taxonomy":"product_brand","embeddable":true,"href":"https:\/\/tecsecmty.com\/index.php\/wp-json\/wp\/v2\/product_brand?post=2961"},{"taxonomy":"product_cat","embeddable":true,"href":"https:\/\/tecsecmty.com\/index.php\/wp-json\/wp\/v2\/product_cat?post=2961"},{"taxonomy":"product_tag","embeddable":true,"href":"https:\/\/tecsecmty.com\/index.php\/wp-json\/wp\/v2\/product_tag?post=2961"}],"curies":[{"name":"wp","href":"https:\/\/api.w.org\/{rel}","templated":true}]}}