{"id":2965,"date":"2023-02-22T22:10:03","date_gmt":"2023-02-23T04:10:03","guid":{"rendered":"https:\/\/tecsecmty.com\/index.php\/producto\/dahua-pfa137-caja-de-conexiones-compatible-con-series-t3a-hdw8-hdw7-h-dbw4-sd22-d3a-h-dbw6\/"},"modified":"2023-03-22T23:23:02","modified_gmt":"2023-03-23T05:23:02","slug":"dahua-pfa137-caja-de-conexiones-compatible-con-series-t3a-hdw8-hdw7-h-dbw4-sd22-d3a-h-dbw6","status":"publish","type":"product","link":"https:\/\/tecsecmty.com\/index.php\/producto\/dahua-pfa137-caja-de-conexiones-compatible-con-series-t3a-hdw8-hdw7-h-dbw4-sd22-d3a-h-dbw6\/","title":{"rendered":"DAHUA PFA137 &#8211; Caja de conexiones compatible con series \/ T3A \/ HDW8 \/ HDW7 \/ H dBW4 \/ SD22 \/ D3A \/ H dBW6"},"content":{"rendered":"<div class=\"row aling-items-center padding-bottom-2x\">\n<div class=\"col-lg-12\">\n<h5 class=\"card-title text-center\">Informaci\u00f3n General<\/h5>\n<p class=\"ql-align-justify\">El modelo\u00a0<strong>PFA137<\/strong>\u00a0es una caja de conexiones impermeable para c\u00e1maras mini domo con anclaje en 3 puntos,\u00a0construida de aluminio el cual le permite soportar hasta 1kg de peso. Puede utilizarse para el montaje de c\u00e1maras antivand\u00e1licas. Tiene una funci\u00f3n muy \u00fatil para ocultar los cables y conectores que salen de la c\u00e1mara.<\/p>\n<p><img decoding=\"async\" class=\"overview-center-img-web\" src=\"https:\/\/tvc.mx\/media\/364351\/caja-de-conexiones-para-camara-domo-PFA137-dahua.png\" alt=\"\" \/><\/div>\n<\/div>\n<div class=\"row aling-items-center padding-bottom-2x\">\n<div class=\"col-lg-12\">\n<h5 class=\"card-title text-center\">Compatibilidad<\/h5>\n<p>La caja de conexiones es compatible con series T3A, HDW7, HDW8, HDBW4, SD22, D3A, HDBW6.<\/p>\n<p><img decoding=\"async\" class=\"overview-center-img-web\" src=\"https:\/\/tvc.mx\/media\/364355\/caja-conexiones-compatibilidad-%281%29.png\" alt=\"\" \/><\/div>\n<\/div>\n<div class=\"row aling-items-center padding-bottom-2x\">\n<div class=\"col-lg-12\">\n<h5 class=\"card-title text-center\">Instalaci\u00f3n<\/h5>\n<p>Aqui les mostramos como es la instalaci\u00f3n, f\u00e1cil y sencilla!<\/p>\n<p><img decoding=\"async\" class=\"overview-center-img-web\" src=\"https:\/\/tvc.mx\/media\/364371\/caja-conexiones-instalacion-%281%29-%281%29.png\" alt=\"\" \/><\/div>\n<\/div>\n<div class=\"row aling-items-center padding-bottom-2x\">\n<div class=\"col-lg-12\">\n<h5 class=\"card-title text-center\">Principales Caracter\u00edsticas<\/h5>\n<p>Dise\u00f1o est\u00e9tico<\/p>\n<p>Material: aluminio<\/p>\n<p>Dimensi\u00f3n \u03a6122.0mmx34.2mm<\/p>\n<p>Peso 0,24 kg (0,53 libras)<\/p>\n<p><img decoding=\"async\" class=\"overview-center-img-web\" src=\"https:\/\/tvc.mx\/media\/364379\/Dahua-B.png\" alt=\"\" \/><\/div>\n<\/div>\n","protected":false},"excerpt":{"rendered":"<p>Informaci\u00f3n General El modelo\u00a0PFA137\u00a0es una caja de conexiones impermeable para c\u00e1maras mini domo con anclaje en 3 puntos,\u00a0construida de aluminio el cual le permite soportar hasta 1kg de peso. Puede utilizarse para el montaje de c\u00e1maras antivand\u00e1licas. Tiene una funci\u00f3n muy \u00fatil para ocultar los&hellip;<\/p>\n","protected":false},"featured_media":2964,"comment_status":"open","ping_status":"closed","template":"","meta":{"om_disable_all_campaigns":false,"_monsterinsights_skip_tracking":false,"_monsterinsights_sitenote_active":false,"_monsterinsights_sitenote_note":"","_monsterinsights_sitenote_category":0},"product_brand":[],"product_cat":[190],"product_tag":[178,179,180,181,182,183,184,185],"class_list":{"0":"post-2965","1":"product","2":"type-product","3":"status-publish","4":"has-post-thumbnail","6":"product_cat-soporte-y-montaje","7":"product_tag-accesorios-dahua","8":"product_tag-gabinetes","9":"product_tag-lentes","10":"product_tag-microfonos","11":"product_tag-probadores-de-video","12":"product_tag-soporte-y-montaje","13":"product_tag-teclados-y-joystick","14":"product_tag-tranceptores","16":"first","17":"instock","18":"sale","19":"taxable","20":"shipping-taxable","21":"purchasable","22":"product-type-simple"},"aioseo_notices":[],"_links":{"self":[{"href":"https:\/\/tecsecmty.com\/index.php\/wp-json\/wp\/v2\/product\/2965","targetHints":{"allow":["GET"]}}],"collection":[{"href":"https:\/\/tecsecmty.com\/index.php\/wp-json\/wp\/v2\/product"}],"about":[{"href":"https:\/\/tecsecmty.com\/index.php\/wp-json\/wp\/v2\/types\/product"}],"replies":[{"embeddable":true,"href":"https:\/\/tecsecmty.com\/index.php\/wp-json\/wp\/v2\/comments?post=2965"}],"version-history":[{"count":0,"href":"https:\/\/tecsecmty.com\/index.php\/wp-json\/wp\/v2\/product\/2965\/revisions"}],"wp:featuredmedia":[{"embeddable":true,"href":"https:\/\/tecsecmty.com\/index.php\/wp-json\/wp\/v2\/media\/2964"}],"wp:attachment":[{"href":"https:\/\/tecsecmty.com\/index.php\/wp-json\/wp\/v2\/media?parent=2965"}],"wp:term":[{"taxonomy":"product_brand","embeddable":true,"href":"https:\/\/tecsecmty.com\/index.php\/wp-json\/wp\/v2\/product_brand?post=2965"},{"taxonomy":"product_cat","embeddable":true,"href":"https:\/\/tecsecmty.com\/index.php\/wp-json\/wp\/v2\/product_cat?post=2965"},{"taxonomy":"product_tag","embeddable":true,"href":"https:\/\/tecsecmty.com\/index.php\/wp-json\/wp\/v2\/product_tag?post=2965"}],"curies":[{"name":"wp","href":"https:\/\/api.w.org\/{rel}","templated":true}]}}