{"id":2969,"date":"2023-02-22T22:10:09","date_gmt":"2023-02-23T04:10:09","guid":{"rendered":"https:\/\/tecsecmty.com\/index.php\/producto\/dahua-pfa139-caja-de-conexiones-para-camaras-domo-modelos-hdbw2241f-a-ipc-hdbw3241f-fd-ipc-hdbw3241f-as-m-ipc-hdbw3241f-fd-m-hdw1400em-a-hdw1230em-a-hdw2241t-a-hdw2249t-a-ni-hdw1239\/"},"modified":"2023-03-22T23:23:02","modified_gmt":"2023-03-23T05:23:02","slug":"dahua-pfa139-caja-de-conexiones-para-camaras-domo-modelos-hdbw2241f-a-ipc-hdbw3241f-fd-ipc-hdbw3241f-as-m-ipc-hdbw3241f-fd-m-hdw1400em-a-hdw1230em-a-hdw2241t-a-hdw2249t-a-ni-hdw1239","status":"publish","type":"product","link":"https:\/\/tecsecmty.com\/index.php\/producto\/dahua-pfa139-caja-de-conexiones-para-camaras-domo-modelos-hdbw2241f-a-ipc-hdbw3241f-fd-ipc-hdbw3241f-as-m-ipc-hdbw3241f-fd-m-hdw1400em-a-hdw1230em-a-hdw2241t-a-hdw2249t-a-ni-hdw1239\/","title":{"rendered":"DAHUA PFA139- Caja de Conexiones para Camaras Domo\/ Modelos: HDBW2241F-A \/ IPC-HDBW3241F-FD \/ IPC-HDBW3241F-AS-M \/ IPC-HDBW3241F-FD-M \/ HDW1400EM-A \/ HDW1230EM-A \/ HDW2241T-A \/ HDW2249T-A-NI \/ HDW1239T-A-LED \/ HDW1509T-A-LED \/ IPC-HDW5241M-AS"},"content":{"rendered":"<div class=\"row aling-items-center padding-bottom-2x\">\n<div class=\"col-lg-12\">\n<h5 class=\"card-title text-center\">Informaci\u00f3n General<\/h5>\n<p>El modelo\u00a0<strong>PFA139<\/strong>\u00a0es una caja de conexiones con dise\u00f1o est\u00e9tico e impermeable para c\u00e1maras domo construida de aluminio el cual le permite soportar hasta 1kg de peso. Puede utilizarse para el montaje de c\u00e1maras antivand\u00e1licas.\u00a0Esta dise\u00f1ada para\u00a0ocultar las conexiones de video y corriente para tener una instalaci\u00f3n\u00a0m\u00e1s est\u00e9tica.<\/p>\n<p><img decoding=\"async\" class=\"overview-center-img-web\" src=\"https:\/\/tvc.mx\/media\/483672\/caja-de-conexiones-para-camaras-domo-PFA139-Dahua.png\" alt=\"\" \/><\/div>\n<\/div>\n<div class=\"row align-items-center padding-bottom-2x\">\n<div class=\"col-md-5\"><img decoding=\"async\" class=\"d-block m-auto img-thumbnail\" src=\"https:\/\/tvc.mx\/media\/483674\/compatibilidad.png\" alt=\" \" \/><\/div>\n<div class=\"col-md-7 text-md-left text-center\">\n<h2>Compatibilidad<\/h2>\n<p class=\"text-muted\">\n<p>La caja de conexiones\u00a0<strong>PFA139\u00a0<\/strong>es adaptable y compatible con las series de c\u00e1maras domo\u00a0HDAW1100EMA\/ HDAW1200EMA y\/o HDAW2221EMA<\/p>\n<p>&nbsp;<\/p>\n<\/div>\n<\/div>\n<hr class=\"padding-bottom-2x\" \/>\n<div class=\"row align-items-center padding-bottom-2x\">\n<div class=\"col-md-5 order-md-2\"><img decoding=\"async\" class=\"d-block m-auto img-thumbnail\" src=\"https:\/\/tvc.mx\/media\/483676\/instalacion-sencilla.png\" alt=\" \" \/><\/div>\n<div class=\"col-md-7 order-md-1 text-md-left text-center\">\n<h2>Instalaci\u00f3n Sencilla<\/h2>\n<p class=\"text-muted\">\n<p>Aqui les mostramos como es la instalaci\u00f3n, f\u00e1cil y sencilla!<\/p>\n<p>&nbsp;<\/p>\n<\/div>\n<\/div>\n<hr class=\"padding-bottom-2x\" \/>\n<div class=\"row align-items-center padding-bottom-2x\">\n<div class=\"col-md-5\"><img decoding=\"async\" class=\"d-block m-auto img-thumbnail\" src=\"https:\/\/tvc.mx\/media\/483678\/caja-de-conexiones-para-camaras-domo-PFA139-Dahua-caracteristicas.png\" alt=\" \" \/><\/div>\n<div class=\"col-md-7 text-md-left text-center\">\n<h2>Principales Caracter\u00edsticas<\/h2>\n<p class=\"text-muted\">\n<ul>\n<li class=\"ql-align-justify\">Material aluminio.<\/li>\n<li class=\"ql-align-justify\">Dimensiones\u00a0\u03a6108.0mmx28.5mm.<\/li>\n<li class=\"ql-align-justify\">Tipo de rosca M20(G1\/2&#8243;).<\/li>\n<li class=\"ql-align-justify\">Temperatura de operaci\u00f3n\u00a0-40\u00baC ~ + 60\u00baC.<\/li>\n<li class=\"ql-align-justify\">Humedad\u00a00~90% RH.<\/li>\n<li class=\"ql-align-justify\">Capacidad de carga\u00a01.0Kg.<\/li>\n<li class=\"ql-align-justify\">Peso\u00a00.16Kg.<\/li>\n<\/ul>\n<\/div>\n<\/div>\n","protected":false},"excerpt":{"rendered":"<p>Informaci\u00f3n General El modelo\u00a0PFA139\u00a0es una caja de conexiones con dise\u00f1o est\u00e9tico e impermeable para c\u00e1maras domo construida de aluminio el cual le permite soportar hasta 1kg de peso. Puede utilizarse para el montaje de c\u00e1maras antivand\u00e1licas.\u00a0Esta dise\u00f1ada para\u00a0ocultar las conexiones de video y corriente para&hellip;<\/p>\n","protected":false},"featured_media":2968,"comment_status":"open","ping_status":"closed","template":"","meta":{"om_disable_all_campaigns":false,"_monsterinsights_skip_tracking":false,"_monsterinsights_sitenote_active":false,"_monsterinsights_sitenote_note":"","_monsterinsights_sitenote_category":0},"product_brand":[],"product_cat":[190],"product_tag":[178,179,180,181,182,183,184,185],"class_list":{"0":"post-2969","1":"product","2":"type-product","3":"status-publish","4":"has-post-thumbnail","6":"product_cat-soporte-y-montaje","7":"product_tag-accesorios-dahua","8":"product_tag-gabinetes","9":"product_tag-lentes","10":"product_tag-microfonos","11":"product_tag-probadores-de-video","12":"product_tag-soporte-y-montaje","13":"product_tag-teclados-y-joystick","14":"product_tag-tranceptores","16":"first","17":"instock","18":"sale","19":"taxable","20":"shipping-taxable","21":"purchasable","22":"product-type-simple"},"aioseo_notices":[],"_links":{"self":[{"href":"https:\/\/tecsecmty.com\/index.php\/wp-json\/wp\/v2\/product\/2969","targetHints":{"allow":["GET"]}}],"collection":[{"href":"https:\/\/tecsecmty.com\/index.php\/wp-json\/wp\/v2\/product"}],"about":[{"href":"https:\/\/tecsecmty.com\/index.php\/wp-json\/wp\/v2\/types\/product"}],"replies":[{"embeddable":true,"href":"https:\/\/tecsecmty.com\/index.php\/wp-json\/wp\/v2\/comments?post=2969"}],"version-history":[{"count":0,"href":"https:\/\/tecsecmty.com\/index.php\/wp-json\/wp\/v2\/product\/2969\/revisions"}],"wp:featuredmedia":[{"embeddable":true,"href":"https:\/\/tecsecmty.com\/index.php\/wp-json\/wp\/v2\/media\/2968"}],"wp:attachment":[{"href":"https:\/\/tecsecmty.com\/index.php\/wp-json\/wp\/v2\/media?parent=2969"}],"wp:term":[{"taxonomy":"product_brand","embeddable":true,"href":"https:\/\/tecsecmty.com\/index.php\/wp-json\/wp\/v2\/product_brand?post=2969"},{"taxonomy":"product_cat","embeddable":true,"href":"https:\/\/tecsecmty.com\/index.php\/wp-json\/wp\/v2\/product_cat?post=2969"},{"taxonomy":"product_tag","embeddable":true,"href":"https:\/\/tecsecmty.com\/index.php\/wp-json\/wp\/v2\/product_tag?post=2969"}],"curies":[{"name":"wp","href":"https:\/\/api.w.org\/{rel}","templated":true}]}}