{"id":2971,"date":"2023-02-22T22:10:13","date_gmt":"2023-02-23T04:10:13","guid":{"rendered":"https:\/\/tecsecmty.com\/index.php\/producto\/dahua-pfa13a-e-caja-de-conexiones-para-camaras-domo-dahua-serie-hdw1000-1100-1200-1220-1400-2231-2401m-hdw1100rvf-1200-1220-1400\/"},"modified":"2023-03-22T23:23:02","modified_gmt":"2023-03-23T05:23:02","slug":"dahua-pfa13a-e-caja-de-conexiones-para-camaras-domo-dahua-serie-hdw1000-1100-1200-1220-1400-2231-2401m-hdw1100rvf-1200-1220-1400","status":"publish","type":"product","link":"https:\/\/tecsecmty.com\/index.php\/producto\/dahua-pfa13a-e-caja-de-conexiones-para-camaras-domo-dahua-serie-hdw1000-1100-1200-1220-1400-2231-2401m-hdw1100rvf-1200-1220-1400\/","title":{"rendered":"DAHUA PFA13A-E &#8211; Caja de conexiones para camaras domo DAHUA serie HDW1000 \/ 1100 \/ 1200 \/ 1220 \/ 1400 \/ 2231 \/ 2401M \/ HDW1100RVF \/ 1200 \/ 1220 \/ 1400"},"content":{"rendered":"<div class=\"row aling-items-center padding-bottom-2x\">\n<div class=\"col-lg-12\">\n<h5 class=\"card-title text-center\">Informaci\u00f3n General<\/h5>\n<p>El modelo\u00a0<strong>PFA13AE\u00a0<\/strong>es una caja de conexiones impermeable para c\u00e1maras mini domo con anclaje en 4 puntos,\u00a0construida de aluminio el cual le permite soportar hasta 3kg de peso.<\/p>\n<p><img decoding=\"async\" class=\"overview-center-img-web\" src=\"https:\/\/tvc.mx\/media\/398499\/Dahua-PFA13AE-Caja-de-conexiones-para-camaras-domo.png\" alt=\"\" \/><\/div>\n<\/div>\n<div class=\"row align-items-center padding-bottom-2x\">\n<div class=\"col-md-5\"><img decoding=\"async\" class=\"d-block m-auto img-thumbnail\" src=\"https:\/\/tvc.mx\/media\/398539\/dimensiones-y-compatibilidad.png\" alt=\" \" \/><\/div>\n<div class=\"col-md-7 text-md-left text-center\">\n<h2>Dise\u00f1o Amplio<\/h2>\n<p class=\"text-muted\">\n<p>La caja\u00a0<strong>PFA134AE<\/strong>\u00a0tiene una funci\u00f3n muy \u00fatil para ocultar los cables y conectores que salen de la c\u00e1mara. Cuenta con una distancia entre aberturas de montaje de 48 x 48mm y una distancia desde la superficie de montaje de 38mm.<\/p>\n<p>&nbsp;<\/p>\n<\/div>\n<\/div>\n<hr class=\"padding-bottom-2x\" \/>\n<div class=\"row align-items-center padding-bottom-2x\">\n<div class=\"col-md-5 order-md-2\"><img decoding=\"async\" class=\"d-block m-auto img-thumbnail\" src=\"https:\/\/tvc.mx\/media\/374523\/Dahua-PFA13AE-Caja-de-conexiones-para-camaras-domo-especificaciones.png\" alt=\" \" \/><\/div>\n<div class=\"col-md-7 order-md-1 text-md-left text-center\">\n<h2>Principales Caracter\u00edsticas.<\/h2>\n<p class=\"text-muted\">\n<ul>\n<li class=\"ql-align-justify\">Material: aluminio.<\/li>\n<li class=\"ql-align-justify\">Dimensiones: \u03c696.7&#215;37.2mm.<\/li>\n<li class=\"ql-align-justify\">Temperatura de operaci\u00f3n: -40\u00baC a 60\u00baC.<\/li>\n<li class=\"ql-align-justify\">Humedad: 0 a 90% RH.<\/li>\n<li class=\"ql-align-justify\">Soporta: 3kg.<\/li>\n<li class=\"ql-align-justify\">Peso: 0.17kg.<\/li>\n<li class=\"ql-align-justify\">Color: blanco.<\/li>\n<li class=\"ql-align-justify\">Modelos compatibles:\u00a0SERIE HDW1000\/ 1100.<\/li>\n<li class=\"ql-align-justify\">SERIE HDW1200\/ 1220\/ 1400\/ 2231\/ 2401M\/ HDW1100RVF\/ 1200\/ 1220\/ 1400.<\/li>\n<\/ul>\n<\/div>\n<\/div>\n","protected":false},"excerpt":{"rendered":"<p>Informaci\u00f3n General El modelo\u00a0PFA13AE\u00a0es una caja de conexiones impermeable para c\u00e1maras mini domo con anclaje en 4 puntos,\u00a0construida de aluminio el cual le permite soportar hasta 3kg de peso. Dise\u00f1o Amplio La caja\u00a0PFA134AE\u00a0tiene una funci\u00f3n muy \u00fatil para ocultar los cables y conectores que salen&hellip;<\/p>\n","protected":false},"featured_media":2970,"comment_status":"open","ping_status":"closed","template":"","meta":{"om_disable_all_campaigns":false,"_monsterinsights_skip_tracking":false,"_monsterinsights_sitenote_active":false,"_monsterinsights_sitenote_note":"","_monsterinsights_sitenote_category":0},"product_brand":[],"product_cat":[190],"product_tag":[178,179,180,181,182,183,184,185],"class_list":{"0":"post-2971","1":"product","2":"type-product","3":"status-publish","4":"has-post-thumbnail","6":"product_cat-soporte-y-montaje","7":"product_tag-accesorios-dahua","8":"product_tag-gabinetes","9":"product_tag-lentes","10":"product_tag-microfonos","11":"product_tag-probadores-de-video","12":"product_tag-soporte-y-montaje","13":"product_tag-teclados-y-joystick","14":"product_tag-tranceptores","16":"first","17":"instock","18":"sale","19":"taxable","20":"shipping-taxable","21":"purchasable","22":"product-type-simple"},"aioseo_notices":[],"_links":{"self":[{"href":"https:\/\/tecsecmty.com\/index.php\/wp-json\/wp\/v2\/product\/2971","targetHints":{"allow":["GET"]}}],"collection":[{"href":"https:\/\/tecsecmty.com\/index.php\/wp-json\/wp\/v2\/product"}],"about":[{"href":"https:\/\/tecsecmty.com\/index.php\/wp-json\/wp\/v2\/types\/product"}],"replies":[{"embeddable":true,"href":"https:\/\/tecsecmty.com\/index.php\/wp-json\/wp\/v2\/comments?post=2971"}],"version-history":[{"count":0,"href":"https:\/\/tecsecmty.com\/index.php\/wp-json\/wp\/v2\/product\/2971\/revisions"}],"wp:featuredmedia":[{"embeddable":true,"href":"https:\/\/tecsecmty.com\/index.php\/wp-json\/wp\/v2\/media\/2970"}],"wp:attachment":[{"href":"https:\/\/tecsecmty.com\/index.php\/wp-json\/wp\/v2\/media?parent=2971"}],"wp:term":[{"taxonomy":"product_brand","embeddable":true,"href":"https:\/\/tecsecmty.com\/index.php\/wp-json\/wp\/v2\/product_brand?post=2971"},{"taxonomy":"product_cat","embeddable":true,"href":"https:\/\/tecsecmty.com\/index.php\/wp-json\/wp\/v2\/product_cat?post=2971"},{"taxonomy":"product_tag","embeddable":true,"href":"https:\/\/tecsecmty.com\/index.php\/wp-json\/wp\/v2\/product_tag?post=2971"}],"curies":[{"name":"wp","href":"https:\/\/api.w.org\/{rel}","templated":true}]}}