{"id":2975,"date":"2023-02-22T22:10:17","date_gmt":"2023-02-23T04:10:17","guid":{"rendered":"https:\/\/tecsecmty.com\/index.php\/producto\/dahua-pfa150-montaje-para-poste-compatible-con-camaras-ptz-series-sd65xx-sd69-sd63-sd64-sd6a-sd6c\/"},"modified":"2023-03-22T23:23:03","modified_gmt":"2023-03-23T05:23:03","slug":"dahua-pfa150-montaje-para-poste-compatible-con-camaras-ptz-series-sd65xx-sd69-sd63-sd64-sd6a-sd6c","status":"publish","type":"product","link":"https:\/\/tecsecmty.com\/index.php\/producto\/dahua-pfa150-montaje-para-poste-compatible-con-camaras-ptz-series-sd65xx-sd69-sd63-sd64-sd6a-sd6c\/","title":{"rendered":"DAHUA PFA150 &#8211; Montaje para poste compatible con camaras PTZ series SD65XX \/ SD69 \/ SD63 \/ SD64 \/ SD6A \/ SD6C"},"content":{"rendered":"<div class=\"row aling-items-center padding-bottom-2x\">\n<div class=\"col-lg-12\">\n<h5 class=\"card-title text-center\">Informaci\u00f3n General<\/h5>\n<p>El modelo\u00a0<strong>PFA150<\/strong>\u00a0es un montaje para poste compatible con c\u00e1maras PTZ, cuenta con tres correas de metal para montar de forma segura su c\u00e1mara en un poste y tiene un orificio de conducto para una ordenaci\u00f3n ordenada de los cables haciendo nuestra\u00a0instalaci\u00f3n\u00a0mas est\u00e9tica,\u00a0el material con el cual esta elaborada el aluminio y soporta hasta 10kg de peso.<\/p>\n<p><img decoding=\"async\" class=\"overview-center-img-web\" src=\"https:\/\/tvc.mx\/media\/477386\/montaje-para-poste-compatible-con-camaras-ptz-PFA150-Dahua.png\" alt=\"\" \/><\/div>\n<\/div>\n<div class=\"row aling-items-center padding-bottom-2x\">\n<div class=\"col-lg-12\">\n<h5 class=\"card-title text-center\">Compatibilidad Amplia<\/h5>\n<p>El montaje\u00a0<strong>PFA150<\/strong>\u00a0es compatible con algunas series de c\u00e1maras PTZ Dahua, entre las cuales encontramos: SD65XX \/ SD69 \/ SD63 \/ SD64 \/ SD6A \/ SD6C, su instalaci\u00f3n es f\u00e1cil.<\/p>\n<p><img decoding=\"async\" class=\"overview-center-img-web\" src=\"https:\/\/tvc.mx\/media\/53526\/PPALCOMPAT.png\" alt=\"\" \/><\/div>\n<\/div>\n<div class=\"row aling-items-center padding-bottom-2x\">\n<div class=\"col-lg-12\">\n<h5 class=\"card-title text-center\">Vistas del Montaje<\/h5>\n<p>Estas son algunas de las vistas de nuestro montaje\u00a0<strong>PFA150.<\/strong><\/p>\n<p><img decoding=\"async\" class=\"overview-center-img-web\" src=\"https:\/\/tvc.mx\/media\/53562\/vistas.png\" alt=\"\" \/><\/div>\n<\/div>\n<div class=\"row align-items-center padding-bottom-2x\">\n<div class=\"col-md-5 order-md-2\"><img decoding=\"async\" class=\"d-block m-auto img-thumbnail\" src=\"https:\/\/tvc.mx\/media\/477388\/montaje-para-poste-compatible-con-camaras-ptz-PFA150-Dahua-caracteristicaas.png\" alt=\" \" \/><\/div>\n<div class=\"col-md-7 order-md-1 text-md-left text-center\">\n<h2>Principales Caracter\u00edsticas<\/h2>\n<p class=\"text-muted\">\n<ul>\n<li class=\"ql-align-justify\">Material\u00a0Aleaci\u00f3n de acero electro galvanizado.<\/li>\n<li class=\"ql-align-justify\">Dimensiones\u00a0134.0mm x 170mm x 45mm.<\/li>\n<li class=\"ql-align-justify\">Di\u00e1metro del m\u00e1stil \u027880~150mm.<\/li>\n<li class=\"ql-align-justify\">Capacidad de carga de 10kg.<\/li>\n<li class=\"ql-align-justify\">Temperatura de operaci\u00f3n\u00a0-40\u00baC ~60\u00baC.<\/li>\n<li class=\"ql-align-justify\">Humedad\u00a00~90% RH.<\/li>\n<li class=\"ql-align-justify\">Peso\u00a0Neto 1.1 Kg.<\/li>\n<\/ul>\n<\/div>\n<\/div>\n","protected":false},"excerpt":{"rendered":"<p>Informaci\u00f3n General El modelo\u00a0PFA150\u00a0es un montaje para poste compatible con c\u00e1maras PTZ, cuenta con tres correas de metal para montar de forma segura su c\u00e1mara en un poste y tiene un orificio de conducto para una ordenaci\u00f3n ordenada de los cables haciendo nuestra\u00a0instalaci\u00f3n\u00a0mas est\u00e9tica,\u00a0el material&hellip;<\/p>\n","protected":false},"featured_media":2974,"comment_status":"open","ping_status":"closed","template":"","meta":{"om_disable_all_campaigns":false,"_monsterinsights_skip_tracking":false,"_monsterinsights_sitenote_active":false,"_monsterinsights_sitenote_note":"","_monsterinsights_sitenote_category":0},"product_brand":[],"product_cat":[190],"product_tag":[178,179,180,181,182,183,184,185],"class_list":{"0":"post-2975","1":"product","2":"type-product","3":"status-publish","4":"has-post-thumbnail","6":"product_cat-soporte-y-montaje","7":"product_tag-accesorios-dahua","8":"product_tag-gabinetes","9":"product_tag-lentes","10":"product_tag-microfonos","11":"product_tag-probadores-de-video","12":"product_tag-soporte-y-montaje","13":"product_tag-teclados-y-joystick","14":"product_tag-tranceptores","16":"first","17":"instock","18":"sale","19":"taxable","20":"shipping-taxable","21":"purchasable","22":"product-type-simple"},"aioseo_notices":[],"_links":{"self":[{"href":"https:\/\/tecsecmty.com\/index.php\/wp-json\/wp\/v2\/product\/2975","targetHints":{"allow":["GET"]}}],"collection":[{"href":"https:\/\/tecsecmty.com\/index.php\/wp-json\/wp\/v2\/product"}],"about":[{"href":"https:\/\/tecsecmty.com\/index.php\/wp-json\/wp\/v2\/types\/product"}],"replies":[{"embeddable":true,"href":"https:\/\/tecsecmty.com\/index.php\/wp-json\/wp\/v2\/comments?post=2975"}],"version-history":[{"count":0,"href":"https:\/\/tecsecmty.com\/index.php\/wp-json\/wp\/v2\/product\/2975\/revisions"}],"wp:featuredmedia":[{"embeddable":true,"href":"https:\/\/tecsecmty.com\/index.php\/wp-json\/wp\/v2\/media\/2974"}],"wp:attachment":[{"href":"https:\/\/tecsecmty.com\/index.php\/wp-json\/wp\/v2\/media?parent=2975"}],"wp:term":[{"taxonomy":"product_brand","embeddable":true,"href":"https:\/\/tecsecmty.com\/index.php\/wp-json\/wp\/v2\/product_brand?post=2975"},{"taxonomy":"product_cat","embeddable":true,"href":"https:\/\/tecsecmty.com\/index.php\/wp-json\/wp\/v2\/product_cat?post=2975"},{"taxonomy":"product_tag","embeddable":true,"href":"https:\/\/tecsecmty.com\/index.php\/wp-json\/wp\/v2\/product_tag?post=2975"}],"curies":[{"name":"wp","href":"https:\/\/api.w.org\/{rel}","templated":true}]}}