{"id":2985,"date":"2023-02-22T22:10:29","date_gmt":"2023-02-23T04:10:29","guid":{"rendered":"https:\/\/tecsecmty.com\/index.php\/producto\/dahua-pfb203w-brazo-de-pared-para-camaras-domo-dahua-hdw2120-2220-2221rz-hdw1000-1100r-hdw1120-1220-1320s-hdw2120\/"},"modified":"2023-03-22T23:23:03","modified_gmt":"2023-03-23T05:23:03","slug":"dahua-pfb203w-brazo-de-pared-para-camaras-domo-dahua-hdw2120-2220-2221rz-hdw1000-1100r-hdw1120-1220-1320s-hdw2120","status":"publish","type":"product","link":"https:\/\/tecsecmty.com\/index.php\/producto\/dahua-pfb203w-brazo-de-pared-para-camaras-domo-dahua-hdw2120-2220-2221rz-hdw1000-1100r-hdw1120-1220-1320s-hdw2120\/","title":{"rendered":"DAHUA PFB203W &#8211; Brazo de pared para camaras domo DAHUA \/ HDW2120 \/ 2220 \/ 2221RZ \/ HDW1000 \/ 1100R \/ HDW1120 \/ 1220 \/ 1320S \/ HDW2120"},"content":{"rendered":"<div class=\"row aling-items-center padding-bottom-2x\">\n<div class=\"col-lg-12\">\n<h5 class=\"card-title text-center\">Informaci\u00f3n General<\/h5>\n<p>El\u00a0<strong>PFB203W<\/strong>\u00a0es un brazo de pared para c\u00e1maras domo de la marca Dahua, el brazo est\u00e1 construido de un material de aluminio\u00a0el cual le permite soportar hasta 1Kg de peso, sus medidas: 160 x 122 x 76mm.<\/p>\n<p><img decoding=\"async\" class=\"overview-center-img-web\" src=\"https:\/\/tvc.mx\/media\/483666\/brazo-de-pafed-para-camaras-domo--PFB203W-Dahua.png\" alt=\"\" \/><\/div>\n<\/div>\n<div class=\"row align-items-center padding-bottom-2x\">\n<div class=\"col-md-5\"><img decoding=\"async\" class=\"d-block m-auto img-thumbnail\" src=\"https:\/\/tvc.mx\/media\/40026\/aplicacion%2520brazo.png\" alt=\" \" \/><\/div>\n<div class=\"col-md-7 text-md-left text-center\">\n<h2>Compatibilidad<\/h2>\n<p class=\"text-muted\">\n<p>El\u00a0<strong>PFB203W<\/strong>\u00a0es un soporte compatible con m\u00faltiples modelos de c\u00e1maras domo Dahua, para una mejor recomendaci\u00f3n sugerimos revisar la lista de accesorios compatibles de dahua adjunta en los documentos.<\/p>\n<p>&nbsp;<\/p>\n<\/div>\n<\/div>\n<hr class=\"padding-bottom-2x\" \/>\n<div class=\"row align-items-center padding-bottom-2x\">\n<div class=\"col-md-5 order-md-2\"><img decoding=\"async\" class=\"d-block m-auto img-thumbnail\" src=\"https:\/\/tvc.mx\/media\/483668\/brazo-de-pafed-para-camaras-domo--PFB203W-Dahua-caracteristicas.png\" alt=\" \" \/><\/div>\n<div class=\"col-md-7 order-md-1 text-md-left text-center\">\n<h2>Principales Caracter\u00edsticas<\/h2>\n<p class=\"text-muted\">\n<ul>\n<li>Material: Aluminio.<\/li>\n<li>Dimensi\u00f3n (W x H x D): 160mm(W) x 122mm(H) x 76mm(D).<\/li>\n<li>Temperatura de operaci\u00f3n: -40\u00baC ~ 60\u00baC.<\/li>\n<li>Humedad: 0~90% RH.<\/li>\n<li>Carga: 1.0Kg.<\/li>\n<li>Peso: 0.50kg.<\/li>\n<li>Color: Blanco<\/li>\n<li>Modelos Compatibles: HDW2120, HDW2220, HDW2221RZ, HDW1000, HDW1100R, HDW1120, HDW1220, HDW1320S, HDW2120.<\/li>\n<\/ul>\n<p>&nbsp;<\/p>\n<\/div>\n<\/div>\n<hr class=\"padding-bottom-2x\" \/>\n<div class=\"row align-items-center padding-bottom-2x\">\n<div class=\"col-md-5\"><img decoding=\"async\" class=\"d-block m-auto img-thumbnail\" src=\"https:\/\/tvc.mx\/media\/451743\/DH_PFB203W_BRAZO_PARED_PARA_CAMARAS_DOMO_HDW2120.png\" alt=\" DAHUA PFB203W - Brazo de pared para camaras domo DAHUA \/ HDW2120\" \/><\/div>\n<div class=\"col-md-7 text-md-left text-center\">\n<h2>Incluye:<\/h2>\n<p class=\"text-muted\">\n<ul>\n<li>Brazo de pared para c\u00e1maras DOMO<\/li>\n<li>Tornillos<\/li>\n<li>Taquetes<\/li>\n<li>P\u00f3liza de Garant\u00eda<\/li>\n<\/ul>\n<\/div>\n<\/div>\n","protected":false},"excerpt":{"rendered":"<p>Informaci\u00f3n General El\u00a0PFB203W\u00a0es un brazo de pared para c\u00e1maras domo de la marca Dahua, el brazo est\u00e1 construido de un material de aluminio\u00a0el cual le permite soportar hasta 1Kg de peso, sus medidas: 160 x 122 x 76mm. Compatibilidad El\u00a0PFB203W\u00a0es un soporte compatible con m\u00faltiples&hellip;<\/p>\n","protected":false},"featured_media":2984,"comment_status":"open","ping_status":"closed","template":"","meta":{"om_disable_all_campaigns":false,"_monsterinsights_skip_tracking":false,"_monsterinsights_sitenote_active":false,"_monsterinsights_sitenote_note":"","_monsterinsights_sitenote_category":0},"product_brand":[],"product_cat":[190],"product_tag":[178,179,180,181,182,183,184,185],"class_list":{"0":"post-2985","1":"product","2":"type-product","3":"status-publish","4":"has-post-thumbnail","6":"product_cat-soporte-y-montaje","7":"product_tag-accesorios-dahua","8":"product_tag-gabinetes","9":"product_tag-lentes","10":"product_tag-microfonos","11":"product_tag-probadores-de-video","12":"product_tag-soporte-y-montaje","13":"product_tag-teclados-y-joystick","14":"product_tag-tranceptores","16":"first","17":"instock","18":"sale","19":"taxable","20":"shipping-taxable","21":"purchasable","22":"product-type-simple"},"aioseo_notices":[],"_links":{"self":[{"href":"https:\/\/tecsecmty.com\/index.php\/wp-json\/wp\/v2\/product\/2985","targetHints":{"allow":["GET"]}}],"collection":[{"href":"https:\/\/tecsecmty.com\/index.php\/wp-json\/wp\/v2\/product"}],"about":[{"href":"https:\/\/tecsecmty.com\/index.php\/wp-json\/wp\/v2\/types\/product"}],"replies":[{"embeddable":true,"href":"https:\/\/tecsecmty.com\/index.php\/wp-json\/wp\/v2\/comments?post=2985"}],"version-history":[{"count":0,"href":"https:\/\/tecsecmty.com\/index.php\/wp-json\/wp\/v2\/product\/2985\/revisions"}],"wp:featuredmedia":[{"embeddable":true,"href":"https:\/\/tecsecmty.com\/index.php\/wp-json\/wp\/v2\/media\/2984"}],"wp:attachment":[{"href":"https:\/\/tecsecmty.com\/index.php\/wp-json\/wp\/v2\/media?parent=2985"}],"wp:term":[{"taxonomy":"product_brand","embeddable":true,"href":"https:\/\/tecsecmty.com\/index.php\/wp-json\/wp\/v2\/product_brand?post=2985"},{"taxonomy":"product_cat","embeddable":true,"href":"https:\/\/tecsecmty.com\/index.php\/wp-json\/wp\/v2\/product_cat?post=2985"},{"taxonomy":"product_tag","embeddable":true,"href":"https:\/\/tecsecmty.com\/index.php\/wp-json\/wp\/v2\/product_tag?post=2985"}],"curies":[{"name":"wp","href":"https:\/\/api.w.org\/{rel}","templated":true}]}}