{"id":2987,"date":"2023-02-22T22:10:31","date_gmt":"2023-02-23T04:10:31","guid":{"rendered":"https:\/\/tecsecmty.com\/index.php\/producto\/dahua-pfb204w-brazo-de-pared-para-camaras-domo-dahua-hdaw1100m-hdaw1200m-hdabw2120f-hdabw2220fm-hdaw1200ema\/"},"modified":"2023-03-22T23:23:03","modified_gmt":"2023-03-23T05:23:03","slug":"dahua-pfb204w-brazo-de-pared-para-camaras-domo-dahua-hdaw1100m-hdaw1200m-hdabw2120f-hdabw2220fm-hdaw1200ema","status":"publish","type":"product","link":"https:\/\/tecsecmty.com\/index.php\/producto\/dahua-pfb204w-brazo-de-pared-para-camaras-domo-dahua-hdaw1100m-hdaw1200m-hdabw2120f-hdabw2220fm-hdaw1200ema\/","title":{"rendered":"DAHUA PFB204W &#8211; Brazo de pared para camaras domo DAHUA \/ HDAW1100M \/ HDAW1200M \/ HDABW2120F \/ HDABW2220FM \/ HDAW1200EMA"},"content":{"rendered":"<div class=\"row aling-items-center padding-bottom-2x\">\n<div class=\"col-lg-12\">\n<h5 class=\"card-title text-center\">Informaci\u00f3n General<\/h5>\n<p>EL\u00a0<strong>PFB204W<\/strong>\u00a0es un brazo de pared para c\u00e1maras mini domo de la marca Dahua, el brazo est\u00e1 construido de un material de aluminio el cual le permite soportar hasta 1Kg de peso.<\/p>\n<p>Permite el paso interno de cableado y cuenta con m\u00faltiples orificios para instalaci\u00f3n de diferentes tipos de domos, este modelo es\u00a0a prueba de agua\u00a0apto para uso en exterior.<\/p>\n<p>Tiene una funci\u00f3n muy \u00fatil para ocultar los cables y conectores que salen de la c\u00e1mara.<\/p>\n<p><img decoding=\"async\" class=\"overview-center-img-web\" src=\"https:\/\/tvc.mx\/media\/483662\/brazo-de-pared-para-camaras-domo-PFB204W-dahua.png\" alt=\"\" \/><\/div>\n<\/div>\n<div class=\"row aling-items-center padding-bottom-2x\">\n<div class=\"col-lg-12\">\n<h5 class=\"card-title text-center\">Amplia Compatibilidad<\/h5>\n<p>El brazo de pared\u00a0<strong>PFB204W<\/strong>\u00a0es compatible con las c\u00e1maras Dahua HDAW1100M \/ HDAW1200M \/ HDABW2120F \/ HDABW2220FM \/ HDAW1200EMA<\/p>\n<p><img decoding=\"async\" class=\"overview-center-img-web\" src=\"https:\/\/tvc.mx\/media\/48663\/monotada.png\" alt=\"\" \/><\/div>\n<\/div>\n<div class=\"row align-items-center padding-bottom-2x\">\n<div class=\"col-md-5\"><img decoding=\"async\" class=\"d-block m-auto img-thumbnail\" src=\"https:\/\/tvc.mx\/media\/483664\/brazo-de-pared-para-camaras-domo-PFB204W-dahua-caracteristicas.png\" alt=\" \" \/><\/div>\n<div class=\"col-md-7 text-md-left text-center\">\n<h2>Principales caracter\u00edsticas<\/h2>\n<p class=\"text-muted\">\n<ul>\n<li>Material: Aluminio &amp; SECC<\/li>\n<li>Color: blanco<\/li>\n<li>Compatible con: DH-PFB204W\u00a0 y PFB204W<\/li>\n<li>Temperaturas de uso: -40\u00baC~+60\u00baC(-40\u2109~+140\u2109)<\/li>\n<li>Medidas: 160mmx122mmx76mm (6.30\u201dx4.80\u201dx2.99\u201d)<\/li>\n<\/ul>\n<\/div>\n<\/div>\n","protected":false},"excerpt":{"rendered":"<p>Informaci\u00f3n General EL\u00a0PFB204W\u00a0es un brazo de pared para c\u00e1maras mini domo de la marca Dahua, el brazo est\u00e1 construido de un material de aluminio el cual le permite soportar hasta 1Kg de peso. Permite el paso interno de cableado y cuenta con m\u00faltiples orificios para&hellip;<\/p>\n","protected":false},"featured_media":2986,"comment_status":"open","ping_status":"closed","template":"","meta":{"om_disable_all_campaigns":false,"_monsterinsights_skip_tracking":false,"_monsterinsights_sitenote_active":false,"_monsterinsights_sitenote_note":"","_monsterinsights_sitenote_category":0},"product_brand":[],"product_cat":[190],"product_tag":[178,179,180,181,182,183,184,185],"class_list":{"0":"post-2987","1":"product","2":"type-product","3":"status-publish","4":"has-post-thumbnail","6":"product_cat-soporte-y-montaje","7":"product_tag-accesorios-dahua","8":"product_tag-gabinetes","9":"product_tag-lentes","10":"product_tag-microfonos","11":"product_tag-probadores-de-video","12":"product_tag-soporte-y-montaje","13":"product_tag-teclados-y-joystick","14":"product_tag-tranceptores","16":"first","17":"instock","18":"sale","19":"taxable","20":"shipping-taxable","21":"purchasable","22":"product-type-simple"},"aioseo_notices":[],"_links":{"self":[{"href":"https:\/\/tecsecmty.com\/index.php\/wp-json\/wp\/v2\/product\/2987","targetHints":{"allow":["GET"]}}],"collection":[{"href":"https:\/\/tecsecmty.com\/index.php\/wp-json\/wp\/v2\/product"}],"about":[{"href":"https:\/\/tecsecmty.com\/index.php\/wp-json\/wp\/v2\/types\/product"}],"replies":[{"embeddable":true,"href":"https:\/\/tecsecmty.com\/index.php\/wp-json\/wp\/v2\/comments?post=2987"}],"version-history":[{"count":0,"href":"https:\/\/tecsecmty.com\/index.php\/wp-json\/wp\/v2\/product\/2987\/revisions"}],"wp:featuredmedia":[{"embeddable":true,"href":"https:\/\/tecsecmty.com\/index.php\/wp-json\/wp\/v2\/media\/2986"}],"wp:attachment":[{"href":"https:\/\/tecsecmty.com\/index.php\/wp-json\/wp\/v2\/media?parent=2987"}],"wp:term":[{"taxonomy":"product_brand","embeddable":true,"href":"https:\/\/tecsecmty.com\/index.php\/wp-json\/wp\/v2\/product_brand?post=2987"},{"taxonomy":"product_cat","embeddable":true,"href":"https:\/\/tecsecmty.com\/index.php\/wp-json\/wp\/v2\/product_cat?post=2987"},{"taxonomy":"product_tag","embeddable":true,"href":"https:\/\/tecsecmty.com\/index.php\/wp-json\/wp\/v2\/product_tag?post=2987"}],"curies":[{"name":"wp","href":"https:\/\/api.w.org\/{rel}","templated":true}]}}