{"id":2989,"date":"2023-02-22T22:10:32","date_gmt":"2023-02-23T04:10:32","guid":{"rendered":"https:\/\/tecsecmty.com\/index.php\/producto\/dahua-pfb220c-montaje-de-techo-para-camaras-dahua-mini-domo\/"},"modified":"2023-03-22T23:23:03","modified_gmt":"2023-03-23T05:23:03","slug":"dahua-pfb220c-montaje-de-techo-para-camaras-dahua-mini-domo","status":"publish","type":"product","link":"https:\/\/tecsecmty.com\/index.php\/producto\/dahua-pfb220c-montaje-de-techo-para-camaras-dahua-mini-domo\/","title":{"rendered":"DAHUA PFB220C- Montaje de Techo para Camaras Dahua Mini Domo"},"content":{"rendered":"<div class=\"row aling-items-center padding-bottom-2x\">\n<div class=\"col-lg-12\">\n<h5 class=\"card-title text-center\">Informaci\u00f3n General<\/h5>\n<p>El\u00a0<strong>PFB220C\u00a0<\/strong>esta dise\u00f1ado para una mejor instalaci\u00f3n de las c\u00e1maras domo compatibles, las dimensiones del soporte son \u03a6128.8mm x 767.0mm, con un peso de 0.9kg el cual puede soportar un peso m\u00e1ximo de 2kg, esta dise\u00f1ado para funcionar en temperaturas de -40\u00b0C ~ 60\u00b0C lo que hace que soporte el exterior como el interior, en exterior depender\u00e1 del indice de protecci\u00f3n de la c\u00e1mara que se instalara sobre el soporte.<\/p>\n<p><img decoding=\"async\" class=\"overview-center-img-web\" src=\"https:\/\/tvc.mx\/media\/476830\/montaje-de-techo-para-camaras-mini-domo-PFB220C-Dahua.png\" alt=\"\" \/><\/div>\n<\/div>\n<div class=\"row align-items-center padding-bottom-2x\">\n<div class=\"col-md-5\"><img decoding=\"async\" class=\"d-block m-auto img-thumbnail\" src=\"https:\/\/tvc.mx\/media\/32185\/PFB220C3.jpg\" alt=\" \" \/><\/div>\n<div class=\"col-md-7 text-md-left text-center\">\n<h2>Material Ligero<\/h2>\n<p class=\"text-muted\">\n<p>El\u00a0<strong>PFB220C\u00a0<\/strong>esta construido de Aluminio lo cual lo hace un soporte muy ligero en comparaci\u00f3n a otros materiales por ejemplo con el Acero en el PTR, ademas de que en el caso del PTR tiene que realizarse varias modificaciones para poder fijar la c\u00e1mara en cuesti\u00f3n. El soporte\u00a0<strong>PFB220C\u00a0<\/strong>viene dise\u00f1ado para fijar la c\u00e1mara sin necesidad de modificaciones adicionales.<\/p>\n<p>&nbsp;<\/p>\n<\/div>\n<\/div>\n<hr class=\"padding-bottom-2x\" \/>\n<div class=\"row align-items-center padding-bottom-2x\">\n<div class=\"col-md-5 order-md-2\"><img decoding=\"async\" class=\"d-block m-auto img-thumbnail\" src=\"https:\/\/tvc.mx\/media\/32191\/tem.jpg\" alt=\" \" \/><\/div>\n<div class=\"col-md-7 order-md-1 text-md-left text-center\">\n<h2>Temperatura de Operaci\u00f3n<\/h2>\n<p class=\"text-muted\">\n<p>El\u00a0<strong>PFB220C\u00a0<\/strong>soporta temperatura de operaci\u00f3n que va desde &#8211; 40\u00b0C hasta 60\u00b0C, lo cual indica que el soporte puede estar a la intemperie, esto depender\u00e1 tambi\u00e9n de la c\u00e1mara a instalar si esta maneje alg\u00fan indice de protecci\u00f3n.<\/p>\n<p>&nbsp;<\/p>\n<\/div>\n<\/div>\n<hr class=\"padding-bottom-2x\" \/>\n<div class=\"row align-items-center padding-bottom-2x\">\n<div class=\"col-md-5\"><img decoding=\"async\" class=\"d-block m-auto img-thumbnail\" src=\"https:\/\/tvc.mx\/media\/32194\/acceso.jpg\" alt=\" \" \/><\/div>\n<div class=\"col-md-7 text-md-left text-center\">\n<h2>Compatibilidad<\/h2>\n<p class=\"text-muted\">\n<p>El\u00a0<strong>PFB220C\u00a0<\/strong>es un montaje para techo que puede ser instalado con varios modelos de c\u00e1maras dahua, siempre y cuando se usen otros complementos como el PFA117 para tener mas alcance del objetivo a visualizar y tambi\u00e9n se puede complementar con el PFA106 con los cuales se puede tener mejores condiciones de las c\u00e1maras a utilizar.<\/p>\n<p><strong>Los accesorios mostrados en la imagen se venden por separado.<\/strong><\/p>\n<p>&nbsp;<\/p>\n<\/div>\n<\/div>\n<hr class=\"padding-bottom-2x\" \/>\n<div class=\"row align-items-center padding-bottom-2x\">\n<div class=\"col-md-5 order-md-2\"><img decoding=\"async\" class=\"d-block m-auto img-thumbnail\" src=\"https:\/\/tvc.mx\/media\/476832\/montaje-de-techo-para-camaras-mini-domo-PFB220C-Dahua-caracteristicas.png\" alt=\" \" \/><\/div>\n<div class=\"col-md-7 order-md-1 text-md-left text-center\">\n<h2>Principales Caracter\u00edsticas<\/h2>\n<p class=\"text-muted\">\n<ul>\n<li>Soporte de montaje en techo<\/li>\n<li>Material Aluminio<\/li>\n<li>Dimensi\u00f3n \u03a6128.8mm x 767.0mm<\/li>\n<li>Peso 0.9kg<\/li>\n<li>Soporte de Carga 2kg<\/li>\n<li>Color Blanco<\/li>\n<li>Temperatura de Funcionamiento -40\u00baC ~60 \u00baC<\/li>\n<li>Humedad &lt;90% RH<\/li>\n<li>Modelo Compatible con DH-PFA106, DH-PFA117<\/li>\n<\/ul>\n<\/div>\n<\/div>\n","protected":false},"excerpt":{"rendered":"<p>Informaci\u00f3n General El\u00a0PFB220C\u00a0esta dise\u00f1ado para una mejor instalaci\u00f3n de las c\u00e1maras domo compatibles, las dimensiones del soporte son \u03a6128.8mm x 767.0mm, con un peso de 0.9kg el cual puede soportar un peso m\u00e1ximo de 2kg, esta dise\u00f1ado para funcionar en temperaturas de -40\u00b0C ~ 60\u00b0C&hellip;<\/p>\n","protected":false},"featured_media":2988,"comment_status":"open","ping_status":"closed","template":"","meta":{"om_disable_all_campaigns":false,"_monsterinsights_skip_tracking":false,"_monsterinsights_sitenote_active":false,"_monsterinsights_sitenote_note":"","_monsterinsights_sitenote_category":0},"product_brand":[],"product_cat":[190],"product_tag":[178,179,180,181,182,183,184,185],"class_list":{"0":"post-2989","1":"product","2":"type-product","3":"status-publish","4":"has-post-thumbnail","6":"product_cat-soporte-y-montaje","7":"product_tag-accesorios-dahua","8":"product_tag-gabinetes","9":"product_tag-lentes","10":"product_tag-microfonos","11":"product_tag-probadores-de-video","12":"product_tag-soporte-y-montaje","13":"product_tag-teclados-y-joystick","14":"product_tag-tranceptores","16":"first","17":"instock","18":"sale","19":"taxable","20":"shipping-taxable","21":"purchasable","22":"product-type-simple"},"aioseo_notices":[],"_links":{"self":[{"href":"https:\/\/tecsecmty.com\/index.php\/wp-json\/wp\/v2\/product\/2989","targetHints":{"allow":["GET"]}}],"collection":[{"href":"https:\/\/tecsecmty.com\/index.php\/wp-json\/wp\/v2\/product"}],"about":[{"href":"https:\/\/tecsecmty.com\/index.php\/wp-json\/wp\/v2\/types\/product"}],"replies":[{"embeddable":true,"href":"https:\/\/tecsecmty.com\/index.php\/wp-json\/wp\/v2\/comments?post=2989"}],"version-history":[{"count":0,"href":"https:\/\/tecsecmty.com\/index.php\/wp-json\/wp\/v2\/product\/2989\/revisions"}],"wp:featuredmedia":[{"embeddable":true,"href":"https:\/\/tecsecmty.com\/index.php\/wp-json\/wp\/v2\/media\/2988"}],"wp:attachment":[{"href":"https:\/\/tecsecmty.com\/index.php\/wp-json\/wp\/v2\/media?parent=2989"}],"wp:term":[{"taxonomy":"product_brand","embeddable":true,"href":"https:\/\/tecsecmty.com\/index.php\/wp-json\/wp\/v2\/product_brand?post=2989"},{"taxonomy":"product_cat","embeddable":true,"href":"https:\/\/tecsecmty.com\/index.php\/wp-json\/wp\/v2\/product_cat?post=2989"},{"taxonomy":"product_tag","embeddable":true,"href":"https:\/\/tecsecmty.com\/index.php\/wp-json\/wp\/v2\/product_tag?post=2989"}],"curies":[{"name":"wp","href":"https:\/\/api.w.org\/{rel}","templated":true}]}}