{"id":3005,"date":"2023-02-22T22:10:51","date_gmt":"2023-02-23T04:10:51","guid":{"rendered":"https:\/\/tecsecmty.com\/index.php\/producto\/dahua-pfm820-control-para-cambiar-de-tecnologia-en-camaras-dahua-hdcvi-serie-s3-hdcvi-hdtvi-a-hd-cvbs\/"},"modified":"2023-03-22T23:23:05","modified_gmt":"2023-03-23T05:23:05","slug":"dahua-pfm820-control-para-cambiar-de-tecnologia-en-camaras-dahua-hdcvi-serie-s3-hdcvi-hdtvi-a-hd-cvbs","status":"publish","type":"product","link":"https:\/\/tecsecmty.com\/index.php\/producto\/dahua-pfm820-control-para-cambiar-de-tecnologia-en-camaras-dahua-hdcvi-serie-s3-hdcvi-hdtvi-a-hd-cvbs\/","title":{"rendered":"DAHUA PFM820 &#8211; Control para cambiar de tecnologia en camaras DAHUA HDCVI serie S3 \/ HDCVI \/ HDTVI \/ A HD \/ CVBS"},"content":{"rendered":"<div class=\"col-md-5 order-md-2\"><img decoding=\"async\" class=\"d-block m-auto img-thumbnail\" src=\"https:\/\/tvc.mx\/media\/50124\/PFM820-ppal.png\" alt=\" \" \/><\/div>\n<div class=\"col-md-7 order-md-1 text-md-left text-center\">\n<h2>Informaci\u00f3n Principal<\/h2>\n<p class=\"text-muted\">\n<p class=\"ql-align-justify\">El modelo\u00a0<strong>PFM820\u00a0<\/strong>es un control con el podremos cambiar de tecnolog\u00eda en c\u00e1maras DAHUA HDCVI de la serie S3, con lo que soporta hasta 4 tipos de formato: HDCVI, HDTVI, AHD y CVBS. Cuenta con luces indicadoras con las cuales podr\u00e1 visualizar que tipo de tecnolog\u00eda est\u00e1 utilizando actualmente y as\u00ed poder asegurarse si el cambio fue exitoso.<\/p>\n<h5><\/h5>\n<h5>Nota: Solo para c\u00e1maras de 2 MP o menor<\/h5>\n<\/div>\n<p>&nbsp;<\/p>\n<p>&nbsp;<\/p>\n<p>&nbsp;<\/p>\n<p>&nbsp;<\/p>\n<p>&nbsp;<\/p>\n<p>&nbsp;<\/p>\n<p>&nbsp;<\/p>\n<p>&nbsp;<\/p>\n<p>&nbsp;<\/p>\n<p>&nbsp;<\/p>\n<hr class=\"padding-bottom-2x\" \/>\n<div class=\"row aling-items-center padding-bottom-2x\">\n<div class=\"col-lg-12\">\n<h5 class=\"card-title text-center\">Principales Caracter\u00edsticas<\/h5>\n<ul>\n<li class=\"ql-align-justify\">Soporta diferentes formatos HDCVI\/ AHD\/ HDTVI\/ CVBS.<\/li>\n<li class=\"ql-align-justify\">Aplicable solo a c\u00e1maras HDCVI serie S3.<\/li>\n<li class=\"ql-align-justify\">Luces indicadoras.<\/li>\n<li class=\"ql-align-justify\">Fuente de alimentaci\u00f3n 2 bater\u00edas AAA (no incluye bater\u00edas).<\/li>\n<li class=\"ql-align-justify\">Consumo de Energ\u00eda 0.3W.<\/li>\n<li class=\"ql-align-justify\">Temperatura de operaci\u00f3n 0C\u00ba a 40\u00baC.<\/li>\n<li class=\"ql-align-justify\">Humedad relativa 0 a 95%.<\/li>\n<li class=\"ql-align-justify\">Dimensiones: cuerpo 9cm x 4.1cm x 2.1cm y longitud 5.6cm.<\/li>\n<li class=\"ql-align-justify\">Peso 48g.<\/li>\n<li class=\"ql-align-justify\">Color Blanco.<\/li>\n<\/ul>\n<p><img decoding=\"async\" class=\"overview-center-img-web\" src=\"https:\/\/tvc.mx\/media\/50127\/Logo-dahua-1920x400.png\" alt=\"\" \/><\/div>\n<\/div>\n","protected":false},"excerpt":{"rendered":"<p>Informaci\u00f3n Principal El modelo\u00a0PFM820\u00a0es un control con el podremos cambiar de tecnolog\u00eda en c\u00e1maras DAHUA HDCVI de la serie S3, con lo que soporta hasta 4 tipos de formato: HDCVI, HDTVI, AHD y CVBS. Cuenta con luces indicadoras con las cuales podr\u00e1 visualizar que tipo&hellip;<\/p>\n","protected":false},"featured_media":3004,"comment_status":"open","ping_status":"closed","template":"","meta":{"om_disable_all_campaigns":false,"_monsterinsights_skip_tracking":false,"_monsterinsights_sitenote_active":false,"_monsterinsights_sitenote_note":"","_monsterinsights_sitenote_category":0},"product_brand":[],"product_cat":[191],"product_tag":[178,179,180,181,182,183,184,185],"class_list":{"0":"post-3005","1":"product","2":"type-product","3":"status-publish","4":"has-post-thumbnail","6":"product_cat-teclados-y-joystick","7":"product_tag-accesorios-dahua","8":"product_tag-gabinetes","9":"product_tag-lentes","10":"product_tag-microfonos","11":"product_tag-probadores-de-video","12":"product_tag-soporte-y-montaje","13":"product_tag-teclados-y-joystick","14":"product_tag-tranceptores","16":"first","17":"instock","18":"sale","19":"taxable","20":"shipping-taxable","21":"purchasable","22":"product-type-simple"},"aioseo_notices":[],"_links":{"self":[{"href":"https:\/\/tecsecmty.com\/index.php\/wp-json\/wp\/v2\/product\/3005","targetHints":{"allow":["GET"]}}],"collection":[{"href":"https:\/\/tecsecmty.com\/index.php\/wp-json\/wp\/v2\/product"}],"about":[{"href":"https:\/\/tecsecmty.com\/index.php\/wp-json\/wp\/v2\/types\/product"}],"replies":[{"embeddable":true,"href":"https:\/\/tecsecmty.com\/index.php\/wp-json\/wp\/v2\/comments?post=3005"}],"version-history":[{"count":0,"href":"https:\/\/tecsecmty.com\/index.php\/wp-json\/wp\/v2\/product\/3005\/revisions"}],"wp:featuredmedia":[{"embeddable":true,"href":"https:\/\/tecsecmty.com\/index.php\/wp-json\/wp\/v2\/media\/3004"}],"wp:attachment":[{"href":"https:\/\/tecsecmty.com\/index.php\/wp-json\/wp\/v2\/media?parent=3005"}],"wp:term":[{"taxonomy":"product_brand","embeddable":true,"href":"https:\/\/tecsecmty.com\/index.php\/wp-json\/wp\/v2\/product_brand?post=3005"},{"taxonomy":"product_cat","embeddable":true,"href":"https:\/\/tecsecmty.com\/index.php\/wp-json\/wp\/v2\/product_cat?post=3005"},{"taxonomy":"product_tag","embeddable":true,"href":"https:\/\/tecsecmty.com\/index.php\/wp-json\/wp\/v2\/product_tag?post=3005"}],"curies":[{"name":"wp","href":"https:\/\/api.w.org\/{rel}","templated":true}]}}