{"id":3013,"date":"2023-02-22T22:11:02","date_gmt":"2023-02-23T04:11:02","guid":{"rendered":"https:\/\/tecsecmty.com\/index.php\/producto\/dahua-pfm8004mppakiv-paquete-de-50-pares-de-transceptores-pasivos-hdcvi-4k-6-mp-4-mp-transmision-video-4-mp-200-metros-250-metros-1080p-400-metros-720p\/"},"modified":"2023-03-08T16:31:43","modified_gmt":"2023-03-08T22:31:43","slug":"dahua-pfm8004mppakiv-paquete-de-50-pares-de-transceptores-pasivos-hdcvi-4k-6-mp-4-mp-transmision-video-4-mp-200-metros-250-metros-1080p-400-metros-720p","status":"publish","type":"product","link":"https:\/\/tecsecmty.com\/index.php\/producto\/dahua-pfm8004mppakiv-paquete-de-50-pares-de-transceptores-pasivos-hdcvi-4k-6-mp-4-mp-transmision-video-4-mp-200-metros-250-metros-1080p-400-metros-720p\/","title":{"rendered":"DAHUA PFM8004MPPAKIV &#8211; Paquete de 50 pares de transceptores pasivos HDCVI 4K \/ 6 MP \/ 4 MP \/ Transmisi\u00f3n video 4 MP 200 metros \/ 250 Metros 1080p \/ 400 Metros 720p"},"content":{"rendered":"<div class=\"row aling-items-center padding-bottom-2x\">\n<div class=\"col-lg-12\">\n<h5 class=\"card-title text-center\">Informaci\u00f3n General<\/h5>\n<p>Los transceptores modelo PFM8004K son transceptores pasivos ( no requieren alimentaci\u00f3n ) ideales para sistemas de video vigilancia (c\u00e1maras y dvr) que operan en formatos de alta resoluci\u00f3n. Soporta resoluciones de 4K,5MP.4MP, 1080P y 720P, lo cual permite a las c\u00e1maras transmitir video a distancias de hasta 200 metros para resoluci\u00f3n de 4MK<\/p>\n<p><img decoding=\"async\" class=\"overview-center-img-web\" src=\"https:\/\/tvc.mx\/media\/111049\/dahua-pfm8004mp-transceptores-pasivos-4-mp.png\" alt=\"\" \/><\/div>\n<\/div>\n<div class=\"row aling-items-center padding-bottom-2x\">\n<div class=\"col-lg-12\">\n<h5 class=\"card-title text-center\">Formatos compatibles<\/h5>\n<p>Estos transceptores son compatibles con los formatos que existen en el mercado actual: HDCVI \/ TVC \/ AHD \/ CVBS.<\/p>\n<p><img decoding=\"async\" class=\"overview-center-img-web\" src=\"https:\/\/tvc.mx\/media\/111057\/dahua-pfm8004mp-transceptores-pasivos-compatibilidad.png\" alt=\"\" \/><\/div>\n<\/div>\n<div class=\"row aling-items-center padding-bottom-2x\">\n<div class=\"col-lg-12\">\n<h5 class=\"card-title text-center\">Protecci\u00f3n ESD<\/h5>\n<p>Las siglas ESD se relacionan con la descarga electrost\u00e1tica, un fen\u00f3meno que hace que circule una corriente el\u00e9ctrica repentina y moment\u00e1nea entre dos objetos de distinto potencial el\u00e9ctrico. Nuestro transceptor esta preparado para proteger los circuitos electr\u00f3nicos contra los da\u00f1os causados por eventos de sobretensi\u00f3n, antiest\u00e1ticas y anti-interferencia.<\/p>\n<p><img decoding=\"async\" class=\"overview-center-img-web\" src=\"https:\/\/tvc.mx\/media\/111065\/dahua-pfm8004mp-transceptores-pasivos-4-mp-ESD.png\" alt=\"\" \/><\/div>\n<\/div>\n<div class=\"row aling-items-center padding-bottom-2x\">\n<div class=\"col-lg-12\">\n<h5 class=\"card-title text-center\">Principales caracter\u00edsticas.<\/h5>\n<ul>\n<li class=\"ql-align-justify\">Paquete de 50 pares de transceptores pasivos<\/li>\n<li class=\"ql-align-justify\">Formatos compatibles HDCVI\/AHD\/TVI\/CVBS.<\/li>\n<li class=\"ql-align-justify\">Resoluci\u00f3n\u00a04K \/ 5MP \/ 4MP \/ 1080P \/ 720P.<\/li>\n<li class=\"ql-align-justify\">Transmisi\u00f3n de video hasta<strong>\u00a0200 mts.<\/strong>\u00a0en\u00a0<strong>4K<\/strong>\u00a0y\u00a0<strong>4MP<\/strong>\u00a0,250 mts. en 1080P y\u00a0400mts. en 720P.<\/li>\n<li class=\"ql-align-justify\">Elimina la distorsi\u00f3n de imagen causada por loops de tierra.<\/li>\n<li class=\"ql-align-justify\">Elimina problemas como el desgaste de la imagen, diafon\u00eda etc.<\/li>\n<li class=\"ql-align-justify\">Protege el sistema de CCTV de la interferencia de cables el\u00e9ctricos.<\/li>\n<li class=\"ql-align-justify\">Integra en el circuito una protecci\u00f3n contra sobretensiones (ESD).<\/li>\n<li class=\"ql-align-justify\">Compacto, f\u00e1cil conexi\u00f3n BNC macho.<\/li>\n<li class=\"ql-align-justify\">Transceptor pasivo\u00a0no requiere\u00a0de fuente de alimentaci\u00f3n.<\/li>\n<li class=\"ql-align-justify\">Temperatura de operaci\u00f3n\u00a0-30\u00baC ~ + 70\u00baC.<\/li>\n<li class=\"ql-align-justify\">Color negro.<\/li>\n<li class=\"ql-align-justify\">Dimensiones 17.3cm*1.95cm*2.1cm.<\/li>\n<li class=\"ql-align-justify\">Peso 40gr.<\/li>\n<\/ul>\n<p><img decoding=\"async\" class=\"overview-center-img-web\" src=\"https:\/\/tvc.mx\/media\/111073\/caract.png\" alt=\"\" \/><\/div>\n<\/div>\n","protected":false},"excerpt":{"rendered":"<p>Informaci\u00f3n General Los transceptores modelo PFM8004K son transceptores pasivos ( no requieren alimentaci\u00f3n ) ideales para sistemas de video vigilancia (c\u00e1maras y dvr) que operan en formatos de alta resoluci\u00f3n. Soporta resoluciones de 4K,5MP.4MP, 1080P y 720P, lo cual permite a las c\u00e1maras transmitir video&hellip;<\/p>\n","protected":false},"featured_media":3012,"comment_status":"open","ping_status":"closed","template":"","meta":{"om_disable_all_campaigns":false,"_monsterinsights_skip_tracking":false,"_monsterinsights_sitenote_active":false,"_monsterinsights_sitenote_note":"","_monsterinsights_sitenote_category":0},"product_brand":[],"product_cat":[192],"product_tag":[178,179,180,181,182,183,184,185],"class_list":{"0":"post-3013","1":"product","2":"type-product","3":"status-publish","4":"has-post-thumbnail","6":"product_cat-transceptores","7":"product_tag-accesorios-dahua","8":"product_tag-gabinetes","9":"product_tag-lentes","10":"product_tag-microfonos","11":"product_tag-probadores-de-video","12":"product_tag-soporte-y-montaje","13":"product_tag-teclados-y-joystick","14":"product_tag-tranceptores","16":"first","17":"instock","18":"sale","19":"taxable","20":"shipping-taxable","21":"purchasable","22":"product-type-simple"},"aioseo_notices":[],"_links":{"self":[{"href":"https:\/\/tecsecmty.com\/index.php\/wp-json\/wp\/v2\/product\/3013","targetHints":{"allow":["GET"]}}],"collection":[{"href":"https:\/\/tecsecmty.com\/index.php\/wp-json\/wp\/v2\/product"}],"about":[{"href":"https:\/\/tecsecmty.com\/index.php\/wp-json\/wp\/v2\/types\/product"}],"replies":[{"embeddable":true,"href":"https:\/\/tecsecmty.com\/index.php\/wp-json\/wp\/v2\/comments?post=3013"}],"version-history":[{"count":0,"href":"https:\/\/tecsecmty.com\/index.php\/wp-json\/wp\/v2\/product\/3013\/revisions"}],"wp:featuredmedia":[{"embeddable":true,"href":"https:\/\/tecsecmty.com\/index.php\/wp-json\/wp\/v2\/media\/3012"}],"wp:attachment":[{"href":"https:\/\/tecsecmty.com\/index.php\/wp-json\/wp\/v2\/media?parent=3013"}],"wp:term":[{"taxonomy":"product_brand","embeddable":true,"href":"https:\/\/tecsecmty.com\/index.php\/wp-json\/wp\/v2\/product_brand?post=3013"},{"taxonomy":"product_cat","embeddable":true,"href":"https:\/\/tecsecmty.com\/index.php\/wp-json\/wp\/v2\/product_cat?post=3013"},{"taxonomy":"product_tag","embeddable":true,"href":"https:\/\/tecsecmty.com\/index.php\/wp-json\/wp\/v2\/product_tag?post=3013"}],"curies":[{"name":"wp","href":"https:\/\/api.w.org\/{rel}","templated":true}]}}