{"id":3017,"date":"2023-02-22T22:11:05","date_gmt":"2023-02-23T04:11:05","guid":{"rendered":"https:\/\/tecsecmty.com\/index.php\/producto\/dahua-pfm802-par-de-transceptores-pasivos-de-hasta-4-megapixeles-para-video-y-energia-distancia-de-hasta-150-metros-voltaje-de-entrada-de-12-15v-dc-cableado-por-rj-45-conectores-bnc-y-de-energia\/"},"modified":"2023-03-22T23:23:05","modified_gmt":"2023-03-23T05:23:05","slug":"dahua-pfm802-par-de-transceptores-pasivos-de-hasta-4-megapixeles-para-video-y-energia-distancia-de-hasta-150-metros-voltaje-de-entrada-de-12-15v-dc-cableado-por-rj-45-conectores-bnc-y-de-energia","status":"publish","type":"product","link":"https:\/\/tecsecmty.com\/index.php\/producto\/dahua-pfm802-par-de-transceptores-pasivos-de-hasta-4-megapixeles-para-video-y-energia-distancia-de-hasta-150-metros-voltaje-de-entrada-de-12-15v-dc-cableado-por-rj-45-conectores-bnc-y-de-energia\/","title":{"rendered":"DAHUA PFM802 &#8211; Par de Transceptores Pasivos de Hasta 4 Megap\u00edxeles para Video y Energ\u00eda\/ Distancia de Hasta 150 Metros\/ Voltaje de Entrada de 12-15V DC\/ Cableado por RJ-45\/ Conectores BNC y de Energ\u00eda\/ Soporta: HDCVI\/TVI\/AHD\/CVBS\/"},"content":{"rendered":"<div class=\"row aling-items-center padding-bottom-2x\">\n<div class=\"col-lg-12\">\n<h5 class=\"card-title text-center\">Informaci\u00f3n General<\/h5>\n<p>Transceptor pasivo ( no requiere alimentaci\u00f3n ) ideales para sistemas de video vigilancia (c\u00e1maras y dvr) que operan en formatos de alta resoluci\u00f3n. Soporta resoluciones de\u00a04 megap\u00edxeles, lo cual\u00a0permite a las c\u00e1maras\u00a0transmitir video a\u00a0distancias de hasta\u00a0150 metros<\/p>\n<p><img decoding=\"async\" class=\"overview-center-img-web\" src=\"https:\/\/tvc.mx\/media\/489774\/par-de-trasceptores-pasivos-de-4-megapixeles-PFM802-Dahua.png\" alt=\"\" \/><\/div>\n<\/div>\n<div class=\"row align-items-center padding-bottom-2x\">\n<div class=\"col-md-5 order-md-2\"><img decoding=\"async\" class=\"d-block m-auto img-thumbnail\" src=\"https:\/\/tvc.mx\/media\/489776\/Multiformatos-dahua.png\" alt=\" \" \/><\/div>\n<div class=\"col-md-7 order-md-1 text-md-left text-center\">\n<h2>Formatos compatibles<\/h2>\n<p class=\"text-muted\">\n<p>Estos transceptores son compatibles con los formatos que existen en el mercado actual: HDCVI \/ TVC \/ AHD Y CVBS.<\/p>\n<p>&nbsp;<\/p>\n<\/div>\n<\/div>\n<hr class=\"padding-bottom-2x\" \/>\n<div class=\"row align-items-center padding-bottom-2x\">\n<div class=\"col-md-5\"><img decoding=\"async\" class=\"d-block m-auto img-thumbnail\" src=\"https:\/\/tvc.mx\/media\/489778\/par-de-trasceptores-pasivos-de-4-megapixeles-PFM802-Dahua-caracteristicas.png\" alt=\" \" \/><\/div>\n<div class=\"col-md-7 text-md-left text-center\">\n<h2>Principales Caracter\u00edsticas<\/h2>\n<p class=\"text-muted\">\n<ul>\n<li>Fuente de alimentaci\u00f3n: voltaje de entrada DC12-15V, puede proporcionar fuente de alimentaci\u00f3n para c\u00e1maras remotas, simplificar simult\u00e1neamente el cableado de ingenier\u00eda<\/li>\n<li>Efecto de transmisi\u00f3n: use un solo cable de red (UTP CAT5E\/6) transmisi\u00f3n en tiempo real, sin demora; \u00b7 Protecci\u00f3n: Excelentes capacidades anti-trueno, antiest\u00e1ticas y anti-interferencias<\/li>\n<li>Formato compatible: HDCVI\/TVI\/AHD\/CVBS<\/li>\n<li>Estructura de apariencia: carcasa de pl\u00e1stico de ingenier\u00eda ABS, tama\u00f1o peque\u00f1o, utiliza el modo de conexi\u00f3n de interfaz est\u00e1ndar RJ45.<\/li>\n<\/ul>\n<\/div>\n<\/div>\n","protected":false},"excerpt":{"rendered":"<p>Informaci\u00f3n General Transceptor pasivo ( no requiere alimentaci\u00f3n ) ideales para sistemas de video vigilancia (c\u00e1maras y dvr) que operan en formatos de alta resoluci\u00f3n. Soporta resoluciones de\u00a04 megap\u00edxeles, lo cual\u00a0permite a las c\u00e1maras\u00a0transmitir video a\u00a0distancias de hasta\u00a0150 metros Formatos compatibles Estos transceptores son compatibles&hellip;<\/p>\n","protected":false},"featured_media":3016,"comment_status":"open","ping_status":"closed","template":"","meta":{"om_disable_all_campaigns":false,"_monsterinsights_skip_tracking":false,"_monsterinsights_sitenote_active":false,"_monsterinsights_sitenote_note":"","_monsterinsights_sitenote_category":0},"product_brand":[],"product_cat":[192],"product_tag":[178,179,180,181,182,183,184,185],"class_list":{"0":"post-3017","1":"product","2":"type-product","3":"status-publish","4":"has-post-thumbnail","6":"product_cat-transceptores","7":"product_tag-accesorios-dahua","8":"product_tag-gabinetes","9":"product_tag-lentes","10":"product_tag-microfonos","11":"product_tag-probadores-de-video","12":"product_tag-soporte-y-montaje","13":"product_tag-teclados-y-joystick","14":"product_tag-tranceptores","16":"first","17":"instock","18":"sale","19":"taxable","20":"shipping-taxable","21":"purchasable","22":"product-type-simple"},"aioseo_notices":[],"_links":{"self":[{"href":"https:\/\/tecsecmty.com\/index.php\/wp-json\/wp\/v2\/product\/3017","targetHints":{"allow":["GET"]}}],"collection":[{"href":"https:\/\/tecsecmty.com\/index.php\/wp-json\/wp\/v2\/product"}],"about":[{"href":"https:\/\/tecsecmty.com\/index.php\/wp-json\/wp\/v2\/types\/product"}],"replies":[{"embeddable":true,"href":"https:\/\/tecsecmty.com\/index.php\/wp-json\/wp\/v2\/comments?post=3017"}],"version-history":[{"count":0,"href":"https:\/\/tecsecmty.com\/index.php\/wp-json\/wp\/v2\/product\/3017\/revisions"}],"wp:featuredmedia":[{"embeddable":true,"href":"https:\/\/tecsecmty.com\/index.php\/wp-json\/wp\/v2\/media\/3016"}],"wp:attachment":[{"href":"https:\/\/tecsecmty.com\/index.php\/wp-json\/wp\/v2\/media?parent=3017"}],"wp:term":[{"taxonomy":"product_brand","embeddable":true,"href":"https:\/\/tecsecmty.com\/index.php\/wp-json\/wp\/v2\/product_brand?post=3017"},{"taxonomy":"product_cat","embeddable":true,"href":"https:\/\/tecsecmty.com\/index.php\/wp-json\/wp\/v2\/product_cat?post=3017"},{"taxonomy":"product_tag","embeddable":true,"href":"https:\/\/tecsecmty.com\/index.php\/wp-json\/wp\/v2\/product_tag?post=3017"}],"curies":[{"name":"wp","href":"https:\/\/api.w.org\/{rel}","templated":true}]}}