{"id":3020,"date":"2023-02-22T23:29:18","date_gmt":"2023-02-23T05:29:18","guid":{"rendered":"https:\/\/tecsecmty.com\/index.php\/producto\/dahua-dhi-lm19-l200-monitor-led-de-19-pulgadas-full-hd-especial-para-videovigilancia-trabajo-24-7-tiempo-de-respuesta-de-5ms-entrada-hdmivga-bajo-consumo-de-energia\/"},"modified":"2023-03-22T23:22:34","modified_gmt":"2023-03-23T05:22:34","slug":"dahua-dhi-lm19-l200-monitor-led-de-19-pulgadas-full-hd-especial-para-videovigilancia-trabajo-24-7-tiempo-de-respuesta-de-5ms-entrada-hdmivga-bajo-consumo-de-energia","status":"publish","type":"product","link":"https:\/\/tecsecmty.com\/index.php\/producto\/dahua-dhi-lm19-l200-monitor-led-de-19-pulgadas-full-hd-especial-para-videovigilancia-trabajo-24-7-tiempo-de-respuesta-de-5ms-entrada-hdmivga-bajo-consumo-de-energia\/","title":{"rendered":"DAHUA DHI-LM19-L200 -Monitor Led de 19 Pulgadas\/ Full HD\/ Especial para Videovigilancia\/ Trabajo 24\/7\/ Tiempo de Respuesta de 5ms\/ Entrada HDMI&amp;VGA\/ Bajo Consumo de Energ\u00eda\/"},"content":{"rendered":"<div class=\"row aling-items-center padding-bottom-2x\">\n<div class=\"col-lg-12\">\n<h5 class=\"card-title text-center\">Principales caracter\u00edsticas<\/h5>\n<p>La pantalla modelo\u00a0<strong>LM19-L100<\/strong>\u00a0cuenta con un alto brillo de\u00a0250cd\/m2, su marco delgado de 13.2mm, le brinda un dise\u00f1o elegante. Potenciado con su corto tiempo de respuesta de\u00a05ms\u00a0y su taza de refresco de\u00a060Hz.<\/p>\n<p><img decoding=\"async\" class=\"overview-center-img-web\" src=\"https:\/\/tvc.mx\/media\/432787\/monitor-19-pulgadas-panel-grado-industrial-monitoreo-24-7-DHI-LM19-L200-Dahua.imgpp.png\" alt=\"\" \/><\/div>\n<\/div>\n<div class=\"row align-items-center padding-bottom-2x\">\n<div class=\"col-md-5\"><img decoding=\"async\" class=\"d-block m-auto img-thumbnail\" src=\"https:\/\/tvc.mx\/media\/432791\/Visualizacion-dahua.png\" alt=\" \" \/><\/div>\n<div class=\"col-md-7 text-md-left text-center\">\n<h2>Visualizaci\u00f3n<\/h2>\n<p class=\"text-muted\">\n<p>El monitor\u00a0<strong>LM19-L100<\/strong>\u00a0puede obtener m\u00e1s y mejor contenido gracias a su procesamiento digital de alta calidad, logrando un video brillante y m\u00e1s v\u00edvido con una resoluci\u00f3n de\u00a01366\u00d7768. Adem\u00e1s cuenta con una\u00a0resoluci\u00f3n de aspecto de\u00a016:9, esta relaci\u00f3n es la utilizada en la televisi\u00f3n, el contenido web y las pel\u00edculas.<\/p>\n<p>&nbsp;<\/p>\n<\/div>\n<\/div>\n<hr class=\"padding-bottom-2x\" \/>\n<div class=\"row align-items-center padding-bottom-2x\">\n<div class=\"col-md-5 order-md-2\"><img decoding=\"async\" class=\"d-block m-auto img-thumbnail\" src=\"https:\/\/tvc.mx\/media\/432815\/tiempo-de-respuesta-dahua.png\" alt=\" \" \/><\/div>\n<div class=\"col-md-7 order-md-1 text-md-left text-center\">\n<h2>Tiempo de respuesta m\u00e1s r\u00e1pido<\/h2>\n<p class=\"text-muted\">\n<p>Nuestro monitor\u00a0<strong>LM19-L100<\/strong>\u00a0tiene un tiempo de respuesta de\u00a05 ms,\u00a0el tiempo de respuesta es un indicador que se refiere al tiempo que tarda un p\u00edxel en cambiar el color que est\u00e1 emitiendo. Este par\u00e1metro se mide en milisegundos, y cuanto menor sea el tiempo de respuesta de un monitor mejor ser\u00e1 para los contenidos multimedia.<\/p>\n<p>&nbsp;<\/p>\n<\/div>\n<\/div>\n<hr class=\"padding-bottom-2x\" \/>\n<div class=\"row align-items-center padding-bottom-2x\">\n<div class=\"col-md-5\"><img decoding=\"async\" class=\"d-block m-auto img-thumbnail\" src=\"https:\/\/tvc.mx\/media\/432819\/monitor-19-pulgadas-panel-grado-industrial-monitoreo-24-7-DHI-LM19-L200-Dahua-caracteristicas.png\" alt=\" \" \/><\/div>\n<div class=\"col-md-7 text-md-left text-center\">\n<h2>Principales Caracter\u00edsticas<\/h2>\n<p class=\"text-muted\">\n<ul>\n<li>Panel LCD de nivel industrial, adecuado para operaci\u00f3n continua 24\/7<\/li>\n<li>Carcasa de pl\u00e1stico ligera y econ\u00f3mica<\/li>\n<li>Procesamiento digital de alta fidelidad para un video brillante y v\u00edvido<\/li>\n<li>Tiempo de respuesta m\u00e1s r\u00e1pido sin im\u00e1genes borrosas ni fantasmas<\/li>\n<li>Bajo consumo de energ\u00eda, larga vida \u00fatil<\/li>\n<\/ul>\n<p>&nbsp;<\/p>\n<\/div>\n<\/div>\n<hr class=\"padding-bottom-2x\" \/>\n<div class=\"row align-items-center padding-bottom-2x\">\n<div class=\"col-md-5 order-md-2\"><img decoding=\"async\" class=\"d-block m-auto img-thumbnail\" src=\"https:\/\/tvc.mx\/media\/432823\/monitor-19-pulgadas-panel-grado-industrial-monitoreo-24-7-DHI-LM19-L200-Dahua-especificaciones.png\" alt=\" \" \/><\/div>\n<div class=\"col-md-7 order-md-1 text-md-left text-center\">\n<h2>Especificaciones<\/h2>\n<p class=\"text-muted\">\n<ul>\n<li>Tama\u00f1o de pantalla 19&#8243;<\/li>\n<li>Relaci\u00f3n de aspecto 16:9<\/li>\n<li>Resoluci\u00f3n 1366\u00d7768<\/li>\n<li>Iluminar desde el fondo LED<\/li>\n<li>Brillo\/Luminancia 250cd\/\u33a1<\/li>\n<li>\u00c1ngulo de visi\u00f3n (H\/V) 90\u00b0(H)\/65\u00b0(V)<\/li>\n<li>Tiempo de respuesta 5ms<\/li>\n<li>Frecuencia de actualizaci\u00f3n 60Hz<\/li>\n<li>Fuente de alimentaci\u00f3n CC 12V<\/li>\n<li>Ancho del bisel 13,2 mm (U), 12,6 mm (D\/I), 21,2 mm (B)<\/li>\n<li>VGA<\/li>\n<\/ul>\n<\/div>\n<\/div>\n","protected":false},"excerpt":{"rendered":"<p>Principales caracter\u00edsticas La pantalla modelo\u00a0LM19-L100\u00a0cuenta con un alto brillo de\u00a0250cd\/m2, su marco delgado de 13.2mm, le brinda un dise\u00f1o elegante. Potenciado con su corto tiempo de respuesta de\u00a05ms\u00a0y su taza de refresco de\u00a060Hz. Visualizaci\u00f3n El monitor\u00a0LM19-L100\u00a0puede obtener m\u00e1s y mejor contenido gracias a su procesamiento&hellip;<\/p>\n","protected":false},"featured_media":3019,"comment_status":"open","ping_status":"closed","template":"","meta":{"om_disable_all_campaigns":false,"_monsterinsights_skip_tracking":false,"_monsterinsights_sitenote_active":false,"_monsterinsights_sitenote_note":"","_monsterinsights_sitenote_category":0},"product_brand":[],"product_cat":[194],"product_tag":[196,195],"class_list":{"0":"post-3020","1":"product","2":"type-product","3":"status-publish","4":"has-post-thumbnail","6":"product_cat-monitores-monitores","7":"product_tag-monitor-dahua","8":"product_tag-monitores-dahua","10":"first","11":"instock","12":"sale","13":"taxable","14":"shipping-taxable","15":"purchasable","16":"product-type-simple"},"aioseo_notices":[],"_links":{"self":[{"href":"https:\/\/tecsecmty.com\/index.php\/wp-json\/wp\/v2\/product\/3020","targetHints":{"allow":["GET"]}}],"collection":[{"href":"https:\/\/tecsecmty.com\/index.php\/wp-json\/wp\/v2\/product"}],"about":[{"href":"https:\/\/tecsecmty.com\/index.php\/wp-json\/wp\/v2\/types\/product"}],"replies":[{"embeddable":true,"href":"https:\/\/tecsecmty.com\/index.php\/wp-json\/wp\/v2\/comments?post=3020"}],"version-history":[{"count":0,"href":"https:\/\/tecsecmty.com\/index.php\/wp-json\/wp\/v2\/product\/3020\/revisions"}],"wp:featuredmedia":[{"embeddable":true,"href":"https:\/\/tecsecmty.com\/index.php\/wp-json\/wp\/v2\/media\/3019"}],"wp:attachment":[{"href":"https:\/\/tecsecmty.com\/index.php\/wp-json\/wp\/v2\/media?parent=3020"}],"wp:term":[{"taxonomy":"product_brand","embeddable":true,"href":"https:\/\/tecsecmty.com\/index.php\/wp-json\/wp\/v2\/product_brand?post=3020"},{"taxonomy":"product_cat","embeddable":true,"href":"https:\/\/tecsecmty.com\/index.php\/wp-json\/wp\/v2\/product_cat?post=3020"},{"taxonomy":"product_tag","embeddable":true,"href":"https:\/\/tecsecmty.com\/index.php\/wp-json\/wp\/v2\/product_tag?post=3020"}],"curies":[{"name":"wp","href":"https:\/\/api.w.org\/{rel}","templated":true}]}}