{"id":3024,"date":"2023-02-22T23:29:23","date_gmt":"2023-02-23T05:29:23","guid":{"rendered":"https:\/\/tecsecmty.com\/index.php\/producto\/dahua-dhi-lm24-b200-monitor-de-24-pulgadas-full-hd-especial-para-videovigilancia-ideal-para-trabajo-24-7-marco-ultra-delgado-178-grados-de-visualizacion-entrada-hdmivga-vesa\/"},"modified":"2023-03-22T23:22:34","modified_gmt":"2023-03-23T05:22:34","slug":"dahua-dhi-lm24-b200-monitor-de-24-pulgadas-full-hd-especial-para-videovigilancia-ideal-para-trabajo-24-7-marco-ultra-delgado-178-grados-de-visualizacion-entrada-hdmivga-vesa","status":"publish","type":"product","link":"https:\/\/tecsecmty.com\/index.php\/producto\/dahua-dhi-lm24-b200-monitor-de-24-pulgadas-full-hd-especial-para-videovigilancia-ideal-para-trabajo-24-7-marco-ultra-delgado-178-grados-de-visualizacion-entrada-hdmivga-vesa\/","title":{"rendered":"DAHUA DHI-LM24-B200 &#8211; Monitor de 24 Pulgadas\/ Full HD\/ Especial para Videovigilancia\/ Ideal para trabajo 24\/7\/ Marco Ultra delgado\/ 178 Grados de Visualizaci\u00f3n\/ Entrada HDMI&amp;VGA\/ VESA\/"},"content":{"rendered":"<div class=\"row aling-items-center padding-bottom-2x\">\n<div class=\"col-lg-12\">\n<h5 class=\"card-title text-center\">Informaci\u00f3n general.<\/h5>\n<p>La pantalla modelo\u00a0<strong>LM24-B200<\/strong>\u00a0cuenta con un alto brillo de\u00a0<strong>200cd\/m2<\/strong>, su marco ultradelgado de\u00a0<strong>3.6mm<\/strong>, le brinda un dise\u00f1o elegante. Potenciado con su corto tiempo de respuesta de\u00a0<strong>6.5ms<\/strong>\u00a0y su taza de refresco de\u00a0<strong>60Hz<\/strong>.<\/p>\n<p><img decoding=\"async\" class=\"overview-center-img-web\" src=\"https:\/\/tvc.mx\/media\/445903\/MONITOR-CCTV-24-PULGADAS-DISE%C3%91O-DURADERO-USO-24-7-ELEGANTE-DAHUA.png\" alt=\"\" \/><\/div>\n<\/div>\n<div class=\"row align-items-center padding-bottom-2x\">\n<div class=\"col-md-5\"><img decoding=\"async\" class=\"d-block m-auto img-thumbnail\" src=\"https:\/\/tvc.mx\/media\/445907\/contenido-vivido.png\" alt=\" \" \/><\/div>\n<div class=\"col-md-7 text-md-left text-center\">\n<h2>Contenido V\u00edvido y Claridad incomparable.<\/h2>\n<p class=\"text-muted\">\n<p>La pantalla est\u00e1 dise\u00f1ada para mantener un desempe\u00f1o consistente en\u00a0<strong>ambientes interiores de condiciones variables<\/strong>, gracias a los elevados niveles de contraste y su alto reproduce im\u00e1genes claras de gran calidad y colores vivos,\u00a0<strong>independientemente de las condiciones de luz<\/strong>\u00a0que la rodeen.<\/p>\n<p>&nbsp;<\/p>\n<\/div>\n<\/div>\n<hr class=\"padding-bottom-2x\" \/>\n<div class=\"row align-items-center padding-bottom-2x\">\n<div class=\"col-md-5 order-md-2\"><img decoding=\"async\" class=\"d-block m-auto img-thumbnail\" src=\"https:\/\/tvc.mx\/media\/445911\/Compatible-con-soporte-de-pared.png\" alt=\" \" \/><\/div>\n<div class=\"col-md-7 order-md-1 text-md-left text-center\">\n<h2>Versatilidad.<\/h2>\n<p class=\"text-muted\">\n<p>El dise\u00f1o de la pantalla\u00a0<strong>LM24-B200<\/strong>\u00a0cuenta con la posibilidad de ser usada en un escritorio gracias a su soporte as\u00ed mismo, cuenta con la compatibilidad con soportes de pared\u00a0<strong>VESA<\/strong>, esto la convierte en la opci\u00f3n m\u00e1s vers\u00e1til para los diferentes requerimientos, desde usos en\u00a0<strong>recepciones, casetas de vigilancia<\/strong>\u00a0hasta en\u00a0<strong>workstation<\/strong>\u00a0de centrales de monitoreo y\u00a0<strong>muchos aplicativos m\u00e1s.<\/strong><\/p>\n<p>&nbsp;<\/p>\n<\/div>\n<\/div>\n<hr class=\"padding-bottom-2x\" \/>\n<div class=\"row align-items-center padding-bottom-2x\">\n<div class=\"col-md-5\"><img decoding=\"async\" class=\"d-block m-auto img-thumbnail\" src=\"https:\/\/tvc.mx\/media\/445915\/angulo-completo-de-visualizacion.png\" alt=\" \" \/><\/div>\n<div class=\"col-md-7 text-md-left text-center\">\n<h2>\u00c1ngulo completo de Visualizaci\u00f3n.<\/h2>\n<p class=\"text-muted\">\n<p>Con nuestra pantalla tenemos visualizaci\u00f3n completa\u00a0<strong>sin \u00e1ngulos muertos<\/strong>\u00a0ya que nos permite ver el rango completo de visualizaci\u00f3n\u00a0<strong>hasta 178<\/strong>\u00b0.<\/p>\n<p>&nbsp;<\/p>\n<\/div>\n<\/div>\n<hr class=\"padding-bottom-2x\" \/>\n<div class=\"row align-items-center padding-bottom-2x\">\n<div class=\"col-md-5 order-md-2\"><img decoding=\"async\" class=\"d-block m-auto img-thumbnail\" src=\"https:\/\/tvc.mx\/media\/445919\/MONITOR-CCTV-24-PULGADAS-DISE%C3%91O-DURADERO-USO-24-7-ELEGANTE-DAHUA-CARACTERISTICAS.png\" alt=\" \" \/><\/div>\n<div class=\"col-md-7 order-md-1 text-md-left text-center\">\n<h2>Principales caracter\u00edsticas.<\/h2>\n<p class=\"text-muted\">\n<ul>\n<li>Full HD<\/li>\n<li>Especial para CCTV<\/li>\n<li>Trabajo continuo 24\/7<\/li>\n<li>Marco Ultra delgado<\/li>\n<li>Compatible con soportes VESA<\/li>\n<\/ul>\n<p>&nbsp;<\/p>\n<\/div>\n<\/div>\n<hr class=\"padding-bottom-2x\" \/>\n<div class=\"row align-items-center padding-bottom-2x\">\n<div class=\"col-md-5\"><img decoding=\"async\" class=\"d-block m-auto img-thumbnail\" src=\"https:\/\/tvc.mx\/media\/445923\/MONITOR-CCTV-24-PULGADAS-DISE%C3%91O-DURADERO-USO-24-7-ELEGANTE-DAHUA-ESPECIFICACIONES.png\" alt=\" \" \/><\/div>\n<div class=\"col-md-7 text-md-left text-center\">\n<h2>Especificaciones<\/h2>\n<p class=\"text-muted\">\n<ul>\n<li>Tama\u00f1o de display de 23.8\u201d.<\/li>\n<li>Relaci\u00f3n aspecto 16:9.<\/li>\n<li>Resoluci\u00f3n FHD (1920&#215;1080).<\/li>\n<li>Retro iluminaci\u00f3n LED.<\/li>\n<li>Brillo 200cd\/\u33a1<\/li>\n<li>16.7 millones de colores.<\/li>\n<li>Tiempo de respuesta 6.5ms.<\/li>\n<li>Taza de refresco 60Hz<\/li>\n<li>Entrada VGA.<\/li>\n<li>Entrada HDMI.<\/li>\n<li>Salida de audio.<\/li>\n<li>Energ\u00eda 100~240V, 50\/60Hz.<\/li>\n<li>Consumo m\u00e1ximo de energ\u00eda 25W.<\/li>\n<li>Consumo Standby \u22640.5W.<\/li>\n<li>Uso interior.<\/li>\n<\/ul>\n<p>&nbsp;<\/p>\n<\/div>\n<\/div>\n<hr class=\"padding-bottom-2x\" \/>\n<div class=\"row align-items-center padding-bottom-2x\">\n<div class=\"col-md-5 order-md-2\"><img decoding=\"async\" class=\"d-block m-auto img-thumbnail\" src=\"https:\/\/tvc.mx\/media\/446627\/MONITOR-CCTV-24-PULGADAS-DISE%C3%91O-DURADERO-USO-24-7-ELEGANTE-DAHUA-INCLUYE.png\" alt=\" \" \/><\/div>\n<div class=\"col-md-7 order-md-1 text-md-left text-center\">\n<h2>Incluye:<\/h2>\n<p class=\"text-muted\">\n<ul>\n<li>Monitor 24&#8243;<\/li>\n<li>Soporte<\/li>\n<li>Cable de corriente<\/li>\n<li>Cable HDMI<\/li>\n<li>P\u00f3liza de garant\u00eda<\/li>\n<\/ul>\n<\/div>\n<\/div>\n","protected":false},"excerpt":{"rendered":"<p>Informaci\u00f3n general. La pantalla modelo\u00a0LM24-B200\u00a0cuenta con un alto brillo de\u00a0200cd\/m2, su marco ultradelgado de\u00a03.6mm, le brinda un dise\u00f1o elegante. Potenciado con su corto tiempo de respuesta de\u00a06.5ms\u00a0y su taza de refresco de\u00a060Hz. Contenido V\u00edvido y Claridad incomparable. La pantalla est\u00e1 dise\u00f1ada para mantener un desempe\u00f1o&hellip;<\/p>\n","protected":false},"featured_media":3023,"comment_status":"open","ping_status":"closed","template":"","meta":{"om_disable_all_campaigns":false,"_monsterinsights_skip_tracking":false,"_monsterinsights_sitenote_active":false,"_monsterinsights_sitenote_note":"","_monsterinsights_sitenote_category":0},"product_brand":[],"product_cat":[194],"product_tag":[196,195],"class_list":{"0":"post-3024","1":"product","2":"type-product","3":"status-publish","4":"has-post-thumbnail","6":"product_cat-monitores-monitores","7":"product_tag-monitor-dahua","8":"product_tag-monitores-dahua","10":"first","11":"instock","12":"sale","13":"taxable","14":"shipping-taxable","15":"purchasable","16":"product-type-simple"},"aioseo_notices":[],"_links":{"self":[{"href":"https:\/\/tecsecmty.com\/index.php\/wp-json\/wp\/v2\/product\/3024","targetHints":{"allow":["GET"]}}],"collection":[{"href":"https:\/\/tecsecmty.com\/index.php\/wp-json\/wp\/v2\/product"}],"about":[{"href":"https:\/\/tecsecmty.com\/index.php\/wp-json\/wp\/v2\/types\/product"}],"replies":[{"embeddable":true,"href":"https:\/\/tecsecmty.com\/index.php\/wp-json\/wp\/v2\/comments?post=3024"}],"version-history":[{"count":0,"href":"https:\/\/tecsecmty.com\/index.php\/wp-json\/wp\/v2\/product\/3024\/revisions"}],"wp:featuredmedia":[{"embeddable":true,"href":"https:\/\/tecsecmty.com\/index.php\/wp-json\/wp\/v2\/media\/3023"}],"wp:attachment":[{"href":"https:\/\/tecsecmty.com\/index.php\/wp-json\/wp\/v2\/media?parent=3024"}],"wp:term":[{"taxonomy":"product_brand","embeddable":true,"href":"https:\/\/tecsecmty.com\/index.php\/wp-json\/wp\/v2\/product_brand?post=3024"},{"taxonomy":"product_cat","embeddable":true,"href":"https:\/\/tecsecmty.com\/index.php\/wp-json\/wp\/v2\/product_cat?post=3024"},{"taxonomy":"product_tag","embeddable":true,"href":"https:\/\/tecsecmty.com\/index.php\/wp-json\/wp\/v2\/product_tag?post=3024"}],"curies":[{"name":"wp","href":"https:\/\/api.w.org\/{rel}","templated":true}]}}