{"id":3028,"date":"2023-02-22T23:29:28","date_gmt":"2023-02-23T05:29:28","guid":{"rendered":"https:\/\/tecsecmty.com\/index.php\/producto\/dahua-dhi-lm32-f200-pantalla-de-32-pulgadas-fhd-ideal-para-trabajar-24-7-resolucion-1920x1080-240-cd-2-entradas-hdmi-vga-y-usb-altavoces-control-remoto\/"},"modified":"2023-03-22T23:22:34","modified_gmt":"2023-03-23T05:22:34","slug":"dahua-dhi-lm32-f200-pantalla-de-32-pulgadas-fhd-ideal-para-trabajar-24-7-resolucion-1920x1080-240-cd-2-entradas-hdmi-vga-y-usb-altavoces-control-remoto","status":"publish","type":"product","link":"https:\/\/tecsecmty.com\/index.php\/producto\/dahua-dhi-lm32-f200-pantalla-de-32-pulgadas-fhd-ideal-para-trabajar-24-7-resolucion-1920x1080-240-cd-2-entradas-hdmi-vga-y-usb-altavoces-control-remoto\/","title":{"rendered":"DAHUA DHI-LM32-F200 &#8211; Pantalla de 32 pulgadas FHD\/ Ideal para trabajar 24\/7\/ Resoluci\u00f3n 1920\u00d71080\/ 240 cd\/2\/ Entradas HDMI VGA y USB\/ Altavoces\/ Control Remoto\/"},"content":{"rendered":"<div class=\"row aling-items-center padding-bottom-2x\">\n<div class=\"col-lg-12\">\n<h5 class=\"card-title text-center\">Informaci\u00f3n General<\/h5>\n<p>Te presentamos el nuevo monitor de Dahua especial para CCTV, el modelo\u00a0<strong>LM32-F200<\/strong>, cuenta con una pantalla Led de\u00a0<strong>32 pulgadas<\/strong>\u00a0y una resoluci\u00f3n\u00a0<strong>1920&#215;1080<\/strong>\u00a0( Full HD ) con\u00a0<strong>8ms<\/strong>\u00a0de tiempo de respuesta,<strong>\u00a0240 cd\/m2<\/strong>\u00a0de brillo de pantalla, el cual te permite trabajar\u00a0<strong>24\/7<\/strong>\u00a0proporcionando una experiencia visual de\u00a0<strong>178\u00b0<\/strong>\u00a0m\u00e1s c\u00f3moda para tus ojos, reduce el parpadeo de la pantalla para hacerla m\u00e1s confortable a la vista.<\/p>\n<p><img decoding=\"async\" class=\"overview-center-img-web\" src=\"https:\/\/tvc.mx\/media\/472914\/Dahua-LM32-F200-Pantalla-32-Pulgadas-FHD-Hdmi-Vga-Usb.png\" alt=\"\" \/><\/div>\n<\/div>\n<div class=\"row align-items-center padding-bottom-2x\">\n<div class=\"col-md-5\"><img decoding=\"async\" class=\"d-block m-auto img-thumbnail\" src=\"https:\/\/tvc.mx\/media\/472916\/Visualizacion-dahua.png\" alt=\" \" \/><\/div>\n<div class=\"col-md-7 text-md-left text-center\">\n<h2>Alta Definici\u00f3n y Visualizaci\u00f3n Perfecta<\/h2>\n<p class=\"text-muted\">\n<p>La pantalla\u00a0<strong>LM32-F200<\/strong>\u00a0puede obtener m\u00e1s y mejor contenido gracias a su procesamiento digital de alta calidad, logrando un video brillante y m\u00e1s v\u00edvido con una resoluci\u00f3n de\u00a0<strong>1920 x 1080<\/strong>. Adem\u00e1s cuenta con una resoluci\u00f3n de aspecto de\u00a0<strong>16:9<\/strong>, esta relaci\u00f3n es la utilizada en la televisi\u00f3n, el contenido web y las pel\u00edculas.<\/p>\n<p>&nbsp;<\/p>\n<\/div>\n<\/div>\n<hr class=\"padding-bottom-2x\" \/>\n<div class=\"row align-items-center padding-bottom-2x\">\n<div class=\"col-md-5 order-md-2\"><img decoding=\"async\" class=\"d-block m-auto img-thumbnail\" src=\"https:\/\/tvc.mx\/media\/472918\/tiempo-de-respuesta-dahua.png\" alt=\" \" \/><\/div>\n<div class=\"col-md-7 order-md-1 text-md-left text-center\">\n<h2>Tiempo de Respuesta m\u00e1s r\u00e1pido<\/h2>\n<p class=\"text-muted\">\n<p>Nuestra pantalla\u00a0<strong>LM32-F200<\/strong>\u00a0tiene un tiempo de respuesta de\u00a0<strong>8ms,\u00a0<\/strong>el tiempo de respuesta es un indicador que se refiere al tiempo que tarda un p\u00edxel en cambiar el color que est\u00e1 emitiendo. Este par\u00e1metro se mide en milisegundos, y cuanto menor sea el tiempo de respuesta de un monitor mejor ser\u00e1 para los contenidos multimedia.<\/p>\n<p>&nbsp;<\/p>\n<\/div>\n<\/div>\n<hr class=\"padding-bottom-2x\" \/>\n<div class=\"row align-items-center padding-bottom-2x\">\n<div class=\"col-md-5\"><img decoding=\"async\" class=\"d-block m-auto img-thumbnail\" src=\"https:\/\/tvc.mx\/media\/472920\/angulo-completo-de-visualizacion.png\" alt=\" \" \/><\/div>\n<div class=\"col-md-7 text-md-left text-center\">\n<h2>Amplio \u00c1ngulo de Visi\u00f3n<\/h2>\n<p class=\"text-muted\">\n<p>La pantalla\u00a0<strong>LM32-F200<\/strong>\u00a0Viene con un gran angular de\u00a0<strong>178\u00b0<\/strong>\u00a0que le permite ver sus c\u00e1maras y\/o programas favoritos desde cualquier \u00e1ngulo sin ning\u00fan desenfoque. Sin lavado de color ni p\u00e9rdida de contraste, es el panel ideal para todos los prop\u00f3sitos.<\/p>\n<p>&nbsp;<\/p>\n<\/div>\n<\/div>\n<hr class=\"padding-bottom-2x\" \/>\n<div class=\"row align-items-center padding-bottom-2x\">\n<div class=\"col-md-5 order-md-2\"><img decoding=\"async\" class=\"d-block m-auto img-thumbnail\" src=\"https:\/\/tvc.mx\/media\/472922\/funcionamiento-24-7-dahua.png\" alt=\" \" \/><\/div>\n<div class=\"col-md-7 order-md-1 text-md-left text-center\">\n<h2>Operaci\u00f3n Confiabe 24\/7<\/h2>\n<p class=\"text-muted\">\n<p>Nuestra pantalla tiene un dise\u00f1o t\u00e9rmico profesional que permite funcionar de manera confiable a largo plazo. Trabaja efectivamente en situaciones 24\/7.<\/p>\n<p>&nbsp;<\/p>\n<\/div>\n<\/div>\n<hr class=\"padding-bottom-2x\" \/>\n<div class=\"row align-items-center padding-bottom-2x\">\n<div class=\"col-md-5\"><img decoding=\"async\" class=\"d-block m-auto img-thumbnail\" src=\"https:\/\/tvc.mx\/media\/472924\/montaje-vesa.png\" alt=\" \" \/><\/div>\n<div class=\"col-md-7 text-md-left text-center\">\n<h2>Montaje VESA<\/h2>\n<p class=\"text-muted\">\n<p>La pantalla\u00a0<strong>LM32-F200<\/strong>\u00a0esta preparada para el montaje\u00a0<strong>VESA<\/strong>\u00a0(\u00a0<em>Video Electronics Standards Association\u00a0)<\/em>, la norma VESA es una norma que define como debemos montar un monitor o televisor de forma segura y adecuada mediante un soporte.<\/p>\n<p>&nbsp;<\/p>\n<\/div>\n<\/div>\n<hr class=\"padding-bottom-2x\" \/>\n<div class=\"row align-items-center padding-bottom-2x\">\n<div class=\"col-md-5 order-md-2\"><img decoding=\"async\" class=\"d-block m-auto img-thumbnail\" src=\"https:\/\/tvc.mx\/media\/472926\/Dahua-LM32-F200-Pantalla-32-Pulgadas-FHD-Hdmi-Vga-Usb-caracteristicas.png\" alt=\" \" \/><\/div>\n<div class=\"col-md-7 order-md-1 text-md-left text-center\">\n<h2>Principales Caracter\u00edsticas<\/h2>\n<p class=\"text-muted\">\n<ul>\n<li class=\"ql-align-justify\">Pantalla de 32&#8243;.<\/li>\n<li class=\"ql-align-justify\">Iluminaci\u00f3n led trasera.<\/li>\n<li class=\"ql-align-justify\">Resoluci\u00f3n 1920&#215;1080.<\/li>\n<li class=\"ql-align-justify\">Brillo de 240 cd\/m\u00b2.<\/li>\n<li class=\"ql-align-justify\">\u00c1ngulo de Visi\u00f3n 178\u00b0\/178\u00b0 (vertical \/ horizontal).<\/li>\n<li class=\"ql-align-justify\">Tiempo de respuesta 8ms.<\/li>\n<li class=\"ql-align-justify\"><strong>Se\u00f1al de entrada VGA.<\/strong><\/li>\n<li class=\"ql-align-justify\"><strong>Se\u00f1al de entrada HDMI.<\/strong><\/li>\n<li class=\"ql-align-justify\"><strong>Entrada USB.<\/strong><\/li>\n<li class=\"ql-align-justify\">Frecuencia de actualizaci\u00f3n 60Hz.<\/li>\n<li class=\"ql-align-justify\">Consumo de energ\u00eda 55W.<\/li>\n<li class=\"ql-align-justify\">Consumo en espera \u22640.5W.<\/li>\n<li class=\"ql-align-justify\">Fuente de alimentaci\u00f3n AC100-240V~(+\/-10%), 50\/60 Hz.<\/li>\n<li class=\"ql-align-justify\">Peso bruto 5.1kg.<\/li>\n<li class=\"ql-align-justify\">Peso neto 3.9Kg.<\/li>\n<li class=\"ql-align-justify\">Temperatura de trabajo 0\u00b0C \/ 40\u00b0C.<\/li>\n<\/ul>\n<p>&nbsp;<\/p>\n<\/div>\n<\/div>\n<hr class=\"padding-bottom-2x\" \/>\n<div class=\"row align-items-center padding-bottom-2x\">\n<div class=\"col-md-5\"><img decoding=\"async\" class=\"d-block m-auto img-thumbnail\" src=\"https:\/\/tvc.mx\/media\/500324\/DAHUA_DHI_LM32_F200_Pantalla_32_pulgadas_FHD.png\" alt=\" \" \/><\/div>\n<div class=\"col-md-7 text-md-left text-center\">\n<h2>Incluye:<\/h2>\n<p class=\"text-muted\">\n<ul>\n<li>Par de patas para colocar la pantalla sobre escritorio \/ mesa<\/li>\n<li>Control Remoto<\/li>\n<li>Cable para corriente<\/li>\n<li>Cable HDMI<\/li>\n<li>4 orificios para soportes tipo VESA<\/li>\n<li>Gu\u00eda de instalaci\u00f3n r\u00e1pida<\/li>\n<li>P\u00f3liza de garant\u00eda<\/li>\n<li>Gu\u00eda con informaci\u00f3n legal y reglamentaria<\/li>\n<\/ul>\n<\/div>\n<\/div>\n","protected":false},"excerpt":{"rendered":"<p>Informaci\u00f3n General Te presentamos el nuevo monitor de Dahua especial para CCTV, el modelo\u00a0LM32-F200, cuenta con una pantalla Led de\u00a032 pulgadas\u00a0y una resoluci\u00f3n\u00a01920&#215;1080\u00a0( Full HD ) con\u00a08ms\u00a0de tiempo de respuesta,\u00a0240 cd\/m2\u00a0de brillo de pantalla, el cual te permite trabajar\u00a024\/7\u00a0proporcionando una experiencia visual de\u00a0178\u00b0\u00a0m\u00e1s c\u00f3moda para&hellip;<\/p>\n","protected":false},"featured_media":3027,"comment_status":"open","ping_status":"closed","template":"","meta":{"om_disable_all_campaigns":false,"_monsterinsights_skip_tracking":false,"_monsterinsights_sitenote_active":false,"_monsterinsights_sitenote_note":"","_monsterinsights_sitenote_category":0},"product_brand":[],"product_cat":[194],"product_tag":[196,195],"class_list":{"0":"post-3028","1":"product","2":"type-product","3":"status-publish","4":"has-post-thumbnail","6":"product_cat-monitores-monitores","7":"product_tag-monitor-dahua","8":"product_tag-monitores-dahua","10":"first","11":"instock","12":"sale","13":"taxable","14":"shipping-taxable","15":"purchasable","16":"product-type-simple"},"aioseo_notices":[],"_links":{"self":[{"href":"https:\/\/tecsecmty.com\/index.php\/wp-json\/wp\/v2\/product\/3028","targetHints":{"allow":["GET"]}}],"collection":[{"href":"https:\/\/tecsecmty.com\/index.php\/wp-json\/wp\/v2\/product"}],"about":[{"href":"https:\/\/tecsecmty.com\/index.php\/wp-json\/wp\/v2\/types\/product"}],"replies":[{"embeddable":true,"href":"https:\/\/tecsecmty.com\/index.php\/wp-json\/wp\/v2\/comments?post=3028"}],"version-history":[{"count":0,"href":"https:\/\/tecsecmty.com\/index.php\/wp-json\/wp\/v2\/product\/3028\/revisions"}],"wp:featuredmedia":[{"embeddable":true,"href":"https:\/\/tecsecmty.com\/index.php\/wp-json\/wp\/v2\/media\/3027"}],"wp:attachment":[{"href":"https:\/\/tecsecmty.com\/index.php\/wp-json\/wp\/v2\/media?parent=3028"}],"wp:term":[{"taxonomy":"product_brand","embeddable":true,"href":"https:\/\/tecsecmty.com\/index.php\/wp-json\/wp\/v2\/product_brand?post=3028"},{"taxonomy":"product_cat","embeddable":true,"href":"https:\/\/tecsecmty.com\/index.php\/wp-json\/wp\/v2\/product_cat?post=3028"},{"taxonomy":"product_tag","embeddable":true,"href":"https:\/\/tecsecmty.com\/index.php\/wp-json\/wp\/v2\/product_tag?post=3028"}],"curies":[{"name":"wp","href":"https:\/\/api.w.org\/{rel}","templated":true}]}}