{"id":3034,"date":"2023-02-22T23:29:34","date_gmt":"2023-02-23T05:29:34","guid":{"rendered":"https:\/\/tecsecmty.com\/index.php\/producto\/dahua-lm55s400-pantalla-4k-55-pulgadas-profesional-para-cctv-ultra-hd-panel-nivel-industrial-27-4-brillo-450-nits-6ms-carcasa-de-metal\/"},"modified":"2023-03-22T23:22:57","modified_gmt":"2023-03-23T05:22:57","slug":"dahua-lm55s400-pantalla-4k-55-pulgadas-profesional-para-cctv-ultra-hd-panel-nivel-industrial-27-4-brillo-450-nits-6ms-carcasa-de-metal","status":"publish","type":"product","link":"https:\/\/tecsecmty.com\/index.php\/producto\/dahua-lm55s400-pantalla-4k-55-pulgadas-profesional-para-cctv-ultra-hd-panel-nivel-industrial-27-4-brillo-450-nits-6ms-carcasa-de-metal\/","title":{"rendered":"DAHUA LM55S400 &#8211; Pantalla 4K 55 pulgadas \/ Profesional para CCTV \/ Ultra HD \/ Panel nivel industrial \/ 27 \/ 4 \/ Brillo 450 NITS \/ 6MS \/ Carcasa de metal"},"content":{"rendered":"<div class=\"row aling-items-center padding-bottom-2x\">\n<div class=\"col-lg-12\">\n<h5 class=\"card-title text-center\">Informaci\u00f3n General<\/h5>\n<p class=\"ql-align-justify\">Dahua nos presenta el Monitor<strong>LM55S400,\u00a0<\/strong>es un monitor\u00a0LCD Full HD 55\u00bb de nivel industrial, adecuado para trabajar continuamente 24\/7, Procesamiento digital de alta fidelidad, video brillante y v\u00edvido Adecuado para cada aplicaci\u00f3n de seguridad y vigilancia por v\u00eddeo,Filtro COMB 3D incorporado y reducci\u00f3n de ruido 3D , Resoluci\u00f3n f\u00edsica de 1920\u00d71080, Altavoz incorporado, Retroiluminaci\u00f3n LED.<\/p>\n<p><img decoding=\"async\" class=\"overview-center-img-web\" src=\"https:\/\/tvc.mx\/media\/456378\/pantalla-4k-55-pulgadas-CCTV-panel-nivel-inductrial---LM55S400-Dahua.png\" alt=\"\" \/><\/div>\n<\/div>\n<div class=\"row align-items-center padding-bottom-2x\">\n<div class=\"col-md-5 order-md-2\"><img decoding=\"async\" class=\"d-block m-auto img-thumbnail\" src=\"https:\/\/tvc.mx\/media\/5192\/DHL494K-reso3.png\" alt=\" \" \/><\/div>\n<div class=\"col-md-7 order-md-1 text-md-left text-center\">\n<h2>Monitor Ultra Alta Definici\u00f3n<\/h2>\n<p class=\"text-muted\">\n<p class=\"ql-align-justify\">El monitor nos permite tener m\u00e1s y mejor contenido gracias a su procesamiento digital de alta calidad logrando obtener un video brillante y v\u00edvido teniendo una resoluci\u00f3n de 3840 x 2160 y una relaci\u00f3n de aspecto 16:9.<\/p>\n<p>&nbsp;<\/p>\n<\/div>\n<\/div>\n<hr class=\"padding-bottom-2x\" \/>\n<div class=\"row align-items-center padding-bottom-2x\">\n<div class=\"col-md-5\"><img decoding=\"async\" class=\"d-block m-auto img-thumbnail\" src=\"https:\/\/tvc.mx\/media\/5193\/coloresvividos2.png\" alt=\" \" \/><\/div>\n<div class=\"col-md-7 text-md-left text-center\">\n<h2>Colores m\u00e1s vivos<\/h2>\n<p class=\"text-muted\">\n<p class=\"ql-align-justify\">Con un procesamiento digital de alta calidad , un calibrador de color adem\u00e1s de la detecci\u00f3n inteligente de brillo, nuestro monitor proporciona im\u00e9genes claras, brillantes y de colores v\u00edvidos.<\/p>\n<p>&nbsp;<\/p>\n<\/div>\n<\/div>\n<hr class=\"padding-bottom-2x\" \/>\n<div class=\"row align-items-center padding-bottom-2x\">\n<div class=\"col-md-5 order-md-2\"><img decoding=\"async\" class=\"d-block m-auto img-thumbnail\" src=\"https:\/\/tvc.mx\/media\/4816\/estableban.png\" alt=\" \" \/><\/div>\n<div class=\"col-md-7 order-md-1 text-md-left text-center\">\n<h2>Operaci\u00f3n Confiable 24\/7<\/h2>\n<p class=\"text-muted\">\n<p class=\"ql-align-justify\">Este monitor tiene un dise\u00f1o t\u00e9rmico profesional que permite funcionar de manera confiable a largo plazo.Trabaja efectivamente en situaciones 24\/7.<\/p>\n<p>&nbsp;<\/p>\n<\/div>\n<\/div>\n<hr class=\"padding-bottom-2x\" \/>\n<div class=\"row align-items-center padding-bottom-2x\">\n<div class=\"col-md-5\"><img decoding=\"async\" class=\"d-block m-auto img-thumbnail\" src=\"https:\/\/tvc.mx\/media\/5195\/MONTAJE-VESA.png\" alt=\" \" \/><\/div>\n<div class=\"col-md-7 text-md-left text-center\">\n<h2>Montaje VESA<\/h2>\n<p class=\"text-muted\">\n<p class=\"ql-align-justify\">El monitor\u00a0<strong>LM55S400<\/strong>\u00a0esta preparado para el montaje VESA (\u00a0<em>Video Electronics Standards Association<\/em><em>\u00a0)<\/em>, la norma VESA es una norma que define como debemos montar un monitor o televisor de forma segura y adecuada mediante un soporte.<\/p>\n<p>&nbsp;<\/p>\n<\/div>\n<\/div>\n<hr class=\"padding-bottom-2x\" \/>\n<div class=\"row align-items-center padding-bottom-2x\">\n<div class=\"col-md-5 order-md-2\"><img decoding=\"async\" class=\"d-block m-auto img-thumbnail\" src=\"https:\/\/tvc.mx\/media\/5221\/ANGULO178BANN.png\" alt=\" \" \/><\/div>\n<div class=\"col-md-7 order-md-1 text-md-left text-center\">\n<h2>Angulo de Visi\u00f3n Amplio<\/h2>\n<p class=\"text-muted\">\n<p class=\"ql-align-justify\">El modelo DHL55\u00a0viene con un amplio \u00e1ngulo de visi\u00f3n de 178 grados que ayuda a conservar la relaci\u00f3n de aspecto aut\u00e9ntica de la imagen.<\/p>\n<p>&nbsp;<\/p>\n<\/div>\n<\/div>\n<hr class=\"padding-bottom-2x\" \/>\n<div class=\"row align-items-center padding-bottom-2x\">\n<div class=\"col-md-5\"><img decoding=\"async\" class=\"d-block m-auto img-thumbnail\" src=\"https:\/\/tvc.mx\/media\/456381\/pantalla-4k-55-pulgadas-CCTV-panel-nivel-inductrial--LM55S400-Dahua-caracteristicas.png\" alt=\" \" \/><\/div>\n<div class=\"col-md-7 text-md-left text-center\">\n<h2>Principales caracter\u00edsticas<\/h2>\n<p class=\"text-muted\">\n<ul>\n<li>Resoluci\u00f3n 4K Ultra-HD<\/li>\n<li>Panel LCD de nivel industrial, adecuado para operaci\u00f3n continua 24\/7<\/li>\n<li>Dise\u00f1o delgado de bisel angosto<\/li>\n<li>Procesamiento digital de alta fidelidad para un video brillante y v\u00edvido<\/li>\n<li>Filtro COMB 3D incorporado y reducci\u00f3n de ruido 3D<\/li>\n<\/ul>\n<p>&nbsp;<\/p>\n<\/div>\n<\/div>\n<hr class=\"padding-bottom-2x\" \/>\n<div class=\"row align-items-center padding-bottom-2x\">\n<div class=\"col-md-5 order-md-2\"><img decoding=\"async\" class=\"d-block m-auto img-thumbnail\" src=\"https:\/\/tvc.mx\/media\/456384\/pantalla-4k-55-pulgadas-CCTV-panel-nivel-inductrial--LM55S400-Dahua-especificaciones.png\" alt=\" \" \/><\/div>\n<div class=\"col-md-7 order-md-1 text-md-left text-center\">\n<h2>Especificaciones<\/h2>\n<p class=\"text-muted\">\n<ul>\n<li>55&#8243; (16:9)<\/li>\n<li>Resoluci\u00f3n 3840 \u00d7 2160 (UHD)<\/li>\n<li>Brillo\/Luminancia 450cd\/\u33a1<\/li>\n<li>\u00c1ngulo de visi\u00f3n 178\u00b0\/178\u00b0(vertical\/horizontal)<\/li>\n<li>VESA 400 \u00d7 400 mm<\/li>\n<li>Dise\u00f1o delgado de bisel angosto de 8 mm<\/li>\n<li>\u00a0Tiempo de respuesta de 6 ms sin desenfoque de movimiento, vibraci\u00f3n o efecto fantasma<\/li>\n<li>1.07B de colores, para una experiencia visual realista e inmersiva<\/li>\n<li>\u00c1ngulo de visi\u00f3n de 178\u00b0\/178\u00b0 de ancho sin interrupci\u00f3n<\/li>\n<li>Uso de una carcasa de metal a prueba de manipulaciones<\/li>\n<li>Dise\u00f1o t\u00e9rmico profesional para prolongar la vida \u00fatil del equipo<\/li>\n<li>Potencia integrada, bajo consumo de energ\u00eda, ultra silencioso<\/li>\n<li>Amplia gama de opciones de conectividad HDMI, DP, VGA, USB, Audio, RS232<\/li>\n<\/ul>\n<\/div>\n<\/div>\n","protected":false},"excerpt":{"rendered":"<p>Informaci\u00f3n General Dahua nos presenta el MonitorLM55S400,\u00a0es un monitor\u00a0LCD Full HD 55\u00bb de nivel industrial, adecuado para trabajar continuamente 24\/7, Procesamiento digital de alta fidelidad, video brillante y v\u00edvido Adecuado para cada aplicaci\u00f3n de seguridad y vigilancia por v\u00eddeo,Filtro COMB 3D incorporado y reducci\u00f3n de&hellip;<\/p>\n","protected":false},"featured_media":3033,"comment_status":"open","ping_status":"closed","template":"","meta":{"om_disable_all_campaigns":false,"_monsterinsights_skip_tracking":false,"_monsterinsights_sitenote_active":false,"_monsterinsights_sitenote_note":"","_monsterinsights_sitenote_category":0},"product_brand":[],"product_cat":[194],"product_tag":[196,195],"class_list":{"0":"post-3034","1":"product","2":"type-product","3":"status-publish","4":"has-post-thumbnail","6":"product_cat-monitores-monitores","7":"product_tag-monitor-dahua","8":"product_tag-monitores-dahua","10":"first","11":"instock","12":"sale","13":"taxable","14":"shipping-taxable","15":"purchasable","16":"product-type-simple"},"aioseo_notices":[],"_links":{"self":[{"href":"https:\/\/tecsecmty.com\/index.php\/wp-json\/wp\/v2\/product\/3034","targetHints":{"allow":["GET"]}}],"collection":[{"href":"https:\/\/tecsecmty.com\/index.php\/wp-json\/wp\/v2\/product"}],"about":[{"href":"https:\/\/tecsecmty.com\/index.php\/wp-json\/wp\/v2\/types\/product"}],"replies":[{"embeddable":true,"href":"https:\/\/tecsecmty.com\/index.php\/wp-json\/wp\/v2\/comments?post=3034"}],"version-history":[{"count":0,"href":"https:\/\/tecsecmty.com\/index.php\/wp-json\/wp\/v2\/product\/3034\/revisions"}],"wp:featuredmedia":[{"embeddable":true,"href":"https:\/\/tecsecmty.com\/index.php\/wp-json\/wp\/v2\/media\/3033"}],"wp:attachment":[{"href":"https:\/\/tecsecmty.com\/index.php\/wp-json\/wp\/v2\/media?parent=3034"}],"wp:term":[{"taxonomy":"product_brand","embeddable":true,"href":"https:\/\/tecsecmty.com\/index.php\/wp-json\/wp\/v2\/product_brand?post=3034"},{"taxonomy":"product_cat","embeddable":true,"href":"https:\/\/tecsecmty.com\/index.php\/wp-json\/wp\/v2\/product_cat?post=3034"},{"taxonomy":"product_tag","embeddable":true,"href":"https:\/\/tecsecmty.com\/index.php\/wp-json\/wp\/v2\/product_tag?post=3034"}],"curies":[{"name":"wp","href":"https:\/\/api.w.org\/{rel}","templated":true}]}}