{"id":3037,"date":"2023-02-22T23:38:57","date_gmt":"2023-02-23T05:38:57","guid":{"rendered":"https:\/\/tecsecmty.com\/index.php\/producto\/dahua-dhaccesorydvivga-cable-para-video-wall-dvi-vga-conexion-controlador-no-se-vende-por-separado-ofertasaaa\/"},"modified":"2023-03-22T23:22:30","modified_gmt":"2023-03-23T05:22:30","slug":"dahua-dhaccesorydvivga-cable-para-video-wall-dvi-vga-conexion-controlador-no-se-vende-por-separado-ofertasaaa","status":"publish","type":"product","link":"https:\/\/tecsecmty.com\/index.php\/producto\/dahua-dhaccesorydvivga-cable-para-video-wall-dvi-vga-conexion-controlador-no-se-vende-por-separado-ofertasaaa\/","title":{"rendered":"DAHUA DHACCESORYDVIVGA &#8211; Cable Para Video wall\/ DVI \/ VGA \/ Conexion controlador \/ No se vende por separado\/ #OfertasAAA"},"content":{"rendered":"<p><strong>Caracter\u00edsticas:<\/strong><\/p>\n<ul>\n<li>Cable DVI Conexi\u00f3n Pantalla.<\/li>\n<li>Cable VGA Conexi\u00f3n Controlador.<\/li>\n<li>Para uso en Video Wall Profesional.<\/li>\n<li>Conexi\u00f3n 1 Canal (1 Entrada VGA, 1 Salida DVI).<\/li>\n<\/ul>\n","protected":false},"excerpt":{"rendered":"<p>Caracter\u00edsticas: Cable DVI Conexi\u00f3n Pantalla. Cable VGA Conexi\u00f3n Controlador. Para uso en Video Wall Profesional. Conexi\u00f3n 1 Canal (1 Entrada VGA, 1 Salida DVI).<\/p>\n","protected":false},"featured_media":3036,"comment_status":"open","ping_status":"closed","template":"","meta":{"om_disable_all_campaigns":false,"_monsterinsights_skip_tracking":false,"_monsterinsights_sitenote_active":false,"_monsterinsights_sitenote_note":"","_monsterinsights_sitenote_category":0},"product_brand":[],"product_cat":[198],"product_tag":[201,200,199],"class_list":{"0":"post-3037","1":"product","2":"type-product","3":"status-publish","4":"has-post-thumbnail","6":"product_cat-accesorios-videowall","7":"product_tag-soporte-dahua","8":"product_tag-soporte-tv","9":"product_tag-videowall","11":"first","12":"instock","13":"sale","14":"taxable","15":"shipping-taxable","16":"purchasable","17":"product-type-simple"},"aioseo_notices":[],"_links":{"self":[{"href":"https:\/\/tecsecmty.com\/index.php\/wp-json\/wp\/v2\/product\/3037","targetHints":{"allow":["GET"]}}],"collection":[{"href":"https:\/\/tecsecmty.com\/index.php\/wp-json\/wp\/v2\/product"}],"about":[{"href":"https:\/\/tecsecmty.com\/index.php\/wp-json\/wp\/v2\/types\/product"}],"replies":[{"embeddable":true,"href":"https:\/\/tecsecmty.com\/index.php\/wp-json\/wp\/v2\/comments?post=3037"}],"version-history":[{"count":0,"href":"https:\/\/tecsecmty.com\/index.php\/wp-json\/wp\/v2\/product\/3037\/revisions"}],"wp:featuredmedia":[{"embeddable":true,"href":"https:\/\/tecsecmty.com\/index.php\/wp-json\/wp\/v2\/media\/3036"}],"wp:attachment":[{"href":"https:\/\/tecsecmty.com\/index.php\/wp-json\/wp\/v2\/media?parent=3037"}],"wp:term":[{"taxonomy":"product_brand","embeddable":true,"href":"https:\/\/tecsecmty.com\/index.php\/wp-json\/wp\/v2\/product_brand?post=3037"},{"taxonomy":"product_cat","embeddable":true,"href":"https:\/\/tecsecmty.com\/index.php\/wp-json\/wp\/v2\/product_cat?post=3037"},{"taxonomy":"product_tag","embeddable":true,"href":"https:\/\/tecsecmty.com\/index.php\/wp-json\/wp\/v2\/product_tag?post=3037"}],"curies":[{"name":"wp","href":"https:\/\/api.w.org\/{rel}","templated":true}]}}