{"id":3045,"date":"2023-02-22T23:39:04","date_gmt":"2023-02-23T05:39:04","guid":{"rendered":"https:\/\/tecsecmty.com\/index.php\/producto\/dahua-dhi-m70-4u-e-decodificador-de-video-hasta-10-tarjetas-de-entrada-y-salida-para-aplicaciones-de-videowall-soporta-split-de-video-plataforma-de-control-web-requiere-tarjetas-de-entrada-vec0\/"},"modified":"2023-03-22T23:22:35","modified_gmt":"2023-03-23T05:22:35","slug":"dahua-dhi-m70-4u-e-decodificador-de-video-hasta-10-tarjetas-de-entrada-y-salida-para-aplicaciones-de-videowall-soporta-split-de-video-plataforma-de-control-web-requiere-tarjetas-de-entrada-vec0","status":"publish","type":"product","link":"https:\/\/tecsecmty.com\/index.php\/producto\/dahua-dhi-m70-4u-e-decodificador-de-video-hasta-10-tarjetas-de-entrada-y-salida-para-aplicaciones-de-videowall-soporta-split-de-video-plataforma-de-control-web-requiere-tarjetas-de-entrada-vec0\/","title":{"rendered":"DAHUA DHI-M70-4U-E &#8211; Decodificador de Video\/ Hasta 10 Tarjetas de Entrada y Salida\/ Para Aplicaciones de VideoWall\/ Soporta Split de Video\/ Plataforma de Control Web\/ Requiere Tarjetas de Entrada VEC0404HH-M70 y Salida VEC0404HH-M70 (No Incluidas)\/"},"content":{"rendered":"<div class=\"row aling-items-center padding-bottom-2x\">\n<div class=\"col-lg-12\">\n<h5 class=\"card-title text-center\">Informaci\u00f3n General<\/h5>\n<p>Plataforma de control de video compatible con tarjetas\u00a0<strong>\u00a0VEC0404HH-M70,\u00a0<\/strong>soporta hasta 40 canales.<\/p>\n<p><img decoding=\"async\" class=\"overview-center-img-web\" src=\"https:\/\/tvc.mx\/media\/492568\/plataforma-de-control-de-video-M70-4U-E-Dahua.png\" alt=\"\" \/><\/div>\n<\/div>\n<div class=\"row align-items-center padding-bottom-2x\">\n<div class=\"col-md-5\"><img decoding=\"async\" class=\"d-block m-auto img-thumbnail\" src=\"https:\/\/tvc.mx\/media\/492570\/platafora-de-control-de-video-M70-4U-E-Dahua-caracteristicas.png\" alt=\" \" \/><\/div>\n<div class=\"col-md-7 text-md-left text-center\">\n<h2>Principales Caracter\u00edsticas<\/h2>\n<p class=\"text-muted\">\n<ul>\n<li>Caja industrial ATCA 4U est\u00e1ndar de 19\u201d<\/li>\n<li>Configuraci\u00f3n f\u00e1cil y flexible con dise\u00f1o de m\u00f3dulo de tarjeta enchufable<\/li>\n<li>Codificaci\u00f3n de se\u00f1al 40ch@1080P (configuraci\u00f3n completa)<\/li>\n<li>Decodificaci\u00f3n de se\u00f1al 20ch@32MP o 80ch@8MP o 320ch@1080P o 720ch@720P o 1280ch@D1 (totalmente configurado)<\/li>\n<li>Admite decodificaci\u00f3n de se\u00f1al de flujo no est\u00e1ndar 240@D1 (totalmente configurado)<\/li>\n<li>Soporta un m\u00e1ximo de 60 empalmes de pantallas<\/li>\n<li>Admite entrada de se\u00f1ales de video anal\u00f3gicas\/digitales y salida de matriz<\/li>\n<li>Admite interruptor y salida de matriz de se\u00f1al de video SD\/HD<\/li>\n<li>Admite salida de codificaci\u00f3n de se\u00f1al digital no comprimida<\/li>\n<li>6 puertos de red gigabit RJ-45 para control de matriz, vista previa y almacenamiento central en l\u00ednea<\/li>\n<li>Admite protocolos de red TCP\/IP\/RTP\/RTSP\/RTCP\/TCP\/UDP\/ DHCP\/PPPoE y etc.<\/li>\n<li>Transmisi\u00f3n remota de video anal\u00f3gico\/digital al video-wall<\/li>\n<li>Operaciones remotas de reinicio\/actualizaci\u00f3n\/configuraci\u00f3n predeterminada y etc.<\/li>\n<\/ul>\n<\/div>\n<\/div>\n","protected":false},"excerpt":{"rendered":"<p>Informaci\u00f3n General Plataforma de control de video compatible con tarjetas\u00a0\u00a0VEC0404HH-M70,\u00a0soporta hasta 40 canales. Principales Caracter\u00edsticas Caja industrial ATCA 4U est\u00e1ndar de 19\u201d Configuraci\u00f3n f\u00e1cil y flexible con dise\u00f1o de m\u00f3dulo de tarjeta enchufable Codificaci\u00f3n de se\u00f1al 40ch@1080P (configuraci\u00f3n completa) Decodificaci\u00f3n de se\u00f1al 20ch@32MP o 80ch@8MP&hellip;<\/p>\n","protected":false},"featured_media":3044,"comment_status":"open","ping_status":"closed","template":"","meta":{"om_disable_all_campaigns":false,"_monsterinsights_skip_tracking":false,"_monsterinsights_sitenote_active":false,"_monsterinsights_sitenote_note":"","_monsterinsights_sitenote_category":0},"product_brand":[],"product_cat":[202],"product_tag":[201,200,199],"class_list":{"0":"post-3045","1":"product","2":"type-product","3":"status-publish","4":"has-post-thumbnail","6":"product_cat-controladores","7":"product_tag-soporte-dahua","8":"product_tag-soporte-tv","9":"product_tag-videowall","11":"first","12":"instock","13":"sale","14":"taxable","15":"shipping-taxable","16":"purchasable","17":"product-type-simple"},"aioseo_notices":[],"_links":{"self":[{"href":"https:\/\/tecsecmty.com\/index.php\/wp-json\/wp\/v2\/product\/3045","targetHints":{"allow":["GET"]}}],"collection":[{"href":"https:\/\/tecsecmty.com\/index.php\/wp-json\/wp\/v2\/product"}],"about":[{"href":"https:\/\/tecsecmty.com\/index.php\/wp-json\/wp\/v2\/types\/product"}],"replies":[{"embeddable":true,"href":"https:\/\/tecsecmty.com\/index.php\/wp-json\/wp\/v2\/comments?post=3045"}],"version-history":[{"count":0,"href":"https:\/\/tecsecmty.com\/index.php\/wp-json\/wp\/v2\/product\/3045\/revisions"}],"wp:featuredmedia":[{"embeddable":true,"href":"https:\/\/tecsecmty.com\/index.php\/wp-json\/wp\/v2\/media\/3044"}],"wp:attachment":[{"href":"https:\/\/tecsecmty.com\/index.php\/wp-json\/wp\/v2\/media?parent=3045"}],"wp:term":[{"taxonomy":"product_brand","embeddable":true,"href":"https:\/\/tecsecmty.com\/index.php\/wp-json\/wp\/v2\/product_brand?post=3045"},{"taxonomy":"product_cat","embeddable":true,"href":"https:\/\/tecsecmty.com\/index.php\/wp-json\/wp\/v2\/product_cat?post=3045"},{"taxonomy":"product_tag","embeddable":true,"href":"https:\/\/tecsecmty.com\/index.php\/wp-json\/wp\/v2\/product_tag?post=3045"}],"curies":[{"name":"wp","href":"https:\/\/api.w.org\/{rel}","templated":true}]}}