{"id":3047,"date":"2023-02-22T23:39:06","date_gmt":"2023-02-23T05:39:06","guid":{"rendered":"https:\/\/tecsecmty.com\/index.php\/producto\/dahua-m70-4u-e-controlador-de-imagen-para-tv-wall-2x2-3x2-6-salidas-de-video-4-entradas-de-video-decodificacion-80ch-a-4k-320ch-a-1080p-720ch-a-720p-proyectos\/"},"modified":"2023-03-22T23:22:58","modified_gmt":"2023-03-23T05:22:58","slug":"dahua-m70-4u-e-controlador-de-imagen-para-tv-wall-2x2-3x2-6-salidas-de-video-4-entradas-de-video-decodificacion-80ch-a-4k-320ch-a-1080p-720ch-a-720p-proyectos","status":"publish","type":"product","link":"https:\/\/tecsecmty.com\/index.php\/producto\/dahua-m70-4u-e-controlador-de-imagen-para-tv-wall-2x2-3x2-6-salidas-de-video-4-entradas-de-video-decodificacion-80ch-a-4k-320ch-a-1080p-720ch-a-720p-proyectos\/","title":{"rendered":"DAHUA M70-4U-E &#8211; Controlador de imagen para TV wall 2X2 \/ 3X2 \/ 6 Salidas de video \/ 4 Entradas de video \/ Decodificacion 80CH a 4K \/ 320CH A 1080p \/ 720CH A 720p\/ #Proyectos"},"content":{"rendered":"<div class=\"row align-items-center padding-bottom-2x\">\n<div class=\"col-md-5\"><img decoding=\"async\" class=\"d-block m-auto img-thumbnail\" src=\"https:\/\/tvc.mx\/media\/60972\/5.jpg\" alt=\" \" \/><\/div>\n<div class=\"col-md-7 text-md-left text-center\">\n<h2>Informaci\u00f3n General<\/h2>\n<p class=\"text-muted\">\n<p>El controlador modelo\u00a0<strong>M704UE\u00a0<\/strong>es un<strong>\u00a0<\/strong>potente controlador y administrador\u00a0de im\u00e1genes de v\u00eddeo que permite la captura, grabaci\u00f3n y despliegue de im\u00e1genes en un conjunto de monitores\u00a0proyectados\u00a0a trav\u00e9s de m\u00f3dulos de tarjetas (\u00a0entrada y salida plug&amp;play ).<\/p>\n<p>Permite\u00a0realizar arreglos de pantallas 2X2 y 3X2,retransmitiendo\u00a0la resoluci\u00f3n que se elija de uno o m\u00e1s canales de v\u00eddeo, desde resoluci\u00f3n D1 hasta 4K,\u00a0soporta hasta 80 canales 4K,\u00a0320 canales\u00a01080P, 720 canales 720P,\u00a0distribuidos en varios monitores en arreglos de pantallas.<\/p>\n<p>La matriz se compone de 3 partes: unidad central, tarjeta de codificaci\u00f3n y tarjeta de decodificaci\u00f3n. La unidad central ofrece potencia, control, red y el panel posterior un\u00a0alto ancho de banda con 6 puertos de red.<\/p>\n<p>&nbsp;<\/p>\n<p>&nbsp;<\/p>\n<\/div>\n<\/div>\n<hr class=\"padding-bottom-2x\" \/>\n<div class=\"row align-items-center padding-bottom-2x\">\n<div class=\"col-md-5\"><img decoding=\"async\" class=\"d-block m-auto img-thumbnail\" src=\"https:\/\/tvc.mx\/media\/60975\/1.jpg\" alt=\" \" \/><\/div>\n<div class=\"col-md-7 text-md-left text-center\">\n<h2>Aplicaci\u00f3n<\/h2>\n<p class=\"text-muted\">\n<p><strong>VideoWall<\/strong>, es un conjunto de pantallas agrupadas para visualizar una o varias im\u00e1genes en un \u00e1rea mayor por medio de un controlador de im\u00e1genes, se puede visualizar una misma fuente o varias fuentes y distribuirlas, escalarlas o posicionarlas de acuerdo a las necesidades del usuario,\u00a0a trav\u00e9s de se\u00f1ales an\u00e1logas, digitales, v\u00eda red o inal\u00e1mbrica desde dispositivos m\u00f3viles.<\/p>\n<p>NOTA: El controlador cuenta con tarjeta de 6 puertos de salida HDMI y tarjeta de entrada de 4 puertos HDMI.<\/p>\n<p>&nbsp;<\/p>\n<\/div>\n<\/div>\n<hr class=\"padding-bottom-2x\" \/>\n<div class=\"row align-items-center padding-bottom-2x\">\n<div class=\"col-md-5\"><img decoding=\"async\" class=\"d-block m-auto img-thumbnail\" src=\"https:\/\/tvc.mx\/media\/60987\/6.jpg\" alt=\" \" \/><\/div>\n<div class=\"col-md-7 text-md-left text-center\">\n<h2>M\u00faltiples Formatos de V\u00eddeo<\/h2>\n<p class=\"text-muted\">\n<p>Para la codificaci\u00f3n de tarjetas, se ofrecen varios tipos de interfaces de v\u00eddeo incluyendo HDMI \/ DVI \/ VGA \/ HDSDI \/ HDCVI \/ CVBS, etc. Es f\u00e1cil de introducir cualquier tipo de se\u00f1al soportado en esta matriz s\u00f3lo seleccionando la tarjeta de codificaci\u00f3n correspondiente.<\/p>\n<\/div>\n<\/div>\n","protected":false},"excerpt":{"rendered":"<p>Informaci\u00f3n General El controlador modelo\u00a0M704UE\u00a0es un\u00a0potente controlador y administrador\u00a0de im\u00e1genes de v\u00eddeo que permite la captura, grabaci\u00f3n y despliegue de im\u00e1genes en un conjunto de monitores\u00a0proyectados\u00a0a trav\u00e9s de m\u00f3dulos de tarjetas (\u00a0entrada y salida plug&amp;play ). Permite\u00a0realizar arreglos de pantallas 2X2 y 3X2,retransmitiendo\u00a0la resoluci\u00f3n que&hellip;<\/p>\n","protected":false},"featured_media":3046,"comment_status":"open","ping_status":"closed","template":"","meta":{"om_disable_all_campaigns":false,"_monsterinsights_skip_tracking":false,"_monsterinsights_sitenote_active":false,"_monsterinsights_sitenote_note":"","_monsterinsights_sitenote_category":0},"product_brand":[],"product_cat":[202],"product_tag":[201,200,199],"class_list":{"0":"post-3047","1":"product","2":"type-product","3":"status-publish","4":"has-post-thumbnail","6":"product_cat-controladores","7":"product_tag-soporte-dahua","8":"product_tag-soporte-tv","9":"product_tag-videowall","11":"first","12":"instock","13":"sale","14":"taxable","15":"shipping-taxable","16":"purchasable","17":"product-type-simple"},"aioseo_notices":[],"_links":{"self":[{"href":"https:\/\/tecsecmty.com\/index.php\/wp-json\/wp\/v2\/product\/3047","targetHints":{"allow":["GET"]}}],"collection":[{"href":"https:\/\/tecsecmty.com\/index.php\/wp-json\/wp\/v2\/product"}],"about":[{"href":"https:\/\/tecsecmty.com\/index.php\/wp-json\/wp\/v2\/types\/product"}],"replies":[{"embeddable":true,"href":"https:\/\/tecsecmty.com\/index.php\/wp-json\/wp\/v2\/comments?post=3047"}],"version-history":[{"count":0,"href":"https:\/\/tecsecmty.com\/index.php\/wp-json\/wp\/v2\/product\/3047\/revisions"}],"wp:featuredmedia":[{"embeddable":true,"href":"https:\/\/tecsecmty.com\/index.php\/wp-json\/wp\/v2\/media\/3046"}],"wp:attachment":[{"href":"https:\/\/tecsecmty.com\/index.php\/wp-json\/wp\/v2\/media?parent=3047"}],"wp:term":[{"taxonomy":"product_brand","embeddable":true,"href":"https:\/\/tecsecmty.com\/index.php\/wp-json\/wp\/v2\/product_brand?post=3047"},{"taxonomy":"product_cat","embeddable":true,"href":"https:\/\/tecsecmty.com\/index.php\/wp-json\/wp\/v2\/product_cat?post=3047"},{"taxonomy":"product_tag","embeddable":true,"href":"https:\/\/tecsecmty.com\/index.php\/wp-json\/wp\/v2\/product_tag?post=3047"}],"curies":[{"name":"wp","href":"https:\/\/api.w.org\/{rel}","templated":true}]}}