{"id":3049,"date":"2023-02-22T23:39:10","date_gmt":"2023-02-23T05:39:10","guid":{"rendered":"https:\/\/tecsecmty.com\/index.php\/producto\/dahua-m702x2-controlador-de-imagen-para-tv-wall-2x2-4-salidas-de-video-pantallas-4-entradas-de-video-decodificacion-640ch-a-d1-o-160-a-1080p-ofertasaaa\/"},"modified":"2023-03-22T23:22:58","modified_gmt":"2023-03-23T05:22:58","slug":"dahua-m702x2-controlador-de-imagen-para-tv-wall-2x2-4-salidas-de-video-pantallas-4-entradas-de-video-decodificacion-640ch-a-d1-o-160-a-1080p-ofertasaaa","status":"publish","type":"product","link":"https:\/\/tecsecmty.com\/index.php\/producto\/dahua-m702x2-controlador-de-imagen-para-tv-wall-2x2-4-salidas-de-video-pantallas-4-entradas-de-video-decodificacion-640ch-a-d1-o-160-a-1080p-ofertasaaa\/","title":{"rendered":"DAHUA M702X2- CONTROLADOR DE IMAGEN PARA TV WALL 2X2\/4 SALIDAS DE VIDEO (PANTALLAS)\/4 ENTRADAS DE VIDEO\/DECODIFICACION 640CH A D1 O 160 A 1080P\/ #OfertasAAA"},"content":{"rendered":"<p>El controlador modelo\u00a0<strong>M702X2.\u00a0<\/strong>Es\u00a0un\u00a0decodificador\u00a0de\u00a0se\u00f1ales\u00a0de\u00a0video\u00a0para\u00a0TV\u00a0WALL\u00a0que\u00a0puede\u00a0ser\u00a0utilizado\u00a0para arreglos de pantallas de\u00a02&#215;2 (4 pantallas en total).<\/p>\n<p class=\"p0\">\n<p class=\"p0\"><strong>CONTROL.<\/strong><\/p>\n<p class=\"p0\"><img fetchpriority=\"high\" decoding=\"async\" src=\"https:\/\/soporte.tvc.mx\/Ingenieria\/DAHUA\/M702X2\/1.jpg\" alt=\"\" width=\"410\" height=\"186\" \/><\/p>\n<p class=\"p0\">\n<p class=\"p0\">\n<p class=\"p0\">El<strong>\u00a0M702X2<\/strong>\u00a0puede\u00a0ser\u00a0controlado\u00a0desde\u00a0la\u00a0interfaz\u00a0web,\u00a0donde\u00a0se\u00a0puede\u00a0seleccionar\u00a0el\u00a0tipo\u00a0de\u00a0se\u00f1al\u00a0a\u00a0mostrar\u00a0en el\u00a0TV\u00a0WALL,\u00a0tambi\u00e9n es\u00a0donde\u00a0se\u00a0puede\u00a0dise\u00f1ar\u00a0su\u00a0propio\u00a0arreglo\u00a0de\u00a0pantallas.<\/p>\n<p class=\"p0\">Por\u00a0ejemplo,\u00a0en\u00a0una\u00a0misma\u00a0pantalla\u00a0pueden\u00a0ir\u00a02\u00a0se\u00f1ales\u00a0de\u00a0video\u00a0diferentes, adem\u00e1s de agregar dispositivos de la marca DAHUA y Onvif por red directamente al cotrolador (video wall).<\/p>\n<p class=\"p0\">\n<p class=\"p0\"><strong>FUNCI\u00d3N\u00a0PANTALLA\u00a0COMPLETA.<\/strong><\/p>\n<p class=\"p0\"><img decoding=\"async\" src=\"https:\/\/soporte.tvc.mx\/Ingenieria\/DAHUA\/M702X2\/2.jpg\" alt=\"\" width=\"496\" height=\"172\" \/><\/p>\n<p class=\"p0\">\n<p class=\"p0\">La funci\u00f3n de pantalla completa permite utilizar todas las pantallas de un video wall como si fuera una pantalla, en la cual podemos mostrar una c\u00e1mara en pantalla completa, comerciales, presentaciones, etc. (la imagen es s\u00f3lo de referencia).<\/p>\n<p class=\"p0\">\n<p class=\"p0\"><strong>FUNCI\u00d3N\u00a0DIVISI\u00d3N\u00a0DE\u00a0PANTALLA.<\/strong><strong>\u00a0<\/strong><\/p>\n<p class=\"p0\"><img decoding=\"async\" src=\"https:\/\/soporte.tvc.mx\/Ingenieria\/DAHUA\/M702X2\/3.jpg\" alt=\"\" width=\"475\" height=\"174\" \/><\/p>\n<p class=\"p0\">La funci\u00f3n de divisi\u00f3n de pantalla permite ver diferentes se\u00f1ales de video, estas pueden ser por HDMI\/DVI\/VGA y RED seg\u00fan el tipo de controlador requerido, con lo cual se pueden ver ciertos DVR, NVRS, c\u00e1maras IP en determinadas pantallas, presentaciones, etc.<\/p>\n<p class=\"p0\"><strong>\u00a0<\/strong><\/p>\n<p class=\"p0\"><strong>FUNCI\u00d3N\u00a0PANTALLA\u00a0ALEATORIA.<\/strong><strong>\u00a0<\/strong><\/p>\n<p class=\"p0\"><img loading=\"lazy\" decoding=\"async\" src=\"https:\/\/soporte.tvc.mx\/Ingenieria\/DAHUA\/M702X2\/4.jpg\" alt=\"\" width=\"490\" height=\"175\" \/><\/p>\n<p class=\"p0\">La funci\u00f3n de pantalla aleatoria permite crear matrices digitales en las cuales se puede transmitir se\u00f1ales de video, por ejemplo en una misma pantalla es posible crear una divisi\u00f3n para poder mostrar 2 se\u00f1ales de video diferentes dentro de una misma pantalla o es posible juntar 2 pantallas para que reciban una se\u00f1al de video, las posibilidades de creaci\u00f3n de matrices digitales son muchas.<\/p>\n<p class=\"p0\">\n<p class=\"p0\"><strong>PRINCIPALES CARACTER\u00cdSTICAS:<\/strong><\/p>\n<ul>\n<li class=\"p0\">19\u201d pulgadas, tama\u00f1o 4U.<\/li>\n<li class=\"p0\">Configuraci\u00f3n f\u00e1cil y flexible mediante red.<\/li>\n<li class=\"p0\">Codificaci\u00f3n de\u00a0<a href=\"mailto:320ch@D1\">320ch@D1<\/a>\u00a0o\u00a0<a href=\"mailto:80ch@1080P\">80ch@1080P<\/a>.<\/li>\n<li class=\"p0\">Decodificaci\u00f3n de\u00a0<a href=\"mailto:640ch@D1\">640ch@D1<\/a>\u00a0o\u00a0<a href=\"mailto:160ch@1080P\">160ch@1080P<\/a>.<\/li>\n<li class=\"p0\">2 entradas RJ45 Gigabit.<\/li>\n<li class=\"p0\">Soporta TCP\/ IP\/ RTP\/ RTSP\/ UDP\/ DHCP\/ PPPoE\/ Etc.<\/li>\n<li class=\"p0\">4 salidas de video.<\/li>\n<li class=\"p0\">4 entradas de video.<\/li>\n<\/ul>\n<p>&nbsp;<\/p>\n","protected":false},"excerpt":{"rendered":"<p>El controlador modelo\u00a0M702X2.\u00a0Es\u00a0un\u00a0decodificador\u00a0de\u00a0se\u00f1ales\u00a0de\u00a0video\u00a0para\u00a0TV\u00a0WALL\u00a0que\u00a0puede\u00a0ser\u00a0utilizado\u00a0para arreglos de pantallas de\u00a02&#215;2 (4 pantallas en total). CONTROL. El\u00a0M702X2\u00a0puede\u00a0ser\u00a0controlado\u00a0desde\u00a0la\u00a0interfaz\u00a0web,\u00a0donde\u00a0se\u00a0puede\u00a0seleccionar\u00a0el\u00a0tipo\u00a0de\u00a0se\u00f1al\u00a0a\u00a0mostrar\u00a0en el\u00a0TV\u00a0WALL,\u00a0tambi\u00e9n es\u00a0donde\u00a0se\u00a0puede\u00a0dise\u00f1ar\u00a0su\u00a0propio\u00a0arreglo\u00a0de\u00a0pantallas. Por\u00a0ejemplo,\u00a0en\u00a0una\u00a0misma\u00a0pantalla\u00a0pueden\u00a0ir\u00a02\u00a0se\u00f1ales\u00a0de\u00a0video\u00a0diferentes, adem\u00e1s de agregar dispositivos de la marca DAHUA y Onvif por red directamente al cotrolador (video wall). FUNCI\u00d3N\u00a0PANTALLA\u00a0COMPLETA. La funci\u00f3n de pantalla completa permite utilizar todas las pantallas de&hellip;<\/p>\n","protected":false},"featured_media":3048,"comment_status":"open","ping_status":"closed","template":"","meta":{"om_disable_all_campaigns":false,"_monsterinsights_skip_tracking":false,"_monsterinsights_sitenote_active":false,"_monsterinsights_sitenote_note":"","_monsterinsights_sitenote_category":0},"product_brand":[],"product_cat":[202],"product_tag":[201,200,199],"class_list":{"0":"post-3049","1":"product","2":"type-product","3":"status-publish","4":"has-post-thumbnail","6":"product_cat-controladores","7":"product_tag-soporte-dahua","8":"product_tag-soporte-tv","9":"product_tag-videowall","11":"first","12":"instock","13":"sale","14":"taxable","15":"shipping-taxable","16":"purchasable","17":"product-type-simple"},"aioseo_notices":[],"_links":{"self":[{"href":"https:\/\/tecsecmty.com\/index.php\/wp-json\/wp\/v2\/product\/3049","targetHints":{"allow":["GET"]}}],"collection":[{"href":"https:\/\/tecsecmty.com\/index.php\/wp-json\/wp\/v2\/product"}],"about":[{"href":"https:\/\/tecsecmty.com\/index.php\/wp-json\/wp\/v2\/types\/product"}],"replies":[{"embeddable":true,"href":"https:\/\/tecsecmty.com\/index.php\/wp-json\/wp\/v2\/comments?post=3049"}],"version-history":[{"count":0,"href":"https:\/\/tecsecmty.com\/index.php\/wp-json\/wp\/v2\/product\/3049\/revisions"}],"wp:featuredmedia":[{"embeddable":true,"href":"https:\/\/tecsecmty.com\/index.php\/wp-json\/wp\/v2\/media\/3048"}],"wp:attachment":[{"href":"https:\/\/tecsecmty.com\/index.php\/wp-json\/wp\/v2\/media?parent=3049"}],"wp:term":[{"taxonomy":"product_brand","embeddable":true,"href":"https:\/\/tecsecmty.com\/index.php\/wp-json\/wp\/v2\/product_brand?post=3049"},{"taxonomy":"product_cat","embeddable":true,"href":"https:\/\/tecsecmty.com\/index.php\/wp-json\/wp\/v2\/product_cat?post=3049"},{"taxonomy":"product_tag","embeddable":true,"href":"https:\/\/tecsecmty.com\/index.php\/wp-json\/wp\/v2\/product_tag?post=3049"}],"curies":[{"name":"wp","href":"https:\/\/api.w.org\/{rel}","templated":true}]}}