{"id":3055,"date":"2023-02-22T23:39:16","date_gmt":"2023-02-23T05:39:16","guid":{"rendered":"https:\/\/tecsecmty.com\/index.php\/producto\/dahua-dhi-lch75-mc410-b-pantalla-interactiva-4k-uhd-75-pulgadas-touch-android-resolucion-de-3400-x-2160-camara-de-5-megapixeles-integrada-ideal-para-escuelas-y-oficinas-brillo-de-350-cd-m2-m\/"},"modified":"2023-03-22T23:22:34","modified_gmt":"2023-03-23T05:22:34","slug":"dahua-dhi-lch75-mc410-b-pantalla-interactiva-4k-uhd-75-pulgadas-touch-android-resolucion-de-3400-x-2160-camara-de-5-megapixeles-integrada-ideal-para-escuelas-y-oficinas-brillo-de-350-cd-m2-m","status":"publish","type":"product","link":"https:\/\/tecsecmty.com\/index.php\/producto\/dahua-dhi-lch75-mc410-b-pantalla-interactiva-4k-uhd-75-pulgadas-touch-android-resolucion-de-3400-x-2160-camara-de-5-megapixeles-integrada-ideal-para-escuelas-y-oficinas-brillo-de-350-cd-m2-m\/","title":{"rendered":"DAHUA DHI-LCH75-MC410-B &#8211; Pantalla Interactiva 4k\/UHD\/ 75 Pulgadas\/ Touch\/ Android\/ Resolucion de 3400 x 2160\/ Camara de 5 Megapixeles Integrada\/ Ideal para Escuelas y Oficinas\/ Brillo de 350 cd\/m2\/ Microfono y Altavoces Integrados\/ Case Metalico\/"},"content":{"rendered":"<div class=\"row aling-items-center padding-bottom-2x\">\n<div class=\"col-lg-12\">\n<h5 class=\"card-title text-center\">Informaci\u00f3n General<\/h5>\n<p class=\"ql-align-justify\">La pantalla touch interactiva DHI-LCH65-MC410-B inteligente de la serie Dahua DeepHub Lite tiene potentes capacidades de procesamiento con su CPU integrada de 4 n\u00facleos, GPU de 4 n\u00facleos, 4G RAM, almacenamiento 32G y sistema operativo Android 9. Con un sensor t\u00e1ctil infrarrojo de alta precisi\u00f3n y una pantalla DLED 4K , Dahua Deep Hub le brindar\u00e1 una experiencia extraordinaria de escritura, control y visualizaci\u00f3n de contenido. Cuenta con videoconferencia, pantalla compartida inal\u00e1mbrica, pantalla UHD, solo requiere escanear y listo ser\u00e1 su opci\u00f3n preferida para digitalizar su oficina y aulas.<\/p>\n<p><img decoding=\"async\" class=\"overview-center-img-web\" src=\"https:\/\/tvc.mx\/media\/507910\/Pantalla_Interactiva_4k_75_Pulg_Touch_Android_3400_x_2160_Cam_5_MP_Microfono_Altavoces_Metalico_Dahua_DHI-LCH75.png\" alt=\"\" \/><\/div>\n<\/div>\n<div class=\"row align-items-center padding-bottom-2x\">\n<div class=\"col-md-5\"><img decoding=\"async\" class=\"d-block m-auto img-thumbnail\" src=\"https:\/\/tvc.mx\/media\/507912\/Pantalla_Interactiva_4k_75_Pulg_Touch_Android_3400_x_2160_Cam_5_MP_Microfono_Altavoces_Metalico_Dahua_DHI-LCH75_Over_M4.png\" alt=\" \" \/><\/div>\n<div class=\"col-md-7 text-md-left text-center\">\n<h2>F\u00e1cil de compartir<\/h2>\n<p class=\"text-muted\">\n<p class=\"ql-align-justify\">Mejora la experiencia de compartir archivos escaneando un c\u00f3digo. Define autom\u00e1ticamente la red del dispositivo para compartir f\u00e1cilmente el c\u00f3digo QR a trav\u00e9s de la extranet y la intranet. Tambi\u00e9n se incluyen el cifrado y la extracci\u00f3n de c\u00f3digos QR, lo que brinda privacidad y seguridad de datos a trav\u00e9s del ingreso requerido con una contrase\u00f1a de 6 d\u00edgitos para la verificaci\u00f3n.<\/p>\n<p>&nbsp;<\/p>\n<\/div>\n<\/div>\n<hr class=\"padding-bottom-2x\" \/>\n<div class=\"row align-items-center padding-bottom-2x\">\n<div class=\"col-md-5 order-md-2\"><img decoding=\"async\" class=\"d-block m-auto img-thumbnail\" src=\"https:\/\/tvc.mx\/media\/507914\/Pantalla_Interactiva_4k_75_Pulg_Touch_Android_3400_x_2160_Cam_5_MP_Microfono_Altavoces_Metalico_Dahua_DHI-LCH75_M3.png\" alt=\" \" \/><\/div>\n<div class=\"col-md-7 order-md-1 text-md-left text-center\">\n<h2>Uso de pantalla inal\u00e1mbrica<\/h2>\n<p class=\"text-muted\">\n<p class=\"ql-align-justify\">Adem\u00e1s del uso compartido de archivos b\u00e1sico, el dispositivo ofrece uso compartido de pantalla inal\u00e1mbrico, operaciones interactivas entre dos pantallas y transmisiones inversas. Tambi\u00e9n es compatible con la agrupaci\u00f3n de pantallas (transmisi\u00f3n m\u00faltiple), el modo host (para el control general de permisos), la transmisi\u00f3n en tiempo real de im\u00e1genes, videos y audios desde la c\u00e1mara inal\u00e1mbrica del tel\u00e9fono m\u00f3vil al dispositivo, y el modo de pantalla dividida que muestra hasta 9 divisiones en la misma pantalla.<\/p>\n<p>&nbsp;<\/p>\n<\/div>\n<\/div>\n<hr class=\"padding-bottom-2x\" \/>\n<div class=\"row align-items-center padding-bottom-2x\">\n<div class=\"col-md-5\"><img decoding=\"async\" class=\"d-block m-auto img-thumbnail\" src=\"https:\/\/tvc.mx\/media\/507916\/Pantalla_Interactiva_4k_75_Pulg_Touch_Android_3400_x_2160_Cam_5_MP_Microfono_Altavoces_Metalico_Dahua_DHI-LCH75_Over_M5.png\" alt=\" \" \/><\/div>\n<div class=\"col-md-7 text-md-left text-center\">\n<h2>Experiencia de escritura real<\/h2>\n<p class=\"text-muted\">\n<p class=\"ql-align-justify\">La pizarra inteligente admite la escritura con punta de bol\u00edgrafo. Con su tecnolog\u00eda Zero Air Gap y baja latencia, escribir en la pizarra se siente natural, similar a la experiencia de escritura real<\/p>\n<p>&nbsp;<\/p>\n<\/div>\n<\/div>\n<hr class=\"padding-bottom-2x\" \/>\n<div class=\"row align-items-center padding-bottom-2x\">\n<div class=\"col-md-5 order-md-2\"><img decoding=\"async\" class=\"d-block m-auto img-thumbnail\" src=\"https:\/\/tvc.mx\/media\/507918\/Pantalla_Interactiva_4k_75_Pulg_Touch_Android_3400_x_2160_Cam_5_MP_350_cdm2_Microfono_Altavoces_Metalico_Dahua_DHI-LCH65-MC4.png\" alt=\" \" \/><\/div>\n<div class=\"col-md-7 order-md-1 text-md-left text-center\">\n<h2>Especificaciones<\/h2>\n<p class=\"text-muted\">\n<ul>\n<li>Sistema operativo: Android 9.0<\/li>\n<li>UPC: A55 de cuatro n\u00facleos<\/li>\n<li>RAM: 4 GB<\/li>\n<li>ROM: 32 GB<\/li>\n<li>Wifi Doble banda: 2.4GHz \/ 5GHz<\/li>\n<li>Dimensiones del panel: 75 pulgadas<\/li>\n<li>Iluminaci\u00f3n desde el fondo: DLED<\/li>\n<li>Brillo: 350 cd\/m\u00b2<\/li>\n<li>Copa: Vidrio templado antideslumbrante con una dureza de 7 en la escala de Moh<\/li>\n<li>Altavoces incorporados: 2<\/li>\n<li>Frecuencia completa: 15 W \u00d7 2<\/li>\n<li>Duraci\u00f3n de vida: 50.000 horas<\/li>\n<li>Peso neto: 54kg (119.1 libras)<\/li>\n<li>Consumo de energ\u00eda: 300W<\/li>\n<li>Consumo de energ\u00eda en espera 0.5 vatios<\/li>\n<li>Fuente de alimentaci\u00f3n 100\u2013240 VCA, 50\/60 Hz<\/li>\n<\/ul>\n<\/div>\n<\/div>\n","protected":false},"excerpt":{"rendered":"<p>Informaci\u00f3n General La pantalla touch interactiva DHI-LCH65-MC410-B inteligente de la serie Dahua DeepHub Lite tiene potentes capacidades de procesamiento con su CPU integrada de 4 n\u00facleos, GPU de 4 n\u00facleos, 4G RAM, almacenamiento 32G y sistema operativo Android 9. Con un sensor t\u00e1ctil infrarrojo de&hellip;<\/p>\n","protected":false},"featured_media":3054,"comment_status":"open","ping_status":"closed","template":"","meta":{"om_disable_all_campaigns":false,"_monsterinsights_skip_tracking":false,"_monsterinsights_sitenote_active":false,"_monsterinsights_sitenote_note":"","_monsterinsights_sitenote_category":0},"product_brand":[],"product_cat":[203],"product_tag":[201,200,199],"class_list":{"0":"post-3055","1":"product","2":"type-product","3":"status-publish","4":"has-post-thumbnail","6":"product_cat-pantallas","7":"product_tag-soporte-dahua","8":"product_tag-soporte-tv","9":"product_tag-videowall","11":"first","12":"instock","13":"sale","14":"taxable","15":"shipping-taxable","16":"purchasable","17":"product-type-simple"},"aioseo_notices":[],"_links":{"self":[{"href":"https:\/\/tecsecmty.com\/index.php\/wp-json\/wp\/v2\/product\/3055","targetHints":{"allow":["GET"]}}],"collection":[{"href":"https:\/\/tecsecmty.com\/index.php\/wp-json\/wp\/v2\/product"}],"about":[{"href":"https:\/\/tecsecmty.com\/index.php\/wp-json\/wp\/v2\/types\/product"}],"replies":[{"embeddable":true,"href":"https:\/\/tecsecmty.com\/index.php\/wp-json\/wp\/v2\/comments?post=3055"}],"version-history":[{"count":0,"href":"https:\/\/tecsecmty.com\/index.php\/wp-json\/wp\/v2\/product\/3055\/revisions"}],"wp:featuredmedia":[{"embeddable":true,"href":"https:\/\/tecsecmty.com\/index.php\/wp-json\/wp\/v2\/media\/3054"}],"wp:attachment":[{"href":"https:\/\/tecsecmty.com\/index.php\/wp-json\/wp\/v2\/media?parent=3055"}],"wp:term":[{"taxonomy":"product_brand","embeddable":true,"href":"https:\/\/tecsecmty.com\/index.php\/wp-json\/wp\/v2\/product_brand?post=3055"},{"taxonomy":"product_cat","embeddable":true,"href":"https:\/\/tecsecmty.com\/index.php\/wp-json\/wp\/v2\/product_cat?post=3055"},{"taxonomy":"product_tag","embeddable":true,"href":"https:\/\/tecsecmty.com\/index.php\/wp-json\/wp\/v2\/product_tag?post=3055"}],"curies":[{"name":"wp","href":"https:\/\/api.w.org\/{rel}","templated":true}]}}