{"id":3057,"date":"2023-02-22T23:39:19","date_gmt":"2023-02-23T05:39:19","guid":{"rendered":"https:\/\/tecsecmty.com\/index.php\/producto\/dahua-dhi-ls550ucm-ef-pantalla-full-hd-para-videowall-de-55-pulgadas-panel-lcd-ads-industrial-marco-ultradelgado-de-3-5-mm-soporta-daisy-chain-conexion-hdmi-en-cadena-interfaces-hdmi-dvi-vga\/"},"modified":"2023-03-22T23:22:35","modified_gmt":"2023-03-23T05:22:35","slug":"dahua-dhi-ls550ucm-ef-pantalla-full-hd-para-videowall-de-55-pulgadas-panel-lcd-ads-industrial-marco-ultradelgado-de-3-5-mm-soporta-daisy-chain-conexion-hdmi-en-cadena-interfaces-hdmi-dvi-vga","status":"publish","type":"product","link":"https:\/\/tecsecmty.com\/index.php\/producto\/dahua-dhi-ls550ucm-ef-pantalla-full-hd-para-videowall-de-55-pulgadas-panel-lcd-ads-industrial-marco-ultradelgado-de-3-5-mm-soporta-daisy-chain-conexion-hdmi-en-cadena-interfaces-hdmi-dvi-vga\/","title":{"rendered":"DAHUA DHI-LS550UCM-EF &#8211; Pantalla Full HD para Videowall de 55 Pulgadas\/ Panel LCD ADS Industrial\/ Marco Ultradelgado de 3.5 mm\/ Soporta Daisy Chain (Conexi\u00f3n HDMI en Cadena)\/ Interfaces HDMI, DVI, VGA, BNC y USB\/ Brillo 500 cd\/m2\/ #LoNuevo"},"content":{"rendered":"<div class=\"row aling-items-center padding-bottom-2x\">\n<div class=\"col-lg-12\">\n<h5 class=\"card-title text-center\">Informaci\u00f3n General<\/h5>\n<p class=\"ql-align-justify\">La pantalla modelo\u00a0<strong>LS550UCM-EF<\/strong>\u00a0cuenta con un alto brillo de 500cd\/m2, su marco ultradelgado hace que la separaci\u00f3n entre las pantallas sea s\u00f3lo de 3.5 mm, aumentando de esta forma el \u00e1rea visible, lo que la hace especial para aplicaciones de TV WALL ya qe se pueden conectar entre si y tambien se puede dividir la imagen. Adem\u00e1s de ser Daisy Chain esto quiere decir que no requieren de un controlador para crear un VideoWall.<\/p>\n<p><img decoding=\"async\" class=\"overview-center-img-web\" src=\"https:\/\/tvc.mx\/media\/421123\/pantalla-LCD-55-pulgadas-de-video-wall-marco-ultradelgado-LS550UCM-EF---dahua.png\" alt=\"\" \/><\/div>\n<\/div>\n<div class=\"row align-items-center padding-bottom-2x\">\n<div class=\"col-md-5 order-md-2\"><img decoding=\"async\" class=\"d-block m-auto img-thumbnail\" src=\"https:\/\/tvc.mx\/media\/482702\/bisel-3.5mm-Dahua.png\" alt=\" \" \/><\/div>\n<div class=\"col-md-7 order-md-1 text-md-left text-center\">\n<h2>Bisel ultra delgado<\/h2>\n<p class=\"text-muted\">\n<p>Maximiza el impacto visual de productos y mensajes con biseles ultra delgados. Lo delgado de los biseles son\u00a0tan escasos como 3.5 mm que ayudan a crear la sensaci\u00f3n de\u00a0cercan\u00eda entre los lienzos digitales, proporciona a la audiencia un\u00a0experiencia de visualizaci\u00f3n superior con m\u00ednimas distracciones. El pulcro\u00a0estilo de la pantalla puede encajar naturalmente en cualquier ambiente\u00a0con su dise\u00f1o discreto.<\/p>\n<p>&nbsp;<\/p>\n<\/div>\n<\/div>\n<hr class=\"padding-bottom-2x\" \/>\n<div class=\"row align-items-center padding-bottom-2x\">\n<div class=\"col-md-5\"><img decoding=\"async\" class=\"d-block m-auto img-thumbnail\" src=\"https:\/\/tvc.mx\/media\/421131\/viualizacion-completa-dahua.png\" alt=\" \" \/><\/div>\n<div class=\"col-md-7 text-md-left text-center\">\n<h2>Visualizaci\u00f3n completa<\/h2>\n<p class=\"text-muted\">\n<p>Con nuestra pantalla tenemos visualizaci\u00f3n completa sin \u00e1ngulos muertos ya que nos permite ver el rango completo de visualizaci\u00f3n hasta 178\u00b0.<\/p>\n<p>&nbsp;<\/p>\n<\/div>\n<\/div>\n<hr class=\"padding-bottom-2x\" \/>\n<div class=\"row align-items-center padding-bottom-2x\">\n<div class=\"col-md-5 order-md-2\"><img decoding=\"async\" class=\"d-block m-auto img-thumbnail\" src=\"https:\/\/tvc.mx\/media\/421151\/pantalla-LCD-55-pulgadas-de-video-wall-marco-ultradelgado-LS550UCM-EF--dahua-caracteristicas.png\" alt=\" \" \/><\/div>\n<div class=\"col-md-7 order-md-1 text-md-left text-center\">\n<h2>Principales Caracter\u00edsticas<\/h2>\n<p class=\"text-muted\">\n<ul>\n<li>Panel LCD ADS de nivel industrial, adecuado para operaci\u00f3n continua las 24 horas del d\u00eda, los 7 d\u00edas de la semana<\/li>\n<li>Dise\u00f1o de bisel a bisel ultraestrecho de 3,5 mm (bisel de 2,3 mm en los lados izquierdo y superior y bisel de 1,2 mm en los lados derecho e inferior)<\/li>\n<li>Antideslumbrante, alta relaci\u00f3n de contraste y brillo est\u00e1ndar mejoran en gran medida las capas de video y presentan los detalles del video<\/li>\n<li>Procesamiento digital de alta fidelidad, video brillante y v\u00edvido<\/li>\n<li>Filtro COMB 3D incorporado y reducci\u00f3n de ruido 3D<\/li>\n<li>Abundantes interfaces HDMI, DVI, VGA, BNC, USB, compatibles con conexi\u00f3n en cadena HDMI<\/li>\n<li>Funci\u00f3n de empalme de im\u00e1genes incorporada \u00b7 Infrarrojos, modo dual RS232, compatible con control remoto de PC<\/li>\n<li>Dise\u00f1o t\u00e9rmico profesional para prolongar la vida \u00fatil del equipo<\/li>\n<li>Potencia integrada, bajo consumo de energ\u00eda, ultra silencioso<\/li>\n<li>Instalaci\u00f3n de pila r\u00e1pida, dise\u00f1o de proyecto profesional, soporte de montaje en forma de arco<\/li>\n<li>Ampliamente utilizado en centros de vigilancia, plataformas de despacho, ciudades seguras, exhibiciones comerciales, etc.<\/li>\n<\/ul>\n<p>&nbsp;<\/p>\n<\/div>\n<\/div>\n<hr class=\"padding-bottom-2x\" \/>\n<div class=\"row align-items-center padding-bottom-2x\">\n<div class=\"col-md-5\"><img decoding=\"async\" class=\"d-block m-auto img-thumbnail\" src=\"https:\/\/tvc.mx\/media\/421155\/pantalla-LCD-55-pulgadas-de-video-wall-marco-ultradelgado-LS550UCM-EF--dahua-especificaciones.png\" alt=\" \" \/><\/div>\n<div class=\"col-md-7 text-md-left text-center\">\n<h2>Especificaciones<\/h2>\n<p class=\"text-muted\">\n<ul>\n<li>Diagonal 55&#8243; (16:9)<\/li>\n<li>Tecnolog\u00eda LCD<\/li>\n<li>Resoluci\u00f3n 1920 \u00d7 1080 (FHD)<\/li>\n<li>Ancho del bisel 2,3 mm (U\/L), 1,2 mm (R\/B)<\/li>\n<li>Brillo\/Luminancia 500 cd\/m\u00b2<\/li>\n<li>\u00c1ngulo de visi\u00f3n H178\u00b0, V178\u00b0<\/li>\n<li>Fuente de alimentaci\u00f3n AC100V\u301c240 V CA, 50\/60 Hz<\/li>\n<li>Modo de control: Infrarrojos, modo dual RS232, compatible con control remoto de PC<\/li>\n<li>Dimensi\u00f3n (Ancho\u00d7Alto\u00d7Profundidad) 1213,7 mm \u00d7 684,5 mm \u00d7 121,8 mm (47,8&#8243; \u00d7 26,9&#8243; \u00d7 4,8&#8243;)<\/li>\n<\/ul>\n<\/div>\n<\/div>\n","protected":false},"excerpt":{"rendered":"<p>Informaci\u00f3n General La pantalla modelo\u00a0LS550UCM-EF\u00a0cuenta con un alto brillo de 500cd\/m2, su marco ultradelgado hace que la separaci\u00f3n entre las pantallas sea s\u00f3lo de 3.5 mm, aumentando de esta forma el \u00e1rea visible, lo que la hace especial para aplicaciones de TV WALL ya qe&hellip;<\/p>\n","protected":false},"featured_media":3056,"comment_status":"open","ping_status":"closed","template":"","meta":{"om_disable_all_campaigns":false,"_monsterinsights_skip_tracking":false,"_monsterinsights_sitenote_active":false,"_monsterinsights_sitenote_note":"","_monsterinsights_sitenote_category":0},"product_brand":[],"product_cat":[203],"product_tag":[201,200,199],"class_list":{"0":"post-3057","1":"product","2":"type-product","3":"status-publish","4":"has-post-thumbnail","6":"product_cat-pantallas","7":"product_tag-soporte-dahua","8":"product_tag-soporte-tv","9":"product_tag-videowall","11":"first","12":"instock","13":"sale","14":"taxable","15":"shipping-taxable","16":"purchasable","17":"product-type-simple"},"aioseo_notices":[],"_links":{"self":[{"href":"https:\/\/tecsecmty.com\/index.php\/wp-json\/wp\/v2\/product\/3057","targetHints":{"allow":["GET"]}}],"collection":[{"href":"https:\/\/tecsecmty.com\/index.php\/wp-json\/wp\/v2\/product"}],"about":[{"href":"https:\/\/tecsecmty.com\/index.php\/wp-json\/wp\/v2\/types\/product"}],"replies":[{"embeddable":true,"href":"https:\/\/tecsecmty.com\/index.php\/wp-json\/wp\/v2\/comments?post=3057"}],"version-history":[{"count":0,"href":"https:\/\/tecsecmty.com\/index.php\/wp-json\/wp\/v2\/product\/3057\/revisions"}],"wp:featuredmedia":[{"embeddable":true,"href":"https:\/\/tecsecmty.com\/index.php\/wp-json\/wp\/v2\/media\/3056"}],"wp:attachment":[{"href":"https:\/\/tecsecmty.com\/index.php\/wp-json\/wp\/v2\/media?parent=3057"}],"wp:term":[{"taxonomy":"product_brand","embeddable":true,"href":"https:\/\/tecsecmty.com\/index.php\/wp-json\/wp\/v2\/product_brand?post=3057"},{"taxonomy":"product_cat","embeddable":true,"href":"https:\/\/tecsecmty.com\/index.php\/wp-json\/wp\/v2\/product_cat?post=3057"},{"taxonomy":"product_tag","embeddable":true,"href":"https:\/\/tecsecmty.com\/index.php\/wp-json\/wp\/v2\/product_tag?post=3057"}],"curies":[{"name":"wp","href":"https:\/\/api.w.org\/{rel}","templated":true}]}}