{"id":3059,"date":"2023-02-22T23:39:23","date_gmt":"2023-02-23T05:39:23","guid":{"rendered":"https:\/\/tecsecmty.com\/index.php\/producto\/dahua-dhl550ucmes-pantalla-lcd-55-pulgadas-video-wall-resolucion-1920x1080-marco-ultradelgado-3-5-mm-brillo-500cd-m2-contraste-4000-a-1\/"},"modified":"2023-03-22T23:22:37","modified_gmt":"2023-03-23T05:22:37","slug":"dahua-dhl550ucmes-pantalla-lcd-55-pulgadas-video-wall-resolucion-1920x1080-marco-ultradelgado-3-5-mm-brillo-500cd-m2-contraste-4000-a-1","status":"publish","type":"product","link":"https:\/\/tecsecmty.com\/index.php\/producto\/dahua-dhl550ucmes-pantalla-lcd-55-pulgadas-video-wall-resolucion-1920x1080-marco-ultradelgado-3-5-mm-brillo-500cd-m2-contraste-4000-a-1\/","title":{"rendered":"DAHUA DHL550UCMES &#8211; Pantalla LCD 55 pulgadas video wall \/ Resolucion 1920X1080 \/ Marco ultradelgado 3.5 mm \/ Brillo 500CD \/ M2 \/ Contraste 4000 a 1"},"content":{"rendered":"<h5 class=\"card-title text-center\">Informaci\u00f3n general.<\/h5>\n<p class=\"ql-align-justify\">La pantalla modelo<strong>\u00a0DHL550UCMES<\/strong>\u00a0cuenta con un alto brillo de 500cd\/m2, su marco ultradelgado hace que la separaci\u00f3n entre las pantallas sea s\u00f3lo de 3.5 mm, aumentando de esta forma el \u00e1rea visible, lo que la hace especial para aplicaciones de TV WALL.<\/p>\n<p class=\"ql-align-justify\"><strong>Fiable, duradero y resistente al polvo<\/strong>\u00a0dise\u00f1ado para soportar el paso del tiempo, la pantalla modelo\u00a0<strong>DHL550UCMES<\/strong>\u00a0es completamente resistente al polvo y suciedad. Las esquinas y agujeros sellados, la estructura de doble capa, el cristal de protecci\u00f3n, le brindan la robustez y resistencia necesaria, adem\u00e1s de contar con\u00a0un maravilloso dise\u00f1o.<\/p>\n<p><img decoding=\"async\" class=\"overview-center-img-web\" src=\"https:\/\/tvc.mx\/media\/31742\/OVERVIEW.jpg\" alt=\"\" \/><\/p>\n","protected":false},"excerpt":{"rendered":"<p>Informaci\u00f3n general. La pantalla modelo\u00a0DHL550UCMES\u00a0cuenta con un alto brillo de 500cd\/m2, su marco ultradelgado hace que la separaci\u00f3n entre las pantallas sea s\u00f3lo de 3.5 mm, aumentando de esta forma el \u00e1rea visible, lo que la hace especial para aplicaciones de TV WALL. Fiable, duradero&hellip;<\/p>\n","protected":false},"featured_media":3058,"comment_status":"open","ping_status":"closed","template":"","meta":{"om_disable_all_campaigns":false,"_monsterinsights_skip_tracking":false,"_monsterinsights_sitenote_active":false,"_monsterinsights_sitenote_note":"","_monsterinsights_sitenote_category":0},"product_brand":[],"product_cat":[203],"product_tag":[201,200,199],"class_list":{"0":"post-3059","1":"product","2":"type-product","3":"status-publish","4":"has-post-thumbnail","6":"product_cat-pantallas","7":"product_tag-soporte-dahua","8":"product_tag-soporte-tv","9":"product_tag-videowall","11":"first","12":"instock","13":"sale","14":"taxable","15":"shipping-taxable","16":"purchasable","17":"product-type-simple"},"aioseo_notices":[],"_links":{"self":[{"href":"https:\/\/tecsecmty.com\/index.php\/wp-json\/wp\/v2\/product\/3059","targetHints":{"allow":["GET"]}}],"collection":[{"href":"https:\/\/tecsecmty.com\/index.php\/wp-json\/wp\/v2\/product"}],"about":[{"href":"https:\/\/tecsecmty.com\/index.php\/wp-json\/wp\/v2\/types\/product"}],"replies":[{"embeddable":true,"href":"https:\/\/tecsecmty.com\/index.php\/wp-json\/wp\/v2\/comments?post=3059"}],"version-history":[{"count":0,"href":"https:\/\/tecsecmty.com\/index.php\/wp-json\/wp\/v2\/product\/3059\/revisions"}],"wp:featuredmedia":[{"embeddable":true,"href":"https:\/\/tecsecmty.com\/index.php\/wp-json\/wp\/v2\/media\/3058"}],"wp:attachment":[{"href":"https:\/\/tecsecmty.com\/index.php\/wp-json\/wp\/v2\/media?parent=3059"}],"wp:term":[{"taxonomy":"product_brand","embeddable":true,"href":"https:\/\/tecsecmty.com\/index.php\/wp-json\/wp\/v2\/product_brand?post=3059"},{"taxonomy":"product_cat","embeddable":true,"href":"https:\/\/tecsecmty.com\/index.php\/wp-json\/wp\/v2\/product_cat?post=3059"},{"taxonomy":"product_tag","embeddable":true,"href":"https:\/\/tecsecmty.com\/index.php\/wp-json\/wp\/v2\/product_tag?post=3059"}],"curies":[{"name":"wp","href":"https:\/\/api.w.org\/{rel}","templated":true}]}}