{"id":3061,"date":"2023-02-22T23:39:26","date_gmt":"2023-02-23T05:39:26","guid":{"rendered":"https:\/\/tecsecmty.com\/index.php\/producto\/dahua-dhl550udm-eg-pantalla-de-55-pulgadas-fhd-para-video-wall-panel-lcd-de-grado-industrial-ideal-para-trabajar-24-7-marco-ultra-delgado-de-1-8-mm-0-9mm-cada-marco-interfaces-hdmi-dvi-vga\/"},"modified":"2023-03-22T23:22:37","modified_gmt":"2023-03-23T05:22:37","slug":"dahua-dhl550udm-eg-pantalla-de-55-pulgadas-fhd-para-video-wall-panel-lcd-de-grado-industrial-ideal-para-trabajar-24-7-marco-ultra-delgado-de-1-8-mm-0-9mm-cada-marco-interfaces-hdmi-dvi-vga","status":"publish","type":"product","link":"https:\/\/tecsecmty.com\/index.php\/producto\/dahua-dhl550udm-eg-pantalla-de-55-pulgadas-fhd-para-video-wall-panel-lcd-de-grado-industrial-ideal-para-trabajar-24-7-marco-ultra-delgado-de-1-8-mm-0-9mm-cada-marco-interfaces-hdmi-dvi-vga\/","title":{"rendered":"DAHUA DHL550UDM-EG &#8211; Pantalla de 55 Pulgadas FHD para Video Wall\/ Panel LCD de Grado Industrial\/ Ideal para Trabajar 24\/7\/ Marco Ultra Delgado de 1.8 mm (0.9mm Cada Marco)\/ Interfaces HDMI, DVI, VGA, BNC y USB\/"},"content":{"rendered":"<div class=\"row aling-items-center padding-bottom-2x\">\n<div class=\"col-lg-12\">\n<h5 class=\"card-title text-center\">Informaci\u00f3n General<\/h5>\n<p class=\"ql-align-justify\">La pantalla modelo<strong>\u00a0DHL550UDMEG<\/strong>\u00a0cuenta con un alto brillo de 500cd\/m2, su marco ultradelgado hace que la separaci\u00f3n entre las pantallas sea s\u00f3lo de 1.8 mm, aumentando de esta forma el \u00e1rea visible, lo que la hace especial para aplicaciones de TV WALL\u00a0ya qe se pueden conectar entre si y tambien se puede dividir la imagen. Adem\u00e1s de ser Daisy Chain esto quiere decir que no requieren de un controlador para crear un VideoWall.<\/p>\n<p class=\"ql-align-justify\"><strong>Fiable, duradera y resistente al polvo<\/strong>\u00a0dise\u00f1ada para soportar el paso del tiempo, la pantalla modelo\u00a0<strong>DHL550UDMEG<\/strong>\u00a0es completamente resistente al polvo y suciedad. Las esquinas y agujeros sellados, la estructura de doble capa, el cristal de protecci\u00f3n, le brindan la robustez y resistencia necesaria, adem\u00e1s de contar con\u00a0un maravilloso dise\u00f1o.<\/p>\n<p><img decoding=\"async\" class=\"overview-center-img-web\" src=\"https:\/\/tvc.mx\/media\/472882\/pantalla-55-pulgadas-fhd-video-wall-DHL550UDM-EG-Dahua.png\" alt=\"\" \/><\/div>\n<\/div>\n<div class=\"row align-items-center padding-bottom-2x\">\n<div class=\"col-md-5\"><img decoding=\"async\" class=\"d-block m-auto img-thumbnail\" src=\"https:\/\/tvc.mx\/media\/482704\/bisel-1.8mm-Dahua.png\" alt=\" \" \/><\/div>\n<div class=\"col-md-7 text-md-left text-center\">\n<h2>Bisel ultra delgaado<\/h2>\n<p class=\"text-muted\">\n<p class=\"ql-align-justify\">Maximiza el impacto visual de productos y mensajes con biseles ultra delgados. Lo delgado de los biseles son\u00a0tan escasos como 1.8 mm que ayudan a crear la sensaci\u00f3n de\u00a0cercan\u00eda entre los lienzos digitales, proporciona a la audiencia un\u00a0experiencia de visualizaci\u00f3n superior con m\u00ednimas distracciones. El pulcro\u00a0estilo de la pantalla puede encajar naturalmente en cualquien ambiente\u00a0con su dise\u00f1o discreto.<\/p>\n<p>&nbsp;<\/p>\n<\/div>\n<\/div>\n<hr class=\"padding-bottom-2x\" \/>\n<div class=\"row align-items-center padding-bottom-2x\">\n<div class=\"col-md-5 order-md-2\"><img decoding=\"async\" class=\"d-block m-auto img-thumbnail\" src=\"https:\/\/tvc.mx\/media\/17573\/Vid-Wall-ejemplo.jpg\" alt=\" \" \/><\/div>\n<div class=\"col-md-7 order-md-1 text-md-left text-center\">\n<h2>Contenido V\u00edvido y Claridad incomparable<\/h2>\n<p class=\"text-muted\">\n<p class=\"ql-align-justify\">La pantalla esta dise\u00f1ada para mantener un desempe\u00f1o consistente en ambientes\u00a0interiores de condiciones variables, gracias a los elevados niveles de\u00a0contraste y su alto brillo de 500 nit que reproduce im\u00e1genes claras de gran calidad y\u00a0colores vivos, independientemente de las condiciones de luz que la\u00a0rodeen. Con su dependencia y desempe\u00f1o operacional 24\/7 continuos.<\/p>\n<p>&nbsp;<\/p>\n<p class=\"ql-align-justify\">\n<p>&nbsp;<\/p>\n<\/div>\n<\/div>\n<hr class=\"padding-bottom-2x\" \/>\n<div class=\"row align-items-center padding-bottom-2x\">\n<div class=\"col-md-5\"><img decoding=\"async\" class=\"d-block m-auto img-thumbnail\" src=\"https:\/\/tvc.mx\/media\/17574\/angulo-ppal.png\" alt=\" \" \/><\/div>\n<div class=\"col-md-7 text-md-left text-center\">\n<h2>\u00c1ngulo completo de Visualizaci\u00f3n<\/h2>\n<p class=\"text-muted\">\n<p class=\"ql-align-justify\">Con nuestra pantalla tenemos visualizaci\u00f3n completa sin \u00e1ngulos muertos ya que nos permite ver el rango completo de visualizaci\u00f3n hasta 178\u00b0.<\/p>\n<p>&nbsp;<\/p>\n<\/div>\n<\/div>\n<hr class=\"padding-bottom-2x\" \/>\n<div class=\"row align-items-center padding-bottom-2x\">\n<div class=\"col-md-5 order-md-2\"><img decoding=\"async\" class=\"d-block m-auto img-thumbnail\" src=\"https:\/\/tvc.mx\/media\/472884\/pantalla-55-pulgadas-fhd-video-wall-DHL550UDM-EG-Dahua-caracteristicas.png\" alt=\" \" \/><\/div>\n<div class=\"col-md-7 order-md-1 text-md-left text-center\">\n<h2>Principales Caracter\u00edsticas<\/h2>\n<p class=\"text-muted\">\n<ul>\n<li>Panel LCD IPS de nivel industrial, adecuado para trabajo continuo.<\/li>\n<li>Tama\u00f1o Diagonal de 55 pulgadas.<\/li>\n<li>Brillo de pantalla de 500 cd\/m2.<\/li>\n<li>\u00c1ngulo de visi\u00f3n de 178\u00b0.<\/li>\n<li>Dise\u00f1o de bisel a bisel ultra estrecho de 1,8 mm.<\/li>\n<li>Tiempo de respuesta del panel de 8ms.<\/li>\n<li class=\"ql-align-justify\">Infrarrojo, modo doble RS232, compatible con control remoto de PC.<\/li>\n<li class=\"ql-align-justify\">Confiabilidad 24\/7, 50,000 horas m\u00ednimas de tiempo de vida.<\/li>\n<li class=\"ql-align-justify\">Entrada de video: CVBS x 2.<\/li>\n<li class=\"ql-align-justify\">Se\u00f1al de PC: VGA<\/li>\n<li class=\"ql-align-justify\">Se\u00f1al Digital: DVI, HDMI.<\/li>\n<li class=\"ql-align-justify\">Salida Loop: CVBS x 2.<\/li>\n<li class=\"ql-align-justify\">Bajo consumo de energ\u00eda, amigable con el ambiente,ultra silencioso.<\/li>\n<li class=\"ql-align-justify\">Dise\u00f1o sin ventilador, sin ruido.<\/li>\n<\/ul>\n<\/div>\n<\/div>\n","protected":false},"excerpt":{"rendered":"<p>Informaci\u00f3n General La pantalla modelo\u00a0DHL550UDMEG\u00a0cuenta con un alto brillo de 500cd\/m2, su marco ultradelgado hace que la separaci\u00f3n entre las pantallas sea s\u00f3lo de 1.8 mm, aumentando de esta forma el \u00e1rea visible, lo que la hace especial para aplicaciones de TV WALL\u00a0ya qe se&hellip;<\/p>\n","protected":false},"featured_media":3060,"comment_status":"open","ping_status":"closed","template":"","meta":{"om_disable_all_campaigns":false,"_monsterinsights_skip_tracking":false,"_monsterinsights_sitenote_active":false,"_monsterinsights_sitenote_note":"","_monsterinsights_sitenote_category":0},"product_brand":[],"product_cat":[203],"product_tag":[201,200,199],"class_list":{"0":"post-3061","1":"product","2":"type-product","3":"status-publish","4":"has-post-thumbnail","6":"product_cat-pantallas","7":"product_tag-soporte-dahua","8":"product_tag-soporte-tv","9":"product_tag-videowall","11":"first","12":"instock","13":"sale","14":"taxable","15":"shipping-taxable","16":"purchasable","17":"product-type-simple"},"aioseo_notices":[],"_links":{"self":[{"href":"https:\/\/tecsecmty.com\/index.php\/wp-json\/wp\/v2\/product\/3061","targetHints":{"allow":["GET"]}}],"collection":[{"href":"https:\/\/tecsecmty.com\/index.php\/wp-json\/wp\/v2\/product"}],"about":[{"href":"https:\/\/tecsecmty.com\/index.php\/wp-json\/wp\/v2\/types\/product"}],"replies":[{"embeddable":true,"href":"https:\/\/tecsecmty.com\/index.php\/wp-json\/wp\/v2\/comments?post=3061"}],"version-history":[{"count":0,"href":"https:\/\/tecsecmty.com\/index.php\/wp-json\/wp\/v2\/product\/3061\/revisions"}],"wp:featuredmedia":[{"embeddable":true,"href":"https:\/\/tecsecmty.com\/index.php\/wp-json\/wp\/v2\/media\/3060"}],"wp:attachment":[{"href":"https:\/\/tecsecmty.com\/index.php\/wp-json\/wp\/v2\/media?parent=3061"}],"wp:term":[{"taxonomy":"product_brand","embeddable":true,"href":"https:\/\/tecsecmty.com\/index.php\/wp-json\/wp\/v2\/product_brand?post=3061"},{"taxonomy":"product_cat","embeddable":true,"href":"https:\/\/tecsecmty.com\/index.php\/wp-json\/wp\/v2\/product_cat?post=3061"},{"taxonomy":"product_tag","embeddable":true,"href":"https:\/\/tecsecmty.com\/index.php\/wp-json\/wp\/v2\/product_tag?post=3061"}],"curies":[{"name":"wp","href":"https:\/\/api.w.org\/{rel}","templated":true}]}}