{"id":3073,"date":"2023-02-22T23:39:40","date_gmt":"2023-02-23T05:39:40","guid":{"rendered":"https:\/\/tecsecmty.com\/index.php\/producto\/dahua-dhi-ls550ud-eg-y-soporte-de-55-de-mantenimiento-trasero-compatible-con-pantallas-dhi-ls550ud\/"},"modified":"2023-03-22T23:22:35","modified_gmt":"2023-03-23T05:22:35","slug":"dahua-dhi-ls550ud-eg-y-soporte-de-55-de-mantenimiento-trasero-compatible-con-pantallas-dhi-ls550ud","status":"publish","type":"product","link":"https:\/\/tecsecmty.com\/index.php\/producto\/dahua-dhi-ls550ud-eg-y-soporte-de-55-de-mantenimiento-trasero-compatible-con-pantallas-dhi-ls550ud\/","title":{"rendered":"DAHUA DHI-LS550UD-EG-Y &#8211; Soporte de 55&#8243; de Mantenimiento Trasero\/ Compatible con Pantallas DHI-LS550UD"},"content":{"rendered":"<h5 class=\"card-title text-center\">Informaci\u00f3n General<\/h5>\n<p>Peso ligero debido a que utiliza material de aluminio aeron\u00e1utico, f\u00e1cil instalaci\u00f3n y mantenimiento, apto para video wall LCD LS550UDH(M)-E<\/p>\n<p><img decoding=\"async\" class=\"overview-center-img-web\" src=\"https:\/\/tvc.mx\/media\/489864\/Videovigilancia_Accesorios_Videowall_55_Soporte_Pedestal_DHI-LS550UC-EF-Y_Over_Ppal.png\" alt=\"\" \/><\/p>\n","protected":false},"excerpt":{"rendered":"<p>Informaci\u00f3n General Peso ligero debido a que utiliza material de aluminio aeron\u00e1utico, f\u00e1cil instalaci\u00f3n y mantenimiento, apto para video wall LCD LS550UDH(M)-E<\/p>\n","protected":false},"featured_media":3072,"comment_status":"open","ping_status":"closed","template":"","meta":{"om_disable_all_campaigns":false,"_monsterinsights_skip_tracking":false,"_monsterinsights_sitenote_active":false,"_monsterinsights_sitenote_note":"","_monsterinsights_sitenote_category":0},"product_brand":[],"product_cat":[204],"product_tag":[201,200,199],"class_list":{"0":"post-3073","1":"product","2":"type-product","3":"status-publish","4":"has-post-thumbnail","6":"product_cat-soportes-y-bases","7":"product_tag-soporte-dahua","8":"product_tag-soporte-tv","9":"product_tag-videowall","11":"first","12":"instock","13":"sale","14":"taxable","15":"shipping-taxable","16":"purchasable","17":"product-type-simple"},"aioseo_notices":[],"_links":{"self":[{"href":"https:\/\/tecsecmty.com\/index.php\/wp-json\/wp\/v2\/product\/3073","targetHints":{"allow":["GET"]}}],"collection":[{"href":"https:\/\/tecsecmty.com\/index.php\/wp-json\/wp\/v2\/product"}],"about":[{"href":"https:\/\/tecsecmty.com\/index.php\/wp-json\/wp\/v2\/types\/product"}],"replies":[{"embeddable":true,"href":"https:\/\/tecsecmty.com\/index.php\/wp-json\/wp\/v2\/comments?post=3073"}],"version-history":[{"count":0,"href":"https:\/\/tecsecmty.com\/index.php\/wp-json\/wp\/v2\/product\/3073\/revisions"}],"wp:featuredmedia":[{"embeddable":true,"href":"https:\/\/tecsecmty.com\/index.php\/wp-json\/wp\/v2\/media\/3072"}],"wp:attachment":[{"href":"https:\/\/tecsecmty.com\/index.php\/wp-json\/wp\/v2\/media?parent=3073"}],"wp:term":[{"taxonomy":"product_brand","embeddable":true,"href":"https:\/\/tecsecmty.com\/index.php\/wp-json\/wp\/v2\/product_brand?post=3073"},{"taxonomy":"product_cat","embeddable":true,"href":"https:\/\/tecsecmty.com\/index.php\/wp-json\/wp\/v2\/product_cat?post=3073"},{"taxonomy":"product_tag","embeddable":true,"href":"https:\/\/tecsecmty.com\/index.php\/wp-json\/wp\/v2\/product_tag?post=3073"}],"curies":[{"name":"wp","href":"https:\/\/api.w.org\/{rel}","templated":true}]}}