{"id":3075,"date":"2023-02-22T23:39:42","date_gmt":"2023-02-23T05:39:42","guid":{"rendered":"https:\/\/tecsecmty.com\/index.php\/producto\/dahua-dhi-ls550ud-e-e-u-d1000-base-o-pedestal-para-videowall-de-55-pulgadas-montaje-en-piso-compatible-con-pantalla-dhi-ls550ueh-eg-y-dh-dhl550udm-eg\/"},"modified":"2023-03-22T23:22:35","modified_gmt":"2023-03-23T05:22:35","slug":"dahua-dhi-ls550ud-e-e-u-d1000-base-o-pedestal-para-videowall-de-55-pulgadas-montaje-en-piso-compatible-con-pantalla-dhi-ls550ueh-eg-y-dh-dhl550udm-eg","status":"publish","type":"product","link":"https:\/\/tecsecmty.com\/index.php\/producto\/dahua-dhi-ls550ud-e-e-u-d1000-base-o-pedestal-para-videowall-de-55-pulgadas-montaje-en-piso-compatible-con-pantalla-dhi-ls550ueh-eg-y-dh-dhl550udm-eg\/","title":{"rendered":"DAHUA DHI-LS550UD\/E-E\/U-D1000 &#8211; Base o Pedestal para Videowall de 55 Pulgadas\/ Montaje en Piso\/ Compatible con Pantalla DHI-LS550UEH-EG y DH-DHL550UDM-EG"},"content":{"rendered":"<div class=\"row aling-items-center padding-bottom-2x\">\n<div class=\"col-lg-12\">\n<h5 class=\"card-title text-center\">Informaci\u00f3n General<\/h5>\n<p>Pedestal para montaje en piso de videowall de 55 pulgadas, ligero gracias aluminio aeron\u00e1utico del que esta hecho<\/p>\n<p><img decoding=\"async\" class=\"overview-center-img-web\" src=\"https:\/\/tvc.mx\/media\/485304\/base-pedestal-para-videowall-55-pulgadas-LS550UDE-EU-D1000-Dahua.png\" alt=\"\" \/><\/div>\n<\/div>\n<div class=\"row align-items-center padding-bottom-2x\">\n<div class=\"col-md-5\"><img decoding=\"async\" class=\"d-block m-auto img-thumbnail\" src=\"https:\/\/tvc.mx\/media\/485306\/base-pedestal-para-videowall-55-pulgadas-LS550UDE-EU-D1000-Dahua-caracteristicas.png\" alt=\" \" \/><\/div>\n<div class=\"col-md-7 text-md-left text-center\">\n<h2>Principales Caracter\u00edsticas<\/h2>\n<p class=\"text-muted\">\n<ul>\n<li>Dimensi\u00f3n(Ancho\u00d7Alto\u00d7Profundidad) 1212,2 mm x 1000 mm x 260 mm<\/li>\n<li>Peso 21 kg<\/li>\n<li>Compatible con los videowalls Dahua LCD LS550UEM-EG, LS550UEH-EG, LS550UDMEG, LS550UDH-EG, LS550UDM-EF, LS550UEM-UG, LS550UEH-UG, LS550UDM-UG, LS550UDH-UG<\/li>\n<\/ul>\n<\/div>\n<\/div>\n","protected":false},"excerpt":{"rendered":"<p>Informaci\u00f3n General Pedestal para montaje en piso de videowall de 55 pulgadas, ligero gracias aluminio aeron\u00e1utico del que esta hecho Principales Caracter\u00edsticas Dimensi\u00f3n(Ancho\u00d7Alto\u00d7Profundidad) 1212,2 mm x 1000 mm x 260 mm Peso 21 kg Compatible con los videowalls Dahua LCD LS550UEM-EG, LS550UEH-EG, LS550UDMEG, LS550UDH-EG, LS550UDM-EF,&hellip;<\/p>\n","protected":false},"featured_media":3074,"comment_status":"open","ping_status":"closed","template":"","meta":{"om_disable_all_campaigns":false,"_monsterinsights_skip_tracking":false,"_monsterinsights_sitenote_active":false,"_monsterinsights_sitenote_note":"","_monsterinsights_sitenote_category":0},"product_brand":[],"product_cat":[204],"product_tag":[201,200,199],"class_list":{"0":"post-3075","1":"product","2":"type-product","3":"status-publish","4":"has-post-thumbnail","6":"product_cat-soportes-y-bases","7":"product_tag-soporte-dahua","8":"product_tag-soporte-tv","9":"product_tag-videowall","11":"first","12":"instock","13":"sale","14":"taxable","15":"shipping-taxable","16":"purchasable","17":"product-type-simple"},"aioseo_notices":[],"_links":{"self":[{"href":"https:\/\/tecsecmty.com\/index.php\/wp-json\/wp\/v2\/product\/3075","targetHints":{"allow":["GET"]}}],"collection":[{"href":"https:\/\/tecsecmty.com\/index.php\/wp-json\/wp\/v2\/product"}],"about":[{"href":"https:\/\/tecsecmty.com\/index.php\/wp-json\/wp\/v2\/types\/product"}],"replies":[{"embeddable":true,"href":"https:\/\/tecsecmty.com\/index.php\/wp-json\/wp\/v2\/comments?post=3075"}],"version-history":[{"count":0,"href":"https:\/\/tecsecmty.com\/index.php\/wp-json\/wp\/v2\/product\/3075\/revisions"}],"wp:featuredmedia":[{"embeddable":true,"href":"https:\/\/tecsecmty.com\/index.php\/wp-json\/wp\/v2\/media\/3074"}],"wp:attachment":[{"href":"https:\/\/tecsecmty.com\/index.php\/wp-json\/wp\/v2\/media?parent=3075"}],"wp:term":[{"taxonomy":"product_brand","embeddable":true,"href":"https:\/\/tecsecmty.com\/index.php\/wp-json\/wp\/v2\/product_brand?post=3075"},{"taxonomy":"product_cat","embeddable":true,"href":"https:\/\/tecsecmty.com\/index.php\/wp-json\/wp\/v2\/product_cat?post=3075"},{"taxonomy":"product_tag","embeddable":true,"href":"https:\/\/tecsecmty.com\/index.php\/wp-json\/wp\/v2\/product_tag?post=3075"}],"curies":[{"name":"wp","href":"https:\/\/api.w.org\/{rel}","templated":true}]}}