{"id":3077,"date":"2023-02-22T23:39:43","date_gmt":"2023-02-23T05:39:43","guid":{"rendered":"https:\/\/tecsecmty.com\/index.php\/producto\/dahua-dhi-pkc-ms0a-soporte-movil-para-pantalla-interactiva-de-55-a-75-capacidad-de-carga-de-125-kg\/"},"modified":"2023-03-22T23:22:36","modified_gmt":"2023-03-23T05:22:36","slug":"dahua-dhi-pkc-ms0a-soporte-movil-para-pantalla-interactiva-de-55-a-75-capacidad-de-carga-de-125-kg","status":"publish","type":"product","link":"https:\/\/tecsecmty.com\/index.php\/producto\/dahua-dhi-pkc-ms0a-soporte-movil-para-pantalla-interactiva-de-55-a-75-capacidad-de-carga-de-125-kg\/","title":{"rendered":"DAHUA DHI-PKC-MS0A &#8211; Soporte Movil para Pantalla Interactiva de 55 a 75&#8243;\/ Capacidad de Carga de 125 kg\/"},"content":{"rendered":"<h5 class=\"card-title text-center\">Informaci\u00f3n General<\/h5>\n<p>El PKC-MS0A Soporte m\u00f3vil de pizarra interactiva inteligente, de hermoso y simple dise\u00f1o modular est\u00e1ndar, puede soportar los modelos de 55&#8243; hasta 75&#8243; de las pantallas interactivas de Dahua, esta preparado para una carga m\u00e1xima de 125 kg (275,58 libras); con sus dimensiones despu\u00e9s del ensamblaje de (L \u00d7 W \u00d7 H) 910 mm \u00d7 650 mm \u00d7 1411 mm (35,8&#8243; \u00d7 25,59&#8243; \u00d7 55,55&#8243;) y un peso neto de solo 15,0 kg (33,07 libras) da un toque distinguido con su fino color Titanio plateado en donde sea que lo instale.<\/p>\n<p><img decoding=\"async\" class=\"overview-center-img-web\" src=\"https:\/\/tvc.mx\/media\/497068\/Digital_Signage_Accesorios_Soporte_Movil_Pantalla_Interactiva_-55_a_75_-Carga_125kg_Dahua_DHI-PKC-MS0A_Over_Ppal.png\" alt=\"\" \/><\/p>\n","protected":false},"excerpt":{"rendered":"<p>Informaci\u00f3n General El PKC-MS0A Soporte m\u00f3vil de pizarra interactiva inteligente, de hermoso y simple dise\u00f1o modular est\u00e1ndar, puede soportar los modelos de 55&#8243; hasta 75&#8243; de las pantallas interactivas de Dahua, esta preparado para una carga m\u00e1xima de 125 kg (275,58 libras); con sus dimensiones&hellip;<\/p>\n","protected":false},"featured_media":3076,"comment_status":"open","ping_status":"closed","template":"","meta":{"om_disable_all_campaigns":false,"_monsterinsights_skip_tracking":false,"_monsterinsights_sitenote_active":false,"_monsterinsights_sitenote_note":"","_monsterinsights_sitenote_category":0},"product_brand":[],"product_cat":[204],"product_tag":[201,200,199],"class_list":{"0":"post-3077","1":"product","2":"type-product","3":"status-publish","4":"has-post-thumbnail","6":"product_cat-soportes-y-bases","7":"product_tag-soporte-dahua","8":"product_tag-soporte-tv","9":"product_tag-videowall","11":"first","12":"instock","13":"sale","14":"taxable","15":"shipping-taxable","16":"purchasable","17":"product-type-simple"},"aioseo_notices":[],"_links":{"self":[{"href":"https:\/\/tecsecmty.com\/index.php\/wp-json\/wp\/v2\/product\/3077","targetHints":{"allow":["GET"]}}],"collection":[{"href":"https:\/\/tecsecmty.com\/index.php\/wp-json\/wp\/v2\/product"}],"about":[{"href":"https:\/\/tecsecmty.com\/index.php\/wp-json\/wp\/v2\/types\/product"}],"replies":[{"embeddable":true,"href":"https:\/\/tecsecmty.com\/index.php\/wp-json\/wp\/v2\/comments?post=3077"}],"version-history":[{"count":0,"href":"https:\/\/tecsecmty.com\/index.php\/wp-json\/wp\/v2\/product\/3077\/revisions"}],"wp:featuredmedia":[{"embeddable":true,"href":"https:\/\/tecsecmty.com\/index.php\/wp-json\/wp\/v2\/media\/3076"}],"wp:attachment":[{"href":"https:\/\/tecsecmty.com\/index.php\/wp-json\/wp\/v2\/media?parent=3077"}],"wp:term":[{"taxonomy":"product_brand","embeddable":true,"href":"https:\/\/tecsecmty.com\/index.php\/wp-json\/wp\/v2\/product_brand?post=3077"},{"taxonomy":"product_cat","embeddable":true,"href":"https:\/\/tecsecmty.com\/index.php\/wp-json\/wp\/v2\/product_cat?post=3077"},{"taxonomy":"product_tag","embeddable":true,"href":"https:\/\/tecsecmty.com\/index.php\/wp-json\/wp\/v2\/product_tag?post=3077"}],"curies":[{"name":"wp","href":"https:\/\/api.w.org\/{rel}","templated":true}]}}