{"id":3085,"date":"2023-02-22T23:39:50","date_gmt":"2023-02-23T05:39:50","guid":{"rendered":"https:\/\/tecsecmty.com\/index.php\/producto\/dahua-ls460-ws-soporte-de-videowall-para-montaje-en-pared-mantenimiento-frontal-compatible-con-pantallas-de-46-pulgadas-dahua-ls460ucm-ef-lonuevo\/"},"modified":"2023-03-22T23:22:57","modified_gmt":"2023-03-23T05:22:57","slug":"dahua-ls460-ws-soporte-de-videowall-para-montaje-en-pared-mantenimiento-frontal-compatible-con-pantallas-de-46-pulgadas-dahua-ls460ucm-ef-lonuevo","status":"publish","type":"product","link":"https:\/\/tecsecmty.com\/index.php\/producto\/dahua-ls460-ws-soporte-de-videowall-para-montaje-en-pared-mantenimiento-frontal-compatible-con-pantallas-de-46-pulgadas-dahua-ls460ucm-ef-lonuevo\/","title":{"rendered":"DAHUA LS460-WS &#8211; Soporte de Videowall para Montaje en Pared\/ Mantenimiento Frontal\/ Compatible con Pantallas de 46 Pulgadas Dahua LS460UCM-EF\/ #LoNuevo"},"content":{"rendered":"<div class=\"row aling-items-center padding-bottom-2x\">\n<div class=\"col-lg-12\">\n<h5 class=\"card-title text-center\">Informaci\u00f3n General<\/h5>\n<p>El soporte para pared es ideal para el mantenimiento frontal adem\u00e1s de ser compatibles con pantallas de 46 pulgadas<\/p>\n<p><img decoding=\"async\" class=\"overview-center-img-web\" src=\"https:\/\/tvc.mx\/media\/492914\/soporte-para-pared-compatible-con-pantallas-46-pulgadas-LS460-WS-dahua.png\" alt=\"\" \/><\/div>\n<\/div>\n<div class=\"row align-items-center padding-bottom-2x\">\n<div class=\"col-md-5\"><img decoding=\"async\" class=\"d-block m-auto img-thumbnail\" src=\"https:\/\/tvc.mx\/media\/492916\/soporte-para-pared-compatible-con-pantallas-46-pulgadas-LS460-WS-dahua-caracteristicas.png\" alt=\" \" \/><\/div>\n<div class=\"col-md-7 text-md-left text-center\">\n<h2>Principales Caracter\u00edsticas<\/h2>\n<p class=\"text-muted\">\n<ul>\n<li>Tama\u00f1o de pantalla de soporte 46&#8243;<\/li>\n<li>Peso 18 kg (39,7 libras)<\/li>\n<li>Modo de mantenimiento Parte delantera<\/li>\n<\/ul>\n<\/div>\n<\/div>\n","protected":false},"excerpt":{"rendered":"<p>Informaci\u00f3n General El soporte para pared es ideal para el mantenimiento frontal adem\u00e1s de ser compatibles con pantallas de 46 pulgadas Principales Caracter\u00edsticas Tama\u00f1o de pantalla de soporte 46&#8243; Peso 18 kg (39,7 libras) Modo de mantenimiento Parte delantera<\/p>\n","protected":false},"featured_media":3084,"comment_status":"open","ping_status":"closed","template":"","meta":{"om_disable_all_campaigns":false,"_monsterinsights_skip_tracking":false,"_monsterinsights_sitenote_active":false,"_monsterinsights_sitenote_note":"","_monsterinsights_sitenote_category":0},"product_brand":[],"product_cat":[204],"product_tag":[201,200,199],"class_list":{"0":"post-3085","1":"product","2":"type-product","3":"status-publish","4":"has-post-thumbnail","6":"product_cat-soportes-y-bases","7":"product_tag-soporte-dahua","8":"product_tag-soporte-tv","9":"product_tag-videowall","11":"first","12":"instock","13":"sale","14":"taxable","15":"shipping-taxable","16":"purchasable","17":"product-type-simple"},"aioseo_notices":[],"_links":{"self":[{"href":"https:\/\/tecsecmty.com\/index.php\/wp-json\/wp\/v2\/product\/3085","targetHints":{"allow":["GET"]}}],"collection":[{"href":"https:\/\/tecsecmty.com\/index.php\/wp-json\/wp\/v2\/product"}],"about":[{"href":"https:\/\/tecsecmty.com\/index.php\/wp-json\/wp\/v2\/types\/product"}],"replies":[{"embeddable":true,"href":"https:\/\/tecsecmty.com\/index.php\/wp-json\/wp\/v2\/comments?post=3085"}],"version-history":[{"count":0,"href":"https:\/\/tecsecmty.com\/index.php\/wp-json\/wp\/v2\/product\/3085\/revisions"}],"wp:featuredmedia":[{"embeddable":true,"href":"https:\/\/tecsecmty.com\/index.php\/wp-json\/wp\/v2\/media\/3084"}],"wp:attachment":[{"href":"https:\/\/tecsecmty.com\/index.php\/wp-json\/wp\/v2\/media?parent=3085"}],"wp:term":[{"taxonomy":"product_brand","embeddable":true,"href":"https:\/\/tecsecmty.com\/index.php\/wp-json\/wp\/v2\/product_brand?post=3085"},{"taxonomy":"product_cat","embeddable":true,"href":"https:\/\/tecsecmty.com\/index.php\/wp-json\/wp\/v2\/product_cat?post=3085"},{"taxonomy":"product_tag","embeddable":true,"href":"https:\/\/tecsecmty.com\/index.php\/wp-json\/wp\/v2\/product_tag?post=3085"}],"curies":[{"name":"wp","href":"https:\/\/api.w.org\/{rel}","templated":true}]}}