{"id":3087,"date":"2023-02-22T23:39:52","date_gmt":"2023-02-23T05:39:52","guid":{"rendered":"https:\/\/tecsecmty.com\/index.php\/producto\/dahua-ls460uc-e-u-y-soporte-para-monitor-de-46-pulgadas-mantenimiento-trasero-para-montaje-en-en-piso\/"},"modified":"2023-03-22T23:22:57","modified_gmt":"2023-03-23T05:22:57","slug":"dahua-ls460uc-e-u-y-soporte-para-monitor-de-46-pulgadas-mantenimiento-trasero-para-montaje-en-en-piso","status":"publish","type":"product","link":"https:\/\/tecsecmty.com\/index.php\/producto\/dahua-ls460uc-e-u-y-soporte-para-monitor-de-46-pulgadas-mantenimiento-trasero-para-montaje-en-en-piso\/","title":{"rendered":"DAHUA LS460UC-E\/U-Y &#8211; Soporte para Monitor de 46 Pulgadas\/ Mantenimiento Trasero\/ Para Montaje en en Piso\/"},"content":{"rendered":"<div class=\"row aling-items-center padding-bottom-2x\">\n<div class=\"col-lg-12\">\n<h5 class=\"card-title text-center\">Informaci\u00f3n General<\/h5>\n<p>Soporte para monitor o videowall de 46 pulgadas de f\u00e1cil instalaci\u00f3n hecho de aluminio<\/p>\n<p><img decoding=\"async\" class=\"overview-center-img-web\" src=\"https:\/\/tvc.mx\/media\/485290\/soporte-para-monitor-de-46-pulgadas-LS460UC-EU-Y-Dahua.png\" alt=\"\" \/><\/div>\n<\/div>\n<div class=\"row align-items-center padding-bottom-2x\">\n<div class=\"col-md-5\"><img decoding=\"async\" class=\"d-block m-auto img-thumbnail\" src=\"https:\/\/tvc.mx\/media\/485292\/soporte-para-monitor-de-46-pulgadas-LS460UC-EU-Y-Dahua-caracteristicas.png\" alt=\" \" \/><\/div>\n<div class=\"col-md-7 text-md-left text-center\">\n<h2>Principales Caracter\u00edsticas<\/h2>\n<p class=\"text-muted\">\n<ul>\n<li>Dimensi\u00f3n(Ancho\u00d7Alto\u00d7Profundidad) 1022 mm x 576,6 mm x 190 mm<\/li>\n<li>Peso 11kg<\/li>\n<li>compatible con los videowalls Dahua LCD LS460UCM-EF, LS460UCM-UF, LS460UDM-EF<\/li>\n<\/ul>\n<\/div>\n<\/div>\n","protected":false},"excerpt":{"rendered":"<p>Informaci\u00f3n General Soporte para monitor o videowall de 46 pulgadas de f\u00e1cil instalaci\u00f3n hecho de aluminio Principales Caracter\u00edsticas Dimensi\u00f3n(Ancho\u00d7Alto\u00d7Profundidad) 1022 mm x 576,6 mm x 190 mm Peso 11kg compatible con los videowalls Dahua LCD LS460UCM-EF, LS460UCM-UF, LS460UDM-EF<\/p>\n","protected":false},"featured_media":3086,"comment_status":"open","ping_status":"closed","template":"","meta":{"om_disable_all_campaigns":false,"_monsterinsights_skip_tracking":false,"_monsterinsights_sitenote_active":false,"_monsterinsights_sitenote_note":"","_monsterinsights_sitenote_category":0},"product_brand":[],"product_cat":[204],"product_tag":[201,200,199],"class_list":{"0":"post-3087","1":"product","2":"type-product","3":"status-publish","4":"has-post-thumbnail","6":"product_cat-soportes-y-bases","7":"product_tag-soporte-dahua","8":"product_tag-soporte-tv","9":"product_tag-videowall","11":"first","12":"instock","13":"sale","14":"taxable","15":"shipping-taxable","16":"purchasable","17":"product-type-simple"},"aioseo_notices":[],"_links":{"self":[{"href":"https:\/\/tecsecmty.com\/index.php\/wp-json\/wp\/v2\/product\/3087","targetHints":{"allow":["GET"]}}],"collection":[{"href":"https:\/\/tecsecmty.com\/index.php\/wp-json\/wp\/v2\/product"}],"about":[{"href":"https:\/\/tecsecmty.com\/index.php\/wp-json\/wp\/v2\/types\/product"}],"replies":[{"embeddable":true,"href":"https:\/\/tecsecmty.com\/index.php\/wp-json\/wp\/v2\/comments?post=3087"}],"version-history":[{"count":0,"href":"https:\/\/tecsecmty.com\/index.php\/wp-json\/wp\/v2\/product\/3087\/revisions"}],"wp:featuredmedia":[{"embeddable":true,"href":"https:\/\/tecsecmty.com\/index.php\/wp-json\/wp\/v2\/media\/3086"}],"wp:attachment":[{"href":"https:\/\/tecsecmty.com\/index.php\/wp-json\/wp\/v2\/media?parent=3087"}],"wp:term":[{"taxonomy":"product_brand","embeddable":true,"href":"https:\/\/tecsecmty.com\/index.php\/wp-json\/wp\/v2\/product_brand?post=3087"},{"taxonomy":"product_cat","embeddable":true,"href":"https:\/\/tecsecmty.com\/index.php\/wp-json\/wp\/v2\/product_cat?post=3087"},{"taxonomy":"product_tag","embeddable":true,"href":"https:\/\/tecsecmty.com\/index.php\/wp-json\/wp\/v2\/product_tag?post=3087"}],"curies":[{"name":"wp","href":"https:\/\/api.w.org\/{rel}","templated":true}]}}