{"id":3089,"date":"2023-02-22T23:39:54","date_gmt":"2023-02-23T05:39:54","guid":{"rendered":"https:\/\/tecsecmty.com\/index.php\/producto\/dahua-ls550uc-e-u-y-soporte-para-monitor-de-55-pulgadas-mantenimiento-trasero-para-montaje-en-en-piso-compatible-con-dhi-ls550ucm-ef-lonuevo\/"},"modified":"2023-03-22T23:22:57","modified_gmt":"2023-03-23T05:22:57","slug":"dahua-ls550uc-e-u-y-soporte-para-monitor-de-55-pulgadas-mantenimiento-trasero-para-montaje-en-en-piso-compatible-con-dhi-ls550ucm-ef-lonuevo","status":"publish","type":"product","link":"https:\/\/tecsecmty.com\/index.php\/producto\/dahua-ls550uc-e-u-y-soporte-para-monitor-de-55-pulgadas-mantenimiento-trasero-para-montaje-en-en-piso-compatible-con-dhi-ls550ucm-ef-lonuevo\/","title":{"rendered":"DAHUA LS550UC-E\/U-Y &#8211; Soporte para Monitor de 55 Pulgadas\/ Mantenimiento Trasero\/ Para Montaje en en Piso\/ Compatible con: DHI-LS550UCM-EF\/ #LoNuevo"},"content":{"rendered":"<div class=\"row aling-items-center padding-bottom-2x\">\n<div class=\"col-lg-12\">\n<h5 class=\"card-title text-center\">Informaci\u00f3n General<\/h5>\n<p>El modelo\u00a0<strong>LS550UC-E\/U-Y<\/strong>\u00a0un soporte ideal para pantallas de video wall de\u00a055 pulgadas.<\/p>\n<p>F\u00e1cil instalaci\u00f3n y mantenimiento, apto para video wall LCD LS550UCM-EF<\/p>\n<p><img decoding=\"async\" class=\"overview-center-img-web\" src=\"https:\/\/tvc.mx\/media\/453459\/Soporte-trasero-para-minitor-de-55-pulgadas-LS550UC-EU-Y-Dahua-imgpp.png\" alt=\"\" \/><\/div>\n<\/div>\n<div class=\"row align-items-center padding-bottom-2x\">\n<div class=\"col-md-5\"><img decoding=\"async\" class=\"d-block m-auto img-thumbnail\" src=\"https:\/\/tvc.mx\/media\/453462\/Soporte-trasero-para-minitor-de-55-pulgadas-LS550UC-EU-Y-Dahua-caracteristicas.png\" alt=\" \" \/><\/div>\n<div class=\"col-md-7 text-md-left text-center\">\n<h2>Principales Caracter\u00edsticas<\/h2>\n<p class=\"text-muted\">\n<ul>\n<li>Utilizando material de aluminio aeron\u00e1utico, peso ligero<\/li>\n<li>F\u00e1cil instalaci\u00f3n y mantenimiento, apto para video wall LCD LS550UCM-EF<\/li>\n<\/ul>\n<p>&nbsp;<\/p>\n<\/div>\n<\/div>\n<hr class=\"padding-bottom-2x\" \/>\n<div class=\"row align-items-center padding-bottom-2x\">\n<div class=\"col-md-5 order-md-2\"><img decoding=\"async\" class=\"d-block m-auto img-thumbnail\" src=\"https:\/\/tvc.mx\/media\/453465\/Soporte-trasero-para-minitor-de-55-pulgadas-LS550UC-EU-Y-Dahua-especificaciones.png\" alt=\" \" \/><\/div>\n<div class=\"col-md-7 order-md-1 text-md-left text-center\">\n<h2>Especificaciones<\/h2>\n<p class=\"text-muted\">\n<ul>\n<li>Dimensi\u00f3n(Ancho\u00d7Alto\u00d7Profundidad): 1213,5 mm x 684,4 mm x 190 mm<\/li>\n<li>Pared de video LCD adecuada LS550UCM-EF<\/li>\n<li>Peso: 15kg<\/li>\n<\/ul>\n<\/div>\n<\/div>\n","protected":false},"excerpt":{"rendered":"<p>Informaci\u00f3n General El modelo\u00a0LS550UC-E\/U-Y\u00a0un soporte ideal para pantallas de video wall de\u00a055 pulgadas. F\u00e1cil instalaci\u00f3n y mantenimiento, apto para video wall LCD LS550UCM-EF Principales Caracter\u00edsticas Utilizando material de aluminio aeron\u00e1utico, peso ligero F\u00e1cil instalaci\u00f3n y mantenimiento, apto para video wall LCD LS550UCM-EF &nbsp; Especificaciones Dimensi\u00f3n(Ancho\u00d7Alto\u00d7Profundidad):&hellip;<\/p>\n","protected":false},"featured_media":3088,"comment_status":"open","ping_status":"closed","template":"","meta":{"om_disable_all_campaigns":false,"_monsterinsights_skip_tracking":false,"_monsterinsights_sitenote_active":false,"_monsterinsights_sitenote_note":"","_monsterinsights_sitenote_category":0},"product_brand":[],"product_cat":[204],"product_tag":[201,200,199],"class_list":{"0":"post-3089","1":"product","2":"type-product","3":"status-publish","4":"has-post-thumbnail","6":"product_cat-soportes-y-bases","7":"product_tag-soporte-dahua","8":"product_tag-soporte-tv","9":"product_tag-videowall","11":"first","12":"instock","13":"sale","14":"taxable","15":"shipping-taxable","16":"purchasable","17":"product-type-simple"},"aioseo_notices":[],"_links":{"self":[{"href":"https:\/\/tecsecmty.com\/index.php\/wp-json\/wp\/v2\/product\/3089","targetHints":{"allow":["GET"]}}],"collection":[{"href":"https:\/\/tecsecmty.com\/index.php\/wp-json\/wp\/v2\/product"}],"about":[{"href":"https:\/\/tecsecmty.com\/index.php\/wp-json\/wp\/v2\/types\/product"}],"replies":[{"embeddable":true,"href":"https:\/\/tecsecmty.com\/index.php\/wp-json\/wp\/v2\/comments?post=3089"}],"version-history":[{"count":0,"href":"https:\/\/tecsecmty.com\/index.php\/wp-json\/wp\/v2\/product\/3089\/revisions"}],"wp:featuredmedia":[{"embeddable":true,"href":"https:\/\/tecsecmty.com\/index.php\/wp-json\/wp\/v2\/media\/3088"}],"wp:attachment":[{"href":"https:\/\/tecsecmty.com\/index.php\/wp-json\/wp\/v2\/media?parent=3089"}],"wp:term":[{"taxonomy":"product_brand","embeddable":true,"href":"https:\/\/tecsecmty.com\/index.php\/wp-json\/wp\/v2\/product_brand?post=3089"},{"taxonomy":"product_cat","embeddable":true,"href":"https:\/\/tecsecmty.com\/index.php\/wp-json\/wp\/v2\/product_cat?post=3089"},{"taxonomy":"product_tag","embeddable":true,"href":"https:\/\/tecsecmty.com\/index.php\/wp-json\/wp\/v2\/product_tag?post=3089"}],"curies":[{"name":"wp","href":"https:\/\/api.w.org\/{rel}","templated":true}]}}